{"id":425,"date":"2024-07-02T04:39:12","date_gmt":"2024-07-02T04:39:12","guid":{"rendered":"https:\/\/www.lovefrance.world\/?page_id=425"},"modified":"2024-07-02T05:13:07","modified_gmt":"2024-07-02T05:13:07","slug":"messy-church-heros-delafoi","status":"publish","type":"page","link":"https:\/\/www.lovefrance.world\/af\/messy-church-heros-delafoi\/","title":{"rendered":"Morsige Kerk Heros DeLaFoi"},"content":{"rendered":"<figure class=\"wp-block-image size-full\"><img loading=\"lazy\" decoding=\"async\" width=\"1200\" height=\"143\" src=\"https:\/\/www.lovefrance.world\/wp-content\/uploads\/2024\/07\/Messy-Church-session-Hero-of-faith-Eric-Liddell-1.jpg\" alt=\"\" class=\"wp-image-457\" srcset=\"https:\/\/www.lovefrance.world\/wp-content\/uploads\/2024\/07\/Messy-Church-session-Hero-of-faith-Eric-Liddell-1.jpg 1200w, https:\/\/www.lovefrance.world\/wp-content\/uploads\/2024\/07\/Messy-Church-session-Hero-of-faith-Eric-Liddell-1-380x45.jpg 380w, https:\/\/www.lovefrance.world\/wp-content\/uploads\/2024\/07\/Messy-Church-session-Hero-of-faith-Eric-Liddell-1-768x92.jpg 768w, https:\/\/www.lovefrance.world\/wp-content\/uploads\/2024\/07\/Messy-Church-session-Hero-of-faith-Eric-Liddell-1-18x2.jpg 18w\" sizes=\"auto, (max-width: 1200px) 100vw, 1200px\" \/><\/figure>\n\n\n\n<h2 class=\"wp-block-heading has-text-align-left\">Morsige refleksie<\/h2>\n\n\n\n<p>Sodat julle onberispelik en rein kan word, &#039;kinders van God sonder fout in &#039;n krom en krom geslag.&#039; Dan sal jy onder hulle skyn soos sterre aan die hemel terwyl jy vashou aan die woord van die lewe.<br>Filippense 2:15-16a (NLV)<\/p>\n\n\n\n<p>Daarom, aangesien ons deur so &#039;n groot wolk van getuies omring is, laat ons alles afwerp wat verhinder en die sonde wat so maklik verstrik. En laat ons met volharding die wedloop hardloop wat vir ons uitgestippel is, met ons o\u00eb op Jesus, die pionier en Voleinder van die geloof. Oor die blydskap wat Hom voorgehou is, het Hy die kruis verduur en die skande daarvan verag en gaan sit aan die regterhand van die troon van God. Dink aan hom wat so te\u00ebstand van sondaars verduur het, sodat jy nie moeg word en moed verloor nie.<br>Hebre\u00ebrs 12:1-3 (NLV)<\/p>\n\n\n\n<ul class=\"wp-block-list\">\n<li>Hoe wys hierdie gedeeltes iets van Eric<br>Liddell se geloof en waardes?<\/li>\n<\/ul>\n\n\n\n<p>Ons laat dit wat Christus vir ons gedoen het deur alles in ons lewens skyn. Ons laat die geregtigheid van God in ons lewens sigbaar wees terwyl ons lewens leef wat rein en onberispelik is voor God. Tweedens, ons skyn soos sterre in die heelal wanneer ons die verstand en gesindheid van Jesus aanneem.<\/p>\n\n\n\n<ul class=\"wp-block-list\">\n<li>Hoe het Eric se lewe geskitter met die liefde van God?<\/li>\n\n\n\n<li>Hoe kan ons skyn in wat ons dink en doen?<\/li>\n<\/ul>\n\n\n\n<h2 class=\"wp-block-heading\">dissipelskap: span<\/h2>\n\n\n\n<h3 class=\"wp-block-heading\">Hoe help hierdie sessie mense om in Christus te groei?<\/h3>\n\n\n\n<p>Hierdie sessie sal besin oor die lewe, geloof, sendingbetrokkenheid en sportprestasies van &#039;n groot man van geloof - Eric Liddell.<\/p>\n\n\n\n<p>Dit sal mense aanmoedig om na te dink oor hoe sy geloof sy lewe en die lewens van ander be\u00efnvloed het. Dit is vanjaar 100 jaar sedert Eric se beroemde goue medalje by die 1924 Olimpiese Spele in Parys. Benewens sy suksesse op die baan, is sy Christelike waardes en voorbeeld &#039;n inspirasie wat ons aanmoedig om te oorweeg hoe ons ons Godgegewe talente gebruik en die goeie nuus van Jesus deel.<\/p>\n\n\n\n<h2 class=\"wp-block-heading\">Eric Liddell se storie<\/h2>\n\n\n\n<p>Kyk hierdie video (<a href=\"http:\/\/ericLiddell.org\/wp-content\/uploads\/2023\/07\/EL100-Promo-Video-small.mp4\" target=\"_blank\" rel=\"noreferrer noopener\">ericLiddell.org\/wp-content\/uploads\/2023\/07\/EL100-Promo-Video-small.mp4<\/a>) of doen &#039;n gedramatiseerde vertel van sy storie.<\/p>\n\n\n\n<h3 class=\"wp-block-heading\">Sleutelpunte van Eric se lewe<\/h3>\n\n\n\n<ul class=\"wp-block-list\">\n<li>Gebore in die noorde van China vir Skotse sendelingouers in 1902.<\/li>\n\n\n\n<li>Op vyfjarige ouderdom verhuis hy terug na die VK en gaan kosskool toe.<\/li>\n\n\n\n<li>Eric, 18 jaar oud, het na die Universiteit van Edinburgh gegaan en by hardloop betrokke geraak.<\/li>\n\n\n\n<li>1922 \u2013 hy speel rugby vir Skotland.<\/li>\n\n\n\n<li>1923 \u2013 stel die Britse 100-meter-rekord op.<\/li>\n\n\n\n<li>1924 \u2013 wen Goud by die Olimpiese Spele \u2013 MAAR weier om op &#039;n Sondag te hardloop, moet dus die 400 m in plaas van die 100 m hardloop en hy wen.<\/li>\n\n\n\n<li>1925 \u2013 tree uit sport en verhuis na China om God as sendeling te dien.<\/li>\n\n\n\n<li>1932 \u2013 as predikant georden.<\/li>\n\n\n\n<li>1934 \u2013 trou met Florence en het drie kinders.<\/li>\n\n\n\n<li>1941 \u2013 die gesin word geskei weens die oorlog.<\/li>\n\n\n\n<li>1943 \u2013 Eric word gevang en in &#039;n interneringskamp geplaas. Hy het met sport gehelp en sy geloof in die kamp gedeel.<\/li>\n\n\n\n<li>1945 \u2013 Eric sterf aan &#039;n breingewas in die kamp.<\/li>\n<\/ul>\n\n\n\n<h2 class=\"wp-block-heading\">Aktiwiteite<\/h2>\n\n\n\n<ol class=\"wp-block-list\">\n<li><strong>Eric Liddell se lewe en getuie<\/strong><\/li>\n<\/ol>\n\n\n\n<p>Jy sal nodig h\u00ea: die lys van videogrepe oor Eric Liddell aan die einde van hierdie sessie; die video oor die opsomming van die lewe en nalatenskap van Eric Liddell \u2013 <a href=\"http:\/\/ericLiddell.org\/wp-content\/uploads\/2023\/07\/EL100-Promo-Video-small.mp4\" target=\"_blank\" rel=\"noreferrer noopener\">ericLiddell.org\/wp-content\/uploads\/2023\/07\/EL100-Promo-Video-small.mp4<\/a><\/p>\n\n\n\n<p>Kyk na die video van Eric se lewe en nalatenskap, asook om &#039;n paar uit die lys te kies om ook te kyk. Hoekom nie &#039;n paar snitte van Chariots of Fire insluit nie.<\/p>\n\n\n\n<p>Praat oor wat jy interessant gevind het oor Eric Liddell.<\/p>\n\n\n\n<ol class=\"wp-block-list\" start=\"2\">\n<li><strong>Eric Liddell se tydlyn<\/strong><\/li>\n<\/ol>\n\n\n\n<p>Jy sal nodig h\u00ea: &#039;n tydlyn van Eric se lewe in repies gesny (daar is &#039;n nuttige hulpbron hier met &#039;n tydlyn aan die einde \u2013 seuns- <a href=\"http:\/\/brigade.org.uk\/wp-content\/uploads\/2023\/12\/seniors-heroes_of_faith_eric_Liddell-themed_programme-with_activity_sheet-web.pdf\" target=\"_blank\" rel=\"noreferrer noopener\">brigade.org.uk\/wp-content\/uploads\/2023\/12\/seniors-heroes_of_faith_eric_Liddell-themed_programme-with_activity_sheet-web.pdf<\/a>)<\/p>\n\n\n\n<p>Maak seker dat jy genoeg kopie\u00eb vir elke groep het en kry dan elke tafel om die sleutelgebeure van Eric se lewe in orde te stel.<\/p>\n\n\n\n<p><strong>Praat oor<\/strong> hoe Eric &#039;n gevoel van roeping en toewyding aan God gehad het.<\/p>\n\n\n\n<ol class=\"wp-block-list\" start=\"3\">\n<li><strong>Dubbelster spronge<\/strong><\/li>\n<\/ol>\n\n\n\n<p><strong>Jy benodig: &#039;n timer<\/strong><\/p>\n\n\n\n<p>Mense kan om die beurt kyk hoeveel sterspronge hulle in een minuut kan doen, of as hulle dapper voel, probeer vier minute!<\/p>\n\n\n\n<p><strong>Praat oor<\/strong> hoeveel sterspronge elke persoon in een minuut en vier minute reggekry het. Hoeveel moeiliker was dit om vier minute lank aan te hou? Hoe sou dit vir Eric gewees het om vir die 100-meter-wedloop geoefen het, maar dan eerder die 400-meter te hardloop (en te wen!)?<\/p>\n\n\n\n<ol class=\"wp-block-list\" start=\"4\">\n<li><strong>Hardloop die wedloop in Mandaryns Chinees<\/strong><\/li>\n<\/ol>\n\n\n\n<p><strong>Jy benodig: papier; goeie skryfpenne (kalligrafie is selfs beter!)<\/strong><\/p>\n\n\n\n<p>Kopieer of spoor die skrif hieronder na, wat s\u00ea &#039;Run the race&#039; in Mandaryns en word uitgespreek P\u01ceo b\u01d0s\u00e0i.<\/p>\n\n\n\n<p><strong>Praat oor<\/strong> hoe Eric Liddell &#039;die wedloop&#039; van sy lewe in Brittanje en in China gehardloop het.<\/p>\n\n\n\n<ol class=\"wp-block-list\" start=\"5\">\n<li><strong>Sporthelde<\/strong><\/li>\n<\/ol>\n\n\n\n<p><strong>Jy sal nodig h\u00ea: foto&#039;s van verskillende sportmense<\/strong><\/p>\n\n\n\n<p>Kyk of mense die verskillende sporthelde kan raai en wat maak van hulle &#039;n held?<\/p>\n\n\n\n<p><strong>Praat oor<\/strong> hoe Eric Liddell &#039;n held was.<\/p>\n\n\n\n<ol class=\"wp-block-list\" start=\"6\">\n<li><strong>Neem my hande en voete<\/strong><\/li>\n<\/ol>\n\n\n\n<p><strong>Jy benodig: papier; penne; sk\u00ear<\/strong><\/p>\n\n\n\n<p>Lees die vers hieronder uit die gesang &#039;Neem my lewe&#039; deur Frances Havergal (1836\u201379). Nooi mense om om hul hande en voete te teken. Knip dit uit en skryf op die hande hoe God jou hande kan neem en dit kan gebruik \u2013 wat jy vir God kan DOEN? Op die voete, hoe kan God jou voete neem en gebruik \u2013 waarheen jy vir God kan GAAN? Dit kan jou straat, skool of verder wees.<\/p>\n\n\n\n<p>Lees weer die vers terwyl almal jou uitgesnyde hande en voete vashou.<\/p>\n\n\n\n<p><em>Neem my hande en laat hulle beweeg<br>op die impuls van hulle liefde;<br>neem my voete en laat hulle wees<br>vinnig en mooi vir jou.<\/em><\/p>\n\n\n\n<p><strong>Praat oor<\/strong> hoe Eric Liddell sy lewe aan God aangebied het. Hy het sy voete gebruik om te hardloop en wedrenne te wen; sy hande en voete om rugby te speel; hy het na China gereis om oor Jesus te deel; hy het sy hande en voete gebruik om ander te help terwyl hy in &#039;n interneringskamp was.<\/p>\n\n\n\n<h2 class=\"wp-block-heading\">Viering<\/h2>\n\n\n\n<p><em>Verken die lewe van Eric Liddell en hoe hy van binne na buite skyn.<\/em><\/p>\n\n\n\n<p>Gebruik die liedjie &#039;Shine&#039; \u2013 <a href=\"http:\/\/youtu.be\/WGarMi70QSs\" target=\"_blank\" rel=\"noreferrer noopener\">youtu.be\/WGarMi70QSs<\/a><\/p>\n\n\n\n<p><em>Sing die liedjie met aksies aan die begin en einde van die viering, verken dan die lewe van Eric Liddell en hoe hy deur verskillende aspekte van sy lewe geskitter het. Laat &#039;n stasie vir elke area oprig en mense kan om hulle draai.<\/em><\/p>\n\n\n\n<ol class=\"wp-block-list\">\n<li><strong>Sport<\/strong> \u2013 Eric het sy gawe van sport gebruik om rugby vir Skotland sowel as hardloop te speel. Die wedloop waarvoor hy geoefen het, was die 100 meter, maar hy het verkies om nie daaraan deel te neem in die Olimpiese Spele nie, want die wedloop was op &#039;n Sondag, so hy het eerder die 400 meter gehardloop en gewen!<br>Eric het ges\u00ea: &#039;Ek glo God het my met &#039;n doel gemaak, maar hy het my ook vinnig gemaak. En as ek hardloop, voel ek sy plesier.&#039;<br><strong>Wat<\/strong> Gawes gebruik jy vir God? Wat bring God plesier?<\/li>\n\n\n\n<li><strong>Geloof<\/strong> \u2013 Eric se geloof in God was regtig vir hom belangrik en dit het eerste in sy lewe gekom. Hy het geweier om op &#039;n Sondag te hardloop \u2013 die sabbat wat volgens hom heilig gehou moet word.<br>Eric het ges\u00ea: &#039;Baie van ons mis iets in die lewe omdat ons na die tweede beste is. Ek stel voor jou wat ek gevind het as die beste \u2013 een wat al ons toewyding waardig is \u2013 Jesus Christus. Hy is die Verlosser vir jonk en oud. Here, hier is ek.&#039;<br><strong>Hoe<\/strong> kan jy Jesus eerste stel?<\/li>\n\n\n\n<li><strong>Geloof deel<\/strong> \u2013 Eric het gedeel oor sy geloof in Jesus waar hy ook al was \u2013 op die sportbaan, in China en in Skotland. Mense het van heinde en ver gekom om hom te hoor praat.<br>Eric het ges\u00ea: &#039;Ons is almal sendelinge. Waar ons ook al gaan, bring ons mense \u00f3f nader aan Christus \u00f3f ons stoot hulle van Christus af.&#039;<br><strong>Hoe<\/strong> deel ons oor Jesus en bring ander na hom toe<\/li>\n\n\n\n<li><strong>Lyding vir geloof<\/strong> \u2013 Eric is tydens die oorlog van sy gesin geskei en na \u2019n interneringskamp gestuur, en hy het uiteindelik daar aan \u2019n breingewas gesterf. Sy geloof in God het hom gehelp in hierdie moeilike tyd en hy kon help en<br>ander aan te moedig.<br>Eric het ges\u00ea: &#039;Oorwinning oor al die lewensomstandighede kom nie deur mag nie, ook nie deur krag nie, maar deur &#039;n praktiese vertroue in God en deur sy Gees toe te laat om in ons harte te woon en ons optrede en emosies te beheer. In die dae van gemak en troos, leer om te dink in terme van die gebed wat volg, sodat wanneer die dae van swaarkry kom jy ten volle voorbereid en toegerus sal wees om dit te ontmoet.&#039;<br><strong>Hoe<\/strong> kan jou geloof in God jou help wanneer dinge moeilik is?<\/li>\n<\/ol>\n\n\n\n<p><em>Terwyl ons Eric se lewe en geloof verken het, het ons gesien hoe hy &#039;van binne na buite geskyn het, sodat die w\u00eareld kan sien dat hy in my woon&#039;.<\/em><\/p>\n\n\n\n<h3 class=\"wp-block-heading\">Gebed<\/h3>\n\n\n\n<p><em>Bietjie soos in die feestyd, het verskillende gebedstasies waar mense verskillende gebedsaktiwiteite kan doen.<\/em><\/p>\n\n\n\n<p><strong>Sport<\/strong> \u2013 Skryf van jou geskenke en goed waarmee jy goed is op \u2019n rubgyball of sokker neer. Dank God vir die gawes wat Hy vir jou gegee het en bid dat Hy jou sal help om dit goed te gebruik.<\/p>\n\n\n\n<p><strong>Sending<\/strong> \u2013 Skryf gebede vir kerke in verskillende lande om te groei. Jy kan hulle op &#039;n w\u00eareldkaart plak.<\/p>\n\n\n\n<p><strong>Leef jou geloof uit <\/strong>\u2013 Op &#039;n groot ster-omtrek, skryf of teken wat jy kan doen om te skyn en jou geloof uit te leef en God se liefde te deel.<\/p>\n\n\n\n<p><strong>Lyding in tye van oorlog<\/strong> \u2013 Skryf op &#039;n koerant kort gebede vir diegene wat ly as gevolg van oorlog, of bid vir spesifieke lande waar oorlog &#039;n daaglikse realiteit is.<\/p>\n\n\n\n<h3 class=\"wp-block-heading\">Liedvoorstelle<\/h3>\n\n\n\n<p>&#039;Shine (van binne)&#039; \u2013 Lente-oes<br>&#039;Met alles wat ek is&#039; \u2013 Hillsong Worship<br>&#039;Running the race&#039; \u2013 Harbour Collective<br>&#039;Run the race&#039; \u2013 Holly Starr<br>&#039;Running the race&#039; \u2013 Freedom Church<\/p>\n\n\n\n<h3 class=\"wp-block-heading\">Ete voorstel<\/h3>\n\n\n\n<p>\u2019n Chinees-ge\u00efnspireerde ete, soos wraps met gesnipperde hoender en hoisinsous, noedels met \u2019n soetsuur sous, garnaalbeskuitjies en groen tee.<\/p>\n\n\n\n<p>Kom meer te wete oor The Eric Liddell 100 by <a href=\"http:\/\/ericLiddell.org\/the-eric-Liddell-100\" target=\"_blank\" rel=\"noreferrer noopener\">ericLiddell.org\/the-eric-Liddell-100<\/a>, e-pos <a href=\"mailto:EL100@ericLiddell.org\">EL100@ericLiddell.org<\/a> of soek vir The Eric Liddell Community op sosiale media.<\/p>\n\n\n\n<h2 class=\"wp-block-heading\">Videogrepe oor Eric Liddell<\/h2>\n\n\n\n<p>Jy kan die volledige Chariots of Fire-fliek (die volledige fliek kan op Amazon Prime gehuur word of op Disney+ gekyk word) of hierdie kort snitte op &#039;n hele verskeidenheid maniere gebruik.<\/p>\n\n\n\n<p>Knipsels uit Chariots of Fire:<\/p>\n\n\n\n<ul class=\"wp-block-list\">\n<li>&#039;n Toespraak deur Eric Liddell - <a href=\"http:\/\/youtu.be\/w57Atv9GyNY\" target=\"_blank\" rel=\"noreferrer noopener\">youtu.be\/w57Atv9GyNY<\/a><\/li>\n\n\n\n<li>Ek sal nie op die sabbat hardloop nie \u2013 <a href=\"http:\/\/youtu.be\/usIpld3BZWw\" target=\"_blank\" rel=\"noreferrer noopener\">youtu.be\/usIpld3BZWw<\/a><\/li>\n\n\n\n<li>Hy wat God eer \u2013 <a href=\"http:\/\/youtu.be\/uwyltmUR3MU\" target=\"_blank\" rel=\"noreferrer noopener\">youtu.be\/uwyltmUR3MU<\/a><\/li>\n\n\n\n<li>Waar kom die krag vandaan \u2013 <a href=\"http:\/\/youtu.be\/kbgR-pOIFbE\" target=\"_blank\" rel=\"noreferrer noopener\">youtu.be\/kbgR-pOIFbE<\/a><\/li>\n<\/ul>\n\n\n\n<p>Ander videogrepe:<\/p>\n\n\n\n<ul class=\"wp-block-list\">\n<li>Die vlie\u00ebnde Skot neem goud \u2013 <a href=\"http:\/\/youtu.be\/IYNUxdoIacA\" target=\"_blank\" rel=\"noreferrer noopener\">youtu.be\/IYNUxdoIacA<\/a><\/li>\n\n\n\n<li>Die dood van Eric Liddell - <a href=\"http:\/\/youtu.be\/KL0kzagSQwY\" target=\"_blank\" rel=\"noreferrer noopener\">youtu.be\/KL0kzagSQwY<\/a><\/li>\n\n\n\n<li>Eric Liddell: van Olimpiese tot gemartelde sendeling \u2013 <a href=\"http:\/\/youtu.be\/rZdGZLe-N2U\" target=\"_blank\" rel=\"noreferrer noopener\">youtu.be\/rZdGZLe-N2U<\/a><\/li>\n\n\n\n<li>Eric Liddell: die hele lewe is &#039;n raslesing - <a href=\"http:\/\/youtu.be\/r9NclUKgqFs\" target=\"_blank\" rel=\"noreferrer noopener\">youtu.be\/r9NclUKgqFs<\/a><\/li>\n\n\n\n<li>&#039;n Opsomming van die lewe en nalatenskap van Eric Liddell - <a href=\"http:\/\/ericLiddell.org\/wp-content\/uploads\/2023\/07\/EL100-Promo-Video-small.mp4\" target=\"_blank\" rel=\"noreferrer noopener\">ericLiddell.org\/wp-content\/uploads\/2023\/07\/EL100-Promo-Video-small.mp4<\/a><\/li>\n<\/ul>\n\n\n\n<p>As &#039;n liefdadigheidsorganisasie maak ons staat op fondsinsameling en geskenke in testamente om Anna Kapelaanskap, Lewende Geloof, Morsige Kerk en Ouerskap vir Geloof te lewer. Ons kon hierdie hulpbron gratis verskaf danksy die vrygewigheid van ander. As jy by ons werk baat gevind het, help asseblief meer mense om dieselfde te doen. <a href=\"http:\/\/brf.org.uk\/give +44 (0)1235 462305\" target=\"_blank\" rel=\"noreferrer noopener\">brf.org.uk\/give +44 (0)1235 462305<\/a><\/p>","protected":false},"excerpt":{"rendered":"<p>Messy reflection So that you may become blameless and pure, \u2018children of God without fault in a warped and crooked generation.\u2019 Then you will shine among them like stars in the sky as you hold...<\/p>","protected":false},"author":1,"featured_media":237,"parent":0,"menu_order":0,"comment_status":"closed","ping_status":"closed","template":"","meta":{"_acf_changed":false,"_monsterinsights_skip_tracking":false,"_monsterinsights_sitenote_active":false,"_monsterinsights_sitenote_note":"","_monsterinsights_sitenote_category":0,"pgc_sgb_lightbox_settings":"","footnotes":""},"class_list":["post-425","page","type-page","status-publish","has-post-thumbnail","hentry"],"acf":[],"_links":{"self":[{"href":"https:\/\/www.lovefrance.world\/af\/wp-json\/wp\/v2\/pages\/425","targetHints":{"allow":["GET"]}}],"collection":[{"href":"https:\/\/www.lovefrance.world\/af\/wp-json\/wp\/v2\/pages"}],"about":[{"href":"https:\/\/www.lovefrance.world\/af\/wp-json\/wp\/v2\/types\/page"}],"author":[{"embeddable":true,"href":"https:\/\/www.lovefrance.world\/af\/wp-json\/wp\/v2\/users\/1"}],"replies":[{"embeddable":true,"href":"https:\/\/www.lovefrance.world\/af\/wp-json\/wp\/v2\/comments?post=425"}],"version-history":[{"count":7,"href":"https:\/\/www.lovefrance.world\/af\/wp-json\/wp\/v2\/pages\/425\/revisions"}],"predecessor-version":[{"id":460,"href":"https:\/\/www.lovefrance.world\/af\/wp-json\/wp\/v2\/pages\/425\/revisions\/460"}],"wp:featuredmedia":[{"embeddable":true,"href":"https:\/\/www.lovefrance.world\/af\/wp-json\/wp\/v2\/media\/237"}],"wp:attachment":[{"href":"https:\/\/www.lovefrance.world\/af\/wp-json\/wp\/v2\/media?parent=425"}],"curies":[{"name":"wp","href":"https:\/\/api.w.org\/{rel}","templated":true}]}}