{"id":1286,"date":"2024-08-05T15:11:57","date_gmt":"2024-08-05T13:11:57","guid":{"rendered":"https:\/\/www.lovefrance.world\/?page_id=1286"},"modified":"2024-08-05T15:13:01","modified_gmt":"2024-08-05T13:13:01","slug":"erics-legac","status":"publish","type":"page","link":"https:\/\/www.lovefrance.world\/de\/erics-legac\/","title":{"rendered":"Eric Liddells Verm\u00e4chtnis ist auch 100 Jahre sp\u00e4ter noch aktuell"},"content":{"rendered":"<p class=\"has-text-align-center\">Mit seiner Weigerung, am Sonntag am Rennen teilzunehmen, setzte der schottische Sprinter ein wichtiges Zeichen f\u00fcr die Rolle der Christen im Sport.<\/p>\n\n\n\n<p class=\"has-text-align-center\">Geschrieben von Paul Emory Putz - 1. Juli 2024<\/p>\n\n\n\n<figure class=\"wp-block-image size-full\"><img loading=\"lazy\" decoding=\"async\" width=\"1200\" height=\"674\" src=\"https:\/\/www.lovefrance.world\/wp-content\/uploads\/2024\/08\/Erics-Legacy.jpg\" alt=\"\" class=\"wp-image-1285\" srcset=\"https:\/\/www.lovefrance.world\/wp-content\/uploads\/2024\/08\/Erics-Legacy.jpg 1200w, https:\/\/www.lovefrance.world\/wp-content\/uploads\/2024\/08\/Erics-Legacy-380x213.jpg 380w, https:\/\/www.lovefrance.world\/wp-content\/uploads\/2024\/08\/Erics-Legacy-768x431.jpg 768w, https:\/\/www.lovefrance.world\/wp-content\/uploads\/2024\/08\/Erics-Legacy-18x10.jpg 18w\" sizes=\"auto, (max-width: 1200px) 100vw, 1200px\" \/><\/figure>\n\n\n\n<p>Eric Liddell ging im Finale \u00fcber 400 Meter an den Start. Mehr als 6.000 zahlende Zuschauer f\u00fcllten das Stadion an jenem warmen Freitagabend in Paris vor einem Jahrhundert, als der Startschuss fiel und der schottische L\u00e4ufer von der Au\u00dfenbahn losrannte.<\/p>\n\n\n\n<p>Und 47,6 Sekunden sp\u00e4ter hatte Liddell einen neuen Weltrekord aufgestellt, der seine Konkurrenten in Erstaunen versetzte und seine Fans ratlos zur\u00fccklie\u00df, was sie gerade erlebt hatten.<\/p>\n\n\n\n<p>Liddells Sprint bei den Olympischen Spielen 1924 in Paris ist ein kanonisches Ereignis in der Geschichte christlicher Athleten, und das nicht nur wegen der Ereignisse auf der Laufbahn. Liddell nahm erst am 400-Meter-Rennen teil, nachdem er erfahren hatte, dass die Vorl\u00e4ufe f\u00fcr seine beste olympische Disziplin, die 100 Meter, auf einen Sonntag fallen w\u00fcrden. Er zog sich von diesem Rennen zur\u00fcck und hielt an seiner christlichen \u00dcberzeugung fest, den Sabbat zu halten.<\/p>\n\n\n\n<p>Sport ist f\u00fcr uns vor allem deshalb so wichtig, weil er durch kulturelle Narrative Bedeutung erh\u00e4lt. Es geht nicht nur darum, dass Sportler mit bemerkenswerter Geschicklichkeit rennen, springen, greifen und werfen. Es geht darum, dass diese k\u00f6rperlichen Bewegungen geformt und in breitere Bedeutungsnetze eingebettet werden, die uns helfen, die Welt um uns herum zu verstehen \u2013 sowohl was ist als auch was sein sollte.<\/p>\n\n\n\n<p>Liddells Leistung im Jahr 1924 bleibt im Ged\u00e4chtnis der Menschen, weil sie verkn\u00fcpft ist mit kulturellen Narrativen dar\u00fcber, was es bedeutet, ein christlicher Sportler zu sein und, im weiteren Sinne, was es bedeutet, in einer sich ver\u00e4ndernden Welt Christ zu sein.<\/p>\n\n\n\n<p>Seine Geschichte inspirierte den Oscar-pr\u00e4mierten Film von 1982 <em>Chariots of Fire<\/em>, wodurch seine Errungenschaften erneut ins Rampenlicht ger\u00fcckt wurden und zahlreiche inspirierende Biografien entstanden, die sein christliches Erbe in den Mittelpunkt stellten.<\/p>\n\n\n\n<p>Und wenn die Olympischen Spiele in diesem Sommer nach Paris zur\u00fcckkehren, ist Liddells Name Teil der Gedenkfeiern zum hundertj\u00e4hrigen Jubil\u00e4um. Ministerien in <a rel=\"noreferrer noopener\" target=\"_blank\" href=\"https:\/\/ericliddell.org\/the-eric-liddell-100\/\">Schottland<\/a>&nbsp;Und <a rel=\"noreferrer noopener\" target=\"_blank\" href=\"https:\/\/gemission.org\/paris-2024-olympics-a-nation-in-preparation\/\">Frankreich<\/a>&nbsp;veranstalten Events. Das Stadion, in dem er lief <a rel=\"noreferrer noopener\" target=\"_blank\" href=\"https:\/\/www.france24.com\/en\/france\/20240324-2024-games-a-historic-venue-regains-olympic-lustre\">wurde renoviert<\/a>&nbsp;f\u00fcr die Spiele 2024 und tr\u00e4gt eine Gedenktafel zu seinen Ehren. Seine Geschichte hat f\u00fcr uns noch immer etwas zu lehren, egal ob wir christliche Sportler sind oder von der Trib\u00fcne aus zuschauen.<\/p>\n\n\n\n<p>Liddell wurde als Sohn von Missionaren in China geboren, verbrachte aber den Gro\u00dfteil seiner Kindheit in einem Internat in London. Er wurde von einem breiten britischen Evangelikalismus gepr\u00e4gt und entwickelte Gewohnheiten wie Beten, Bibellesen und andere Praktiken des Glaubens. Er hatte auch ein Talent f\u00fcr Sport, sowohl Rugby als auch Leichtathletik. Geschwindigkeit war seine wichtigste Waffe. Er war nur 1,75 m gro\u00df und wog 70 kg, doch seine schlanke Gestalt verbarg seine St\u00e4rke.<\/p>\n\n\n\n<p>Obwohl er einen unorthodoxen Laufstil hatte \u2013 ein Konkurrent <a rel=\"noreferrer noopener\" target=\"_blank\" href=\"https:\/\/www.amazon.com\/Eric-Liddell-Biography-Champion-Inspired\/dp\/1572930519\/tag=christtoday-20\">sagte<\/a>\u201eEr l\u00e4uft fast zur\u00fcckgelehnt und sein Kinn zeigt fast zum Himmel\u201c \u2013 das hinderte ihn nicht daran, einer der besten Sprinter Gro\u00dfbritanniens zu werden. Bereits 1921, als Student im ersten Jahr, wurde er als potenzieller Olympiakandidat im 100-Meter-Lauf anerkannt.<\/p>\n\n\n\n<p>Obwohl er Christ und Sportler war, wollte er diese beiden Identit\u00e4ten nicht \u00f6ffentlich zur Schau stellen. Er lebte sein Leben im Stillen: Er lernte f\u00fcr die Schule, ging in die Kirche und trieb Sport.<\/p>\n\n\n\n<p>Die Dinge \u00e4nderten sich im April 1923, als der damals 21-j\u00e4hrige Liddell von D. P. Thomson, einem unternehmungslustigen jungen Evangelisten, an seine T\u00fcr klopfte. Thomson fragte Liddell, ob er bei einer bevorstehenden Veranstaltung der Glasgow Students Evangelical Union sprechen w\u00fcrde.<\/p>\n\n\n\n<p>Thomson hatte monatelang versucht, M\u00e4nner zu seinen evangelistischen Veranstaltungen zu locken, mit wenig Erfolg. Wie der Sportjournalist Duncan Hamilton <a rel=\"noreferrer noopener\" target=\"_blank\" href=\"https:\/\/www.amazon.com\/Glory-Untold-Inspiring-Liddell-Chariots\/dp\/0143110187\/tag=christtoday-20\">dokumentiert<\/a>, dachte sich Thomson, dass ein Rugby-Star wie Liddell die M\u00e4nner anlocken k\u00f6nnte. Also fragte er nach.<\/p>\n\n\n<div class=\"wp-block-image\">\n<figure class=\"alignright size-full\"><img loading=\"lazy\" decoding=\"async\" width=\"250\" height=\"385\" src=\"https:\/\/www.lovefrance.world\/wp-content\/uploads\/2024\/08\/Erics-Legacy-2.jpg\" alt=\"\" class=\"wp-image-1283\" srcset=\"https:\/\/www.lovefrance.world\/wp-content\/uploads\/2024\/08\/Erics-Legacy-2.jpg 250w, https:\/\/www.lovefrance.world\/wp-content\/uploads\/2024\/08\/Erics-Legacy-2-247x380.jpg 247w, https:\/\/www.lovefrance.world\/wp-content\/uploads\/2024\/08\/Erics-Legacy-2-8x12.jpg 8w\" sizes=\"auto, (max-width: 250px) 100vw, 250px\" \/><\/figure>\n<\/div>\n\n\n<p>Sp\u00e4ter in seinem Leben beschrieb Liddell den Moment, in dem er Thomsons Einladung annahm, als das \u201eMutigste\u201c, was er je getan hatte. Er war kein dynamischer Redner. Er f\u00fchlte sich nicht qualifiziert. Seinen Glauben zu zeigen, forderte etwas in ihm. Es gab ihm das Gef\u00fchl, eine Rolle in Gottes Geschichte zu spielen, eine Verantwortung, seinen Glauben im \u00f6ffentlichen Leben zu vertreten. \u201eSeitdem ist das Bewusstsein, ein aktives Mitglied des Himmelreichs zu sein, sehr real\u201c, schrieb er.<\/p>\n\n\n\n<p>Die Entscheidung brachte auch potenzielle Gefahren mit sich \u2013 insbesondere, wie Liddell selbst erkannte, die Gefahr, \u201eeinen Mann auf ein Niveau zu bringen, das \u00fcber seine Charakterst\u00e4rke hinausgeht\u201c. Erfolg im Sport bedeutete nicht unbedingt, dass ein Sportler einen reifen Glauben hatte, der es wert war, nachgeahmt zu werden. Doch seinen Glauben zu teilen, verlieh Liddells sportlichen Bem\u00fchungen mehr Bedeutung und Bedeutsamkeit und half ihm, seine Identit\u00e4t als Christ und Sportler zu integrieren.<\/p>\n\n\n\n<p>Liddells Entscheidung, im April 1923 seine Meinung zu \u00e4u\u00dfern, legte den Grundstein f\u00fcr seine Entscheidung, sp\u00e4ter im selben Jahr seine Olympiakandidatur im 100-Meter-Lauf zur\u00fcckzuziehen. Er teilte seine Absichten privat und hinter den Kulissen mit, ohne \u00f6ffentliches Aufsehen. Wie Hamilton in seiner Liddell-Biografie berichtet, wurde es erst dann schlagzeilentr\u00e4chtig, als die Presse davon erfuhr und begann, ihre Meinung zu \u00e4u\u00dfern.<\/p>\n\n\n\n<p>Manche bewunderten seine \u00dcberzeugungen, andere hielten ihn f\u00fcr illoyal und unpatriotisch. Viele konnten seine unnachgiebige Haltung nicht verstehen. Es war nur ein Sonntag und zu einer Zeit, als sich die Sabbatbr\u00e4uche in der englischsprachigen Welt rasch \u00e4nderten. Au\u00dferdem w\u00fcrde das Ereignis selbst erst am Nachmittag stattfinden, sodass Liddell gen\u00fcgend Zeit hatte, am Morgen den Gottesdienst zu besuchen. Warum sollte er eine einmalige Gelegenheit aufgeben, sich und seinem Land Ehre zu erweisen?<\/p>\n\n\n\n<p>Liddell war sich bewusst, dass sich die Welt ver\u00e4nderte. Doch der Sabbat, so wie er ihn verstand und praktizierte, sollte ein Tag der Anbetung und der Ruhe sein. F\u00fcr ihn war er eine Frage der pers\u00f6nlichen Integrit\u00e4t und des christlichen Gehorsams.<\/p>\n\n\n\n<p>Und er war mit seinen \u00dcberzeugungen nicht allein. In den Vereinigten Staaten waren bis in die 1960er Jahre viele Evangelikale <a rel=\"noreferrer noopener\" target=\"_blank\" href=\"https:\/\/athletesinaction.org\/articles\/how-billy-graham-made-peace-with-sunday-sports\/\">weiterhin sehen<\/a>&nbsp;die Einhaltung des Sabbats als zentralen Bestandteil des christlichen Glaubens. Am Sonntag an Wettk\u00e4mpfen teilzunehmen war ein Zeichen daf\u00fcr, dass man vielleicht gar kein Christ war \u2013 ein Indikator, ein evangelikaler F\u00fchrer <a rel=\"noreferrer noopener\" target=\"_blank\" href=\"https:\/\/www.amazon.com\/Oxford-Handbook-Christian-Fundamentalism-Handbooks\/dp\/019884459X?\/tag=christtoday-20\">empfohlen<\/a>, \u201edass wir entweder \u201atot in unseren \u00dcbertretungen und S\u00fcnden\u2018 oder traurig r\u00fcckf\u00e4llig sind und dringend einer Erweckung bed\u00fcrfen.\u201c<\/p>\n\n\n\n<p>W\u00e4hrend der gesamten \u00f6ffentlichen Debatte \u00fcber seine Entscheidung beschwerte sich Liddell nicht \u00fcber Diskriminierung und Unterdr\u00fcckung. Er kritisierte das Olympische Komitee nicht f\u00fcr seine Weigerung, den Sabbat haltenden Christen entgegenzukommen. Er kritisierte auch nicht seine christlichen Mitathleten f\u00fcr ihre Kompromissbereitschaft und ihre Bereitschaft, am Sonntag anzutreten. Er traf einfach seine Entscheidung und akzeptierte die Konsequenzen: Gold \u00fcber 100 Meter war keine Option.<\/p>\n\n\n\n<p>Wenn dies das Ende der Geschichte w\u00e4re, w\u00e4re Liddells Beispiel ein inspirierendes Modell der Treue \u2013 und zugleich eine vergessene Fu\u00dfnote der Geschichte. Es gibt keine <em>Chariots of Fire<\/em>&nbsp;ohne seinen Triumph \u00fcber 400 Meter.<\/p>\n\n\n\n<p>Nur wenige rechneten damit, dass er bei diesem deutlich l\u00e4ngeren Rennen eine Chance haben w\u00fcrde. Dennoch kam er nicht unvorbereitet nach Paris. Er hatte einen unterst\u00fctzenden Trainer, der bereit war, sich anzupassen und mehrere Monate mit Liddell arbeitete, um ihn f\u00fcr seine beiden olympischen Wettk\u00e4mpfe vorzubereiten (Liddell gewann auch Bronze \u00fcber 200 Meter).<\/p>\n\n\n\n<p>Au\u00dferdem hatte er unbeabsichtigt die Wissenschaft des Laufens auf seiner Seite. Wie John W. Keddie, <a rel=\"noreferrer noopener\" target=\"_blank\" href=\"https:\/\/www.amazon.com\/Running-Race-Champion-Missionary-Biography\/dp\/1527105318\/tag=christtoday-20\">ein weiterer Liddell-Biograf<\/a>, hat erkl\u00e4rt, dass viele damals glaubten, dass die 400 Meter von den L\u00e4ufern verlangten, ihr Tempo f\u00fcr die letzte Strecke zu optimieren. Liddell verfolgte einen anderen Ansatz. Anstatt sich bis zum Ende zur\u00fcckzuhalten, so Keddie, nutzte Liddell seine Geschwindigkeit, um die Grenzen des M\u00f6glichen zu verschieben und machte das Rennen zu einem Sprint von Anfang bis Ende.<\/p>\n\n\n\n<p>Liddell beschrieb seine Herangehensweise sp\u00e4ter so: \u201eIch lief die ersten 200 Meter so schnell ich konnte und dann, mit Gottes Hilfe, die zweiten 200 Meter noch schneller.\u201c Horatio Fitch, der L\u00e4ufer, der Zweiter wurde, sah die Sache \u00e4hnlich. \u201eIch konnte nicht glauben, dass ein Mann ein solches Tempo vorlegen und ins Ziel kommen konnte\u201c, sagte er.<\/p>\n\n\n\n<p>\u00dcber die Taktik hinaus zeigte Liddell eine Eigenschaft, die wirklich gro\u00dfe Athleten besitzen: Er lieferte seine beste Leistung ab, wenn es am wichtigsten war. Er lief frei und ohne Angst vor dem Versagen und war der Situation auf bemerkenswerte Weise gewachsen und \u00fcberraschte Fans, Beobachter und Mitbewerber. \u201eNach Liddells Rennen ist alles andere trivial\u201c, staunte ein Journalist.<\/p>\n\n\n\n<p>Die Nachricht von Liddells Erfolg verbreitete sich durch Presse und Radio schnell in der Heimat. Er kam als siegreicher Held in Schottland an; diejenigen, die seine Sabbat-\u00dcberzeugungen kritisiert hatten, lobten ihn nun f\u00fcr seine prinzipielle Haltung.<\/p>\n\n\n\n<p>Der Biograf Russell W. Ramsey beschrieb, wie er das n\u00e4chste Jahr damit verbrachte, mit Thomson auf einer Evangelisationskampagne durch Gro\u00dfbritannien zu reisen und eine einfache und direkte Botschaft zu predigen. \u201eIn Jesus Christus werdet ihr einen F\u00fchrer finden, der all eurer und meiner Hingabe w\u00fcrdig ist.\u201c <a rel=\"noreferrer noopener\" target=\"_blank\" href=\"https:\/\/archive.org\/details\/godsjoyfulrunner0000rams\/page\/78\/mode\/2up?q=leader+worthy\">Er sagte den Menschenmengen<\/a>.<\/p>\n\n\n\n<p>Im Jahr 1925 reiste er nach China und verbrachte den Rest seines Lebens als Missionar, bis er 1945 im Alter von 43 Jahren an einem Gehirntumor starb.<\/p>\n\n\n\n<p>In den Jahrzehnten nach Liddells Tod ver\u00f6ffentlichte Thomson B\u00fccher \u00fcber seinen Sch\u00fctzling und Freund und sorgte daf\u00fcr, dass Liddells Geschichte unter britischen Evangelikalen im Umlauf blieb. Leichtathletikfans in Schottland erz\u00e4hlten weiterhin von seinem Triumph von 1924 als einer Quelle des Nationalstolzes, wobei der Glaube ein wesentlicher Teil seiner Identit\u00e4t war. Auch konservative Christen in den Vereinigten Staaten sprachen von Liddell als Beispiel eines Sportlers, der sein christliches Bekenntnis aufrechterhielt und gleichzeitig nach sportlicher H\u00f6chstleistung strebte.<\/p>\n\n\n\n<p>Diese Gruppen hielten die Flamme bis 1981 am Brennen, als <em>Chariots of Fire<\/em>&nbsp;kam heraus, was Liddells Ruhm auf ein neues Niveau brachte \u2013 und ihn zu einer Ikone f\u00fcr eine neue Generation christlicher Athleten machte, die ihren Platz in der modernen Welt des Sports suchen.<\/p>\n\n\n\n<p>Nat\u00fcrlich sind einige der Spannungen, mit denen Liddell 1924 zu k\u00e4mpfen hatte, in unserer Zeit noch herausfordernder geworden \u2013 und es sind neue hinzugekommen. Die Frage des Sonntagssports, zu der Liddell seine prinzipielle Haltung vertrat, scheint ein Relikt einer vergangenen \u00c4ra zu sein. Die Frage dieser Tage ist nicht, ob christliche Spitzensportler an einigen ausgew\u00e4hlten Sonntagen Sport treiben sollten; sie ist, ob gew\u00f6hnliche christliche Familien mehrere Wochenenden im Jahr nicht in die Kirche gehen sollten, damit ihre Kinder den Ruhm einer Reisemannschaft anstreben k\u00f6nnen.<\/p>\n\n\n<div class=\"wp-block-image\">\n<figure class=\"alignright size-medium\"><img loading=\"lazy\" decoding=\"async\" width=\"380\" height=\"251\" src=\"https:\/\/www.lovefrance.world\/wp-content\/uploads\/2024\/08\/Erics-Legacy-2-3-380x251.jpg\" alt=\"\" class=\"wp-image-1284\" srcset=\"https:\/\/www.lovefrance.world\/wp-content\/uploads\/2024\/08\/Erics-Legacy-2-3-380x251.jpg 380w, https:\/\/www.lovefrance.world\/wp-content\/uploads\/2024\/08\/Erics-Legacy-2-3-18x12.jpg 18w, https:\/\/www.lovefrance.world\/wp-content\/uploads\/2024\/08\/Erics-Legacy-2-3.jpg 600w\" sizes=\"auto, (max-width: 380px) 100vw, 380px\" \/><\/figure>\n<\/div>\n\n\n<p>Eric Liddell wird nach seinem Olympiasieg durch die Universit\u00e4t von Edinburgh gef\u00fchrt.<\/p>\n\n\n\n<p>In diesem Umfeld ist Liddells Geschichte nicht immer direkt mit der heutigen Situation vergleichbar. Sie kann uns auch mehr Fragen als Antworten hinterlassen: Ist die Tendenz, sich an prominente Sportler als f\u00fchrende Stimmen des christlichen Glaubens zu wenden, gesund f\u00fcr die Kirche? Wie erfolgreich war Liddells Zeugnis wirklich, wenn sein Eintreten f\u00fcr den Sabbat scheinbar keinen Einfluss auf langfristige Trends hatte? Legt Liddells Beispiel nahe, dass der Glaube an Christus die sportliche Leistungsf\u00e4higkeit steigern und zu Erfolg im Leben f\u00fchren kann? Wenn ja, wie k\u00f6nnen wir Liddells Tod in so jungem Alter verstehen?<\/p>\n\n\n\n<p>Das Sch\u00f6ne an Liddells bemerkenswerter Olympialeistung ist nicht, dass sie diese Fragen pr\u00e4zise beantwortet. Vielmehr ber\u00fchrt sie unsere Vorstellungskraft und l\u00e4dt uns ein, uns an der M\u00f6glichkeit einer \u00dcberraschung zu erfreuen und dar\u00fcber nachzudenken, was in unserer Reichweite liegt, wenn wir uns gut auf die Chancen vorbereiten, die sich uns bieten.<\/p>\n\n\n\n<p>Es zeigt uns Liddell sowohl als M\u00e4rtyrer, der bereit ist, sportlichen Ruhm f\u00fcr seine \u00dcberzeugungen zu opfern, als auch als Sieger, der zeigt, dass christlicher Glaube mit sportlichem Erfolg vereinbar ist. Es pr\u00e4sentiert uns Liddell als Evangelisten, der Sport als Werkzeug f\u00fcr ein h\u00f6heres Ziel nutzt, und als freudigen Athleten, der Sport einfach aus Liebe dazu betreibt \u2013 und weil er dadurch Gottes Gegenwart sp\u00fcrte.<\/p>\n\n\n\n<p>Wenn wir uns die Olympischen Spiele dieses Jahr ansehen, werden diese vielf\u00e4ltigen Bedeutungen \u2013 und dar\u00fcber hinaus neue \u2013 deutlich, wenn christliche Athleten aus aller Welt in Paris antreten. Manche werden den ber\u00fchmten schottischen L\u00e4ufer kennen, andere nicht.<\/p>\n\n\n\n<p>Doch in dem Ma\u00dfe, in dem sie sich im Sport bewusst und absichtlich nach Jesus richten \u2013 in dem Ma\u00dfe, in dem sie versuchen, den Sinn ihrer Erfahrungen im gr\u00f6\u00dferen Kontext von Gottes Wirken auf der Welt zu sehen \u2013, treten sie in Liddells Fu\u00dfstapfen.<\/p>\n\n\n\n<p>Und vielleicht laufen sie ein Rennen, machen einen Wurf oder reagieren auf ein Versagen auf eine Art und Weise, die \u00dcberraschung und Staunen hervorruft \u2013 und die ihren Platz in einer umfassenderen Erz\u00e4hlung dar\u00fcber einnimmt, wie man ein gl\u00e4ubiger Christ in der Welt des 21. Jahrhunderts ist.<\/p>\n\n\n\n<p><em>Paul Emory Putz ist Direktor des Faith &amp; Sports Institute am Truett Seminary der Baylor University.<\/em><\/p>","protected":false},"excerpt":{"rendered":"<p>With his refusal to race on Sunday, the Scottish sprinter showcased a bigger story about Christians in sports. Written by Paul Emory Putz - July 1, 2024 Eric Liddell took his starting spot in the...<\/p>","protected":false},"author":1,"featured_media":1285,"parent":0,"menu_order":0,"comment_status":"closed","ping_status":"closed","template":"","meta":{"_acf_changed":false,"_monsterinsights_skip_tracking":false,"_monsterinsights_sitenote_active":false,"_monsterinsights_sitenote_note":"","_monsterinsights_sitenote_category":0,"pgc_sgb_lightbox_settings":"","footnotes":""},"class_list":["post-1286","page","type-page","status-publish","has-post-thumbnail","hentry"],"acf":[],"_links":{"self":[{"href":"https:\/\/www.lovefrance.world\/de\/wp-json\/wp\/v2\/pages\/1286","targetHints":{"allow":["GET"]}}],"collection":[{"href":"https:\/\/www.lovefrance.world\/de\/wp-json\/wp\/v2\/pages"}],"about":[{"href":"https:\/\/www.lovefrance.world\/de\/wp-json\/wp\/v2\/types\/page"}],"author":[{"embeddable":true,"href":"https:\/\/www.lovefrance.world\/de\/wp-json\/wp\/v2\/users\/1"}],"replies":[{"embeddable":true,"href":"https:\/\/www.lovefrance.world\/de\/wp-json\/wp\/v2\/comments?post=1286"}],"version-history":[{"count":3,"href":"https:\/\/www.lovefrance.world\/de\/wp-json\/wp\/v2\/pages\/1286\/revisions"}],"predecessor-version":[{"id":1290,"href":"https:\/\/www.lovefrance.world\/de\/wp-json\/wp\/v2\/pages\/1286\/revisions\/1290"}],"wp:featuredmedia":[{"embeddable":true,"href":"https:\/\/www.lovefrance.world\/de\/wp-json\/wp\/v2\/media\/1285"}],"wp:attachment":[{"href":"https:\/\/www.lovefrance.world\/de\/wp-json\/wp\/v2\/media?parent=1286"}],"curies":[{"name":"wp","href":"https:\/\/api.w.org\/{rel}","templated":true}]}}