{"id":248,"date":"2024-06-04T19:24:42","date_gmt":"2024-06-04T19:24:42","guid":{"rendered":"https:\/\/www.lovefrance.world\/?page_id=248"},"modified":"2024-06-24T11:27:08","modified_gmt":"2024-06-24T11:27:08","slug":"terms-of-use-and-privacy-policy","status":"publish","type":"page","link":"https:\/\/www.lovefrance.world\/de\/terms-of-use-and-privacy-policy\/","title":{"rendered":"Nutzungsbedingungen \/ Datenschutzrichtlinie"},"content":{"rendered":"<h2 class=\"wp-block-heading\">Nutzungsbedingungen<\/h2>\n\n\n\n<p><a href=\"https:\/\/www.lovefrance.world\/de\/\">www.lovefrance.world<\/a><\/p>\n\n\n\n<p>Bitte lesen Sie die folgenden Bedingungen sorgf\u00e4ltig durch, da die Nutzung der <a href=\"http:\/\/www.lovefrance.world\/de\/\">www.lovefrance.world<\/a> Website bedeutet, dass Sie mit ihnen einverstanden sind.<\/p>\n\n\n\n<h3 class=\"wp-block-heading\">1. Nutzung dieser Site<\/h3>\n\n\n\n<p>Die Rechte an den Designs, Bildern, Logos, Fotos und Inhalten dieser Site liegen bei International Prayer Connect \/ Love France oder sind an diese lizenziert. Sie sind durch Urheberrechte und andere Rechte am geistigen Eigentum gesch\u00fctzt. Die Newsletter k\u00f6nnen frei gedruckt, verteilt, per E-Mail versendet und reproduziert werden, solange sie nicht bearbeitet oder in irgendeiner Weise ver\u00e4ndert werden. Jeder, der den Inhalt des Newsletters bearbeiten, verkaufen, erneut ver\u00f6ffentlichen oder kommerziell nutzen m\u00f6chte, muss die schriftliche Zustimmung von IPC \/ Love France einholen. Sie d\u00fcrfen einzelne Seiten nur f\u00fcr Ihren pers\u00f6nlichen Gebrauch anzeigen oder ausdrucken. Sie d\u00fcrfen keinen Teil der Website-Seiten ohne die schriftliche Genehmigung von IPC \/ Love France (IPC\/LF) kopieren, reproduzieren, \u00e4ndern, verteilen, erneut ver\u00f6ffentlichen, anzeigen, posten oder \u00fcbertragen.<\/p>\n\n\n\n<h3 class=\"wp-block-heading\">2. Haftung<\/h3>\n\n\n\n<p>Wir versuchen, die Richtigkeit aller Inhalte sicherzustellen. Wir \u00fcbernehmen jedoch keine Haftung f\u00fcr die Verwendung der Inhalte durch Sie. Die Inhalte dieser Site sollten nur zu Informationszwecken verwendet werden und Sie sollten sich nicht darauf verlassen, wenn Sie Entscheidungen treffen (oder unterlassen) oder Ma\u00dfnahmen ergreifen (oder unterlassen).<\/p>\n\n\n\n<p>Die Site ist f\u00fcr Ihren pers\u00f6nlichen Gebrauch bestimmt und darf nicht f\u00fcr kommerzielle Zwecke genutzt werden. Daher haftet IPC\/LF unter keinen Umst\u00e4nden f\u00fcr Ihren entgangenen Gewinn.<\/p>\n\n\n\n<p>IPC\/LF ist au\u00dferdem nicht verantwortlich f\u00fcr Verluste, einschlie\u00dflich vergeblicher Ausgaben, Besch\u00e4digung oder Zerst\u00f6rung von Daten, es sei denn, der Verlust ist auf einen Fehler von IPC\/LF zur\u00fcckzuf\u00fchren. IPC\/LF ist nicht haftbar f\u00fcr Sch\u00e4den oder Verluste, die aus Ihrer Unf\u00e4higkeit resultieren, diese Site zu nutzen. IPC\/LF kann nicht versprechen, dass die Site ohne Unterbrechungen oder v\u00f6llig fehlerfrei verf\u00fcgbar sein wird. Aufgrund der Natur des Internets wird die Site auf \u201eje nach Verf\u00fcgbarkeit\u201c-Basis bereitgestellt. IPC\/LF ist Ihnen gegen\u00fcber nicht verantwortlich, wenn wir die Site aus Gr\u00fcnden, die au\u00dferhalb unserer Kontrolle liegen, nicht bereitstellen k\u00f6nnen.<\/p>\n\n\n\n<h3 class=\"wp-block-heading\">3. Inhalte und Werbeanzeigen<\/h3>\n\n\n\n<p>Diese Site bietet auch Links zu und Inhalte von anderen Internet-Sites und Ressourcen. Da IPC\/LF keine Kontrolle \u00fcber diese Sites und Ressourcen hat, erkennen Sie an und stimmen zu, dass IPC\/LF nicht f\u00fcr die Verf\u00fcgbarkeit dieser externen Sites oder Ressourcen verantwortlich ist und keine Inhalte, Werbeprodukte, Dienstleistungen oder andere Materialien unterst\u00fctzt oder daf\u00fcr verantwortlich ist, die auf diesen Sites oder Ressourcen verf\u00fcgbar sind oder von diesen bereitgestellt werden.<\/p>\n\n\n\n<h3 class=\"wp-block-heading\">4. Datenschutz und Privatsph\u00e4re<\/h3>\n\n\n\n<p>Alle Daten, die Sie uns zur Verf\u00fcgung stellen und anhand derer wir Sie identifizieren k\u00f6nnen, werden gem\u00e4\u00df unserer Datenschutzrichtlinie gespeichert und verarbeitet.<\/p>\n\n\n\n<h3 class=\"wp-block-heading\">5. \u00c4nderungen der Bedingungen<\/h3>\n\n\n\n<p>IPC\/LF kann die Site oder diese Bedingungen jederzeit \u00e4ndern. Wenn Sie die Site nach einer \u00c4nderung der Bedingungen durch IPC\/LF nutzen, sind Sie an die neuen Bedingungen gebunden.<\/p>\n\n\n\n<h3 class=\"wp-block-heading\">6. Geltendes Recht und Gerichtsstand<\/h3>\n\n\n\n<p>Diese Bedingungen und Ihre Nutzung dieser Site unterliegen den Gesetzen der Vereinigten Staaten und des Staates New Mexico und werden in \u00dcbereinstimmung mit diesen Gesetzen ausgelegt. Streitigkeiten werden ausschlie\u00dflich von deren Gerichten entschieden. Diese Site ist Eigentum von International Prayer Connect \/ Love France \u2013 313 E Wiser Lake Rd, Lynden WA, 98264, USA und wird von diesem Unternehmen betrieben.<\/p>\n\n\n\n<h2 class=\"wp-block-heading\">Datenschutzbestimmungen<\/h2>\n\n\n\n<p><a href=\"https:\/\/www.lovefrance.world\/de\/\">www.lovefrance.world<\/a><\/p>\n\n\n\n<h3 class=\"wp-block-heading\">Wie International Prayer Connect mit personenbezogenen Daten umgeht<\/h3>\n\n\n\n<p>Unsere Datenschutzrichtlinie unten erl\u00e4utert, wie wir die Informationen, die Sie uns geben, sammeln und verwenden. International Prayer Connect \/ Love France (IPC \/ LF) ist eine Gruppe von 40 hochrangigen Gebets- und Missionsleitern aus allen L\u00e4ndern. Das Wort \u201ewir\u201c bezieht sich auf das International Prayer Connect Leadership Team und das Love France-Team (IPC \/ LF), sofern nicht anders angegeben.<\/p>\n\n\n\n<h3 class=\"wp-block-heading\">Erfassung und Verwendung von Informationen<\/h3>\n\n\n\n<p>Um Dienste auf unserer Website zu erhalten oder zu nutzen, werden Sie in Formularen aufgefordert, pers\u00f6nliche Informationen \u00fcber sich selbst (z. B. Name und E-Mail-Adresse usw.) einzugeben.<\/p>\n\n\n\n<p>Dieser Service umfasst derzeit Newsletter. Wir verpflichten uns, Ihre pers\u00f6nlichen Daten mit der gebotenen Sorgfalt und in \u00dcbereinstimmung mit den Datenschutzgrunds\u00e4tzen zu behandeln. IPC\/LF wird die von Ihnen bereitgestellten Informationen nicht an Dritte verkaufen, weitergeben oder vermieten. Wir verwenden diese Informationen ausschlie\u00dflich f\u00fcr die Verwaltung und das Abonnementmanagement sowie f\u00fcr die Kommunikation mit Ihnen \u00fcber unsere Aktivit\u00e4ten und damit verbundene Initiativen. Indem Sie uns Daten \u00fcbermitteln, erkl\u00e4ren Sie sich damit einverstanden, dass wir Sie \u00fcber die von Ihnen angegebenen Kontaktm\u00f6glichkeiten kontaktieren (Instant Messaging-App, E-Mail, Telefon, Fax, Post oder SMS\/MMS), sofern Sie nicht Einw\u00e4nde gegen den Erhalt solcher Nachrichten erheben, indem Sie die bereitgestellten K\u00e4stchen ankreuzen ODER uns direkt kontaktieren, um Ihre Pr\u00e4ferenzen mitzuteilen.<\/p>\n\n\n\n<h3 class=\"wp-block-heading\">\u00dcberwachung von Website-Besuchen<\/h3>\n\n\n\n<p>Wir erfassen anonym Nutzungstrends, beispielsweise die Anzahl der Seitenaufrufe und von welchen Websites die Benutzer auf unsere Website gelangt sind. Diese Informationen sind nicht auf einen einzelnen Benutzer zur\u00fcckzuf\u00fchren. Wir verwenden Cookies, um zu \u00fcberwachen, wie unsere Mitglieder die Website nutzen. *Cookies sind Textdateien, die Ihren Computer unter Umst\u00e4nden (\u00fcber eine sogenannte IP-Adresse) gegen\u00fcber einem Server identifizieren k\u00f6nnen.<\/p>\n\n\n\n<h3 class=\"wp-block-heading\">Links zu anderen Websites<\/h3>\n\n\n\n<p>Unsere Website enth\u00e4lt Links zu anderen Websites. Weder das International Prayer Connect Leadership Team, Love France noch seine Partner sind f\u00fcr den Datenschutz und die Sicherheit dieser Websites verantwortlich. Diese Datenschutzrichtlinie gilt nur f\u00fcr diese Website.<\/p>\n\n\n\n<h3 class=\"wp-block-heading\">Sicherheit sensibler Informationen<\/h3>\n\n\n\n<p>Wenn wir Sie nach vertraulichen Informationen wie Kreditkartennummern fragen, verwenden wir gegebenenfalls eine sichere Verschl\u00fcsselung.<\/p>\n\n\n\n<p>Wenn Sie per E-Mail \u00fcber das Internet mit uns kommunizieren, sollten Sie sich dar\u00fcber im Klaren sein, dass unverschl\u00fcsselte Kommunikation aufgrund der Natur des Internets m\u00f6glicherweise nicht sicher ist und auf dem Weg zu uns mehrere L\u00e4nder durchqueren kann.<\/p>\n\n\n\n<p>Bitte senden Sie uns keine E-Mails mit vertraulichen oder sensiblen Informationen wie Ihren Kreditkartendaten. Wir k\u00f6nnen keine Verantwortung f\u00fcr unbefugten Zugriff auf Ihre Daten \u00fcbernehmen, der au\u00dferhalb unserer Kontrolle liegt. Indem Sie uns Daten \u00fcbermitteln, geben Sie uns die Zustimmung, Ihre sensiblen pers\u00f6nlichen Daten, z. B. Kreditkarteninformationen, ausschlie\u00dflich f\u00fcr die Zwecke zu verwenden, f\u00fcr die Sie sie \u00fcbermitteln. Dies kann die Weitergabe an Dritte einschlie\u00dfen. Beispielsweise k\u00f6nnen wir bei der Bearbeitung von Spenden Finanzdaten von Ihnen erfassen, die wir dann an die Banksystemagenten weitergeben, von denen wir die Gelder abwickeln. Wir und sie verwenden diese Informationen nur, um Ihnen diesen Zahlungsdienst bereitzustellen.<\/p>\n\n\n\n<h3 class=\"wp-block-heading\">Korrektur\/Aktualisierung\/Abmeldung von pers\u00f6nlichen Daten<\/h3>\n\n\n\n<p>Wenn sich Ihre personenbezogenen Daten \u00e4ndern (z. B. Ihre Postanschrift) oder Sie unseren Service nicht mehr nutzen m\u00f6chten, bem\u00fchen wir uns, Ihnen eine M\u00f6glichkeit zur Korrektur, Aktualisierung oder Entfernung Ihrer uns zur Verf\u00fcgung gestellten personenbezogenen Daten zu bieten. Dies k\u00f6nnen Sie per E-Mail tun.&nbsp;<a href=\"mailto:contact@lovefrance.world\">contact@lovefrance.world<\/a> Klicken Sie in einer unserer E-Mails auf den Link \u201eAbonnement k\u00fcndigen\u201c oder schreiben Sie uns an 313 E Wiser Lake Rd, Lynden WA, 98264, USA.<\/p>\n\n\n\n<h3 class=\"wp-block-heading\">\u00c4nderungen dieser Datenschutzrichtlinie<\/h3>\n\n\n\n<p>Wir k\u00f6nnen diese Richtlinie von Zeit zu Zeit \u00e4ndern. Die aktuelle Version ist die auf dieser Website ver\u00f6ffentlichte. Wenn \u00c4nderungen die Rechte oder Privilegien unserer Mitglieder wesentlich beeinflussen, werden wir ihnen eine E-Mail mit Einzelheiten schicken.<\/p>\n\n\n\n<h3 class=\"wp-block-heading\">So greifen Sie auf Ihre pers\u00f6nlichen Daten zu<\/h3>\n\n\n\n<p>Eine vollst\u00e4ndige Liste der Daten, die wir in Ihrem Namen gespeichert haben, k\u00f6nnen wir Ihnen auf Anfrage gegen eine geringe Geb\u00fchr zur Verf\u00fcgung stellen. Bitte richten Sie Anfragen zusammen mit einem Scheck \u00fcber $50 an den Administrator, The International Prayer Connect Leadership Team, 313 E Wiser Lake Rd, Lynden WA, 98264, USA.<\/p>","protected":false},"excerpt":{"rendered":"<p>Terms of Use www.lovefrance.world Please read the following terms carefully as use of the www.lovefrance.world website means that you agree to them. 1. Use of this Site The rights in the designs, pictures, logos, photographs...<\/p>","protected":false},"author":1,"featured_media":152,"parent":0,"menu_order":0,"comment_status":"closed","ping_status":"closed","template":"","meta":{"_acf_changed":false,"_monsterinsights_skip_tracking":false,"_monsterinsights_sitenote_active":false,"_monsterinsights_sitenote_note":"","_monsterinsights_sitenote_category":0,"pgc_sgb_lightbox_settings":"","footnotes":""},"class_list":["post-248","page","type-page","status-publish","has-post-thumbnail","hentry"],"acf":[],"_links":{"self":[{"href":"https:\/\/www.lovefrance.world\/de\/wp-json\/wp\/v2\/pages\/248","targetHints":{"allow":["GET"]}}],"collection":[{"href":"https:\/\/www.lovefrance.world\/de\/wp-json\/wp\/v2\/pages"}],"about":[{"href":"https:\/\/www.lovefrance.world\/de\/wp-json\/wp\/v2\/types\/page"}],"author":[{"embeddable":true,"href":"https:\/\/www.lovefrance.world\/de\/wp-json\/wp\/v2\/users\/1"}],"replies":[{"embeddable":true,"href":"https:\/\/www.lovefrance.world\/de\/wp-json\/wp\/v2\/comments?post=248"}],"version-history":[{"count":6,"href":"https:\/\/www.lovefrance.world\/de\/wp-json\/wp\/v2\/pages\/248\/revisions"}],"predecessor-version":[{"id":392,"href":"https:\/\/www.lovefrance.world\/de\/wp-json\/wp\/v2\/pages\/248\/revisions\/392"}],"wp:featuredmedia":[{"embeddable":true,"href":"https:\/\/www.lovefrance.world\/de\/wp-json\/wp\/v2\/media\/152"}],"wp:attachment":[{"href":"https:\/\/www.lovefrance.world\/de\/wp-json\/wp\/v2\/media?parent=248"}],"curies":[{"name":"wp","href":"https:\/\/api.w.org\/{rel}","templated":true}]}}