{"id":425,"date":"2024-07-02T04:39:12","date_gmt":"2024-07-02T04:39:12","guid":{"rendered":"https:\/\/www.lovefrance.world\/?page_id=425"},"modified":"2024-07-02T05:13:07","modified_gmt":"2024-07-02T05:13:07","slug":"messy-church-heros-delafoi","status":"publish","type":"page","link":"https:\/\/www.lovefrance.world\/de\/messy-church-heros-delafoi\/","title":{"rendered":"Chaotische Kirchenhelden DeLaFoi"},"content":{"rendered":"<figure class=\"wp-block-image size-full\"><img loading=\"lazy\" decoding=\"async\" width=\"1200\" height=\"143\" src=\"https:\/\/www.lovefrance.world\/wp-content\/uploads\/2024\/07\/Messy-Church-session-Hero-of-faith-Eric-Liddell-1.jpg\" alt=\"\" class=\"wp-image-457\" srcset=\"https:\/\/www.lovefrance.world\/wp-content\/uploads\/2024\/07\/Messy-Church-session-Hero-of-faith-Eric-Liddell-1.jpg 1200w, https:\/\/www.lovefrance.world\/wp-content\/uploads\/2024\/07\/Messy-Church-session-Hero-of-faith-Eric-Liddell-1-380x45.jpg 380w, https:\/\/www.lovefrance.world\/wp-content\/uploads\/2024\/07\/Messy-Church-session-Hero-of-faith-Eric-Liddell-1-768x92.jpg 768w, https:\/\/www.lovefrance.world\/wp-content\/uploads\/2024\/07\/Messy-Church-session-Hero-of-faith-Eric-Liddell-1-18x2.jpg 18w\" sizes=\"auto, (max-width: 1200px) 100vw, 1200px\" \/><\/figure>\n\n\n\n<h2 class=\"wp-block-heading has-text-align-left\">Unordentliche Reflexion<\/h2>\n\n\n\n<p>Damit ihr untadelig und rein seid, untadelige Kinder Gottes inmitten eines verdorbenen und verkehrten Geschlechts, und unter ihnen wie die Sterne am Himmel leuchten werdet, weil ihr das Wort des Lebens festhaltet.<br>Philipper 2:15\u201316a (NIV)<\/p>\n\n\n\n<p>Da wir von einer so gro\u00dfen Wolke von Zeugen umgeben sind, lasst uns alles ablegen, was uns behindert, und die S\u00fcnde, die uns so leicht umstrickt. Lasst uns mit Ausdauer den Wettlauf laufen, der uns vorgezeichnet ist, und dabei auf Jesus blicken, den Pionier und Vollender des Glaubens. Um der vor ihm liegenden Freude willen ertrug er das Kreuz, achtete nicht auf die Schande und setzte sich zur Rechten des Thrones Gottes. Denkt an ihn, der solchen Widerstand von den S\u00fcndern erduldete, damit ihr nicht m\u00fcde werdet und den Mut verliert.<br>Hebr\u00e4er 12:1\u20133 (NIV)<\/p>\n\n\n\n<ul class=\"wp-block-list\">\n<li>Wie zeigen diese Passagen etwas von Eric<br>Liddells Glaube und Werte?<\/li>\n<\/ul>\n\n\n\n<p>Wir lassen das, was Christus f\u00fcr uns getan hat, durch alles in unserem Leben hindurchscheinen. Wir lassen die Gerechtigkeit Gottes in unserem Leben sichtbar werden, indem wir ein Leben f\u00fchren, das rein und tadellos vor Gott ist. Zweitens leuchten wir wie Sterne im Universum, wenn wir die Gesinnung und Haltung Jesu annehmen.<\/p>\n\n\n\n<ul class=\"wp-block-list\">\n<li>Wie strahlte die Liebe Gottes durch Erics Leben?<\/li>\n\n\n\n<li>Wie k\u00f6nnen wir in unserem Denken und Handeln gl\u00e4nzen?<\/li>\n<\/ul>\n\n\n\n<h2 class=\"wp-block-heading\">J\u00fcngerschaft: Team<\/h2>\n\n\n\n<h3 class=\"wp-block-heading\">Wie hilft diese Sitzung den Menschen, in Christus zu wachsen?<\/h3>\n\n\n\n<p>In dieser Sitzung werden das Leben, der Glaube, das missionarische Engagement und die sportlichen Erfolge eines gro\u00dfen gl\u00e4ubigen Mannes \u2013 Eric Liddell \u2013 reflektiert.<\/p>\n\n\n\n<p>Es soll die Menschen dazu anregen, dar\u00fcber nachzudenken, wie sein Glaube sein Leben und das Leben anderer beeinflusst hat. In diesem Jahr j\u00e4hrt es sich zum 100. Mal, dass Eric bei den Olympischen Spielen 1924 in Paris eine ber\u00fchmte Goldmedaille gewann. Neben seinen Erfolgen auf der Laufbahn sind seine christlichen Werte und sein Beispiel eine Inspiration, die uns dazu anregt, dar\u00fcber nachzudenken, wie wir unsere von Gott gegebenen Talente nutzen und die frohe Botschaft Jesu weitergeben k\u00f6nnen.<\/p>\n\n\n\n<h2 class=\"wp-block-heading\">Eric Liddells Geschichte<\/h2>\n\n\n\n<p>Schau dieses Video an (<a href=\"http:\/\/ericLiddell.org\/wp-content\/uploads\/2023\/07\/EL100-Promo-Video-small.mp4\" target=\"_blank\" rel=\"noreferrer noopener\">ericLiddell.org\/wp-content\/uploads\/2023\/07\/EL100-Promo-Video-small.mp4<\/a>) oder erz\u00e4hlen Sie seine Geschichte in einem Drama.<\/p>\n\n\n\n<h3 class=\"wp-block-heading\">Schl\u00fcsselpunkte in Erics Leben<\/h3>\n\n\n\n<ul class=\"wp-block-list\">\n<li>1902 im Norden Chinas als Kind schottischer Missionare geboren.<\/li>\n\n\n\n<li>Mit f\u00fcnf Jahren zog er zur\u00fcck nach Gro\u00dfbritannien und ging auf ein Internat.<\/li>\n\n\n\n<li>Mit 18 Jahren ging Eric an die Universit\u00e4t von Edinburgh und begann mit dem Laufen.<\/li>\n\n\n\n<li>1922 \u2013 er spielt Rugby f\u00fcr Schottland.<\/li>\n\n\n\n<li>1923 \u2013 stellt den britischen 100-Yards-Rekord auf.<\/li>\n\n\n\n<li>1924 \u2013 gewinnt Gold bei den Olympischen Spielen \u2013 weigert sich ABER, an einem Sonntag zu laufen, muss also die 400 m statt der 100 m laufen und gewinnt.<\/li>\n\n\n\n<li>1925 \u2013 zieht sich aus dem Sport zur\u00fcck und zieht nach China, um Gott als Missionar zu dienen.<\/li>\n\n\n\n<li>1932 \u2013 zum Pfarrer geweiht.<\/li>\n\n\n\n<li>1934 \u2013 heiratet Florence und bekommt drei Kinder.<\/li>\n\n\n\n<li>1941 \u2013 Die Familie wird durch den Krieg getrennt.<\/li>\n\n\n\n<li>1943 \u2013 Eric wurde gefangen genommen und in ein Internierungslager gebracht. Er half im Sport und teilte seinen Glauben im Lager.<\/li>\n\n\n\n<li>1945 \u2013 Eric stirbt im Lager an einem Gehirntumor.<\/li>\n<\/ul>\n\n\n\n<h2 class=\"wp-block-heading\">Aktivit\u00e4ten<\/h2>\n\n\n\n<ol class=\"wp-block-list\">\n<li><strong>Eric Liddells Leben und Zeugnis<\/strong><\/li>\n<\/ol>\n\n\n\n<p>Sie ben\u00f6tigen: die Liste der Videoclips \u00fcber Eric Liddell am Ende dieser Sitzung; das Video mit der Zusammenfassung des Lebens und Verm\u00e4chtnisses von Eric Liddell \u2013 <a href=\"http:\/\/ericLiddell.org\/wp-content\/uploads\/2023\/07\/EL100-Promo-Video-small.mp4\" target=\"_blank\" rel=\"noreferrer noopener\">ericLiddell.org\/wp-content\/uploads\/2023\/07\/EL100-Promo-Video-small.mp4<\/a><\/p>\n\n\n\n<p>Sehen Sie sich das Video \u00fcber Erics Leben und Verm\u00e4chtnis an und w\u00e4hlen Sie aus der Liste einige weitere aus, die Sie sich ebenfalls ansehen m\u00f6chten. Warum nicht auch ein paar Ausschnitte aus \u201eDie Stunde des Siegers\u201c mit einbeziehen?<\/p>\n\n\n\n<p>Sprechen Sie dar\u00fcber, was Sie an Eric Liddell interessant fanden.<\/p>\n\n\n\n<ol class=\"wp-block-list\" start=\"2\">\n<li><strong>Eric Liddells Zeitleiste<\/strong><\/li>\n<\/ol>\n\n\n\n<p>Sie ben\u00f6tigen: eine in Streifen geschnittene Zeitleiste von Erics Leben (hier gibt es eine n\u00fctzliche Ressource mit einer Zeitleiste am Ende \u2013 Jungs- <a href=\"http:\/\/brigade.org.uk\/wp-content\/uploads\/2023\/12\/seniors-heroes_of_faith_eric_Liddell-themed_programme-with_activity_sheet-web.pdf\" target=\"_blank\" rel=\"noreferrer noopener\">brigade.org.uk\/wp-content\/uploads\/2023\/12\/seniors-heroes_of_faith_eric_Liddell-themed_programme-with_activity_sheet-web.pdf<\/a>)<\/p>\n\n\n\n<p>Stellen Sie sicher, dass Sie f\u00fcr jede Gruppe gen\u00fcgend Kopien haben, und lassen Sie dann jeden Tisch die wichtigsten Ereignisse in Erics Leben in die richtige Reihenfolge bringen.<\/p>\n\n\n\n<p><strong>Sprich dar\u00fcber<\/strong> wie Eric ein Gef\u00fchl der Berufung und Hingabe zu Gott hatte.<\/p>\n\n\n\n<ol class=\"wp-block-list\" start=\"3\">\n<li><strong>Doppelsternspr\u00fcnge<\/strong><\/li>\n<\/ol>\n\n\n\n<p><strong>Du brauchst: eine Zeitschaltuhr<\/strong><\/p>\n\n\n\n<p>Die Teilnehmer k\u00f6nnen abwechselnd versuchen, wie viele Sternspr\u00fcnge sie in einer Minute schaffen. Wer mutig ist, kann es auch in vier Minuten versuchen.<\/p>\n\n\n\n<p><strong>Sprich dar\u00fcber<\/strong> wie viele Sternspr\u00fcnge jeder Teilnehmer in einer Minute und in vier Minuten schaffte. Wie viel schwieriger war es, vier Minuten lang durchzuhalten? Wie w\u00e4re es f\u00fcr Eric gewesen, f\u00fcr den 100-Meter-Lauf zu trainieren, dann aber stattdessen die 400 Meter zu laufen (und zu gewinnen!)?<\/p>\n\n\n\n<ol class=\"wp-block-list\" start=\"4\">\n<li><strong>Laufen Sie das Rennen auf Mandarin-Chinesisch<\/strong><\/li>\n<\/ol>\n\n\n\n<p><strong>Sie ben\u00f6tigen: Papier; gute Schreibstifte (Kalligrafiestifte sind sogar noch besser!)<\/strong><\/p>\n\n\n\n<p>Kopieren oder zeichnen Sie den folgenden Schriftzug nach. Er lautet auf Mandarin \u201eRun the race\u201c und wird \u201eP\u01ceo b\u01d0s\u00e0i\u201c ausgesprochen.<\/p>\n\n\n\n<p><strong>Sprich dar\u00fcber<\/strong> wie Eric Liddell in Gro\u00dfbritannien und China das Rennen seines Lebens lief.<\/p>\n\n\n\n<ol class=\"wp-block-list\" start=\"5\">\n<li><strong>Sportliche Helden<\/strong><\/li>\n<\/ol>\n\n\n\n<p><strong>Du brauchst: Bilder von verschiedenen Sportlern<\/strong><\/p>\n\n\n\n<p>Finden Sie heraus, ob die Leute die verschiedenen Sporthelden erraten k\u00f6nnen und was sie zu Helden macht.<\/p>\n\n\n\n<p><strong>Sprich dar\u00fcber<\/strong> was f\u00fcr ein Held Eric Liddell war.<\/p>\n\n\n\n<ol class=\"wp-block-list\" start=\"6\">\n<li><strong>Nimm meine H\u00e4nde und F\u00fc\u00dfe<\/strong><\/li>\n<\/ol>\n\n\n\n<p><strong>Du brauchst: Papier; Stifte; Schere<\/strong><\/p>\n\n\n\n<p>Lesen Sie den folgenden Vers aus dem Kirchenlied \u201eTake my life\u201c von Frances Havergal (1836\u201379). Bitten Sie die Leute, ihre H\u00e4nde und F\u00fc\u00dfe nachzuzeichnen. Schneiden Sie diese aus und schreiben Sie auf die H\u00e4nde, wie Gott Ihre H\u00e4nde nehmen und verwenden k\u00f6nnte \u2013 was Sie f\u00fcr Gott TUN k\u00f6nnten. Auf die F\u00fc\u00dfe, wie Gott Ihre F\u00fc\u00dfe nehmen und verwenden k\u00f6nnte \u2013 wohin k\u00f6nnten Sie f\u00fcr Gott GEHEN? Das k\u00f6nnte Ihre Stra\u00dfe, Schule oder weiter weg sein.<\/p>\n\n\n\n<p>Lesen Sie den Vers noch einmal, w\u00e4hrend Sie alle Ihre ausgeschnittenen H\u00e4nde und F\u00fc\u00dfe halten.<\/p>\n\n\n\n<p><em>Nimm meine H\u00e4nde und lass sie sich bewegen<br>auf den Impuls ihrer Liebe hin;<br>nimm meine F\u00fc\u00dfe und lass sie<br>schnell und sch\u00f6n f\u00fcr dich.<\/em><\/p>\n\n\n\n<p><strong>Sprich dar\u00fcber<\/strong> wie Eric Liddell sein Leben Gott anvertraute. Er nutzte seine F\u00fc\u00dfe, um Rennen zu laufen und zu gewinnen; seine H\u00e4nde und F\u00fc\u00dfe, um Rugby zu spielen; er reiste nach China, um von Jesus zu erz\u00e4hlen; er nutzte seine H\u00e4nde und F\u00fc\u00dfe, um anderen zu helfen, w\u00e4hrend er in einem Internierungslager war.<\/p>\n\n\n\n<h2 class=\"wp-block-heading\">Feier<\/h2>\n\n\n\n<p><em>Erkunden Sie das Leben von Eric Liddell und erfahren Sie, wie er von innen heraus strahlt.<\/em><\/p>\n\n\n\n<p>Verwenden Sie das Lied \u201eShine\u201c \u2013 <a href=\"http:\/\/youtu.be\/WGarMi70QSs\" target=\"_blank\" rel=\"noreferrer noopener\">youtu.be\/WGarMi70QSs<\/a><\/p>\n\n\n\n<p><em>Singen Sie das Lied mit Aktionen zu Beginn und Ende der Feier und erkunden Sie dann das Leben von Eric Liddell und wie er in verschiedenen Aspekten seines Lebens gl\u00e4nzte. Richten Sie f\u00fcr jeden Bereich eine Station ein, und die Leute k\u00f6nnen im Karussell um sie herumgehen.<\/em><\/p>\n\n\n\n<ol class=\"wp-block-list\">\n<li><strong>Sport<\/strong> \u2013 Eric nutzte seine sportliche Begabung, um f\u00fcr Schottland Rugby zu spielen und auch zu laufen. Er trainierte f\u00fcr das 100-Meter-Rennen, aber er entschied sich, bei den Olympischen Spielen nicht daran teilzunehmen, weil das Rennen an einem Sonntag stattfand. Also lief er stattdessen die 400 Meter und gewann!<br>Eric sagte: \u201eIch glaube, Gott hat mich f\u00fcr einen bestimmten Zweck erschaffen, aber er hat mich auch schnell gemacht. Und wenn ich laufe, sp\u00fcre ich seine Freude.\u201c<br><strong>Was<\/strong> Welche Gaben setzen Sie f\u00fcr Gott ein? Was bereitet Gott Freude?<\/li>\n\n\n\n<li><strong>Glaube<\/strong> \u2013 Erics Glaube an Gott war ihm sehr wichtig und stand in seinem Leben an erster Stelle. Er weigerte sich, an einem Sonntag zu laufen \u2013 dem Sabbat, der seiner Meinung nach heilig gehalten werden sollte.<br>Eric sagte: \u201eViele von uns verpassen etwas im Leben, weil wir nach dem Zweitbesten streben. Ich stelle Ihnen den vor, der meiner Meinung nach der Beste ist \u2013 jemand, der all unsere Hingabe verdient \u2013 Jesus Christus. Er ist der Erl\u00f6ser f\u00fcr Jung und Alt. Herr, hier bin ich.\u201c<br><strong>Wie<\/strong> K\u00f6nnten Sie Jesus an die erste Stelle setzen?<\/li>\n\n\n\n<li><strong>Glauben teilen<\/strong> \u2013 Eric sprach \u00fcberall \u00fcber seinen Glauben an Jesus \u2013 auf der Sportstrecke, in China und in Schottland. Die Menschen kamen von weit her, um ihn sprechen zu h\u00f6ren.<br>Eric sagte: \u201eWir sind alle Missionare. Wohin wir auch gehen, bringen wir die Menschen entweder n\u00e4her zu Christus oder wir sto\u00dfen sie von Christus ab.\u201c<br><strong>Wie<\/strong> Erz\u00e4hlen wir von Jesus und bringen andere zu ihm<\/li>\n\n\n\n<li><strong>Leiden f\u00fcr den Glauben<\/strong> \u2013 Eric wurde w\u00e4hrend des Krieges von seiner Familie getrennt und in ein Internierungslager geschickt, wo er schlie\u00dflich an einem Gehirntumor starb. Sein Glaube an Gott half ihm in dieser schweren Zeit und er konnte helfen und<br>andere ermutigen.<br>Eric sagte: \u201eDer Sieg \u00fcber alle Umst\u00e4nde des Lebens kommt nicht durch Macht oder Kraft, sondern durch praktisches Vertrauen in Gott und dadurch, dass wir seinem Geist gestatten, in unseren Herzen zu wohnen und unsere Handlungen und Gef\u00fchle zu kontrollieren. Lernen Sie, in den Tagen der Ruhe und Bequemlichkeit im Sinne des anschlie\u00dfenden Gebets zu denken, damit Sie, wenn die Tage der Not kommen, vollkommen vorbereitet und ger\u00fcstet sind, ihnen zu begegnen.\u201c<br><strong>Wie<\/strong> Kann Ihnen Ihr Glaube an Gott helfen, wenn es schwierig wird?<\/li>\n<\/ol>\n\n\n\n<p><em>Als wir Erics Leben und Glauben erkundeten, sahen wir, wie er \u201evon innen heraus strahlte, damit die Welt sehen kann, dass er in mir lebt.\u201c<\/em><\/p>\n\n\n\n<h3 class=\"wp-block-heading\">Gebet<\/h3>\n\n\n\n<p><em>\u00c4hnlich wie w\u00e4hrend der Feiertage gibt es verschiedene Gebetsstationen, an denen die Menschen an unterschiedlichen Gebetsaktivit\u00e4ten teilnehmen k\u00f6nnen.<\/em><\/p>\n\n\n\n<p><strong>Sport<\/strong> \u2013 Schreiben Sie einige Ihrer Gaben und Dinge, die Sie gut k\u00f6nnen, auf einen Rugby- oder Fu\u00dfballball. Danken Sie Gott f\u00fcr die Gaben, die er Ihnen gegeben hat, und beten Sie, dass er Ihnen hilft, sie gut zu nutzen.<\/p>\n\n\n\n<p><strong>Mission<\/strong> \u2013 Schreiben Sie Gebete f\u00fcr das Wachstum von Kirchen in verschiedenen L\u00e4ndern. Sie k\u00f6nnen sie auf eine Weltkarte kleben.<\/p>\n\n\n\n<p><strong>Lebe deinen Glauben <\/strong>\u2013 Schreiben oder zeichnen Sie auf den Umriss eines gro\u00dfen Sterns, was Sie tun k\u00f6nnten, um zu gl\u00e4nzen, Ihren Glauben auszuleben und Gottes Liebe zu teilen.<\/p>\n\n\n\n<p><strong>Leiden in Kriegszeiten<\/strong> \u2013 Schreiben Sie auf eine Zeitung kurze Gebete f\u00fcr die Menschen, die unter dem Krieg leiden, oder beten Sie f\u00fcr bestimmte L\u00e4nder, in denen Krieg allt\u00e4gliche Realit\u00e4t ist.<\/p>\n\n\n\n<h3 class=\"wp-block-heading\">Songvorschl\u00e4ge<\/h3>\n\n\n\n<p>\u201eStrahlen (von innen)\u201c \u2013 Spring Harvest<br>\u201eMit allem, was ich bin\u201c \u2013 Hillsong Worship<br>\u201eDas Rennen laufen\u201c \u2013 Harbour Collective<br>\u201eLauf das Rennen\u201c \u2013 Holly Starr<br>\u201eDas Rennen laufen\u201c \u2013 Freedom Church<\/p>\n\n\n\n<h3 class=\"wp-block-heading\">Essensvorschlag<\/h3>\n\n\n\n<p>Eine chinesisch inspirierte Mahlzeit, wie Wraps mit H\u00fchnchenstreifen und Hoisinsauce, Nudeln mit s\u00fc\u00df-saurer Sauce, Krabbenchips und gr\u00fcner Tee.<\/p>\n\n\n\n<p>Weitere Informationen zum Eric Liddell 100 finden Sie unter <a href=\"http:\/\/ericLiddell.org\/the-eric-Liddell-100\" target=\"_blank\" rel=\"noreferrer noopener\">ericLiddell.org\/the-eric-Liddell-100<\/a>, Email <a href=\"mailto:EL100@ericLiddell.org\">EL100@ericLiddell.org<\/a> oder suchen Sie in den sozialen Medien nach The Eric Liddell Community.<\/p>\n\n\n\n<h2 class=\"wp-block-heading\">Videoclips \u00fcber Eric Liddell<\/h2>\n\n\n\n<p>Sie k\u00f6nnen den gesamten Film \u201eDie Stunde des Siegers\u201c (der vollst\u00e4ndige Film kann bei Amazon Prime ausgeliehen oder bei Disney+ angesehen werden) oder diese kurzen Clips auf ganz verschiedene Weise verwenden.<\/p>\n\n\n\n<p>Ausschnitte aus \u201eDie Stunde des Siegers\u201c:<\/p>\n\n\n\n<ul class=\"wp-block-list\">\n<li>Eine Rede von Eric Liddell \u2013 <a href=\"http:\/\/youtu.be\/w57Atv9GyNY\" target=\"_blank\" rel=\"noreferrer noopener\">youtu.be\/w57Atv9GyNY<\/a><\/li>\n\n\n\n<li>Ich werde am Sabbat nicht laufen \u2013 <a href=\"http:\/\/youtu.be\/usIpld3BZWw\" target=\"_blank\" rel=\"noreferrer noopener\">youtu.be\/usIpld3BZWw<\/a><\/li>\n\n\n\n<li>Wer Gott ehrt \u2013 <a href=\"http:\/\/youtu.be\/uwyltmUR3MU\" target=\"_blank\" rel=\"noreferrer noopener\">youtu.be\/uwyltmUR3MU<\/a><\/li>\n\n\n\n<li>Woher kommt die Kraft \u2013 <a href=\"http:\/\/youtu.be\/kbgR-pOIFbE\" target=\"_blank\" rel=\"noreferrer noopener\">youtu.be\/kbgR-pOIFbE<\/a><\/li>\n<\/ul>\n\n\n\n<p>Weitere Videoclips:<\/p>\n\n\n\n<ul class=\"wp-block-list\">\n<li>Der fliegende Schotte holt Gold \u2013 <a href=\"http:\/\/youtu.be\/IYNUxdoIacA\" target=\"_blank\" rel=\"noreferrer noopener\">youtu.be\/IYNUxdoIacA<\/a><\/li>\n\n\n\n<li>Der Tod von Eric Liddell \u2013 <a href=\"http:\/\/youtu.be\/KL0kzagSQwY\" target=\"_blank\" rel=\"noreferrer noopener\">youtu.be\/KL0kzagSQwY<\/a><\/li>\n\n\n\n<li>Eric Liddell: Vom Olympiateilnehmer zum M\u00e4rtyrer und Missionar \u2013 <a href=\"http:\/\/youtu.be\/rZdGZLe-N2U\" target=\"_blank\" rel=\"noreferrer noopener\">youtu.be\/rZdGZLe-N2U<\/a><\/li>\n\n\n\n<li>Eric Liddell: Das ganze Leben ist ein Wettrennen \u2013 <a href=\"http:\/\/youtu.be\/r9NclUKgqFs\" target=\"_blank\" rel=\"noreferrer noopener\">youtu.be\/r9NclUKgqFs<\/a><\/li>\n\n\n\n<li>Eine Zusammenfassung des Lebens und Verm\u00e4chtnisses von Eric Liddell \u2013 <a href=\"http:\/\/ericLiddell.org\/wp-content\/uploads\/2023\/07\/EL100-Promo-Video-small.mp4\" target=\"_blank\" rel=\"noreferrer noopener\">ericLiddell.org\/wp-content\/uploads\/2023\/07\/EL100-Promo-Video-small.mp4<\/a><\/li>\n<\/ul>\n\n\n\n<p>Als Wohlt\u00e4tigkeitsorganisation sind wir auf Spenden und Testamente angewiesen, um Anna Chaplaincy, Living Faith, Messy Church und Parenting for Faith anbieten zu k\u00f6nnen. Dank der Gro\u00dfz\u00fcgigkeit anderer konnten wir diese Ressourcen kostenlos zur Verf\u00fcgung stellen. Wenn Sie von unserer Arbeit profitiert haben, helfen Sie bitte anderen Menschen, dasselbe zu tun. <a href=\"http:\/\/brf.org.uk\/give +44 (0)1235 462305\" target=\"_blank\" rel=\"noreferrer noopener\">brf.org.uk\/give +44 (0)1235 462305<\/a><\/p>","protected":false},"excerpt":{"rendered":"<p>Messy reflection So that you may become blameless and pure, \u2018children of God without fault in a warped and crooked generation.\u2019 Then you will shine among them like stars in the sky as you hold...<\/p>","protected":false},"author":1,"featured_media":237,"parent":0,"menu_order":0,"comment_status":"closed","ping_status":"closed","template":"","meta":{"_acf_changed":false,"_monsterinsights_skip_tracking":false,"_monsterinsights_sitenote_active":false,"_monsterinsights_sitenote_note":"","_monsterinsights_sitenote_category":0,"pgc_sgb_lightbox_settings":"","footnotes":""},"class_list":["post-425","page","type-page","status-publish","has-post-thumbnail","hentry"],"acf":[],"_links":{"self":[{"href":"https:\/\/www.lovefrance.world\/de\/wp-json\/wp\/v2\/pages\/425","targetHints":{"allow":["GET"]}}],"collection":[{"href":"https:\/\/www.lovefrance.world\/de\/wp-json\/wp\/v2\/pages"}],"about":[{"href":"https:\/\/www.lovefrance.world\/de\/wp-json\/wp\/v2\/types\/page"}],"author":[{"embeddable":true,"href":"https:\/\/www.lovefrance.world\/de\/wp-json\/wp\/v2\/users\/1"}],"replies":[{"embeddable":true,"href":"https:\/\/www.lovefrance.world\/de\/wp-json\/wp\/v2\/comments?post=425"}],"version-history":[{"count":7,"href":"https:\/\/www.lovefrance.world\/de\/wp-json\/wp\/v2\/pages\/425\/revisions"}],"predecessor-version":[{"id":460,"href":"https:\/\/www.lovefrance.world\/de\/wp-json\/wp\/v2\/pages\/425\/revisions\/460"}],"wp:featuredmedia":[{"embeddable":true,"href":"https:\/\/www.lovefrance.world\/de\/wp-json\/wp\/v2\/media\/237"}],"wp:attachment":[{"href":"https:\/\/www.lovefrance.world\/de\/wp-json\/wp\/v2\/media?parent=425"}],"curies":[{"name":"wp","href":"https:\/\/api.w.org\/{rel}","templated":true}]}}