{"id":468,"date":"2024-07-03T05:03:10","date_gmt":"2024-07-03T05:03:10","guid":{"rendered":"https:\/\/www.lovefrance.world\/?page_id=468"},"modified":"2024-07-03T05:07:55","modified_gmt":"2024-07-03T05:07:55","slug":"seven-short-lessons-from-the-life-of-eric-liddell","status":"publish","type":"page","link":"https:\/\/www.lovefrance.world\/de\/seven-short-lessons-from-the-life-of-eric-liddell\/","title":{"rendered":"Sieben kurze Lektionen aus dem Leben von Eric Liddell"},"content":{"rendered":"<p>Die Biografie von Eric Liddell ist bekannt und kann online oder in gedruckter Form abgerufen werden. Ich habe Duncan Hamiltons \u201eFor the Glory: The Life of Eric Liddell From Olympic Hero to Modern Martyr\u201c mit Vergn\u00fcgen gelesen. Ich habe einige Lektionen aus Erics Leben anhand seiner eigenen Zitate und Zitate, die f\u00fcr sein Leben direkt relevant sind, herausgearbeitet. Ich wurde daran erinnert, dass Eric Liddell ein au\u00dfergew\u00f6hnlicher L\u00e4ufer war, aber was noch wichtiger ist: Eric war ein au\u00dfergew\u00f6hnlicher Mensch.<\/p>\n\n\n\n<h2 class=\"wp-block-heading\">Treu<\/h2>\n\n\n\n<p>Gedenke des Sabbattages und halte ihn heilig. Sechs Tage sollst du arbeiten und alle deine Werke tun; aber am siebten Tag ist der Sabbat des HERRN, deines Gottes. Da sollst du keinerlei Arbeit tun, weder du noch dein Sohn noch deine Tochter, weder dein Sklave noch deine Sklavin, noch dein Vieh, noch dein Fremdling, der bei dir wohnt. Denn in sechs Tagen hat der HERR Himmel und Erde gemacht und das Meer und alles, was darinnen ist, und ruhte am siebten Tage. Darum segnete der HERR den Sabbattag und heiligte ihn. <strong>2. Mose 20:8-11.<\/strong><\/p>\n\n\n\n<p>Paris war Gastgeber der Olympischen Sommerspiele 1924. Eric Liddell, ein frommer Christ, weigerte sich, an einem Sonntagslauf teilzunehmen. Er musste seine Teilnahme am 100-Meter-Lauf, seiner besten Disziplin, aufgeben. Gehorsam gegen\u00fcber Gott war wichtiger als eine Goldmedaille. Eric war L\u00e4ufer, aber auch Christ und Prediger. Eric tat sein Bestes, um das zu praktizieren, was er predigte: \u201eSie werden so viel von Gott wissen, und nur so viel von Gott, wie Sie bereit sind, in die Tat umzusetzen.\u201c<\/p>\n\n\n\n<h2 class=\"wp-block-heading\">Schnell<\/h2>\n\n\n\n<p>\u201eGott hat mich schnell gemacht. Und wenn ich laufe, sp\u00fcre ich seine Freude.\u201c <strong>Eric Liddell<\/strong><\/p>\n\n\n\n<p>Nachdem Eric sich vom 100-Meter-Lauf zur\u00fcckgezogen hatte, entschied er sich stattdessen f\u00fcr die 400 Meter. Am 10. Juli 1924, dem Tag des olympischen 400-Meter-Finales, ging Liddell zu den Startbl\u00f6cken, wo ihm ein Trainer des amerikanischen Olympiateams ein St\u00fcck Papier mit einem Zitat aus 1. Samuel 2:30 in die Hand dr\u00fcckte: \u201eWer mich ehrt, den werde ich ehren.\u201c Auf der Au\u00dfenbahn konnte Liddell seine Konkurrenten nicht sehen. Liddle, dessen bisherige Bestzeit 49,6 Sekunden betrug, \u00fcberquerte die Ziellinie in 47,6 Sekunden und gewann die Goldmedaille, wobei er sowohl den olympischen Rekord als auch den Weltrekord brach. Der Bericht in <em>Der W\u00e4chter <\/em>am 12. Juli 1924 hat das Rennen perfekt eingefangen,<\/p>\n\n\n\n<p>EH Liddell, der Sprinter der Universit\u00e4t Edinburgh, gewann das 400-Meter-Finale in der Weltrekordzeit von 47 3\/Sek., nach dem vielleicht gr\u00f6\u00dften<\/p>\n\n\n\n<p>Viertelmeilenrennen aller Zeiten. Der britische Meister, der auf der Au\u00dfenbahn beim Startschuss nach vorne sprang, wurde nie eingeholt. Er lief die ersten drei hundert Meter jeweils in 12 Sekunden und den vierten in 113\/5 Sekunden.<\/p>\n\n\n\n<p>Seine Strategie, die unm\u00f6glich schien, erwies sich als wahr: \u201eDas Geheimnis meines Erfolgs auf den 400 Metern ist, dass ich die ersten 200 Meter so schnell laufe, wie ich kann. Dann, die zweiten 200 Meter, laufe ich mit Gottes Hilfe noch schneller.\u201c Seine ersten 200 Meter waren schnell, aber die zweiten 200 Meter waren noch schneller.<\/p>\n\n\n\n<h2 class=\"wp-block-heading\">Umst\u00e4nde<\/h2>\n\n\n\n<p>\u201eEs mag den Anschein haben, als w\u00fcrden die Umst\u00e4nde unser Leben und Gottes Pl\u00e4ne zerst\u00f6ren, aber Gott ist inmitten der Tr\u00fcmmer nicht hilflos. Gottes Liebe wirkt immer noch. Er kommt, nimmt das Ungl\u00fcck und nutzt es siegreich, um seinen wunderbaren Plan der Liebe umzusetzen.\u201c <strong>Eric Liddell<\/strong><strong><\/strong><\/p>\n\n\n\n<p>Die Rennstrecke wurde bald durch das Missionsfeld abgel\u00f6st. Eric folgte dem Ruf, als Missionar zu dienen. Er sah darin keine besondere Berufung, sondern die gemeinsame Identit\u00e4t aller Christen. \u201eWir sind alle Missionare. Wohin wir auch gehen, bringen wir die Menschen entweder n\u00e4her zu Christus oder wir entfernen sie von Christus.\u201c Eric hatte eine attraktive Pers\u00f6nlichkeit und sein Zeugnis war \u00fcberzeugend. Seine Umst\u00e4nde \u00e4nderten sich jedoch. Im Zweiten Weltkrieg gerieten Eric und andere Westler in die japanische Besatzung. Erics Umst\u00e4nde \u00e4nderten sich, aber sein Charakter und sein Glaube blieben unersch\u00fctterlich. Eric wurde in einem japanischen Kriegsgefangenenlager interniert und versuchte, trotz der verzweifelten Umst\u00e4nde seine gute Moral zu bewahren.<\/p>\n\n\n\n<h2 class=\"wp-block-heading\">Aufrichtigkeit<\/h2>\n\n\n\n<p>\u201eDie Liebe muss aufrichtig sein. Hasse das B\u00f6se; halte am Guten fest.\u201c <strong>Apostel Paulus, <\/strong>R\u00f6mer 12: 9<\/p>\n\n\n\n<p>Sincere kommt aus dem Lateinischen - <em>aufrichtig <\/em>oder w\u00f6rtlich ohne Wachs. Ein Bildhauer, der mit Marmor arbeitet, w\u00fcrde alle Fehler mit Wachs \u00fcberdecken. Die Unvollkommenheiten w\u00fcrden unsichtbar. Durch Hitze w\u00fcrde das Wachs schmelzen. Mit der Zeit w\u00fcrde das Wachs schlie\u00dflich abgenutzt. Die Fehler w\u00fcrden dann f\u00fcr alle sichtbar. Wenn Eric predigte, ermahnte er seine Zuh\u00f6rer, konsequent zu sein. Glaube und Leben sollten nahtlos integriert sein. Wir sollen \u201eohne Wachs\u201c sein. Eric war sich seiner Fehler und Ungereimtheiten bewusst und doch war sein Leben von einer offensichtlichen Aufrichtigkeit gepr\u00e4gt. Ein Leben in aufrichtigem Glauben hat etwas Anziehendes und \u00dcberzeugendes.<\/p>\n\n\n\n<p>Duncan Hamilton zitierte ein Interview aus dem Jahr 1932 mit dem ehemaligen Olympiasieger, der damals als Missionar in China t\u00e4tig war. Der Reporter fragte Eric: \u201eSind Sie froh, dass Sie Ihr Leben der Missionsarbeit gewidmet haben? Vermissen Sie nicht das Rampenlicht, den Trubel, die Raserei, den Jubel, den kr\u00e4ftigen Rotwein des Sieges?\u201c Liddell antwortete: \u201eDas Leben eines Menschen z\u00e4hlt hier viel mehr als das eines anderen.\u201c Hamilton schloss seine Biografie mit diesem Nachruf auf ein gut gelebtes Leben: \u201eSo wahr, so wahr. Aber nur Eric Henry Liddell \u2013 diese ruhigste aller Seelen \u2013 h\u00e4tte es mit solcher Aufrichtigkeit sagen k\u00f6nnen.\u201c<\/p>\n\n\n\n<h2 class=\"wp-block-heading\">Gehorsam<\/h2>\n\n\n\n<p>\u201eGehorsam gegen\u00fcber Gottes Willen ist das Geheimnis spirituellen Wissens und spiritueller Einsicht. Nicht die Bereitschaft zu wissen, sondern die Bereitschaft, Gottes Willen zu TUN (ihm zu gehorchen), bringt Gewissheit.\u201c <strong>Eric Liddell<\/strong><strong><\/strong><\/p>\n\n\n\n<p>Es kann leicht passieren, dass Wissen und Handeln nicht zusammenpassen. Zu wissen, was richtig ist, und anderen zu sagen, was richtig ist, ist eine Sache. Das zu tun, von dem man wei\u00df, dass es richtig ist, ist eine ganz andere Sache. An seinen Prinzipien festzuhalten, wenn es keinen Preis kostet, und an ihnen festzuhalten, wenn es teuer ist, ist ein Ma\u00df f\u00fcr den Charakter. Die Bereitschaft, das Richtige zu tun, ist eine Charakterst\u00e4rke, die sich in Erics Leben auf der Rennstrecke, beim Predigen in Missionshallen, beim Dienst in China und in seinem t\u00e4glichen Leben zeigte.<\/p>\n\n\n\n<p>Es ist relativ einfach, sein Wissen zu erweitern, doch der wahre Ma\u00dfstab f\u00fcr die Integrit\u00e4t und Best\u00e4ndigkeit einer Person ist ihre aufrichtige Bereitschaft, das zu tun, von dem Sie wissen, dass es richtig ist, und das zu tun, wozu Gott Sie aufruft.<\/p>\n\n\n\n<p>Gehorsam hat seinen Preis. 1941 forderte die britische Regierung ihre B\u00fcrger auf, China zu verlassen, da die Lage immer gef\u00e4hrlicher und unberechenbarer wurde. Eric verabschiedete sich von seiner Frau Florence und ihren Kindern, als sie nach Hause zur\u00fcckkehrten. Er blieb seiner Berufung treu, den Chinesen in China zu dienen.<\/p>\n\n\n\n<h2 class=\"wp-block-heading\">Sieg<\/h2>\n\n\n\n<p>\u201eDer Sieg \u00fcber alle Umst\u00e4nde des Lebens kommt nicht durch Macht oder Kraft, sondern durch praktisches Vertrauen in Gott und indem wir seinem Geist erlauben, in unseren Herzen zu wohnen und unsere Handlungen und Gef\u00fchle zu kontrollieren. Lernen Sie, in den Tagen der Ruhe und Bequemlichkeit an das folgende Gebet zu denken, damit Sie, wenn die Tage der Not kommen, vollst\u00e4ndig vorbereitet und ger\u00fcstet sind, ihnen zu begegnen.\u201c <strong>Eric Liddell<\/strong><strong><\/strong><\/p>\n\n\n\n<p>Ein Sieg kann in einer Goldmedaille oder einer Weltrekordzeit gesehen werden, aber f\u00fcr Eric konnte sich ein Sieg in allen Bereichen des Lebens und des Dienstes zeigen. Ein Sieg bedeutete, danach zu streben, der Beste zu sein \u2013 nicht unbedingt besser als alle anderen, aber danach zu streben, das Beste zu sein, was man sein kann. Eric bemerkte einmal: \u201eViele von uns verpassen etwas im Leben, weil wir nach dem Zweitbesten streben.\u201c Bei den Spielen von 1924 genoss Eric den Sieg \u00fcber seine Rivalen. Eric genoss den Sieg in ganz anderen Zusammenh\u00e4ngen, als er als Missionar f\u00fcr das chinesische Volk diente und als er w\u00e4hrend des Krieges seine Kameraden in Kriegsgefangenschaft betreute. Eric war auf die Tage der Not vorbereitet, als sie kamen. An einem Gehirntumor zu sterben und in einem nicht identifizierbaren Grab begraben zu werden, scheint kaum ein Sieg zu sein, aber Erics Glaube erm\u00f6glichte es ihm, den Triumphen und Trag\u00f6dien des Lebens mit Optimismus entgegenzutreten.<\/p>\n\n\n\n<h2 class=\"wp-block-heading\">Ruhm<\/h2>\n\n\n\n<p>\u201eIm Staub der Niederlage wie auch in den Lorbeeren des Sieges kann man Ruhm finden, wenn man sein Bestes gegeben hat.\u201c <strong>Eric Liddell<\/strong><strong><\/strong><\/p>\n\n\n\n<p>Duncan Hamilton betitelte seine Biographie von Eric Liddell, <em>F\u00fcr den Ruhm. <\/em>Gott hat Eric fasten lassen. Eric war auch davon \u00fcberzeugt, dass \u201eGott mich f\u00fcr China geschaffen hat\u201c. Die meisten von uns werden nie pers\u00f6nlich an den Olympischen Spielen teilnehmen, geschweige denn antreten und eine Goldmedaille gewinnen. Wir werden nicht die ganze Welt durchqueren, um einem anderen Volk in einem fernen Land zu dienen. Wir werden nicht die Strapazen einer Gefangenschaft oder den Kummer der Trennung von der Familie erleben. Eric Liddell war einer dieser au\u00dfergew\u00f6hnlichen Charaktere, dessen Geschichte uns allein dadurch, dass wir von ihm wissen, besser f\u00fchlen l\u00e4sst. Es w\u00e4re ein Privileg gewesen, ihn getroffen und seine Schnelligkeit und Aufrichtigkeit selbst erlebt zu haben.<\/p>\n\n\n\n<p>Es ist unm\u00f6glich und unfair, ihm Worte in den Mund zu legen, aber ich frage mich, ob Eric beim Lesen dieser Reflexionen \u00fcber ein gut gelebtes Leben den Apostel Paulus zitieren k\u00f6nnte: \u201eOb ihr nun esst oder trinkt oder was auch immer ihr tut, tut alles zur Ehre Gottes.\u201c <strong>1. Korinther 10:31<\/strong><strong><\/strong><\/p>\n\n\n\n<p><strong>Bob Akroyd, Moderator der Freien Kirche von Schottland<\/strong><\/p>","protected":false},"excerpt":{"rendered":"<p>The biography of Eric Liddell is well known and can be accessed online or in print. I enjoyed reading Duncan Hamilton's For the Glory: The Life of Eric Liddell From Olympic Hero to Modern Martyr....<\/p>","protected":false},"author":1,"featured_media":237,"parent":0,"menu_order":0,"comment_status":"closed","ping_status":"closed","template":"","meta":{"_acf_changed":false,"_monsterinsights_skip_tracking":false,"_monsterinsights_sitenote_active":false,"_monsterinsights_sitenote_note":"","_monsterinsights_sitenote_category":0,"pgc_sgb_lightbox_settings":"","footnotes":""},"class_list":["post-468","page","type-page","status-publish","has-post-thumbnail","hentry"],"acf":[],"_links":{"self":[{"href":"https:\/\/www.lovefrance.world\/de\/wp-json\/wp\/v2\/pages\/468","targetHints":{"allow":["GET"]}}],"collection":[{"href":"https:\/\/www.lovefrance.world\/de\/wp-json\/wp\/v2\/pages"}],"about":[{"href":"https:\/\/www.lovefrance.world\/de\/wp-json\/wp\/v2\/types\/page"}],"author":[{"embeddable":true,"href":"https:\/\/www.lovefrance.world\/de\/wp-json\/wp\/v2\/users\/1"}],"replies":[{"embeddable":true,"href":"https:\/\/www.lovefrance.world\/de\/wp-json\/wp\/v2\/comments?post=468"}],"version-history":[{"count":2,"href":"https:\/\/www.lovefrance.world\/de\/wp-json\/wp\/v2\/pages\/468\/revisions"}],"predecessor-version":[{"id":475,"href":"https:\/\/www.lovefrance.world\/de\/wp-json\/wp\/v2\/pages\/468\/revisions\/475"}],"wp:featuredmedia":[{"embeddable":true,"href":"https:\/\/www.lovefrance.world\/de\/wp-json\/wp\/v2\/media\/237"}],"wp:attachment":[{"href":"https:\/\/www.lovefrance.world\/de\/wp-json\/wp\/v2\/media?parent=468"}],"curies":[{"name":"wp","href":"https:\/\/api.w.org\/{rel}","templated":true}]}}