{"id":1013,"date":"2024-07-24T07:47:15","date_gmt":"2024-07-24T07:47:15","guid":{"rendered":"https:\/\/www.lovefrance.world\/?page_id=1013"},"modified":"2024-07-26T14:20:30","modified_gmt":"2024-07-26T12:20:30","slug":"pray-for-5","status":"publish","type":"page","link":"https:\/\/www.lovefrance.world\/es\/pray-for-5\/","title":{"rendered":"Orar por 5"},"content":{"rendered":"<figure class=\"wp-block-image alignwide size-full\"><img loading=\"lazy\" decoding=\"async\" width=\"1200\" height=\"584\" src=\"https:\/\/www.lovefrance.world\/wp-content\/uploads\/2024\/07\/BLESS_Card_v1.jpg\" alt=\"\" class=\"wp-image-1014\" srcset=\"https:\/\/www.lovefrance.world\/wp-content\/uploads\/2024\/07\/BLESS_Card_v1.jpg 1200w, https:\/\/www.lovefrance.world\/wp-content\/uploads\/2024\/07\/BLESS_Card_v1-380x185.jpg 380w, https:\/\/www.lovefrance.world\/wp-content\/uploads\/2024\/07\/BLESS_Card_v1-768x374.jpg 768w, https:\/\/www.lovefrance.world\/wp-content\/uploads\/2024\/07\/BLESS_Card_v1-18x9.jpg 18w\" sizes=\"auto, (max-width: 1200px) 100vw, 1200px\" \/><\/figure>\n\n\n\n<h2 class=\"wp-block-heading\">Orar por 5<\/h2>\n\n\n\n<h3 class=\"wp-block-heading\">T\u00f3mate 5 minutos al d\u00eda para orar por 5 personas por nombre que necesitan a Jes\u00fas.<\/h3>\n\n\n\n<h2 class=\"wp-block-heading\">Maneras de orar<\/h2>\n\n\n\n<ul class=\"wp-block-list\">\n<li>Padre, atr\u00e1elos hacia tu Hijo Jes\u00fas (<a href=\"https:\/\/biblia.com\/bible\/esv\/John%206.44\" target=\"_blank\" rel=\"noopener\">Juan 6:44<\/a>).<\/li>\n\n\n\n<li>Padre, quita su ceguera espiritual para que crean en el Evangelio (<a href=\"https:\/\/biblia.com\/bible\/esv\/2%20Cor.%204.4\" target=\"_blank\" rel=\"noopener\">2 Corintios 4:4<\/a>;&nbsp;<a href=\"https:\/\/biblia.com\/bible\/esv\/Acts%2016.14\" target=\"_blank\" rel=\"noopener\">Hechos 16:14<\/a>).<\/li>\n\n\n\n<li>Padre, dales el don del arrepentimiento para que se alejen de sus pecados (<a href=\"https:\/\/biblia.com\/bible\/esv\/John%2016.8\" target=\"_blank\" rel=\"noopener\">Juan 16:8<\/a>;&nbsp;<a href=\"https:\/\/biblia.com\/bible\/esv\/2%20Tim.%202.25-26\" target=\"_blank\" rel=\"noopener\">2 Timoteo 2:25-26<\/a>).<\/li>\n\n\n\n<li>Padre, dame oportunidades y valent\u00eda para compartir el Evangelio con ellos (<a href=\"https:\/\/biblia.com\/bible\/esv\/Col.%204.3-4\" target=\"_blank\" rel=\"noopener\">Colosenses 4:3-4<\/a>;&nbsp;<a href=\"https:\/\/biblia.com\/bible\/esv\/Acts%204.29-31\" target=\"_blank\" rel=\"noopener\">Hechos 4:29-31<\/a>).<\/li>\n\n\n\n<li>Padre, por favor s\u00e1lvalos a ellos y a toda su familia.<a href=\"https:\/\/biblia.com\/bible\/esv\/Acts%2016.31\" target=\"_blank\" rel=\"noopener\">Hechos 16:31<\/a>)<\/li>\n<\/ul>\n\n\n\n<p>COMPARTE A JES\u00daS CON ELLOS VIVI\u00c9NDOLO<\/p>\n\n\n\n<h2 class=\"wp-block-heading\">El estilo de vida BLESS<\/h2>\n\n\n\n<p>Comience con una oraci\u00f3n | Esc\u00fachelos | Coma con ellos | S\u00edrvales | Comparta a Jes\u00fas con ellos<\/p>\n\n\n\n<h3 class=\"wp-block-heading\">Tarjeta BLESS gratis<\/h3>\n\n\n\n<p>Descargue e imprima el documento gratuito&nbsp;<strong>Tarjeta BENDICI\u00d3N<\/strong>, escribe los nombres de tus 5 personas y gu\u00e1rdalo como recordatorio.&nbsp;<strong>Orar por 5<\/strong>&nbsp;\u00a1Cada d\u00eda!<\/p>\n\n\n\n<div class=\"wp-block-buttons is-layout-flex wp-block-buttons-is-layout-flex\">\n<div class=\"wp-block-button\"><a class=\"wp-block-button__link wp-element-button\" href=\"https:\/\/www.lovefrance.world\/wp-content\/uploads\/2024\/07\/Bless-Card.pdf\" target=\"_blank\" rel=\"noreferrer noopener\">DESCARGAR TARJETA BENDICI\u00d3N<\/a><\/div>\n\n\n\n<div class=\"wp-block-button\"><a class=\"wp-block-button__link wp-element-button\" href=\"https:\/\/www.lovefrance.world\/es\/prayer-guide\/\">GU\u00cdA DE ORACI\u00d3N<\/a><\/div>\n<\/div>","protected":false},"excerpt":{"rendered":"<p>Pray for 5 Take 5 minutes a day to Pray for 5 people by name who need Jesus Ways to Pray SHARE JESUS WITH THEM BY LIVING OUT The B.L.E.S.S. Lifestyle Begin with prayer |...<\/p>","protected":false},"author":1,"featured_media":921,"parent":0,"menu_order":0,"comment_status":"closed","ping_status":"closed","template":"","meta":{"_acf_changed":false,"_monsterinsights_skip_tracking":false,"_monsterinsights_sitenote_active":false,"_monsterinsights_sitenote_note":"","_monsterinsights_sitenote_category":0,"pgc_sgb_lightbox_settings":"","footnotes":""},"class_list":["post-1013","page","type-page","status-publish","has-post-thumbnail","hentry"],"acf":[],"_links":{"self":[{"href":"https:\/\/www.lovefrance.world\/es\/wp-json\/wp\/v2\/pages\/1013","targetHints":{"allow":["GET"]}}],"collection":[{"href":"https:\/\/www.lovefrance.world\/es\/wp-json\/wp\/v2\/pages"}],"about":[{"href":"https:\/\/www.lovefrance.world\/es\/wp-json\/wp\/v2\/types\/page"}],"author":[{"embeddable":true,"href":"https:\/\/www.lovefrance.world\/es\/wp-json\/wp\/v2\/users\/1"}],"replies":[{"embeddable":true,"href":"https:\/\/www.lovefrance.world\/es\/wp-json\/wp\/v2\/comments?post=1013"}],"version-history":[{"count":4,"href":"https:\/\/www.lovefrance.world\/es\/wp-json\/wp\/v2\/pages\/1013\/revisions"}],"predecessor-version":[{"id":1120,"href":"https:\/\/www.lovefrance.world\/es\/wp-json\/wp\/v2\/pages\/1013\/revisions\/1120"}],"wp:featuredmedia":[{"embeddable":true,"href":"https:\/\/www.lovefrance.world\/es\/wp-json\/wp\/v2\/media\/921"}],"wp:attachment":[{"href":"https:\/\/www.lovefrance.world\/es\/wp-json\/wp\/v2\/media?parent=1013"}],"curies":[{"name":"wp","href":"https:\/\/api.w.org\/{rel}","templated":true}]}}