{"id":1027,"date":"2024-07-24T07:51:49","date_gmt":"2024-07-24T07:51:49","guid":{"rendered":"https:\/\/www.lovefrance.world\/?page_id=1027"},"modified":"2024-07-24T07:51:51","modified_gmt":"2024-07-24T07:51:51","slug":"short-prayer","status":"publish","type":"page","link":"https:\/\/www.lovefrance.world\/es\/short-prayer\/","title":{"rendered":"Oraci\u00f3n corta"},"content":{"rendered":"<h2 class=\"wp-block-heading\">Orando Juntos - Una Oraci\u00f3n por los Juegos de Par\u00eds<\/h2>\n\n\n\n<p>Con motivo de los Juegos de Par\u00eds, esta oraci\u00f3n fue propuesta por el Consejo de las Iglesias Cristianas de Francia (CECEF) con el deseo de que todos puedan hacerla suya.<\/p>\n\n\n\n<p>Padre, fuente de verdadera alegr\u00eda, en tu Hijo Jesucristo has llamado a todas las naciones a formar una<br>pueblo de alabanza para celebrarte. Lideremos la carrera hasta el final.<\/p>\n\n\n\n<p>Dios que es Dios, mira ahora a Francia, que acoger\u00e1 los Juegos Ol\u00edmpicos y Paral\u00edmpicos<br>Juegos. Conc\u00e9denos que puedan organizar este evento en alegr\u00eda, paz y fraternidad.<\/p>\n\n\n\n<p>Derrama tu Esp\u00edritu Santo sobre todos aquellos que est\u00e1n trabajando para la realizaci\u00f3n de los juegos, sobre todos<br>las personas que vendr\u00e1n de los cuatro rincones de la Tierra y los deportistas.<\/p>\n\n\n\n<p>Conc\u00e9deles la virtud necesaria para dar lo mejor de s\u00ed mismos. Que los atletas reciban el apoyo -en momentos de alegr\u00eda y de prueba, de \u00e9xitos y fracasos- de sus seres queridos, de sus entrenadores y de nuestras oraciones.<\/p>\n\n\n\n<p>Ayuda, Se\u00f1or, al pueblo franc\u00e9s, que acoge a todos los que vienen de todo el mundo.<\/p>\n\n\n\n<p>Unidos por la pasi\u00f3n com\u00fan por el deporte con el lema de los Juegos Ol\u00edmpicos<br>&quot;M\u00e1s r\u00e1pido, m\u00e1s alto, m\u00e1s fuerte - juntos&quot;, deja que juntos transmitan tu amor por cada ser humano.<\/p>\n\n\n\n<p>En el nombre de Jes\u00fas oramos,<br>Am\u00e9n<\/p>","protected":false},"excerpt":{"rendered":"<p>Praying Together - A Prayer for the Games of Paris On the occasion of the Paris Games, this prayer was proposed by the Council of Christian Churches in France (CECEF) with the desire that everyone...<\/p>","protected":false},"author":1,"featured_media":1028,"parent":0,"menu_order":0,"comment_status":"closed","ping_status":"closed","template":"","meta":{"_acf_changed":false,"_monsterinsights_skip_tracking":false,"_monsterinsights_sitenote_active":false,"_monsterinsights_sitenote_note":"","_monsterinsights_sitenote_category":0,"pgc_sgb_lightbox_settings":"","footnotes":""},"class_list":["post-1027","page","type-page","status-publish","has-post-thumbnail","hentry"],"acf":[],"_links":{"self":[{"href":"https:\/\/www.lovefrance.world\/es\/wp-json\/wp\/v2\/pages\/1027","targetHints":{"allow":["GET"]}}],"collection":[{"href":"https:\/\/www.lovefrance.world\/es\/wp-json\/wp\/v2\/pages"}],"about":[{"href":"https:\/\/www.lovefrance.world\/es\/wp-json\/wp\/v2\/types\/page"}],"author":[{"embeddable":true,"href":"https:\/\/www.lovefrance.world\/es\/wp-json\/wp\/v2\/users\/1"}],"replies":[{"embeddable":true,"href":"https:\/\/www.lovefrance.world\/es\/wp-json\/wp\/v2\/comments?post=1027"}],"version-history":[{"count":1,"href":"https:\/\/www.lovefrance.world\/es\/wp-json\/wp\/v2\/pages\/1027\/revisions"}],"predecessor-version":[{"id":1029,"href":"https:\/\/www.lovefrance.world\/es\/wp-json\/wp\/v2\/pages\/1027\/revisions\/1029"}],"wp:featuredmedia":[{"embeddable":true,"href":"https:\/\/www.lovefrance.world\/es\/wp-json\/wp\/v2\/media\/1028"}],"wp:attachment":[{"href":"https:\/\/www.lovefrance.world\/es\/wp-json\/wp\/v2\/media?parent=1027"}],"curies":[{"name":"wp","href":"https:\/\/api.w.org\/{rel}","templated":true}]}}