{"id":1472,"date":"2024-08-22T19:47:20","date_gmt":"2024-08-22T17:47:20","guid":{"rendered":"https:\/\/www.lovefrance.world\/?page_id=1472"},"modified":"2024-09-05T12:00:25","modified_gmt":"2024-09-05T10:00:25","slug":"song","status":"publish","type":"page","link":"https:\/\/www.lovefrance.world\/es\/song\/","title":{"rendered":"Canci\u00f3n"},"content":{"rendered":"<figure class=\"wp-block-embed alignwide is-type-video is-provider-youtube wp-block-embed-youtube wp-embed-aspect-16-9 wp-has-aspect-ratio\"><div class=\"wp-block-embed__wrapper\">\n<iframe loading=\"lazy\" title=\"Corriendo la carrera - Canci\u00f3n con acciones\" width=\"500\" height=\"281\" src=\"https:\/\/www.youtube.com\/embed\/jJw_Qd05fSk?feature=oembed\" frameborder=\"0\" allow=\"accelerometer; autoplay; clipboard-write; encrypted-media; gyroscope; picture-in-picture; web-share\" referrerpolicy=\"strict-origin-when-cross-origin\" allowfullscreen><\/iframe>\n<\/div><\/figure>\n\n\n\n<h2 class=\"wp-block-heading\">Canci\u00f3n tem\u00e1tica de Running the Race<\/h2>\n\n\n\n<p><strong>Verso 1:<\/strong><br>Estamos corriendo la carrera con Dios a nuestro lado,<br>Su Palabra es nuestra gu\u00eda, nuestro coraz\u00f3n est\u00e1 abierto de par en par.<br>Empecemos cada d\u00eda con fuerza y con una oraci\u00f3n en nuestro coraz\u00f3n,<br>Seguiremos el ejemplo de Jes\u00fas desde el principio.<\/p>\n\n\n\n<p><strong>Coro:<\/strong><br>Estamos corriendo, estamos corriendo, con los ojos puestos en la meta,<br>Con Jes\u00fas en nuestros corazones, \u00c9l nos est\u00e1 haciendo completos.<br>Perseveraremos, nos mantendremos en el camino,<br>En la fe y el amor, nunca volveremos atr\u00e1s.<\/p>\n\n\n\n<p><strong>Verso 2:<\/strong><br>Cuando vengan los desaf\u00edos, no tendremos miedo,<br>Dios nos da fuerza, en \u00c9l estamos hechos.<br>Compartiremos Su amor con todos los que conozcamos.<br>Animando a los dem\u00e1s nuestra alegr\u00eda es completa.<\/p>\n\n\n\n<p><strong>Coro:<\/strong><br>Estamos corriendo, estamos corriendo, con los ojos puestos en la meta,<br>Con Jes\u00fas en nuestros corazones, \u00c9l nos est\u00e1 haciendo completos.<br>Perseveraremos, nos mantendremos en el camino,<br>En la fe y el amor, nunca volveremos atr\u00e1s.<\/p>\n\n\n\n<p><strong>Verso 3:<\/strong><br>Terminaremos fuertes, con la mano poderosa de Dios,<br>En la victoria por medio de Cristo, permaneceremos firmes.<br>Celebra la victoria, Su gracia es nuestro premio,<br>\u00a1En su amor nos elevamos por siempre!<\/p>\n\n\n\n<p><strong>Coro:<\/strong><br>Estamos corriendo, estamos corriendo, con los ojos puestos en la meta,<br>Con Jes\u00fas en nuestros corazones, \u00c9l nos est\u00e1 haciendo completos.<br>Perseveraremos, nos mantendremos en el camino,<br>En la fe y el amor, nunca volveremos atr\u00e1s.<\/p>\n\n\n\n<p><strong>Puente:<\/strong><br>Con cada paso, confiamos en Su plan,<br>En el amor de Dios, permanecemos para siempre.<\/p>\n\n\n\n<p><strong>Coro (Repetir):<\/strong><br>Estamos corriendo, estamos corriendo, con los ojos puestos en la meta,<br>Con Jes\u00fas en nuestros corazones, \u00c9l nos est\u00e1 haciendo completos.<br>Perseveraremos, nos mantendremos en el camino,<br>En la fe y el amor, nunca volveremos atr\u00e1s.<\/p>\n\n\n\n<p><strong>(Instrumental)<\/strong><\/p>\n\n\n\n<p><strong>Verso 3: (x2)<\/strong><br>Terminaremos fuertes, con la mano poderosa de Dios,<br>En la victoria por medio de Cristo, permaneceremos firmes.<br>Celebra la victoria, Su gracia es nuestro premio,<br>\u00a1En su amor nos elevamos por siempre!<\/p>\n\n\n\n<p><strong>Puente:<\/strong><br>Con cada paso, confiamos en Su plan,<br>En el amor de Dios, permanecemos para siempre.<\/p>\n\n\n\n<p><strong>Coro:<\/strong><br>Estamos corriendo, estamos corriendo, con los ojos puestos en la meta,<br>Con Jes\u00fas en nuestros corazones, \u00c9l nos est\u00e1 haciendo completos.<\/p>\n\n\n\n<div style=\"height:30px\" aria-hidden=\"true\" class=\"wp-block-spacer\"><\/div>\n\n\n\n<p class=\"has-text-align-left\" style=\"font-size:16px\">Acciones ideadas y realizadas por Cami Plaster<br>(C) Medios de comunicaci\u00f3n del IPC 2024<\/p>\n\n\n\n<div style=\"height:30px\" aria-hidden=\"true\" class=\"wp-block-spacer\"><\/div>\n\n\n\n<div class=\"wp-block-buttons is-layout-flex wp-block-buttons-is-layout-flex\">\n<div class=\"wp-block-button\"><a class=\"wp-block-button__link wp-element-button\" href=\"https:\/\/www.lovefrance.world\/wp-content\/uploads\/2024\/08\/Running-the-Race-Words-v2.pdf\" target=\"_blank\" rel=\"noreferrer noopener\">Descargar PDF<\/a><\/div>\n<\/div>","protected":false},"excerpt":{"rendered":"<p>Running the Race Theme Song Verse 1:We're running the race with God by our side,His Word is our guide, our hearts open wide.Start each day strong with a prayer in our heart,We'll follow Jesus' lead,...<\/p>","protected":false},"author":1,"featured_media":916,"parent":0,"menu_order":0,"comment_status":"closed","ping_status":"closed","template":"","meta":{"_acf_changed":false,"_monsterinsights_skip_tracking":false,"_monsterinsights_sitenote_active":false,"_monsterinsights_sitenote_note":"","_monsterinsights_sitenote_category":0,"pgc_sgb_lightbox_settings":"","footnotes":""},"class_list":["post-1472","page","type-page","status-publish","has-post-thumbnail","hentry"],"acf":[],"_links":{"self":[{"href":"https:\/\/www.lovefrance.world\/es\/wp-json\/wp\/v2\/pages\/1472","targetHints":{"allow":["GET"]}}],"collection":[{"href":"https:\/\/www.lovefrance.world\/es\/wp-json\/wp\/v2\/pages"}],"about":[{"href":"https:\/\/www.lovefrance.world\/es\/wp-json\/wp\/v2\/types\/page"}],"author":[{"embeddable":true,"href":"https:\/\/www.lovefrance.world\/es\/wp-json\/wp\/v2\/users\/1"}],"replies":[{"embeddable":true,"href":"https:\/\/www.lovefrance.world\/es\/wp-json\/wp\/v2\/comments?post=1472"}],"version-history":[{"count":8,"href":"https:\/\/www.lovefrance.world\/es\/wp-json\/wp\/v2\/pages\/1472\/revisions"}],"predecessor-version":[{"id":1612,"href":"https:\/\/www.lovefrance.world\/es\/wp-json\/wp\/v2\/pages\/1472\/revisions\/1612"}],"wp:featuredmedia":[{"embeddable":true,"href":"https:\/\/www.lovefrance.world\/es\/wp-json\/wp\/v2\/media\/916"}],"wp:attachment":[{"href":"https:\/\/www.lovefrance.world\/es\/wp-json\/wp\/v2\/media?parent=1472"}],"curies":[{"name":"wp","href":"https:\/\/api.w.org\/{rel}","templated":true}]}}