{"id":248,"date":"2024-06-04T19:24:42","date_gmt":"2024-06-04T19:24:42","guid":{"rendered":"https:\/\/www.lovefrance.world\/?page_id=248"},"modified":"2024-06-24T11:27:08","modified_gmt":"2024-06-24T11:27:08","slug":"terms-of-use-and-privacy-policy","status":"publish","type":"page","link":"https:\/\/www.lovefrance.world\/es\/terms-of-use-and-privacy-policy\/","title":{"rendered":"T\u00e9rminos de uso \/ Pol\u00edtica de privacidad"},"content":{"rendered":"<h2 class=\"wp-block-heading\">Condiciones de uso<\/h2>\n\n\n\n<p><a href=\"https:\/\/www.lovefrance.world\/es\/\">www.lovefrance.world<\/a><\/p>\n\n\n\n<p>Lea atentamente los siguientes t\u00e9rminos ya que el uso del <a href=\"http:\/\/www.lovefrance.world\/es\/\">www.lovefrance.world<\/a> El uso de este sitio web significa que usted est\u00e1 de acuerdo con ellos.<\/p>\n\n\n\n<h3 class=\"wp-block-heading\">1. Uso de este Sitio<\/h3>\n\n\n\n<p>Los derechos sobre los dise\u00f1os, im\u00e1genes, logotipos, fotograf\u00edas y contenidos de este Sitio pertenecen a International Prayer Connect \/ Love France o est\u00e1n bajo su licencia. Est\u00e1n protegidos por derechos de autor y otros derechos de propiedad intelectual. Los boletines informativos pueden imprimirse, distribuirse, enviarse por correo electr\u00f3nico y reproducirse libremente siempre que no se editen ni modifiquen de ninguna manera. Cualquier persona que desee editar, vender, volver a publicar o utilizar el contenido del bolet\u00edn informativo con fines comerciales debe obtener el consentimiento por escrito de IPC \/ Love France. Puede ver o imprimir p\u00e1ginas individuales solo para su uso personal. No puede copiar, reproducir, modificar, distribuir, volver a publicar, mostrar, publicar ni transmitir ninguna parte de las p\u00e1ginas del sitio web sin el permiso por escrito de IPC \/ Love France (IPC\/ LF).<\/p>\n\n\n\n<h3 class=\"wp-block-heading\">2. Responsabilidad<\/h3>\n\n\n\n<p>Intentamos garantizar la exactitud de todo el contenido. Sin embargo, no aceptamos ninguna responsabilidad por el uso que usted haga del contenido. El contenido de este Sitio debe utilizarse \u00fanicamente con fines informativos y usted no debe confiar en \u00e9l para tomar (o abstenerse de tomar) ninguna decisi\u00f3n o realizar (o abstenerse de realizar) ninguna acci\u00f3n.<\/p>\n\n\n\n<p>El Sitio es para su uso personal y no debe utilizarse con fines comerciales. En consecuencia, IPC\/LF no ser\u00e1 responsable en ninguna circunstancia de su p\u00e9rdida de beneficios.<\/p>\n\n\n\n<p>IPC\/LF tampoco ser\u00e1 responsable de ninguna p\u00e9rdida, incluidos gastos innecesarios, corrupci\u00f3n o destrucci\u00f3n de datos, a menos que la p\u00e9rdida sea resultado de algo que IPC\/LF haya hecho mal. IPC\/LF no es responsable de ning\u00fan da\u00f1o o p\u00e9rdida que resulte de su incapacidad para usar este Sitio. IPC\/LF no puede prometer que el Sitio no sufrir\u00e1 interrupciones ni estar\u00e1 completamente libre de errores. Debido a la naturaleza de Internet, el Sitio se proporciona &quot;seg\u00fan disponibilidad&quot;. IPC\/LF no ser\u00e1 responsable ante usted si no podemos proporcionar el Sitio por cualquier motivo que est\u00e9 fuera de nuestro control.<\/p>\n\n\n\n<h3 class=\"wp-block-heading\">3. Contenido y publicidad<\/h3>\n\n\n\n<p>Este Sitio tambi\u00e9n proporciona enlaces a otros sitios y recursos de Internet y contenido de estos. Debido a que IPC\/LF no tiene control sobre estos sitios y recursos, usted reconoce y acepta que IPC\/LF no es responsable de la disponibilidad de estos sitios o recursos externos y no respalda ni es responsable de ning\u00fan contenido, producto publicitario, servicio u otro material que se encuentre en estos sitios o recursos o que est\u00e9 disponible a trav\u00e9s de ellos.<\/p>\n\n\n\n<h3 class=\"wp-block-heading\">4. Protecci\u00f3n de datos y privacidad<\/h3>\n\n\n\n<p>Cualquier informaci\u00f3n que usted nos proporcione y que nos permita identificarlo se conservar\u00e1 y procesar\u00e1 de acuerdo con nuestra pol\u00edtica de privacidad.<\/p>\n\n\n\n<h3 class=\"wp-block-heading\">5. Cambios en los t\u00e9rminos<\/h3>\n\n\n\n<p>IPC\/LF puede cambiar el Sitio o estos t\u00e9rminos en cualquier momento. Si utiliza el Sitio despu\u00e9s de que IPC\/LF haya cambiado los t\u00e9rminos, quedar\u00e1 sujeto a los nuevos t\u00e9rminos.<\/p>\n\n\n\n<h3 class=\"wp-block-heading\">6. Ley aplicable y jurisdicci\u00f3n<\/h3>\n\n\n\n<p>Estos t\u00e9rminos y el uso que usted haga de este Sitio se rigen e interpretan de conformidad con las leyes de los Estados Unidos y del Estado de Nuevo M\u00e9xico, y cualquier disputa ser\u00e1 resuelta \u00fanicamente por sus tribunales. Este Sitio es propiedad de International Prayer Connect \/ Love France, 313 E Wiser Lake Rd, Lynden WA, 98264, EE. UU. y est\u00e1 operado por esta empresa.<\/p>\n\n\n\n<h2 class=\"wp-block-heading\">Pol\u00edtica de privacidad<\/h2>\n\n\n\n<p><a href=\"https:\/\/www.lovefrance.world\/es\/\">www.lovefrance.world<\/a><\/p>\n\n\n\n<h3 class=\"wp-block-heading\">C\u00f3mo maneja International Prayer Connect los datos personales<\/h3>\n\n\n\n<p>Nuestra Pol\u00edtica de privacidad a continuaci\u00f3n explica c\u00f3mo recopilaremos y utilizaremos la informaci\u00f3n que nos brinde. International Prayer Connect \/ Love France (IPC \/ LF) es un grupo de 40 l\u00edderes de ministerios de oraci\u00f3n y misi\u00f3n de alto nivel de todo el pa\u00eds. La palabra &quot;nosotros&quot; se refiere al Equipo de liderazgo de International Prayer Connect y al equipo de Love France (IPC \/ LF), a menos que se indique lo contrario.<\/p>\n\n\n\n<h3 class=\"wp-block-heading\">Recopilaci\u00f3n y uso de informaci\u00f3n<\/h3>\n\n\n\n<p>Se le pedir\u00e1 que env\u00ede informaci\u00f3n personal sobre usted (por ejemplo, nombre y direcci\u00f3n de correo electr\u00f3nico, etc.) en formularios para recibir o utilizar servicios en nuestro sitio web.<\/p>\n\n\n\n<p>Este servicio incluye actualmente boletines informativos. Nos comprometemos a tratar sus datos personales con el debido cuidado y de acuerdo con los principios de Protecci\u00f3n de Datos. IPC \/ LF no vender\u00e1, compartir\u00e1 ni alquilar\u00e1 la informaci\u00f3n que usted proporcione a nadie m\u00e1s. Utilizaremos esta informaci\u00f3n \u00fanicamente para la administraci\u00f3n y gesti\u00f3n de suscripciones y para comunicarnos con usted sobre nuestras actividades e iniciativas asociadas. Al enviarnos sus datos, nos estar\u00e1 indicando su consentimiento para que nos comuniquemos con usted por cualquier medio de contacto que nos proporcione (aplicaci\u00f3n de mensajer\u00eda instant\u00e1nea, correo electr\u00f3nico, tel\u00e9fono, fax, correo postal o SMS\/MMS), a menos que indique una objeci\u00f3n a recibir dichos mensajes marcando las casillas proporcionadas O se comunique con nosotros directamente para expresar sus preferencias.<\/p>\n\n\n\n<h3 class=\"wp-block-heading\">Monitoreo de visitas al sitio web<\/h3>\n\n\n\n<p>Registramos de forma an\u00f3nima las tendencias de uso, como la cantidad de veces que se accede a una p\u00e1gina y desde qu\u00e9 sitios web los usuarios han llegado a nuestro sitio. Esta informaci\u00f3n no se puede rastrear hasta un \u00fanico usuario. Utilizamos cookies para controlar c\u00f3mo nuestros miembros utilizan el sitio web. *Las cookies son archivos de texto que, en algunas circunstancias, podr\u00edan identificar su computadora (a trav\u00e9s de lo que se conoce como direcci\u00f3n IP) ante un servidor.<\/p>\n\n\n\n<h3 class=\"wp-block-heading\">Enlaces a otros sitios web<\/h3>\n\n\n\n<p>Nuestro sitio web contiene enlaces a otros sitios. Ni el equipo de liderazgo de International Prayer Connect, Love France ni sus socios son responsables de la privacidad y seguridad de estos sitios. Esta pol\u00edtica de privacidad se aplica \u00fanicamente a este sitio web.<\/p>\n\n\n\n<h3 class=\"wp-block-heading\">Seguridad de la informaci\u00f3n sensible<\/h3>\n\n\n\n<p>Si le solicitamos informaci\u00f3n confidencial, como n\u00fameros de tarjetas de cr\u00e9dito, utilizaremos encriptaci\u00f3n segura cuando sea apropiado.<\/p>\n\n\n\n<p>Si se comunica con nosotros por correo electr\u00f3nico a trav\u00e9s de Internet, debe tener en cuenta que la naturaleza de Internet es tal que la comunicaci\u00f3n no cifrada puede no ser segura y puede pasar por varios pa\u00edses diferentes en su camino hacia nosotros.<\/p>\n\n\n\n<p>No nos env\u00ede por correo electr\u00f3nico informaci\u00f3n confidencial o sensible, como los datos de su tarjeta de cr\u00e9dito. No podemos aceptar la responsabilidad por el acceso no autorizado a su informaci\u00f3n que est\u00e9 fuera de nuestro control. Al enviarnos sus datos, usted nos da su consentimiento para utilizar sus datos personales sensibles, por ejemplo, la informaci\u00f3n de su tarjeta de cr\u00e9dito, \u00fanicamente para los fines para los que los env\u00eda. Esto puede incluir la transmisi\u00f3n de los mismos a terceros. Por ejemplo, al procesar donaciones, podemos recopilar datos financieros suyos que luego transmitimos a los agentes del sistema bancario de los que compensamos los fondos. Nosotros, y ellos, solo utilizamos esta informaci\u00f3n para proporcionarle este servicio de pago.<\/p>\n\n\n\n<h3 class=\"wp-block-heading\">Correcci\u00f3n\/Actualizaci\u00f3n\/Cancelaci\u00f3n de la suscripci\u00f3n de informaci\u00f3n personal<\/h3>\n\n\n\n<p>Si su informaci\u00f3n personal identificable cambia (como su direcci\u00f3n postal), o si ya no desea utilizar nuestro servicio, nos esforzaremos por proporcionar una forma de corregir, actualizar o eliminar sus datos personales proporcionados. Esto se puede hacer enviando un correo electr\u00f3nico a&nbsp;<a href=\"mailto:contact@lovefrance.world\">contact@lovefrance.world<\/a> haciendo clic en el enlace &#039;cancelar suscripci\u00f3n&#039; en cualquiera de nuestros correos electr\u00f3nicos o escribi\u00e9ndonos a 313 E Wiser Lake Rd, Lynden WA, 98264, EE. UU.<\/p>\n\n\n\n<h3 class=\"wp-block-heading\">Cambios a esta Pol\u00edtica de Privacidad<\/h3>\n\n\n\n<p>Podemos modificar esta pol\u00edtica de vez en cuando y la versi\u00f3n vigente ser\u00e1 la publicada en este sitio. Si alg\u00fan cambio modifica sustancialmente los derechos o privilegios de nuestros miembros, les enviaremos un correo electr\u00f3nico con los detalles.<\/p>\n\n\n\n<h3 class=\"wp-block-heading\">C\u00f3mo acceder a su informaci\u00f3n personal<\/h3>\n\n\n\n<p>Si lo solicita, podemos proporcionarle una lista completa de los datos que tenemos a su nombre por una peque\u00f1a tarifa. Env\u00ede sus solicitudes junto con un cheque por $50 a The Administrator, The International Prayer Connect Leadership Team, 313 E Wiser Lake Rd, Lynden WA, 98264, EE. UU.<\/p>","protected":false},"excerpt":{"rendered":"<p>Terms of Use www.lovefrance.world Please read the following terms carefully as use of the www.lovefrance.world website means that you agree to them. 1. Use of this Site The rights in the designs, pictures, logos, photographs...<\/p>","protected":false},"author":1,"featured_media":152,"parent":0,"menu_order":0,"comment_status":"closed","ping_status":"closed","template":"","meta":{"_acf_changed":false,"_monsterinsights_skip_tracking":false,"_monsterinsights_sitenote_active":false,"_monsterinsights_sitenote_note":"","_monsterinsights_sitenote_category":0,"pgc_sgb_lightbox_settings":"","footnotes":""},"class_list":["post-248","page","type-page","status-publish","has-post-thumbnail","hentry"],"acf":[],"_links":{"self":[{"href":"https:\/\/www.lovefrance.world\/es\/wp-json\/wp\/v2\/pages\/248","targetHints":{"allow":["GET"]}}],"collection":[{"href":"https:\/\/www.lovefrance.world\/es\/wp-json\/wp\/v2\/pages"}],"about":[{"href":"https:\/\/www.lovefrance.world\/es\/wp-json\/wp\/v2\/types\/page"}],"author":[{"embeddable":true,"href":"https:\/\/www.lovefrance.world\/es\/wp-json\/wp\/v2\/users\/1"}],"replies":[{"embeddable":true,"href":"https:\/\/www.lovefrance.world\/es\/wp-json\/wp\/v2\/comments?post=248"}],"version-history":[{"count":6,"href":"https:\/\/www.lovefrance.world\/es\/wp-json\/wp\/v2\/pages\/248\/revisions"}],"predecessor-version":[{"id":392,"href":"https:\/\/www.lovefrance.world\/es\/wp-json\/wp\/v2\/pages\/248\/revisions\/392"}],"wp:featuredmedia":[{"embeddable":true,"href":"https:\/\/www.lovefrance.world\/es\/wp-json\/wp\/v2\/media\/152"}],"wp:attachment":[{"href":"https:\/\/www.lovefrance.world\/es\/wp-json\/wp\/v2\/media?parent=248"}],"curies":[{"name":"wp","href":"https:\/\/api.w.org\/{rel}","templated":true}]}}