{"id":425,"date":"2024-07-02T04:39:12","date_gmt":"2024-07-02T04:39:12","guid":{"rendered":"https:\/\/www.lovefrance.world\/?page_id=425"},"modified":"2024-07-02T05:13:07","modified_gmt":"2024-07-02T05:13:07","slug":"messy-church-heros-delafoi","status":"publish","type":"page","link":"https:\/\/www.lovefrance.world\/es\/messy-church-heros-delafoi\/","title":{"rendered":"H\u00e9roes de la iglesia desordenada DeLaFoi"},"content":{"rendered":"<figure class=\"wp-block-image size-full\"><img loading=\"lazy\" decoding=\"async\" width=\"1200\" height=\"143\" src=\"https:\/\/www.lovefrance.world\/wp-content\/uploads\/2024\/07\/Messy-Church-session-Hero-of-faith-Eric-Liddell-1.jpg\" alt=\"\" class=\"wp-image-457\" srcset=\"https:\/\/www.lovefrance.world\/wp-content\/uploads\/2024\/07\/Messy-Church-session-Hero-of-faith-Eric-Liddell-1.jpg 1200w, https:\/\/www.lovefrance.world\/wp-content\/uploads\/2024\/07\/Messy-Church-session-Hero-of-faith-Eric-Liddell-1-380x45.jpg 380w, https:\/\/www.lovefrance.world\/wp-content\/uploads\/2024\/07\/Messy-Church-session-Hero-of-faith-Eric-Liddell-1-768x92.jpg 768w, https:\/\/www.lovefrance.world\/wp-content\/uploads\/2024\/07\/Messy-Church-session-Hero-of-faith-Eric-Liddell-1-18x2.jpg 18w\" sizes=\"auto, (max-width: 1200px) 100vw, 1200px\" \/><\/figure>\n\n\n\n<h2 class=\"wp-block-heading has-text-align-left\">reflejo desordenado<\/h2>\n\n\n\n<p>Para que se\u00e1is irreprensibles y puros, &#039;hijos de Dios sin mancha en una generaci\u00f3n perversa y torcida&#039;. Entonces brillar\u00e1s entre ellos como estrellas en el cielo mientras te aferras firmemente a la palabra de vida.<br>Filipenses 2:15\u201316a (NVI)<\/p>\n\n\n\n<p>Por tanto, ya que estamos rodeados de tan grande nube de testigos, despoj\u00e9monos de todo lo que estorba y del pecado que tan f\u00e1cilmente nos enreda. Y corramos con perseverancia la carrera que tenemos por delante, fijando la mirada en Jes\u00fas, el pionero y consumador de la fe. Por el gozo puesto delante de \u00e9l, soport\u00f3 la cruz, menospreciando su verg\u00fcenza, y se sent\u00f3 a la diestra del trono de Dios. Considerad a aquel que soport\u00f3 tal oposici\u00f3n de los pecadores, para que no os cans\u00e9is ni desmay\u00e9is.<br>Hebreos 12:1\u20133 (NVI)<\/p>\n\n\n\n<ul class=\"wp-block-list\">\n<li>\u00bfC\u00f3mo muestran estos pasajes algo de Eric?<br>\u00bfLa fe y los valores de Liddell?<\/li>\n<\/ul>\n\n\n\n<p>Dejamos que lo que Cristo ha hecho por nosotros brille en todo en nuestras vidas. Dejamos que la justicia de Dios sea evidente en nuestras vidas mientras vivimos vidas puras y sin mancha ante Dios. En segundo lugar, brillamos como estrellas en el universo cuando adoptamos la mente y la actitud de Jes\u00fas.<\/p>\n\n\n\n<ul class=\"wp-block-list\">\n<li>\u00bfC\u00f3mo brill\u00f3 la vida de Eric con el amor de Dios?<\/li>\n\n\n\n<li>\u00bfC\u00f3mo podemos brillar en lo que pensamos y hacemos?<\/li>\n<\/ul>\n\n\n\n<h2 class=\"wp-block-heading\">discipulado: equipo<\/h2>\n\n\n\n<h3 class=\"wp-block-heading\">\u00bfC\u00f3mo ayuda esta sesi\u00f3n a las personas a crecer en Cristo?<\/h3>\n\n\n\n<p>Esta sesi\u00f3n reflexionar\u00e1 sobre la vida, la fe, el compromiso misionero y los logros deportivos de un gran hombre de fe: Eric Liddell.<\/p>\n\n\n\n<p>Alentar\u00e1 a las personas a reflexionar sobre c\u00f3mo su fe impact\u00f3 su vida y la de los dem\u00e1s. Este a\u00f1o se cumplen 100 a\u00f1os desde la famosa medalla de oro de Eric en los Juegos Ol\u00edmpicos de 1924 en Par\u00eds. Adem\u00e1s de sus \u00e9xitos en la pista, sus valores cristianos y su ejemplo son una inspiraci\u00f3n que nos anima a considerar c\u00f3mo usamos los talentos que Dios nos ha dado y compartimos las buenas nuevas de Jes\u00fas.<\/p>\n\n\n\n<h2 class=\"wp-block-heading\">La historia de Eric Liddell.<\/h2>\n\n\n\n<p>Mira este video (<a href=\"http:\/\/ericLiddell.org\/wp-content\/uploads\/2023\/07\/EL100-Promo-Video-small.mp4\" target=\"_blank\" rel=\"noreferrer noopener\">ericLiddell.org\/wp-content\/uploads\/2023\/07\/EL100-Promo-Video-small.mp4<\/a>) o hacer una narraci\u00f3n dramatizada de su historia.<\/p>\n\n\n\n<h3 class=\"wp-block-heading\">Puntos clave de la vida de Eric.<\/h3>\n\n\n\n<ul class=\"wp-block-list\">\n<li>Nacido en el norte de China de padres misioneros escoceses en 1902.<\/li>\n\n\n\n<li>A los cinco a\u00f1os regres\u00f3 al Reino Unido y fue a un internado.<\/li>\n\n\n\n<li>Eric, a los 18 a\u00f1os, fue a la Universidad de Edimburgo y se dedic\u00f3 a correr.<\/li>\n\n\n\n<li>1922 \u2013 juega al rugby con Escocia.<\/li>\n\n\n\n<li>1923: establece el r\u00e9cord brit\u00e1nico de 100 yardas.<\/li>\n\n\n\n<li>1924 \u2013 gana el oro en los Juegos Ol\u00edmpicos \u2013 PERO se niega a correr un domingo, por lo que tiene que correr los 400 m en lugar de los 100 m y gana.<\/li>\n\n\n\n<li>1925 \u2013 se retira del deporte y se traslada a China para servir a Dios como misionero.<\/li>\n\n\n\n<li>1932 \u2013 ordenado ministro.<\/li>\n\n\n\n<li>1934 \u2013 se casa con Florence y tiene tres hijos.<\/li>\n\n\n\n<li>1941 \u2013 La familia se separa a causa de la guerra.<\/li>\n\n\n\n<li>1943 \u2013 Eric es capturado y internado en un campo de internamiento. Ayud\u00f3 con el deporte y comparti\u00f3 su fe en el campamento.<\/li>\n\n\n\n<li>1945 \u2013 Eric muere de un tumor cerebral en el campo.<\/li>\n<\/ul>\n\n\n\n<h2 class=\"wp-block-heading\">Actividades<\/h2>\n\n\n\n<ol class=\"wp-block-list\">\n<li><strong>La vida y el testimonio de Eric Liddell.<\/strong><\/li>\n<\/ol>\n\n\n\n<p>Necesitar\u00e1: la lista de videoclips sobre Eric Liddell al final de esta sesi\u00f3n; el v\u00eddeo sobre el resumen de la vida y legado de Eric Liddell \u2013 <a href=\"http:\/\/ericLiddell.org\/wp-content\/uploads\/2023\/07\/EL100-Promo-Video-small.mp4\" target=\"_blank\" rel=\"noreferrer noopener\">ericLiddell.org\/wp-content\/uploads\/2023\/07\/EL100-Promo-Video-small.mp4<\/a><\/p>\n\n\n\n<p>Mire el video de la vida y el legado de Eric, adem\u00e1s de elegir algunos de la lista para verlos tambi\u00e9n. \u00bfPor qu\u00e9 no incluir algunos clips de Chariots of Fire?<\/p>\n\n\n\n<p>Habla sobre lo que te pareci\u00f3 interesante sobre Eric Liddell.<\/p>\n\n\n\n<ol class=\"wp-block-list\" start=\"2\">\n<li><strong>Cronolog\u00eda de Eric Liddell<\/strong><\/li>\n<\/ol>\n\n\n\n<p>Necesitar\u00e1s: una l\u00ednea de tiempo de la vida de Eric cortada en tiras (aqu\u00ed hay un recurso \u00fatil con una l\u00ednea de tiempo al final \u2013 chicos- <a href=\"http:\/\/brigade.org.uk\/wp-content\/uploads\/2023\/12\/seniors-heroes_of_faith_eric_Liddell-themed_programme-with_activity_sheet-web.pdf\" target=\"_blank\" rel=\"noreferrer noopener\">brigade.org.uk\/wp-content\/uploads\/2023\/12\/seniors-heroes_of_faith_eric_Liddell-themed_programme-with_activity_sheet-web.pdf<\/a>)<\/p>\n\n\n\n<p>Aseg\u00farate de tener suficientes copias para cada grupo y luego ordena cada tabla para ordenar los eventos clave de la vida de Eric.<\/p>\n\n\n\n<p><strong>Hablar sobre<\/strong> c\u00f3mo Eric ten\u00eda un sentido de llamado y compromiso con Dios.<\/p>\n\n\n\n<ol class=\"wp-block-list\" start=\"3\">\n<li><strong>Saltos de doble estrella<\/strong><\/li>\n<\/ol>\n\n\n\n<p><strong>Necesitar\u00e1: un temporizador<\/strong><\/p>\n\n\n\n<p>Las personas pueden turnarse para ver cu\u00e1ntos saltos de estrellas pueden hacer en un minuto, o si se sienten valientes, \u00a1prueben con cuatro minutos!<\/p>\n\n\n\n<p><strong>Hablar sobre<\/strong> \u00bfCu\u00e1ntos saltos de estrellas logr\u00f3 cada persona en un minuto y cuatro minutos? \u00bfCu\u00e1nto m\u00e1s dif\u00edcil fue continuar durante cuatro minutos? \u00bfC\u00f3mo habr\u00eda sido para Eric entrenar para la carrera de 100 metros y luego correr (\u00a1y ganar!) los 400 metros?<\/p>\n\n\n\n<ol class=\"wp-block-list\" start=\"4\">\n<li><strong>Corre la carrera en chino mandar\u00edn<\/strong><\/li>\n<\/ol>\n\n\n\n<p><strong>Necesitar\u00e1: papel; buenos bol\u00edgrafos para escribir (\u00a1los de caligraf\u00eda son a\u00fan mejores!)<\/strong><\/p>\n\n\n\n<p>Copie o calque el siguiente escrito, que dice &quot;Corre la carrera&quot; en mandar\u00edn y se pronuncia P\u01ceo b\u01d0s\u00e0i.<\/p>\n\n\n\n<p><strong>Hablar sobre<\/strong> c\u00f3mo Eric Liddell &quot;corri\u00f3 la carrera&quot; de su vida en Gran Breta\u00f1a y China.<\/p>\n\n\n\n<ol class=\"wp-block-list\" start=\"5\">\n<li><strong>H\u00e9roes deportivos<\/strong><\/li>\n<\/ol>\n\n\n\n<p><strong>Necesitar\u00e1s: fotograf\u00edas de diferentes deportistas.<\/strong><\/p>\n\n\n\n<p>\u00bfVes si la gente puede adivinar los diferentes h\u00e9roes deportivos y qu\u00e9 los convierte en h\u00e9roes?<\/p>\n\n\n\n<p><strong>Hablar sobre<\/strong> c\u00f3mo Eric Liddell fue un h\u00e9roe.<\/p>\n\n\n\n<ol class=\"wp-block-list\" start=\"6\">\n<li><strong>Toma mis manos y pies<\/strong><\/li>\n<\/ol>\n\n\n\n<p><strong>Necesitar\u00e1: papel; plumas; tijeras<\/strong><\/p>\n\n\n\n<p>Lea el siguiente verso del himno &#039;Take my life&#039; de Frances Havergal (1836\u201379). Invite a las personas a dibujar alrededor de sus manos y pies. Rec\u00f3rtelos y escriba en las manos c\u00f3mo Dios podr\u00eda tomar sus manos y usarlas: \u00bfqu\u00e9 podr\u00eda HACER usted por Dios? En los pies, \u00bfc\u00f3mo podr\u00eda Dios tomar tus pies y usarlos? \u00bfAd\u00f3nde podr\u00edas IR para Dios? Esta podr\u00eda ser tu calle, tu escuela o m\u00e1s lejos.<\/p>\n\n\n\n<p>Lea el vers\u00edculo nuevamente mientras todos sostienen las manos y los pies recortados.<\/p>\n\n\n\n<p><em>Toma mis manos y d\u00e9jalas moverse<br>por impulso de su amor;<br>Toma mis pies y d\u00e9jalos en paz.<br>r\u00e1pido y hermoso para ti.<\/em><\/p>\n\n\n\n<p><strong>Hablar sobre<\/strong> c\u00f3mo Eric Liddell ofreci\u00f3 su vida a Dios. Us\u00f3 sus pies para correr y ganar carreras; sus manos y pies para jugar al rugby; viaj\u00f3 a China para compartir sobre Jes\u00fas; Us\u00f3 sus manos y pies para ayudar a otros mientras estaba en un campo de internamiento.<\/p>\n\n\n\n<h2 class=\"wp-block-heading\">Celebracion<\/h2>\n\n\n\n<p><em>Explora la vida de Eric Liddell y c\u00f3mo brilla de adentro hacia afuera.<\/em><\/p>\n\n\n\n<p>Usa la canci\u00f3n &#039;Shine&#039; \u2013 <a href=\"http:\/\/youtu.be\/WGarMi70QSs\" target=\"_blank\" rel=\"noreferrer noopener\">youtu.be\/WGarMi70QSs<\/a><\/p>\n\n\n\n<p><em>Cante la canci\u00f3n con acciones al inicio y al final de la celebraci\u00f3n, luego explore la vida de Eric Liddell y c\u00f3mo brill\u00f3 en diferentes aspectos de su vida. Instale una estaci\u00f3n para cada \u00e1rea y la gente pueda recorrerlas en carrusel.<\/em><\/p>\n\n\n\n<ol class=\"wp-block-list\">\n<li><strong>Deporte<\/strong> \u2013 Eric utiliz\u00f3 su don para el deporte para jugar al rugby con Escocia adem\u00e1s de correr. La carrera para la que entren\u00f3 fueron los 100 metros, pero decidi\u00f3 no competir en esa carrera en los Juegos Ol\u00edmpicos porque la carrera era un domingo, as\u00ed que corri\u00f3 los 400 metros y gan\u00f3.<br>Eric dijo: &#039;Creo que Dios me hizo con un prop\u00f3sito, pero tambi\u00e9n me hizo r\u00e1pido. Y cuando corro, siento su placer.&#039;<br><strong>Qu\u00e9<\/strong> dones que usas para Dios? \u00bfQu\u00e9 agrada a Dios?<\/li>\n\n\n\n<li><strong>Fe<\/strong> \u2013 La fe de Eric en Dios era realmente importante para \u00e9l y era lo primero en su vida. Se neg\u00f3 a correr en domingo, el d\u00eda de reposo que, en su opini\u00f3n, deb\u00eda santificarse.<br>Eric dijo: &#039;A muchos de nosotros nos falta algo en la vida porque buscamos lo segundo mejor. Les presento lo que he encontrado que es el mejor \u2013 uno que es digno de toda nuestra devoci\u00f3n \u2013 Jesucristo. \u00c9l es el Salvador de los j\u00f3venes y de los mayores. Se\u00f1or, aqu\u00ed estoy.&#039;<br><strong>C\u00f3mo<\/strong> \u00bfPodr\u00edas poner a Jes\u00fas en primer lugar?<\/li>\n\n\n\n<li><strong>Compartir la fe<\/strong> \u2013 Eric comparti\u00f3 sobre su fe en Jes\u00fas dondequiera que estuviera: en la pista deportiva, en China y en Escocia. La gente vino de todas partes para escucharlo hablar.<br>Eric dijo: &#039;Todos somos misioneros. Dondequiera que vayamos, o acercamos a la gente a Cristo o los alejamos de Cristo.&#039;<br><strong>C\u00f3mo<\/strong> \u00bfCompartimos acerca de Jes\u00fas y traemos a otros a \u00e9l?<\/li>\n\n\n\n<li><strong>Sufrimiento por la fe<\/strong> \u2013 Eric fue separado de su familia y enviado a un campo de internamiento durante la guerra, y finalmente muri\u00f3 all\u00ed de un tumor cerebral. Su fe en Dios lo ayud\u00f3 en este momento dif\u00edcil y pudo ayudar y<br>animar a otros.<br>Eric dijo: &#039;La victoria sobre todas las circunstancias de la vida no se logra mediante la fuerza ni el poder, sino mediante una confianza pr\u00e1ctica en Dios y permitiendo que su Esp\u00edritu more en nuestros corazones y controle nuestras acciones y emociones. En los d\u00edas de tranquilidad y Consuelo, aprende a pensar en t\u00e9rminos de la oraci\u00f3n que sigue, para que cuando lleguen los d\u00edas de dificultad est\u00e9s completamente preparado y equipado para afrontarlos.&#039;<br><strong>C\u00f3mo<\/strong> \u00bfPuede tu fe en Dios ayudarte cuando las cosas se ponen dif\u00edciles?<\/li>\n<\/ol>\n\n\n\n<p><em>Al explorar la vida y la fe de Eric, hemos visto c\u00f3mo \u00e9l &#039;brillaba de adentro hacia afuera, para que el mundo pueda ver que vive en m\u00ed&#039;.<\/em><\/p>\n\n\n\n<h3 class=\"wp-block-heading\">Oraci\u00f3n<\/h3>\n\n\n\n<p><em>Un poco como en el tiempo de celebraci\u00f3n, tengan diferentes estaciones de oraci\u00f3n donde la gente pueda realizar diferentes actividades de oraci\u00f3n.<\/em><\/p>\n\n\n\n<p><strong>Deporte<\/strong> \u2013 Escribe algunos de tus dones y cosas en las que eres bueno en una pelota de rubgy o f\u00fatbol. Agradece a Dios por los dones que te ha dado y ora para que te ayude a usarlos bien.<\/p>\n\n\n\n<p><strong>Misi\u00f3n<\/strong> \u2013 Escribe oraciones para que las iglesias en diferentes pa\u00edses crezcan. Podr\u00edas pegarlos en un mapa mundial.<\/p>\n\n\n\n<p><strong>Viviendo tu fe <\/strong>\u2013 En el contorno de una estrella grande, escribe o dibuja lo que podr\u00edas hacer para brillar y vivir tu fe y compartir el amor de Dios.<\/p>\n\n\n\n<p><strong>Sufrimiento en tiempos de guerra<\/strong> \u2013 En un peri\u00f3dico, escriba oraciones breves por quienes sufren a causa de la guerra, u ore por pa\u00edses espec\u00edficos donde la guerra es una realidad diaria.<\/p>\n\n\n\n<h3 class=\"wp-block-heading\">sugerencias de canciones<\/h3>\n\n\n\n<p>&#039;Brilla (desde el interior)&#039; \u2013 Cosecha de primavera<br>&#039;Con todo lo que soy&#039; \u2013 Hillsong Worship<br>&#039;Corriendo la carrera&#039; \u2013 Harbour Collective<br>&#039;Corre la carrera&#039; \u2013 Holly Starr<br>&#039;Corriendo la carrera&#039; \u2013 Freedom Church<\/p>\n\n\n\n<h3 class=\"wp-block-heading\">sugerencia de comida<\/h3>\n\n\n\n<p>Una comida de inspiraci\u00f3n china, como wraps con pollo desmenuzado y salsa hoisin, fideos con salsa agridulce, galletas de gambas y t\u00e9 verde.<\/p>\n\n\n\n<p>Obtenga m\u00e1s informaci\u00f3n sobre Eric Liddell 100 en <a href=\"http:\/\/ericLiddell.org\/the-eric-Liddell-100\" target=\"_blank\" rel=\"noreferrer noopener\">ericLiddell.org\/the-eric-Liddell-100<\/a>, correo electr\u00f3nico <a href=\"mailto:EL100@ericLiddell.org\">EL100@ericLiddell.org<\/a> o busque The Eric Liddell Community en las redes sociales.<\/p>\n\n\n\n<h2 class=\"wp-block-heading\">Videoclips sobre Eric Liddell<\/h2>\n\n\n\n<p>Puedes usar la pel\u00edcula Chariots of Fire completa (la pel\u00edcula completa se puede alquilar en Amazon Prime o ver en Disney+) o estos clips cortos de muchas maneras.<\/p>\n\n\n\n<p>Clips de Carros de fuego:<\/p>\n\n\n\n<ul class=\"wp-block-list\">\n<li>Un discurso de Eric Liddell \u2013 <a href=\"http:\/\/youtu.be\/w57Atv9GyNY\" target=\"_blank\" rel=\"noreferrer noopener\">youtu.be\/w57Atv9GyNY<\/a><\/li>\n\n\n\n<li>No correr\u00e9 en s\u00e1bado \u2013 <a href=\"http:\/\/youtu.be\/usIpld3BZWw\" target=\"_blank\" rel=\"noreferrer noopener\">youtu.be\/usIpld3BZWw<\/a><\/li>\n\n\n\n<li>El que honra a Dios - <a href=\"http:\/\/youtu.be\/uwyltmUR3MU\" target=\"_blank\" rel=\"noreferrer noopener\">youtu.be\/uwyltmUR3MU<\/a><\/li>\n\n\n\n<li>\u00bfDe d\u00f3nde viene el poder? <a href=\"http:\/\/youtu.be\/kbgR-pOIFbE\" target=\"_blank\" rel=\"noreferrer noopener\">youtu.be\/kbgR-pOIFbE<\/a><\/li>\n<\/ul>\n\n\n\n<p>Otros videoclips:<\/p>\n\n\n\n<ul class=\"wp-block-list\">\n<li>El escoc\u00e9s volador se lleva el oro \u2013 <a href=\"http:\/\/youtu.be\/IYNUxdoIacA\" target=\"_blank\" rel=\"noreferrer noopener\">youtu.be\/IYNUxdoIacA<\/a><\/li>\n\n\n\n<li>La muerte de Eric Liddell \u2013 <a href=\"http:\/\/youtu.be\/KL0kzagSQwY\" target=\"_blank\" rel=\"noreferrer noopener\">youtu.be\/KL0kzagSQwY<\/a><\/li>\n\n\n\n<li>Eric Liddell: de ol\u00edmpico a misionero m\u00e1rtir \u2013 <a href=\"http:\/\/youtu.be\/rZdGZLe-N2U\" target=\"_blank\" rel=\"noreferrer noopener\">youtu.be\/rZdGZLe-N2U<\/a><\/li>\n\n\n\n<li>Eric Liddell: toda la vida es un serm\u00f3n racial \u2013 <a href=\"http:\/\/youtu.be\/r9NclUKgqFs\" target=\"_blank\" rel=\"noreferrer noopener\">youtu.be\/r9NclUKgqFs<\/a><\/li>\n\n\n\n<li>Un resumen de la vida y el legado de Eric Liddell \u2013 <a href=\"http:\/\/ericLiddell.org\/wp-content\/uploads\/2023\/07\/EL100-Promo-Video-small.mp4\" target=\"_blank\" rel=\"noreferrer noopener\">ericLiddell.org\/wp-content\/uploads\/2023\/07\/EL100-Promo-Video-small.mp4<\/a><\/li>\n<\/ul>\n\n\n\n<p>Como organizaci\u00f3n ben\u00e9fica, dependemos de la recaudaci\u00f3n de fondos y las donaciones en testamentos para entregar Anna Chaplaincy, Living Faith, Messy Church y Parenting for Faith. Hemos podido proporcionar este recurso de forma gratuita gracias a la generosidad de otros. Si se ha beneficiado de nuestro trabajo, ayude a m\u00e1s personas a hacer lo mismo. <a href=\"http:\/\/brf.org.uk\/give +44 (0)1235 462305\" target=\"_blank\" rel=\"noreferrer noopener\">brf.org.uk\/give +44 (0)1235 462305<\/a><\/p>","protected":false},"excerpt":{"rendered":"<p>Messy reflection So that you may become blameless and pure, \u2018children of God without fault in a warped and crooked generation.\u2019 Then you will shine among them like stars in the sky as you hold...<\/p>","protected":false},"author":1,"featured_media":237,"parent":0,"menu_order":0,"comment_status":"closed","ping_status":"closed","template":"","meta":{"_acf_changed":false,"_monsterinsights_skip_tracking":false,"_monsterinsights_sitenote_active":false,"_monsterinsights_sitenote_note":"","_monsterinsights_sitenote_category":0,"pgc_sgb_lightbox_settings":"","footnotes":""},"class_list":["post-425","page","type-page","status-publish","has-post-thumbnail","hentry"],"acf":[],"_links":{"self":[{"href":"https:\/\/www.lovefrance.world\/es\/wp-json\/wp\/v2\/pages\/425","targetHints":{"allow":["GET"]}}],"collection":[{"href":"https:\/\/www.lovefrance.world\/es\/wp-json\/wp\/v2\/pages"}],"about":[{"href":"https:\/\/www.lovefrance.world\/es\/wp-json\/wp\/v2\/types\/page"}],"author":[{"embeddable":true,"href":"https:\/\/www.lovefrance.world\/es\/wp-json\/wp\/v2\/users\/1"}],"replies":[{"embeddable":true,"href":"https:\/\/www.lovefrance.world\/es\/wp-json\/wp\/v2\/comments?post=425"}],"version-history":[{"count":7,"href":"https:\/\/www.lovefrance.world\/es\/wp-json\/wp\/v2\/pages\/425\/revisions"}],"predecessor-version":[{"id":460,"href":"https:\/\/www.lovefrance.world\/es\/wp-json\/wp\/v2\/pages\/425\/revisions\/460"}],"wp:featuredmedia":[{"embeddable":true,"href":"https:\/\/www.lovefrance.world\/es\/wp-json\/wp\/v2\/media\/237"}],"wp:attachment":[{"href":"https:\/\/www.lovefrance.world\/es\/wp-json\/wp\/v2\/media?parent=425"}],"curies":[{"name":"wp","href":"https:\/\/api.w.org\/{rel}","templated":true}]}}