{"id":1472,"date":"2024-08-22T19:47:20","date_gmt":"2024-08-22T17:47:20","guid":{"rendered":"https:\/\/www.lovefrance.world\/?page_id=1472"},"modified":"2024-09-05T12:00:25","modified_gmt":"2024-09-05T10:00:25","slug":"song","status":"publish","type":"page","link":"https:\/\/www.lovefrance.world\/fi\/song\/","title":{"rendered":"Song"},"content":{"rendered":"<figure class=\"wp-block-embed alignwide is-type-video is-provider-youtube wp-block-embed-youtube wp-embed-aspect-16-9 wp-has-aspect-ratio\"><div class=\"wp-block-embed__wrapper\">\n<iframe loading=\"lazy\" title=\"Running the Race - Kappale, jossa on toimintaa\" width=\"500\" height=\"281\" src=\"https:\/\/www.youtube.com\/embed\/jJw_Qd05fSk?feature=oembed\" frameborder=\"0\" allow=\"accelerometer; autoplay; clipboard-write; encrypted-media; gyroscope; picture-in-picture; web-share\" referrerpolicy=\"strict-origin-when-cross-origin\" allowfullscreen><\/iframe>\n<\/div><\/figure>\n\n\n\n<h2 class=\"wp-block-heading\">Running the Race -teemalaulu<\/h2>\n\n\n\n<p><strong>Jae 1:<\/strong><br>Juosemme kilpailua Jumalan kanssa vierell\u00e4mme,<br>H\u00e4nen Sanansa on oppaamme, syd\u00e4memme avautuu leve\u00e4sti.<br>Aloita jokainen p\u00e4iv\u00e4 vahvana rukouksella syd\u00e4mess\u00e4mme,<br>Seuraamme Jeesuksen esimerkki\u00e4 alusta alkaen.<\/p>\n\n\n\n<p><strong>Kuoro:<\/strong><br>Juoksemme, juoksemme, katseemme kohti maalia,<br>Kun Jeesus on syd\u00e4miss\u00e4mme, H\u00e4n tekee meist\u00e4 kokonaisia.<br>Jatkamme, pysymme tiell\u00e4,<br>Uskossa ja rakkaudessa emme koskaan k\u00e4\u00e4nny takaisin.<\/p>\n\n\n\n<p><strong>Jae 2:<\/strong><br>Kun haasteet tulevat, emme pelk\u00e4\u00e4,<br>Jumala antaa meille voimaa, h\u00e4ness\u00e4 olemme luodut.<br>Jaamme H\u00e4nen rakkautensa kaikkien kanssa, joita tapaamme,<br>Kannustamme muita, ilomme on t\u00e4ydellist\u00e4.<\/p>\n\n\n\n<p><strong>Kuoro:<\/strong><br>Juoksemme, juoksemme, katseemme kohti maalia,<br>Kun Jeesus on syd\u00e4miss\u00e4mme, H\u00e4n tekee meist\u00e4 kokonaisia.<br>Jatkamme, pysymme tiell\u00e4,<br>Uskossa ja rakkaudessa emme koskaan k\u00e4\u00e4nny takaisin.<\/p>\n\n\n\n<p><strong>Jae 3:<\/strong><br>Lopetamme vahvoina, Jumalan mahtavalla k\u00e4dell\u00e4,<br>Voitossa Kristuksen kautta me pysymme.<br>Juhli voittoa, H\u00e4nen armonsa on palkintomme,<br>Ikuisesti H\u00e4nen rakkaudessaan, me nousemme!<\/p>\n\n\n\n<p><strong>Kuoro:<\/strong><br>Juoksemme, juoksemme, katseemme kohti maalia,<br>Kun Jeesus on syd\u00e4miss\u00e4mme, H\u00e4n tekee meist\u00e4 kokonaisia.<br>Jatkamme, pysymme tiell\u00e4,<br>Uskossa ja rakkaudessa emme koskaan k\u00e4\u00e4nny takaisin.<\/p>\n\n\n\n<p><strong>Silta:<\/strong><br>Jokaisella askeleella luotamme H\u00e4nen suunnitelmaansa,<br>Jumalan rakkaudessa, me seisomme ikuisesti.<\/p>\n\n\n\n<p><strong>Kuoro (toisto):<\/strong><br>Juoksemme, juoksemme, katseemme kohti maalia,<br>Kun Jeesus on syd\u00e4miss\u00e4mme, H\u00e4n tekee meist\u00e4 kokonaisia.<br>Jatkamme, pysymme tiell\u00e4,<br>Uskossa ja rakkaudessa emme koskaan k\u00e4\u00e4nny takaisin.<\/p>\n\n\n\n<p><strong>(instrumentaali)<\/strong><\/p>\n\n\n\n<p><strong>Jae 3: (x2)<\/strong><br>Lopetamme vahvoina, Jumalan mahtavalla k\u00e4dell\u00e4,<br>Voitossa Kristuksen kautta me pysymme.<br>Juhli voittoa, H\u00e4nen armonsa on palkintomme,<br>Ikuisesti H\u00e4nen rakkaudessaan, me nousemme!<\/p>\n\n\n\n<p><strong>Silta:<\/strong><br>Jokaisella askeleella luotamme H\u00e4nen suunnitelmaansa,<br>Jumalan rakkaudessa, me seisomme ikuisesti.<\/p>\n\n\n\n<p><strong>Kuoro:<\/strong><br>Juoksemme, juoksemme, katseemme kohti maalia,<br>Kun Jeesus on syd\u00e4miss\u00e4mme, H\u00e4n tekee meist\u00e4 kokonaisia.<\/p>\n\n\n\n<div style=\"height:30px\" aria-hidden=\"true\" class=\"wp-block-spacer\"><\/div>\n\n\n\n<p class=\"has-text-align-left\" style=\"font-size:16px\">Cami Plasterin suunnittelemat ja suorittamat toiminnot<br>(C) IPC Media 2024<\/p>\n\n\n\n<div style=\"height:30px\" aria-hidden=\"true\" class=\"wp-block-spacer\"><\/div>\n\n\n\n<div class=\"wp-block-buttons is-layout-flex wp-block-buttons-is-layout-flex\">\n<div class=\"wp-block-button\"><a class=\"wp-block-button__link wp-element-button\" href=\"https:\/\/www.lovefrance.world\/wp-content\/uploads\/2024\/08\/Running-the-Race-Words-v2.pdf\" target=\"_blank\" rel=\"noreferrer noopener\">Lataa PDF<\/a><\/div>\n<\/div>","protected":false},"excerpt":{"rendered":"<p>Running the Race Theme Song Verse 1:We're running the race with God by our side,His Word is our guide, our hearts open wide.Start each day strong with a prayer in our heart,We'll follow Jesus' lead,...<\/p>","protected":false},"author":1,"featured_media":916,"parent":0,"menu_order":0,"comment_status":"closed","ping_status":"closed","template":"","meta":{"_acf_changed":false,"_monsterinsights_skip_tracking":false,"_monsterinsights_sitenote_active":false,"_monsterinsights_sitenote_note":"","_monsterinsights_sitenote_category":0,"pgc_sgb_lightbox_settings":"","footnotes":""},"class_list":["post-1472","page","type-page","status-publish","has-post-thumbnail","hentry"],"acf":[],"_links":{"self":[{"href":"https:\/\/www.lovefrance.world\/fi\/wp-json\/wp\/v2\/pages\/1472","targetHints":{"allow":["GET"]}}],"collection":[{"href":"https:\/\/www.lovefrance.world\/fi\/wp-json\/wp\/v2\/pages"}],"about":[{"href":"https:\/\/www.lovefrance.world\/fi\/wp-json\/wp\/v2\/types\/page"}],"author":[{"embeddable":true,"href":"https:\/\/www.lovefrance.world\/fi\/wp-json\/wp\/v2\/users\/1"}],"replies":[{"embeddable":true,"href":"https:\/\/www.lovefrance.world\/fi\/wp-json\/wp\/v2\/comments?post=1472"}],"version-history":[{"count":8,"href":"https:\/\/www.lovefrance.world\/fi\/wp-json\/wp\/v2\/pages\/1472\/revisions"}],"predecessor-version":[{"id":1612,"href":"https:\/\/www.lovefrance.world\/fi\/wp-json\/wp\/v2\/pages\/1472\/revisions\/1612"}],"wp:featuredmedia":[{"embeddable":true,"href":"https:\/\/www.lovefrance.world\/fi\/wp-json\/wp\/v2\/media\/916"}],"wp:attachment":[{"href":"https:\/\/www.lovefrance.world\/fi\/wp-json\/wp\/v2\/media?parent=1472"}],"curies":[{"name":"wp","href":"https:\/\/api.w.org\/{rel}","templated":true}]}}