{"id":233,"date":"2024-06-04T18:56:50","date_gmt":"2024-06-04T18:56:50","guid":{"rendered":"https:\/\/www.lovefrance.world\/?page_id=233"},"modified":"2024-06-04T19:01:24","modified_gmt":"2024-06-04T19:01:24","slug":"chariots-of-fire-clips","status":"publish","type":"page","link":"https:\/\/www.lovefrance.world\/fi\/chariots-of-fire-clips\/","title":{"rendered":"Chariots of Fire clips"},"content":{"rendered":"<h3 class=\"wp-block-heading has-text-align-center\"><a href=\"https:\/\/www.amazon.co.uk\/Chariots-Fire-Ben-Cross\/dp\/B00U6CD0CW\" target=\"_blank\" rel=\"noreferrer noopener\">Vuokraa elokuva Amazonista<\/a><\/h3>\n\n\n\n<h2 class=\"wp-block-heading has-text-align-center\">Pieni\u00e4 osia elokuvasta:<\/h2>\n\n\n\n<figure class=\"wp-block-embed alignwide is-type-video is-provider-youtube wp-block-embed-youtube wp-embed-aspect-4-3 wp-has-aspect-ratio\"><div class=\"wp-block-embed__wrapper\">\n<iframe loading=\"lazy\" title=\"H\u00e4n, joka kunnioittaa Jumalaa\" width=\"500\" height=\"375\" src=\"https:\/\/www.youtube.com\/embed\/uwyltmUR3MU?feature=oembed\" frameborder=\"0\" allow=\"accelerometer; autoplay; clipboard-write; encrypted-media; gyroscope; picture-in-picture; web-share\" referrerpolicy=\"strict-origin-when-cross-origin\" allowfullscreen><\/iframe>\n<\/div><figcaption class=\"wp-element-caption\">Kilpailu ja Jumalan kunnioittaminen\u00a0<\/figcaption><\/figure>\n\n\n\n<figure class=\"wp-block-embed alignwide is-type-video is-provider-youtube wp-block-embed-youtube wp-embed-aspect-4-3 wp-has-aspect-ratio\"><div class=\"wp-block-embed__wrapper\">\n<iframe loading=\"lazy\" title=\"nouse yl\u00f6s ja lopeta kilpailu.avi\" width=\"500\" height=\"375\" src=\"https:\/\/www.youtube.com\/embed\/I4e5Xfmc8zQ?start=5&feature=oembed\" frameborder=\"0\" allow=\"accelerometer; autoplay; clipboard-write; encrypted-media; gyroscope; picture-in-picture; web-share\" referrerpolicy=\"strict-origin-when-cross-origin\" allowfullscreen><\/iframe>\n<\/div><figcaption class=\"wp-element-caption\">Nouse yl\u00f6s ja vie kilpailu loppuun<\/figcaption><\/figure>\n\n\n\n<figure class=\"wp-block-embed alignwide is-type-video is-provider-youtube wp-block-embed-youtube wp-embed-aspect-16-9 wp-has-aspect-ratio\"><div class=\"wp-block-embed__wrapper\">\n<iframe loading=\"lazy\" title=\"Tulivaunut - Liddell lukee Jesaja 40 (ne, jotka odottavat Herraa, saavat uutta voimaa).\" width=\"500\" height=\"281\" src=\"https:\/\/www.youtube.com\/embed\/bwUVbsDSTF4?feature=oembed\" frameborder=\"0\" allow=\"accelerometer; autoplay; clipboard-write; encrypted-media; gyroscope; picture-in-picture; web-share\" referrerpolicy=\"strict-origin-when-cross-origin\" allowfullscreen><\/iframe>\n<\/div><figcaption class=\"wp-element-caption\">Eric luki Jesaja 40 hein\u00e4kuun 6. p\u00e4iv\u00e4n\u00e4 1924 \u00a0\u00a0<\/figcaption><\/figure>\n\n\n\n<figure class=\"wp-block-embed alignwide is-type-video is-provider-youtube wp-block-embed-youtube wp-embed-aspect-16-9 wp-has-aspect-ratio\"><div class=\"wp-block-embed__wrapper\">\n<iframe loading=\"lazy\" title=\"Chariots of Fire Mist\u00e4 voima tulee flv flv\" width=\"500\" height=\"281\" src=\"https:\/\/www.youtube.com\/embed\/kbgR-pOIFbE?start=78&feature=oembed\" frameborder=\"0\" allow=\"accelerometer; autoplay; clipboard-write; encrypted-media; gyroscope; picture-in-picture; web-share\" referrerpolicy=\"strict-origin-when-cross-origin\" allowfullscreen><\/iframe>\n<\/div><figcaption class=\"wp-element-caption\">Mist\u00e4 voima tulee?<\/figcaption><\/figure>\n\n\n\n<figure class=\"wp-block-embed alignwide is-type-video is-provider-youtube wp-block-embed-youtube wp-embed-aspect-4-3 wp-has-aspect-ratio\"><div class=\"wp-block-embed__wrapper\">\n<iframe loading=\"lazy\" title=\"Muistakaa sapattip\u00e4iv\u00e4\u00e4 ja pit\u00e4k\u00e4\u00e4 se pyh\u00e4n\u00e4.\" width=\"500\" height=\"375\" src=\"https:\/\/www.youtube.com\/embed\/GnCkEaoTR4U?feature=oembed\" frameborder=\"0\" allow=\"accelerometer; autoplay; clipboard-write; encrypted-media; gyroscope; picture-in-picture; web-share\" referrerpolicy=\"strict-origin-when-cross-origin\" allowfullscreen><\/iframe>\n<\/div><figcaption class=\"wp-element-caption\">Muistakaa pit\u00e4\u00e4 sapatti pyh\u00e4n\u00e4...<\/figcaption><\/figure>\n\n\n\n<figure class=\"wp-block-embed alignwide is-type-video is-provider-youtube wp-block-embed-youtube wp-embed-aspect-16-9 wp-has-aspect-ratio\"><div class=\"wp-block-embed__wrapper\">\n<iframe loading=\"lazy\" title=\"Tulivaunut - Eric Liddell\" width=\"500\" height=\"281\" src=\"https:\/\/www.youtube.com\/embed\/BZ1q3__UX9g?feature=oembed\" frameborder=\"0\" allow=\"accelerometer; autoplay; clipboard-write; encrypted-media; gyroscope; picture-in-picture; web-share\" referrerpolicy=\"strict-origin-when-cross-origin\" allowfullscreen><\/iframe>\n<\/div><figcaption class=\"wp-element-caption\">Ericin keskustelu siskonsa kanssa<\/figcaption><\/figure>\n\n\n\n<figure class=\"wp-block-embed alignwide is-type-video is-provider-youtube wp-block-embed-youtube wp-embed-aspect-16-9 wp-has-aspect-ratio\"><div class=\"wp-block-embed__wrapper\">\n<iframe loading=\"lazy\" title=\"Chariots of Fire - Uusi traileri - Elokuvateattereissa 13. hein\u00e4kuuta.\" width=\"500\" height=\"281\" src=\"https:\/\/www.youtube.com\/embed\/uPe27x0_W2M?feature=oembed\" frameborder=\"0\" allow=\"accelerometer; autoplay; clipboard-write; encrypted-media; gyroscope; picture-in-picture; web-share\" referrerpolicy=\"strict-origin-when-cross-origin\" allowfullscreen><\/iframe>\n<\/div><figcaption class=\"wp-element-caption\">Tulivaunujen traileri<\/figcaption><\/figure>\n\n\n\n<figure class=\"wp-block-embed alignwide is-type-video is-provider-youtube wp-block-embed-youtube wp-embed-aspect-4-3 wp-has-aspect-ratio\"><div class=\"wp-block-embed__wrapper\">\n<iframe loading=\"lazy\" title=\"The-Death-Of-Eric-Liddell\" width=\"500\" height=\"375\" src=\"https:\/\/www.youtube.com\/embed\/KL0kzagSQwY?feature=oembed\" frameborder=\"0\" allow=\"accelerometer; autoplay; clipboard-write; encrypted-media; gyroscope; picture-in-picture; web-share\" referrerpolicy=\"strict-origin-when-cross-origin\" allowfullscreen><\/iframe>\n<\/div><figcaption class=\"wp-element-caption\">Ylim\u00e4\u00e4r\u00e4ist\u00e4: Eric Liddellin kuolema<\/figcaption><\/figure>","protected":false},"excerpt":{"rendered":"<p>Rent the movie from Amazon Small sections of the movie:<\/p>","protected":false},"author":1,"featured_media":237,"parent":0,"menu_order":0,"comment_status":"closed","ping_status":"closed","template":"","meta":{"_acf_changed":false,"_monsterinsights_skip_tracking":false,"_monsterinsights_sitenote_active":false,"_monsterinsights_sitenote_note":"","_monsterinsights_sitenote_category":0,"pgc_sgb_lightbox_settings":"","footnotes":""},"class_list":["post-233","page","type-page","status-publish","has-post-thumbnail","hentry"],"acf":[],"_links":{"self":[{"href":"https:\/\/www.lovefrance.world\/fi\/wp-json\/wp\/v2\/pages\/233","targetHints":{"allow":["GET"]}}],"collection":[{"href":"https:\/\/www.lovefrance.world\/fi\/wp-json\/wp\/v2\/pages"}],"about":[{"href":"https:\/\/www.lovefrance.world\/fi\/wp-json\/wp\/v2\/types\/page"}],"author":[{"embeddable":true,"href":"https:\/\/www.lovefrance.world\/fi\/wp-json\/wp\/v2\/users\/1"}],"replies":[{"embeddable":true,"href":"https:\/\/www.lovefrance.world\/fi\/wp-json\/wp\/v2\/comments?post=233"}],"version-history":[{"count":2,"href":"https:\/\/www.lovefrance.world\/fi\/wp-json\/wp\/v2\/pages\/233\/revisions"}],"predecessor-version":[{"id":235,"href":"https:\/\/www.lovefrance.world\/fi\/wp-json\/wp\/v2\/pages\/233\/revisions\/235"}],"wp:featuredmedia":[{"embeddable":true,"href":"https:\/\/www.lovefrance.world\/fi\/wp-json\/wp\/v2\/media\/237"}],"wp:attachment":[{"href":"https:\/\/www.lovefrance.world\/fi\/wp-json\/wp\/v2\/media?parent=233"}],"curies":[{"name":"wp","href":"https:\/\/api.w.org\/{rel}","templated":true}]}}