{"id":248,"date":"2024-06-04T19:24:42","date_gmt":"2024-06-04T19:24:42","guid":{"rendered":"https:\/\/www.lovefrance.world\/?page_id=248"},"modified":"2024-06-24T11:27:08","modified_gmt":"2024-06-24T11:27:08","slug":"terms-of-use-and-privacy-policy","status":"publish","type":"page","link":"https:\/\/www.lovefrance.world\/fi\/terms-of-use-and-privacy-policy\/","title":{"rendered":"K\u00e4ytt\u00f6ehdot \/ Tietosuojak\u00e4yt\u00e4nt\u00f6"},"content":{"rendered":"<h2 class=\"wp-block-heading\">K\u00e4ytt\u00f6ehdot<\/h2>\n\n\n\n<p><a href=\"https:\/\/www.lovefrance.world\/fi\/\">www.lovefrance.world<\/a><\/p>\n\n\n\n<p>Lue seuraavat ehdot huolellisesti k\u00e4ytt\u00e4ess\u00e4si <a href=\"http:\/\/www.lovefrance.world\/fi\/\">www.lovefrance.world<\/a> verkkosivusto tarkoittaa, ett\u00e4 hyv\u00e4ksyt ne.<\/p>\n\n\n\n<h3 class=\"wp-block-heading\">1. T\u00e4m\u00e4n sivuston k\u00e4ytt\u00f6<\/h3>\n\n\n\n<p>Oikeudet t\u00e4m\u00e4n sivuston malleihin, kuviin, logoihin, valokuviin ja sis\u00e4lt\u00f6\u00f6n ovat International Prayer Connect \/ Love Francen omistuksessa tai niille on my\u00f6nnetty lisenssi. Ne on suojattu tekij\u00e4noikeuksilla ja muilla immateriaalioikeuksilla. Uutiskirjeit\u00e4 voidaan tulostaa, jakaa, l\u00e4hett\u00e4\u00e4 s\u00e4hk\u00f6postitse ja tuottaa uudelleen vapaasti niin kauan kuin niit\u00e4 ei muokata tai muuteta mill\u00e4\u00e4n tavalla. Jokaisen, joka haluaa muokata, myyd\u00e4, julkaista uudelleen tai k\u00e4ytt\u00e4\u00e4 uutiskirjeen sis\u00e4lt\u00f6\u00e4 kaupallisesti, tulee hankkia IPC \/ Love Francen kirjallinen lupa. Voit tarkastella tai tulostaa yksitt\u00e4isi\u00e4 sivuja vain omaan henkil\u00f6kohtaiseen k\u00e4ytt\u00f6\u00f6si. Et saa kopioida, j\u00e4ljent\u00e4\u00e4, muokata, jakaa, julkaista uudelleen, n\u00e4ytt\u00e4\u00e4, l\u00e4hett\u00e4\u00e4 tai v\u00e4litt\u00e4\u00e4 mit\u00e4\u00e4n verkkosivuston sivujen osaa ilman IPC \/ Love Francen (IPC\/LF) kirjallista lupaa.<\/p>\n\n\n\n<h3 class=\"wp-block-heading\">2. Vastuu<\/h3>\n\n\n\n<p>Pyrimme varmistamaan kaiken sis\u00e4ll\u00f6n oikeellisuuden. Emme kuitenkaan ota mit\u00e4\u00e4n vastuuta sis\u00e4ll\u00f6n k\u00e4yt\u00f6st\u00e4si. T\u00e4m\u00e4n sivuston sis\u00e4lt\u00f6\u00e4 tulee k\u00e4ytt\u00e4\u00e4 vain tiedotustarkoituksiin, eik\u00e4 sinun tule luottaa siihen tehd\u00e4ksesi (tai pid\u00e4tt\u00e4yty\u00e4ksesi tekem\u00e4st\u00e4) mit\u00e4\u00e4n p\u00e4\u00e4t\u00f6ksi\u00e4 tai tehd\u00e4ksesi (tai pid\u00e4tt\u00e4yty\u00e4ksesi tekem\u00e4st\u00e4) mit\u00e4\u00e4n toimia.<\/p>\n\n\n\n<p>Sivusto on tarkoitettu henkil\u00f6kohtaiseen k\u00e4ytt\u00f6\u00f6n, eik\u00e4 sit\u00e4 saa k\u00e4ytt\u00e4\u00e4 mihink\u00e4\u00e4n kaupalliseen tarkoitukseen. T\u00e4m\u00e4n seurauksena IPC \/ LF ei ole miss\u00e4\u00e4n olosuhteissa vastuussa voittojen menetyksest\u00e4.<\/p>\n\n\n\n<p>IPC\/LF ei my\u00f6sk\u00e4\u00e4n ole vastuussa mist\u00e4\u00e4n menetyksist\u00e4, mukaan lukien hukkaan menneist\u00e4 kustannuksista, korruptiosta tai tietojen tuhoutumisesta, ellei menetys johdu jostain IPC\/LF:n toiminnasta v\u00e4\u00e4rin. IPC \/ LF ei ole vastuussa mist\u00e4\u00e4n vahingoista tai menetyksist\u00e4, jotka johtuvat kyvytt\u00f6myydest\u00e4si k\u00e4ytt\u00e4\u00e4 t\u00e4t\u00e4 Sivustoa. IPC\/LF ei voi luvata, ett\u00e4 Sivusto on keskeytykset\u00f6n tai t\u00e4ysin virheet\u00f6n. Internetin luonteen vuoksi Sivusto tarjotaan &quot;saatavilla&quot;-periaatteella. IPC \/ LF ei ole vastuussa sinulle, jos emme pysty tarjoamaan Sivustoa mist\u00e4\u00e4n meist\u00e4 riippumattomista syist\u00e4.<\/p>\n\n\n\n<h3 class=\"wp-block-heading\">3. Sis\u00e4lt\u00f6 ja mainokset<\/h3>\n\n\n\n<p>T\u00e4m\u00e4 sivusto tarjoaa my\u00f6s linkkej\u00e4 ja sis\u00e4lt\u00f6\u00e4 muille Internet-sivustoille ja resursseille. Koska IPC\/LF ei hallitse n\u00e4it\u00e4 sivustoja ja resursseja, ymm\u00e4rr\u00e4t ja hyv\u00e4ksyt, ett\u00e4 IPC\/LF ei ole vastuussa n\u00e4iden ulkoisten sivustojen tai resurssien saatavuudesta eik\u00e4 tue eik\u00e4 ole vastuussa mist\u00e4\u00e4n sis\u00e4ll\u00f6st\u00e4, mainostuotteista, palveluista tai muuta n\u00e4ilt\u00e4 sivustoilta tai resursseista saatavilla olevaa materiaalia.<\/p>\n\n\n\n<h3 class=\"wp-block-heading\">4. Tietosuoja ja yksityisyys<\/h3>\n\n\n\n<p>Kaikki meille antamasi tiedot, joista voimme tunnistaa sinut, s\u00e4ilytet\u00e4\u00e4n ja k\u00e4sitell\u00e4\u00e4n tietosuojak\u00e4yt\u00e4nt\u00f6mme mukaisesti.<\/p>\n\n\n\n<h3 class=\"wp-block-heading\">5. Muutokset ehtoihin<\/h3>\n\n\n\n<p>IPC\/LF voi muuttaa Sivustoa tai n\u00e4it\u00e4 ehtoja milloin tahansa. Jos k\u00e4yt\u00e4t Sivustoa sen j\u00e4lkeen, kun IPC\/LF on muuttanut ehtoja, sitoudut uusiin ehtoihin.<\/p>\n\n\n\n<h3 class=\"wp-block-heading\">6. Sovellettava laki ja toimivalta<\/h3>\n\n\n\n<p>N\u00e4it\u00e4 ehtoja ja t\u00e4m\u00e4n sivuston k\u00e4ytt\u00f6\u00e4 s\u00e4\u00e4telev\u00e4t ja tulkitaan Yhdysvaltojen ja New Mexicon osavaltion lakien mukaisesti, ja kaikki riidat ratkaistaan vain niiden tuomioistuimissa. T\u00e4m\u00e4n sivuston omistaa ja sit\u00e4 yll\u00e4pit\u00e4\u00e4 International Prayer Connect \/ Love France - 313 E Wiser Lake Rd, Lynden WA, 98264, USA.<\/p>\n\n\n\n<h2 class=\"wp-block-heading\">Privacy Policy<\/h2>\n\n\n\n<p><a href=\"https:\/\/www.lovefrance.world\/fi\/\">www.lovefrance.world<\/a><\/p>\n\n\n\n<h3 class=\"wp-block-heading\">Miten International Prayer Connect k\u00e4sittelee henkil\u00f6tietoja<\/h3>\n\n\n\n<p>Alla oleva tietosuojak\u00e4yt\u00e4nt\u00f6mme selitt\u00e4\u00e4, kuinka ker\u00e4\u00e4mme ja k\u00e4yt\u00e4mme antamiasi tietoja. International Prayer Connect \/ Love France (IPC \/ LF) on 40 vanhemman rukous- ja l\u00e4hetysty\u00f6johtajan ryhm\u00e4 eri puolilta kansakuntia. Sana &quot;me&quot; viittaa kansainv\u00e4liseen rukousyhdistyksen johtoryhm\u00e4\u00e4n ja Love France -tiimiin (IPC \/ LF), ellei toisin mainita.<\/p>\n\n\n\n<h3 class=\"wp-block-heading\">Tietojen ker\u00e4\u00e4minen ja k\u00e4ytt\u00f6<\/h3>\n\n\n\n<p>Sinua pyydet\u00e4\u00e4n antamaan henkil\u00f6kohtaisia tietoja itsest\u00e4si (esim. nimi ja s\u00e4hk\u00f6postiosoite jne.) lomakkeilla saadaksesi tai k\u00e4ytt\u00e4\u00e4ksesi palvelujamme verkkosivuillamme.<\/p>\n\n\n\n<p>T\u00e4m\u00e4 palvelu sis\u00e4lt\u00e4\u00e4 t\u00e4ll\u00e4 hetkell\u00e4 uutiskirjeit\u00e4. Olemme sitoutuneet k\u00e4sittelem\u00e4\u00e4n henkil\u00f6tietojasi asianmukaisesti ja tietosuojaperiaatteiden mukaisesti. IPC \/ LF ei myy, jaa tai vuokraa antamiasi tietoja kenenk\u00e4\u00e4n muun kanssa. K\u00e4yt\u00e4mme n\u00e4it\u00e4 tietoja ainoastaan hallintoon ja tilausten hallintaan sek\u00e4 kommunikointiin kanssasi toiminnastamme ja siihen liittyvist\u00e4 aloitteistamme. L\u00e4hett\u00e4m\u00e4ll\u00e4 meille tietoja osoitat meille suostumuksesi ottamaan sinuun yhteytt\u00e4 mill\u00e4 tahansa ilmoittamallasi yhteydenottotavalla. (pikaviestisovellus, s\u00e4hk\u00f6posti, puhelin, faksi, posti tai SMS\/MMS), ellet ilmoita vastustavasi t\u00e4llaisten viestien vastaanottamista merkitsem\u00e4ll\u00e4 valintaruutuja TAI ota meihin yhteytt\u00e4 suoraan ilmaistaksesi mieltymyksesi.<\/p>\n\n\n\n<h3 class=\"wp-block-heading\">Verkkosivustok\u00e4yntien seuranta<\/h3>\n\n\n\n<p>Tallennamme anonyymisti k\u00e4yt\u00f6n trendit, kuten kuinka monta kertaa sivua on k\u00e4ytetty ja milt\u00e4 sivustolta k\u00e4ytt\u00e4j\u00e4t ovat tulleet sivuillemme. N\u00e4it\u00e4 tietoja ei voida j\u00e4ljitt\u00e4\u00e4 yhdelle k\u00e4ytt\u00e4j\u00e4lle. K\u00e4yt\u00e4mme ev\u00e4steit\u00e4 seurataksemme, kuinka j\u00e4senemme k\u00e4ytt\u00e4v\u00e4t verkkosivustoa. *Ev\u00e4steet ovat tekstitiedostoja, jotka voivat joissakin olosuhteissa tunnistaa tietokoneesi (ns. IP-osoitteen kautta) palvelimelle.<\/p>\n\n\n\n<h3 class=\"wp-block-heading\">Linkkej\u00e4 muille sivustoille<\/h3>\n\n\n\n<p>Sivustomme sis\u00e4lt\u00e4\u00e4 linkkej\u00e4 muille sivustoille. International Prayer Connect Leadership Team, Love France tai sen kumppanit eiv\u00e4t ole vastuussa n\u00e4iden sivustojen yksityisyydest\u00e4 ja turvallisuudesta. T\u00e4m\u00e4 tietosuojak\u00e4yt\u00e4nt\u00f6 koskee vain t\u00e4t\u00e4 verkkosivustoa.<\/p>\n\n\n\n<h3 class=\"wp-block-heading\">Arkaluonteisten tietojen suojaus<\/h3>\n\n\n\n<p>Jos pyyd\u00e4mme sinulta arkaluonteisia tietoja, kuten luottokorttinumeroita, k\u00e4yt\u00e4mme tarvittaessa suojattua salausta.<\/p>\n\n\n\n<p>Jos kommunikoit kanssamme s\u00e4hk\u00f6postitse Internetin kautta, sinun tulee olla tietoinen siit\u00e4, ett\u00e4 Internetin luonne on sellainen, ett\u00e4 salaamaton viestint\u00e4 ei v\u00e4ltt\u00e4m\u00e4tt\u00e4 ole turvallista ja saattaa kulkea useiden eri maiden kautta meille matkalla.<\/p>\n\n\n\n<p>\u00c4l\u00e4 l\u00e4het\u00e4 meille luottamuksellisia tai arkaluonteisia tietoja, kuten luottokorttitietojasi. Emme voi ottaa vastuuta luvattomasta p\u00e4\u00e4syst\u00e4 tietoihisi, jotka eiv\u00e4t ole hallinnassamme. L\u00e4hett\u00e4m\u00e4ll\u00e4 meille tietoja annat meille luvan k\u00e4ytt\u00e4\u00e4 arkaluonteisia henkil\u00f6tietojasi, kuten luottokorttitietojasi, vain niihin tarkoituksiin, joihin ne l\u00e4het\u00e4t. T\u00e4m\u00e4 voi sis\u00e4lt\u00e4\u00e4 sen v\u00e4litt\u00e4misen kolmansille osapuolille. Esimerkiksi lahjoituksia k\u00e4sitelt\u00e4ess\u00e4 voimme ker\u00e4t\u00e4 sinulta taloudellisia tietoja, jotka sitten v\u00e4lit\u00e4mme pankkij\u00e4rjestelm\u00e4n edustajille, joilta selvit\u00e4mme varat. Me ja he k\u00e4yt\u00e4mme n\u00e4it\u00e4 tietoja vain tarjotaksemme sinulle t\u00e4m\u00e4n maksupalvelun.<\/p>\n\n\n\n<h3 class=\"wp-block-heading\">Henkil\u00f6tietojen korjaus\/p\u00e4ivitys\/tilauksen peruuttaminen<\/h3>\n\n\n\n<p>Jos henkil\u00f6kohtaiset tietosi muuttuvat (kuten postiosoitteesi) tai jos et en\u00e4\u00e4 halua k\u00e4ytt\u00e4\u00e4 palveluamme, pyrimme tarjoamaan tavan korjata, p\u00e4ivitt\u00e4\u00e4 tai poistaa meille antamiasi henkil\u00f6tietoja. T\u00e4m\u00e4 voidaan tehd\u00e4 s\u00e4hk\u00f6postitse&nbsp;<a href=\"mailto:contact@lovefrance.world\">contact@lovefrance.world<\/a> napsauttamalla &quot;peruuta tilaus&quot; -linkki\u00e4 miss\u00e4 tahansa s\u00e4hk\u00f6postissamme tai kirjoittamalla meille osoitteeseen 313 E Wiser Lake Rd, Lynden WA, 98264, USA.<\/p>\n\n\n\n<h3 class=\"wp-block-heading\">Muutokset t\u00e4h\u00e4n tietosuojak\u00e4yt\u00e4nt\u00f6\u00f6n<\/h3>\n\n\n\n<p>Saatamme muuttaa t\u00e4t\u00e4 k\u00e4yt\u00e4nt\u00f6\u00e4 ajoittain, ja nykyinen versio on se, joka julkaistaan t\u00e4ll\u00e4 sivustolla. Jos muutokset muuttavat olennaisesti j\u00e4sentemme oikeuksia tai etuoikeuksia, l\u00e4het\u00e4mme heille s\u00e4hk\u00f6postitse tiedot.<\/p>\n\n\n\n<h3 class=\"wp-block-heading\">Kuinka p\u00e4\u00e4st\u00e4 k\u00e4siksi henkil\u00f6tietoihisi<\/h3>\n\n\n\n<p>T\u00e4ydellinen luettelo nimess\u00e4si olevista tiedoista voidaan toimittaa pyynn\u00f6st\u00e4 pient\u00e4 maksua vastaan. L\u00e4het\u00e4 pyynn\u00f6t ja sekki $50:lle The Administrator, The International Prayer Connect Leadership Team, 313 E Wiser Lake Rd, Lynden WA, 98264, USA.<\/p>","protected":false},"excerpt":{"rendered":"<p>Terms of Use www.lovefrance.world Please read the following terms carefully as use of the www.lovefrance.world website means that you agree to them. 1. Use of this Site The rights in the designs, pictures, logos, photographs...<\/p>","protected":false},"author":1,"featured_media":152,"parent":0,"menu_order":0,"comment_status":"closed","ping_status":"closed","template":"","meta":{"_acf_changed":false,"_monsterinsights_skip_tracking":false,"_monsterinsights_sitenote_active":false,"_monsterinsights_sitenote_note":"","_monsterinsights_sitenote_category":0,"pgc_sgb_lightbox_settings":"","footnotes":""},"class_list":["post-248","page","type-page","status-publish","has-post-thumbnail","hentry"],"acf":[],"_links":{"self":[{"href":"https:\/\/www.lovefrance.world\/fi\/wp-json\/wp\/v2\/pages\/248","targetHints":{"allow":["GET"]}}],"collection":[{"href":"https:\/\/www.lovefrance.world\/fi\/wp-json\/wp\/v2\/pages"}],"about":[{"href":"https:\/\/www.lovefrance.world\/fi\/wp-json\/wp\/v2\/types\/page"}],"author":[{"embeddable":true,"href":"https:\/\/www.lovefrance.world\/fi\/wp-json\/wp\/v2\/users\/1"}],"replies":[{"embeddable":true,"href":"https:\/\/www.lovefrance.world\/fi\/wp-json\/wp\/v2\/comments?post=248"}],"version-history":[{"count":6,"href":"https:\/\/www.lovefrance.world\/fi\/wp-json\/wp\/v2\/pages\/248\/revisions"}],"predecessor-version":[{"id":392,"href":"https:\/\/www.lovefrance.world\/fi\/wp-json\/wp\/v2\/pages\/248\/revisions\/392"}],"wp:featuredmedia":[{"embeddable":true,"href":"https:\/\/www.lovefrance.world\/fi\/wp-json\/wp\/v2\/media\/152"}],"wp:attachment":[{"href":"https:\/\/www.lovefrance.world\/fi\/wp-json\/wp\/v2\/media?parent=248"}],"curies":[{"name":"wp","href":"https:\/\/api.w.org\/{rel}","templated":true}]}}