{"id":1013,"date":"2024-07-24T07:47:15","date_gmt":"2024-07-24T07:47:15","guid":{"rendered":"https:\/\/www.lovefrance.world\/?page_id=1013"},"modified":"2024-07-26T14:20:30","modified_gmt":"2024-07-26T12:20:30","slug":"pray-for-5","status":"publish","type":"page","link":"https:\/\/www.lovefrance.world\/fr\/pray-for-5\/","title":{"rendered":"Priez pour 5"},"content":{"rendered":"<figure class=\"wp-block-image alignwide size-full\"><img loading=\"lazy\" decoding=\"async\" width=\"1200\" height=\"584\" src=\"https:\/\/www.lovefrance.world\/wp-content\/uploads\/2024\/07\/BLESS_Card_v1.jpg\" alt=\"\" class=\"wp-image-1014\" srcset=\"https:\/\/www.lovefrance.world\/wp-content\/uploads\/2024\/07\/BLESS_Card_v1.jpg 1200w, https:\/\/www.lovefrance.world\/wp-content\/uploads\/2024\/07\/BLESS_Card_v1-380x185.jpg 380w, https:\/\/www.lovefrance.world\/wp-content\/uploads\/2024\/07\/BLESS_Card_v1-768x374.jpg 768w, https:\/\/www.lovefrance.world\/wp-content\/uploads\/2024\/07\/BLESS_Card_v1-18x9.jpg 18w\" sizes=\"auto, (max-width: 1200px) 100vw, 1200px\" \/><\/figure>\n\n\n\n<h2 class=\"wp-block-heading\">Priez pour 5<\/h2>\n\n\n\n<h3 class=\"wp-block-heading\">Prenez 5 minutes par jour pour prier pour 5 personnes nomm\u00e9es qui ont besoin de J\u00e9sus.<\/h3>\n\n\n\n<h2 class=\"wp-block-heading\">Fa\u00e7ons de prier<\/h2>\n\n\n\n<ul class=\"wp-block-list\">\n<li>P\u00e8re, attire-les vers ton Fils J\u00e9sus (<a href=\"https:\/\/biblia.com\/bible\/esv\/John%206.44\" target=\"_blank\" rel=\"noopener\">Jean 6:44<\/a>).<\/li>\n\n\n\n<li>P\u00e8re, \u00f4te leur aveuglement spirituel pour qu&#039;ils croient \u00e0 l&#039;\u00c9vangile (<a href=\"https:\/\/biblia.com\/bible\/esv\/2%20Cor.%204.4\" target=\"_blank\" rel=\"noopener\">2 Cor. 4:4<\/a>;&nbsp;<a href=\"https:\/\/biblia.com\/bible\/esv\/Acts%2016.14\" target=\"_blank\" rel=\"noopener\">Actes 16:14<\/a>).<\/li>\n\n\n\n<li>P\u00e8re, donne-leur le don de la repentance pour se d\u00e9tourner de leurs p\u00e9ch\u00e9s (<a href=\"https:\/\/biblia.com\/bible\/esv\/John%2016.8\" target=\"_blank\" rel=\"noopener\">Jean 16:8<\/a>;&nbsp;<a href=\"https:\/\/biblia.com\/bible\/esv\/2%20Tim.%202.25-26\" target=\"_blank\" rel=\"noopener\">2 Tim. 2:25-26<\/a>).<\/li>\n\n\n\n<li>P\u00e8re, donne-moi l&#039;occasion et l&#039;audace de partager l&#039;\u00c9vangile avec eux (<a href=\"https:\/\/biblia.com\/bible\/esv\/Col.%204.3-4\" target=\"_blank\" rel=\"noopener\">Col. 4\u00a0:\u00a03-4<\/a>;&nbsp;<a href=\"https:\/\/biblia.com\/bible\/esv\/Acts%204.29-31\" target=\"_blank\" rel=\"noopener\">Actes 4:29-31<\/a>).<\/li>\n\n\n\n<li>P\u00e8re, s&#039;il te pla\u00eet, sauve-les ainsi que toute leur famille (<a href=\"https:\/\/biblia.com\/bible\/esv\/Acts%2016.31\" target=\"_blank\" rel=\"noopener\">Actes 16:31<\/a>)<\/li>\n<\/ul>\n\n\n\n<p>PARTAGEZ J\u00c9SUS AVEC EUX EN VIVANT \u00c0 L&#039;EXT\u00c9RIEUR<\/p>\n\n\n\n<h2 class=\"wp-block-heading\">Le style de vie BLESS<\/h2>\n\n\n\n<p>Commencez par la pri\u00e8re | \u00c9coutez-les | Mangez avec eux | Servez-les | Partagez J\u00e9sus avec eux<\/p>\n\n\n\n<h3 class=\"wp-block-heading\">Carte BLESS gratuite<\/h3>\n\n\n\n<p>T\u00e9l\u00e9chargez et imprimez le gratuitement&nbsp;<strong>Carte B\u00c9N\u00c9FICIER<\/strong>, \u00e9crivez les noms de vos 5 personnes et conservez-le en guise de rappel pour&nbsp;<strong>Priez pour 5<\/strong>&nbsp;chaque jour!<\/p>\n\n\n\n<div class=\"wp-block-buttons is-layout-flex wp-block-buttons-is-layout-flex\">\n<div class=\"wp-block-button\"><a class=\"wp-block-button__link wp-element-button\" href=\"https:\/\/www.lovefrance.world\/wp-content\/uploads\/2024\/07\/Bless-Card.pdf\" target=\"_blank\" rel=\"noreferrer noopener\">T\u00c9L\u00c9CHARGER LA CARTE DE B\u00c9N\u00c9DICTION<\/a><\/div>\n\n\n\n<div class=\"wp-block-button\"><a class=\"wp-block-button__link wp-element-button\" href=\"https:\/\/www.lovefrance.world\/fr\/prayer-guide\/\">GUIDE DE PRI\u00c8RE<\/a><\/div>\n<\/div>","protected":false},"excerpt":{"rendered":"<p>Pray for 5 Take 5 minutes a day to Pray for 5 people by name who need Jesus Ways to Pray SHARE JESUS WITH THEM BY LIVING OUT The B.L.E.S.S. Lifestyle Begin with prayer |...<\/p>","protected":false},"author":1,"featured_media":921,"parent":0,"menu_order":0,"comment_status":"closed","ping_status":"closed","template":"","meta":{"_acf_changed":false,"_monsterinsights_skip_tracking":false,"_monsterinsights_sitenote_active":false,"_monsterinsights_sitenote_note":"","_monsterinsights_sitenote_category":0,"pgc_sgb_lightbox_settings":"","footnotes":""},"class_list":["post-1013","page","type-page","status-publish","has-post-thumbnail","hentry"],"acf":[],"_links":{"self":[{"href":"https:\/\/www.lovefrance.world\/fr\/wp-json\/wp\/v2\/pages\/1013","targetHints":{"allow":["GET"]}}],"collection":[{"href":"https:\/\/www.lovefrance.world\/fr\/wp-json\/wp\/v2\/pages"}],"about":[{"href":"https:\/\/www.lovefrance.world\/fr\/wp-json\/wp\/v2\/types\/page"}],"author":[{"embeddable":true,"href":"https:\/\/www.lovefrance.world\/fr\/wp-json\/wp\/v2\/users\/1"}],"replies":[{"embeddable":true,"href":"https:\/\/www.lovefrance.world\/fr\/wp-json\/wp\/v2\/comments?post=1013"}],"version-history":[{"count":4,"href":"https:\/\/www.lovefrance.world\/fr\/wp-json\/wp\/v2\/pages\/1013\/revisions"}],"predecessor-version":[{"id":1120,"href":"https:\/\/www.lovefrance.world\/fr\/wp-json\/wp\/v2\/pages\/1013\/revisions\/1120"}],"wp:featuredmedia":[{"embeddable":true,"href":"https:\/\/www.lovefrance.world\/fr\/wp-json\/wp\/v2\/media\/921"}],"wp:attachment":[{"href":"https:\/\/www.lovefrance.world\/fr\/wp-json\/wp\/v2\/media?parent=1013"}],"curies":[{"name":"wp","href":"https:\/\/api.w.org\/{rel}","templated":true}]}}