{"id":1016,"date":"2024-07-24T07:49:27","date_gmt":"2024-07-24T07:49:27","guid":{"rendered":"https:\/\/www.lovefrance.world\/?page_id=1016"},"modified":"2025-05-02T17:50:18","modified_gmt":"2025-05-02T15:50:18","slug":"pray","status":"publish","type":"page","link":"https:\/\/www.lovefrance.world\/fr\/pray\/","title":{"rendered":"Prier"},"content":{"rendered":"<h3 class=\"wp-block-heading has-text-align-center\">Merci de prier pour la France !<\/h3>\n\n\n\n<p class=\"has-text-align-center\"><strong>Voici 7 fa\u00e7ons passionnantes de vous connecter avec les autres et d\u2019\u00eatre inform\u00e9 pendant que vous priez\u2026<\/strong><\/p>\n\n\n\n<figure class=\"wp-block-image size-full\"><img loading=\"lazy\" decoding=\"async\" width=\"1200\" height=\"416\" src=\"https:\/\/www.lovefrance.world\/wp-content\/uploads\/2025\/05\/Regeneration-Header.jpg\" alt=\"\" class=\"wp-image-1704\" srcset=\"https:\/\/www.lovefrance.world\/wp-content\/uploads\/2025\/05\/Regeneration-Header.jpg 1200w, https:\/\/www.lovefrance.world\/wp-content\/uploads\/2025\/05\/Regeneration-Header-380x132.jpg 380w, https:\/\/www.lovefrance.world\/wp-content\/uploads\/2025\/05\/Regeneration-Header-768x266.jpg 768w, https:\/\/www.lovefrance.world\/wp-content\/uploads\/2025\/05\/Regeneration-Header-18x6.jpg 18w\" sizes=\"auto, (max-width: 1200px) 100vw, 1200px\" \/><\/figure>\n\n\n\n<h2 class=\"wp-block-heading\">1. Love France \u2013 21 Days Prayer Guide<\/h2>\n\n\n\n<p>From Sunday 27 April to Sunday 18 May 2025, we invite you to join believers worldwide in 21 days of united prayer for France! We will be publishing a daily prayer guide in 33 languages, so you can easily follow along wherever you are.<\/p>\n\n\n\n<p>This inspiring guide, written by our friends at Impact France, features a daily theme, scripture, and focused prayer points - highlighting key needs across France, the Church, and the ongoing wave of Church mobilisation following the Love France 2024 initiative.<\/p>\n\n\n\n<p>Be a part of this global movement as we lift up France in prayer, believe for transformation, and stand together in hope!<\/p>\n\n\n\n<figure class=\"wp-block-image size-full\"><img loading=\"lazy\" decoding=\"async\" width=\"1200\" height=\"416\" src=\"https:\/\/www.lovefrance.world\/wp-content\/uploads\/2024\/07\/Pray-Header-02.jpg\" alt=\"\" class=\"wp-image-1018\" srcset=\"https:\/\/www.lovefrance.world\/wp-content\/uploads\/2024\/07\/Pray-Header-02.jpg 1200w, https:\/\/www.lovefrance.world\/wp-content\/uploads\/2024\/07\/Pray-Header-02-380x132.jpg 380w, https:\/\/www.lovefrance.world\/wp-content\/uploads\/2024\/07\/Pray-Header-02-768x266.jpg 768w, https:\/\/www.lovefrance.world\/wp-content\/uploads\/2024\/07\/Pray-Header-02-18x6.jpg 18w\" sizes=\"auto, (max-width: 1200px) 100vw, 1200px\" \/><\/figure>\n\n\n\n<h2 class=\"wp-block-heading\">2. Houblon intersemencement<\/h2>\n\n\n\n<p>Rejoignez-nous sur l&#039;application en ligne Interseed HOP o\u00f9 nous prierons et partagerons nos r\u00e9flexions sur les th\u00e8mes du guide de pri\u00e8re quotidien.<\/p>\n\n\n\n<p>Les maisons de pri\u00e8re autour de Paris organisent des pri\u00e8res 24h\/24 et 7j\/7 pendant les jeux et partageront des mots, des \u00e9critures et des images suppl\u00e9mentaires re\u00e7us chaque jour via l'application Interseed.<\/p>\n\n\n\n<p>Interseed est disponible sur les plateformes Android et iOS.<\/p>\n\n\n\n<figure class=\"wp-block-image size-full\"><img loading=\"lazy\" decoding=\"async\" width=\"1200\" height=\"416\" src=\"https:\/\/www.lovefrance.world\/wp-content\/uploads\/2024\/07\/Pray-Header-03.jpg\" alt=\"\" class=\"wp-image-1021\" srcset=\"https:\/\/www.lovefrance.world\/wp-content\/uploads\/2024\/07\/Pray-Header-03.jpg 1200w, https:\/\/www.lovefrance.world\/wp-content\/uploads\/2024\/07\/Pray-Header-03-380x132.jpg 380w, https:\/\/www.lovefrance.world\/wp-content\/uploads\/2024\/07\/Pray-Header-03-768x266.jpg 768w, https:\/\/www.lovefrance.world\/wp-content\/uploads\/2024\/07\/Pray-Header-03-18x6.jpg 18w\" sizes=\"auto, (max-width: 1200px) 100vw, 1200px\" \/><\/figure>\n\n\n\n<h2 class=\"wp-block-heading\">3. Salle de pri\u00e8re de la famille mondiale 24h\/24 et 7j\/7<\/h2>\n\n\n\n<p>La salle de pri\u00e8re Global Family 24-7 est un rassemblement de pri\u00e8re continue en ligne sous l&#039;\u00e9gide de l&#039;IPC qui prie autour du tr\u00f4ne, dans le monde entier et 24 heures sur 24 depuis pr\u00e8s de quatre ans !<\/p>\n\n\n\n<p>168 h\u00f4tes animent des sessions tout au long de la semaine dans 14 langues diff\u00e9rentes<\/p>\n\n\n\n<p>Chaque heure, un temps est consacr\u00e9 \u00e0 la pri\u00e8re pour la France et les Jeux. Inscrivez-vous gratuitement sur ce site <strong><a href=\"https:\/\/mailchi.mp\/globalfamily24-7prayer\/register\" target=\"_blank\" rel=\"noreferrer noopener\">lien<\/a><\/strong>.<\/p>\n\n\n\n<figure class=\"wp-block-image size-full\"><img loading=\"lazy\" decoding=\"async\" width=\"1200\" height=\"416\" src=\"https:\/\/www.lovefrance.world\/wp-content\/uploads\/2024\/07\/Pray-Header-04.jpg\" alt=\"\" class=\"wp-image-1022\" srcset=\"https:\/\/www.lovefrance.world\/wp-content\/uploads\/2024\/07\/Pray-Header-04.jpg 1200w, https:\/\/www.lovefrance.world\/wp-content\/uploads\/2024\/07\/Pray-Header-04-380x132.jpg 380w, https:\/\/www.lovefrance.world\/wp-content\/uploads\/2024\/07\/Pray-Header-04-768x266.jpg 768w, https:\/\/www.lovefrance.world\/wp-content\/uploads\/2024\/07\/Pray-Header-04-18x6.jpg 18w\" sizes=\"auto, (max-width: 1200px) 100vw, 1200px\" \/><\/figure>\n\n\n\n<h2 class=\"wp-block-heading\">4. Marche de pri\u00e8re virtuelle \u00e0 Paris<\/h2>\n\n\n\n<p>Rejoignez une marche de pri\u00e8re virtuelle autour du Regina de Paris ! IPC en partenariat avec nos amis de Pray for Paris ont produit une marche de pri\u00e8re en ligne avec des liens Google Street View pour chaque waypoint.<\/p>\n\n\n\n<p>Cliquez ici pour la marche de pri\u00e8re !<\/p>\n\n\n\n<figure class=\"wp-block-image size-full\"><img loading=\"lazy\" decoding=\"async\" width=\"1200\" height=\"416\" src=\"https:\/\/www.lovefrance.world\/wp-content\/uploads\/2024\/07\/Pray-Header-05.jpg\" alt=\"\" class=\"wp-image-1023\" srcset=\"https:\/\/www.lovefrance.world\/wp-content\/uploads\/2024\/07\/Pray-Header-05.jpg 1200w, https:\/\/www.lovefrance.world\/wp-content\/uploads\/2024\/07\/Pray-Header-05-380x132.jpg 380w, https:\/\/www.lovefrance.world\/wp-content\/uploads\/2024\/07\/Pray-Header-05-768x266.jpg 768w, https:\/\/www.lovefrance.world\/wp-content\/uploads\/2024\/07\/Pray-Header-05-18x6.jpg 18w\" sizes=\"auto, (max-width: 1200px) 100vw, 1200px\" \/><\/figure>\n\n\n\n<h2 class=\"wp-block-heading\">5. Paris sur 110 villes<\/h2>\n\n\n\n<p>Paris a \u00e9t\u00e9 identifi\u00e9e par les agences missionnaires comme l&#039;une des 110 villes du monde o\u00f9 se trouvent d&#039;importants groupes de peuples non atteints et m\u00fbrs pour l&#039;\u00c9vangile.<\/p>\n\n\n\n<p>Ces groupes de personnes ont d\u00e9sormais acc\u00e8s \u00e0 la Bible dans leur langue maternelle, au film de J\u00e9sus, \u00e0 des marches de pri\u00e8re et \u00e0 des implanteurs d'\u00e9glises pr\u00eats \u00e0 partager J\u00e9sus avec eux. Ils ont juste besoin d\u2019une maison de pri\u00e8re pour les couvrir !<\/p>\n\n\n\n<p>Priez ici pour les personnes non atteintes \u00e0 Paris<\/p>\n\n\n\n<figure class=\"wp-block-image size-full\"><img loading=\"lazy\" decoding=\"async\" width=\"1200\" height=\"416\" src=\"https:\/\/www.lovefrance.world\/wp-content\/uploads\/2024\/07\/Pray-Header-06.jpg\" alt=\"\" class=\"wp-image-1024\" srcset=\"https:\/\/www.lovefrance.world\/wp-content\/uploads\/2024\/07\/Pray-Header-06.jpg 1200w, https:\/\/www.lovefrance.world\/wp-content\/uploads\/2024\/07\/Pray-Header-06-380x132.jpg 380w, https:\/\/www.lovefrance.world\/wp-content\/uploads\/2024\/07\/Pray-Header-06-768x266.jpg 768w, https:\/\/www.lovefrance.world\/wp-content\/uploads\/2024\/07\/Pray-Header-06-18x6.jpg 18w\" sizes=\"auto, (max-width: 1200px) 100vw, 1200px\" \/><\/figure>\n\n\n\n<h2 class=\"wp-block-heading\">6. La France sur l\u2019Op\u00e9ration Monde<\/h2>\n\n\n\n<p>Trouvez des informations d\u00e9taill\u00e9es sur la France ainsi que des conseils de pri\u00e8re et des cartes ax\u00e9s sur la mission sur Operation World.<\/p>\n\n\n\n<figure class=\"wp-block-image size-full\"><img loading=\"lazy\" decoding=\"async\" width=\"1200\" height=\"416\" src=\"https:\/\/www.lovefrance.world\/wp-content\/uploads\/2024\/07\/Pray-Header-07.jpg\" alt=\"\" class=\"wp-image-1025\" srcset=\"https:\/\/www.lovefrance.world\/wp-content\/uploads\/2024\/07\/Pray-Header-07.jpg 1200w, https:\/\/www.lovefrance.world\/wp-content\/uploads\/2024\/07\/Pray-Header-07-380x132.jpg 380w, https:\/\/www.lovefrance.world\/wp-content\/uploads\/2024\/07\/Pray-Header-07-768x266.jpg 768w, https:\/\/www.lovefrance.world\/wp-content\/uploads\/2024\/07\/Pray-Header-07-18x6.jpg 18w\" sizes=\"auto, (max-width: 1200px) 100vw, 1200px\" \/><\/figure>\n\n\n\n<h2 class=\"wp-block-heading\">7. Suivez-nous sur les r\u00e9seaux sociaux<\/h2>\n\n\n\n<p>L&#039;\u00e9quipe m\u00e9dia de l&#039;IPC travaillera avec Ensemble 2024 pour produire r\u00e9guli\u00e8rement des bulletins vid\u00e9o et des publications m\u00e9diatiques sur les principaux jeux et para-jeux.<\/p>\n\n\n\n<p>Les bulletins vid\u00e9o pr\u00e9senteront des informations de derni\u00e8re minute, des t\u00e9moignages, des pri\u00e8res exauc\u00e9es, des interviews et des pri\u00e8res de France.<\/p>\n\n\n\n<p>Souviens-toi! Chaque clic pour dire \u00ab J&#039;ai pri\u00e9 \u00bb va vers le don d&#039;un million de pri\u00e8res de l&#039;\u00c9glise mondiale pour la France !<\/p>","protected":false},"excerpt":{"rendered":"<p>Thank you for praying for France! Here are 7 exciting ways that you can connect with others and be informed as you pray\u2026 1. Love France \u2013 21 Days Prayer Guide From Sunday 27 April...<\/p>","protected":false},"author":1,"featured_media":919,"parent":0,"menu_order":0,"comment_status":"closed","ping_status":"closed","template":"","meta":{"_acf_changed":false,"_monsterinsights_skip_tracking":false,"_monsterinsights_sitenote_active":false,"_monsterinsights_sitenote_note":"","_monsterinsights_sitenote_category":0,"pgc_sgb_lightbox_settings":"","footnotes":""},"class_list":["post-1016","page","type-page","status-publish","has-post-thumbnail","hentry"],"acf":[],"_links":{"self":[{"href":"https:\/\/www.lovefrance.world\/fr\/wp-json\/wp\/v2\/pages\/1016","targetHints":{"allow":["GET"]}}],"collection":[{"href":"https:\/\/www.lovefrance.world\/fr\/wp-json\/wp\/v2\/pages"}],"about":[{"href":"https:\/\/www.lovefrance.world\/fr\/wp-json\/wp\/v2\/types\/page"}],"author":[{"embeddable":true,"href":"https:\/\/www.lovefrance.world\/fr\/wp-json\/wp\/v2\/users\/1"}],"replies":[{"embeddable":true,"href":"https:\/\/www.lovefrance.world\/fr\/wp-json\/wp\/v2\/comments?post=1016"}],"version-history":[{"count":4,"href":"https:\/\/www.lovefrance.world\/fr\/wp-json\/wp\/v2\/pages\/1016\/revisions"}],"predecessor-version":[{"id":1706,"href":"https:\/\/www.lovefrance.world\/fr\/wp-json\/wp\/v2\/pages\/1016\/revisions\/1706"}],"wp:featuredmedia":[{"embeddable":true,"href":"https:\/\/www.lovefrance.world\/fr\/wp-json\/wp\/v2\/media\/919"}],"wp:attachment":[{"href":"https:\/\/www.lovefrance.world\/fr\/wp-json\/wp\/v2\/media?parent=1016"}],"curies":[{"name":"wp","href":"https:\/\/api.w.org\/{rel}","templated":true}]}}