{"id":1027,"date":"2024-07-24T07:51:49","date_gmt":"2024-07-24T07:51:49","guid":{"rendered":"https:\/\/www.lovefrance.world\/?page_id=1027"},"modified":"2024-07-24T07:51:51","modified_gmt":"2024-07-24T07:51:51","slug":"short-prayer","status":"publish","type":"page","link":"https:\/\/www.lovefrance.world\/fr\/short-prayer\/","title":{"rendered":"Courte pri\u00e8re"},"content":{"rendered":"<h2 class=\"wp-block-heading\">Prier ensemble - Une pri\u00e8re pour les Jeux de Paris<\/h2>\n\n\n\n<p>A l&#039;occasion des Jeux de Paris, cette pri\u00e8re a \u00e9t\u00e9 propos\u00e9e par le Conseil des \u00c9glises chr\u00e9tiennes de France (CECEF) avec le d\u00e9sir que chacun puisse se l&#039;approprier.<\/p>\n\n\n\n<p>P\u00e8re, source de vraie joie, dans ton Fils J\u00e9sus-Christ tu as appel\u00e9 toutes les nations \u00e0 former une<br>des gens de louange pour te c\u00e9l\u00e9brer. Menons la course jusqu\u2019au bout.<\/p>\n\n\n\n<p>Dieu qui est Dieu, regarde maintenant la France qui accueillera les Jeux olympiques et paralympiques<br>Jeux. Faites qu&#039;ils organisent cet \u00e9v\u00e9nement dans la joie, la paix et la fraternit\u00e9.<\/p>\n\n\n\n<p>D\u00e9verse ton Esprit Saint sur tous ceux qui \u0153uvrent \u00e0 la r\u00e9alisation des jeux, sur tous<br>les gens qui viendront des quatre coins du monde et sur les athl\u00e8tes.<\/p>\n\n\n\n<p>Accordez-leur la vertu n\u00e9cessaire pour donner le meilleur d\u2019eux-m\u00eames. Puissent les athl\u00e8tes b\u00e9n\u00e9ficier du soutien \u2013 dans les moments de joie et d\u2019\u00e9preuves, de succ\u00e8s et d\u2019\u00e9checs \u2013 de leurs proches, de leurs entra\u00eeneurs et de nos pri\u00e8res.<\/p>\n\n\n\n<p>Aide le peuple fran\u00e7ais, Seigneur, qui accueille tous ceux qui sont venus du monde entier.<\/p>\n\n\n\n<p>R\u00e9unis dans la passion commune du sport avec la devise des Jeux Olympiques<br>&quot;plus vite, plus haut, plus fort - ensemble&quot;, laissez-les transmettre ensemble votre amour pour chaque \u00eatre humain.<\/p>\n\n\n\n<p>Au nom de J\u00e9sus, nous prions,<br>Amen<\/p>","protected":false},"excerpt":{"rendered":"<p>Prions ensemble - Une pri\u00e8re pour les Jeux de Paris A l&#039;occasion des Jeux de Paris, cette pri\u00e8re a \u00e9t\u00e9 propos\u00e9e par le Conseil des \u00c9glises chr\u00e9tiennes en France (CECEF) avec le d\u00e9sir que chacun...<\/p>","protected":false},"author":1,"featured_media":1028,"parent":0,"menu_order":0,"comment_status":"closed","ping_status":"closed","template":"","meta":{"_acf_changed":false,"_monsterinsights_skip_tracking":false,"_monsterinsights_sitenote_active":false,"_monsterinsights_sitenote_note":"","_monsterinsights_sitenote_category":0,"pgc_sgb_lightbox_settings":"","footnotes":""},"class_list":["post-1027","page","type-page","status-publish","has-post-thumbnail","hentry"],"acf":[],"_links":{"self":[{"href":"https:\/\/www.lovefrance.world\/fr\/wp-json\/wp\/v2\/pages\/1027","targetHints":{"allow":["GET"]}}],"collection":[{"href":"https:\/\/www.lovefrance.world\/fr\/wp-json\/wp\/v2\/pages"}],"about":[{"href":"https:\/\/www.lovefrance.world\/fr\/wp-json\/wp\/v2\/types\/page"}],"author":[{"embeddable":true,"href":"https:\/\/www.lovefrance.world\/fr\/wp-json\/wp\/v2\/users\/1"}],"replies":[{"embeddable":true,"href":"https:\/\/www.lovefrance.world\/fr\/wp-json\/wp\/v2\/comments?post=1027"}],"version-history":[{"count":1,"href":"https:\/\/www.lovefrance.world\/fr\/wp-json\/wp\/v2\/pages\/1027\/revisions"}],"predecessor-version":[{"id":1029,"href":"https:\/\/www.lovefrance.world\/fr\/wp-json\/wp\/v2\/pages\/1027\/revisions\/1029"}],"wp:featuredmedia":[{"embeddable":true,"href":"https:\/\/www.lovefrance.world\/fr\/wp-json\/wp\/v2\/media\/1028"}],"wp:attachment":[{"href":"https:\/\/www.lovefrance.world\/fr\/wp-json\/wp\/v2\/media?parent=1027"}],"curies":[{"name":"wp","href":"https:\/\/api.w.org\/{rel}","templated":true}]}}