{"id":1030,"date":"2024-07-24T07:53:15","date_gmt":"2024-07-24T07:53:15","guid":{"rendered":"https:\/\/www.lovefrance.world\/?page_id=1030"},"modified":"2024-07-24T07:53:42","modified_gmt":"2024-07-24T07:53:42","slug":"interseed-hop-app","status":"publish","type":"page","link":"https:\/\/www.lovefrance.world\/fr\/interseed-hop-app\/","title":{"rendered":"Application Interseed HOP"},"content":{"rendered":"<div class=\"wp-block-image\">\n<figure class=\"aligncenter size-full is-resized\"><img loading=\"lazy\" decoding=\"async\" width=\"600\" height=\"165\" src=\"https:\/\/www.lovefrance.world\/wp-content\/uploads\/2024\/07\/interseed-color.png\" alt=\"\" class=\"wp-image-1031\" style=\"width:386px;height:auto\" srcset=\"https:\/\/www.lovefrance.world\/wp-content\/uploads\/2024\/07\/interseed-color.png 600w, https:\/\/www.lovefrance.world\/wp-content\/uploads\/2024\/07\/interseed-color-380x105.png 380w, https:\/\/www.lovefrance.world\/wp-content\/uploads\/2024\/07\/interseed-color-18x5.png 18w\" sizes=\"auto, (max-width: 600px) 100vw, 600px\" \/><\/figure>\n<\/div>\n\n\n<div style=\"height:40px\" aria-hidden=\"true\" class=\"wp-block-spacer\"><\/div>\n\n\n\n<p>Rejoignez-nous sur l'application en ligne Interseed maison de pri\u00e8re o\u00f9 nous prierons et partagerons nos r\u00e9flexions sur les th\u00e8mes du guide de pri\u00e8re quotidien.<\/p>\n\n\n\n<p>Les maisons de pri\u00e8re autour de Paris organisent des pri\u00e8res 24h\/24 et 7j\/7 pendant les jeux et partageront des mots, des \u00e9critures et des images suppl\u00e9mentaires re\u00e7us chaque jour via l'application Interseed.<\/p>\n\n\n\n<p>Interseed est disponible sur les plateformes Android et iOS.<\/p>\n\n\n\n<div class=\"wp-block-buttons is-content-justification-center is-layout-flex wp-container-core-buttons-is-layout-16018d1d wp-block-buttons-is-layout-flex\">\n<div class=\"wp-block-button\"><a class=\"wp-block-button__link wp-element-button\" href=\"https:\/\/prod.global.interseed.io\/link\/groups?id=137\" target=\"_blank\" rel=\"noreferrer noopener\">Cliquez pour t\u00e9l\u00e9charger<\/a><\/div>\n<\/div>","protected":false},"excerpt":{"rendered":"<p>Join us on the online Interseed House of Prayer app where we will be praying and sharing thoughts on the daily prayer guide themes. The Houses of Prayer around Paris are organising 24-7 prayers during...<\/p>","protected":false},"author":1,"featured_media":1028,"parent":0,"menu_order":0,"comment_status":"closed","ping_status":"closed","template":"","meta":{"_acf_changed":false,"_monsterinsights_skip_tracking":false,"_monsterinsights_sitenote_active":false,"_monsterinsights_sitenote_note":"","_monsterinsights_sitenote_category":0,"pgc_sgb_lightbox_settings":"","footnotes":""},"class_list":["post-1030","page","type-page","status-publish","has-post-thumbnail","hentry"],"acf":[],"_links":{"self":[{"href":"https:\/\/www.lovefrance.world\/fr\/wp-json\/wp\/v2\/pages\/1030","targetHints":{"allow":["GET"]}}],"collection":[{"href":"https:\/\/www.lovefrance.world\/fr\/wp-json\/wp\/v2\/pages"}],"about":[{"href":"https:\/\/www.lovefrance.world\/fr\/wp-json\/wp\/v2\/types\/page"}],"author":[{"embeddable":true,"href":"https:\/\/www.lovefrance.world\/fr\/wp-json\/wp\/v2\/users\/1"}],"replies":[{"embeddable":true,"href":"https:\/\/www.lovefrance.world\/fr\/wp-json\/wp\/v2\/comments?post=1030"}],"version-history":[{"count":2,"href":"https:\/\/www.lovefrance.world\/fr\/wp-json\/wp\/v2\/pages\/1030\/revisions"}],"predecessor-version":[{"id":1033,"href":"https:\/\/www.lovefrance.world\/fr\/wp-json\/wp\/v2\/pages\/1030\/revisions\/1033"}],"wp:featuredmedia":[{"embeddable":true,"href":"https:\/\/www.lovefrance.world\/fr\/wp-json\/wp\/v2\/media\/1028"}],"wp:attachment":[{"href":"https:\/\/www.lovefrance.world\/fr\/wp-json\/wp\/v2\/media?parent=1030"}],"curies":[{"name":"wp","href":"https:\/\/api.w.org\/{rel}","templated":true}]}}