{"id":1472,"date":"2024-08-22T19:47:20","date_gmt":"2024-08-22T17:47:20","guid":{"rendered":"https:\/\/www.lovefrance.world\/?page_id=1472"},"modified":"2024-09-05T12:00:25","modified_gmt":"2024-09-05T10:00:25","slug":"song","status":"publish","type":"page","link":"https:\/\/www.lovefrance.world\/fr\/song\/","title":{"rendered":"Chanson"},"content":{"rendered":"<figure class=\"wp-block-embed alignwide is-type-video is-provider-youtube wp-block-embed-youtube wp-embed-aspect-16-9 wp-has-aspect-ratio\"><div class=\"wp-block-embed__wrapper\">\n<iframe loading=\"lazy\" title=\"Courir la course - Chanson avec actions\" width=\"500\" height=\"281\" src=\"https:\/\/www.youtube.com\/embed\/jJw_Qd05fSk?feature=oembed\" frameborder=\"0\" allow=\"accelerometer; autoplay; clipboard-write; encrypted-media; gyroscope; picture-in-picture; web-share\" referrerpolicy=\"strict-origin-when-cross-origin\" allowfullscreen><\/iframe>\n<\/div><\/figure>\n\n\n\n<h2 class=\"wp-block-heading\">Chanson du th\u00e8me de Running the Race<\/h2>\n\n\n\n<p><strong>Couplet 1:<\/strong><br>Nous courons la course avec Dieu \u00e0 nos c\u00f4t\u00e9s,<br>Sa Parole est notre guide, nos c\u0153urs sont grands ouverts.<br>Commen\u00e7ons chaque jour fort avec une pri\u00e8re dans notre c\u0153ur,<br>Nous suivrons l\u2019exemple de J\u00e9sus, d\u00e8s le d\u00e9but.<\/p>\n\n\n\n<p><strong>Ch\u0153ur:<\/strong><br>Nous courons, nous courons, les yeux fix\u00e9s sur le but,<br>Avec J\u00e9sus dans nos c\u0153urs, Il nous rend entiers.<br>Nous pers\u00e9v\u00e9rerons, nous resterons sur la bonne voie,<br>Dans la foi et l\u2019amour, nous ne reviendrons jamais en arri\u00e8re.<\/p>\n\n\n\n<p><strong>Couplet 2:<\/strong><br>Lorsque les d\u00e9fis surviendront, nous n&#039;aurons pas peur,<br>Dieu nous donne la force, en Lui nous sommes faits.<br>Nous partagerons son amour avec tous ceux que nous rencontrerons,<br>En encourageant les autres, notre joie est compl\u00e8te.<\/p>\n\n\n\n<p><strong>Ch\u0153ur:<\/strong><br>Nous courons, nous courons, les yeux fix\u00e9s sur le but,<br>Avec J\u00e9sus dans nos c\u0153urs, Il nous rend entiers.<br>Nous pers\u00e9v\u00e9rerons, nous resterons sur la bonne voie,<br>Dans la foi et l\u2019amour, nous ne reviendrons jamais en arri\u00e8re.<\/p>\n\n\n\n<p><strong>Verset 3:<\/strong><br>Nous finirons fort, avec la main puissante de Dieu,<br>Dans la victoire par le Christ, nous resterons debout.<br>C\u00e9l\u00e9brons la victoire, Sa gr\u00e2ce est notre prix,<br>Pour toujours dans Son amour, nous nous \u00e9levons !<\/p>\n\n\n\n<p><strong>Ch\u0153ur:<\/strong><br>Nous courons, nous courons, les yeux fix\u00e9s sur le but,<br>Avec J\u00e9sus dans nos c\u0153urs, Il nous rend entiers.<br>Nous pers\u00e9v\u00e9rerons, nous resterons sur la bonne voie,<br>Dans la foi et l\u2019amour, nous ne reviendrons jamais en arri\u00e8re.<\/p>\n\n\n\n<p><strong>Pont:<\/strong><br>\u00c0 chaque pas, nous faisons confiance \u00e0 Son plan,<br>Dans l\u2019amour de Dieu, nous demeurons pour toujours.<\/p>\n\n\n\n<p><strong>Refrain (R\u00e9p\u00e9ter) :<\/strong><br>Nous courons, nous courons, les yeux fix\u00e9s sur le but,<br>Avec J\u00e9sus dans nos c\u0153urs, Il nous rend entiers.<br>Nous pers\u00e9v\u00e9rerons, nous resterons sur la bonne voie,<br>Dans la foi et l\u2019amour, nous ne reviendrons jamais en arri\u00e8re.<\/p>\n\n\n\n<p><strong>(Instrumental)<\/strong><\/p>\n\n\n\n<p><strong>Couplet 3 : (x2)<\/strong><br>Nous finirons fort, avec la main puissante de Dieu,<br>Dans la victoire par le Christ, nous resterons debout.<br>C\u00e9l\u00e9brons la victoire, Sa gr\u00e2ce est notre prix,<br>Pour toujours dans Son amour, nous nous \u00e9levons !<\/p>\n\n\n\n<p><strong>Pont:<\/strong><br>\u00c0 chaque pas, nous faisons confiance \u00e0 Son plan,<br>Dans l\u2019amour de Dieu, nous demeurons pour toujours.<\/p>\n\n\n\n<p><strong>Ch\u0153ur:<\/strong><br>Nous courons, nous courons, les yeux fix\u00e9s sur le but,<br>Avec J\u00e9sus dans nos c\u0153urs, Il nous rend entiers.<\/p>\n\n\n\n<div style=\"height:30px\" aria-hidden=\"true\" class=\"wp-block-spacer\"><\/div>\n\n\n\n<p class=\"has-text-align-left\" style=\"font-size:16px\">Actions con\u00e7ues et r\u00e9alis\u00e9es par Cami Plaster<br>(C) IPC Media 2024<\/p>\n\n\n\n<div style=\"height:30px\" aria-hidden=\"true\" class=\"wp-block-spacer\"><\/div>\n\n\n\n<div class=\"wp-block-buttons is-layout-flex wp-block-buttons-is-layout-flex\">\n<div class=\"wp-block-button\"><a class=\"wp-block-button__link wp-element-button\" href=\"https:\/\/www.lovefrance.world\/wp-content\/uploads\/2024\/08\/Running-the-Race-Words-v2.pdf\" target=\"_blank\" rel=\"noreferrer noopener\">T\u00e9l\u00e9charger le PDF<\/a><\/div>\n<\/div>","protected":false},"excerpt":{"rendered":"<p>Running the Race Theme Song Verse 1:We're running the race with God by our side,His Word is our guide, our hearts open wide.Start each day strong with a prayer in our heart,We'll follow Jesus' lead,...<\/p>","protected":false},"author":1,"featured_media":916,"parent":0,"menu_order":0,"comment_status":"closed","ping_status":"closed","template":"","meta":{"_acf_changed":false,"_monsterinsights_skip_tracking":false,"_monsterinsights_sitenote_active":false,"_monsterinsights_sitenote_note":"","_monsterinsights_sitenote_category":0,"pgc_sgb_lightbox_settings":"","footnotes":""},"class_list":["post-1472","page","type-page","status-publish","has-post-thumbnail","hentry"],"acf":[],"_links":{"self":[{"href":"https:\/\/www.lovefrance.world\/fr\/wp-json\/wp\/v2\/pages\/1472","targetHints":{"allow":["GET"]}}],"collection":[{"href":"https:\/\/www.lovefrance.world\/fr\/wp-json\/wp\/v2\/pages"}],"about":[{"href":"https:\/\/www.lovefrance.world\/fr\/wp-json\/wp\/v2\/types\/page"}],"author":[{"embeddable":true,"href":"https:\/\/www.lovefrance.world\/fr\/wp-json\/wp\/v2\/users\/1"}],"replies":[{"embeddable":true,"href":"https:\/\/www.lovefrance.world\/fr\/wp-json\/wp\/v2\/comments?post=1472"}],"version-history":[{"count":8,"href":"https:\/\/www.lovefrance.world\/fr\/wp-json\/wp\/v2\/pages\/1472\/revisions"}],"predecessor-version":[{"id":1612,"href":"https:\/\/www.lovefrance.world\/fr\/wp-json\/wp\/v2\/pages\/1472\/revisions\/1612"}],"wp:featuredmedia":[{"embeddable":true,"href":"https:\/\/www.lovefrance.world\/fr\/wp-json\/wp\/v2\/media\/916"}],"wp:attachment":[{"href":"https:\/\/www.lovefrance.world\/fr\/wp-json\/wp\/v2\/media?parent=1472"}],"curies":[{"name":"wp","href":"https:\/\/api.w.org\/{rel}","templated":true}]}}