{"id":248,"date":"2024-06-04T19:24:42","date_gmt":"2024-06-04T19:24:42","guid":{"rendered":"https:\/\/www.lovefrance.world\/?page_id=248"},"modified":"2024-06-24T11:27:08","modified_gmt":"2024-06-24T11:27:08","slug":"terms-of-use-and-privacy-policy","status":"publish","type":"page","link":"https:\/\/www.lovefrance.world\/fr\/terms-of-use-and-privacy-policy\/","title":{"rendered":"Conditions d&#039;utilisation \/ Politique de confidentialit\u00e9"},"content":{"rendered":"<h2 class=\"wp-block-heading\">Conditions d&#039;utilisation<\/h2>\n\n\n\n<p><a href=\"https:\/\/www.lovefrance.world\/fr\/\">www.lovefrance.world<\/a><\/p>\n\n\n\n<p>Veuillez lire attentivement les conditions suivantes lors de l&#039;utilisation du <a href=\"http:\/\/www.lovefrance.world\/fr\/\">www.lovefrance.world<\/a> site Web signifie que vous les acceptez.<\/p>\n\n\n\n<h3 class=\"wp-block-heading\">1. Utilisation de ce site<\/h3>\n\n\n\n<p>Les droits sur les dessins, images, logos, photographies et contenu de ce site sont la propri\u00e9t\u00e9 ou sous licence d&#039;International Prayer Connect \/ Love France. Ils sont prot\u00e9g\u00e9s par le droit d&#039;auteur et d&#039;autres droits de propri\u00e9t\u00e9 intellectuelle. Les newsletters peuvent \u00eatre imprim\u00e9es, distribu\u00e9es, envoy\u00e9es par courrier \u00e9lectronique et reproduites librement tant qu&#039;elles ne sont pas \u00e9dit\u00e9es ou modifi\u00e9es de quelque mani\u00e8re que ce soit. Toute personne souhaitant \u00e9diter, vendre, republier ou utiliser commercialement le contenu de la newsletter doit obtenir l&#039;accord \u00e9crit d&#039;IPC \/ Love France. Vous pouvez visualiser ou imprimer des pages individuelles uniquement pour votre usage personnel. Vous ne pouvez pas copier, reproduire, modifier, distribuer, republier, afficher, publier ou transmettre toute partie des pages du site sans l&#039;autorisation \u00e9crite d&#039;IPC \/ Love France (IPC\/ LF).<\/p>\n\n\n\n<h3 class=\"wp-block-heading\">2. Responsabilit\u00e9<\/h3>\n\n\n\n<p>Nous essayons de garantir l&#039;exactitude de tout le contenu. Cependant, nous d\u00e9clinons toute responsabilit\u00e9 quant \u00e0 l&#039;utilisation que vous faites du contenu. Le contenu de ce Site ne doit \u00eatre utilis\u00e9 qu\u2019\u00e0 des fins d\u2019information et vous ne devez pas vous y fier pour prendre (ou vous abstenir de prendre) une d\u00e9cision ou entreprendre (ou vous abstenir de prendre) une quelconque action.<\/p>\n\n\n\n<p>Le Site est destin\u00e9 \u00e0 votre usage personnel et ne doit pas \u00eatre utilis\u00e9 \u00e0 des fins commerciales. De ce fait, IPC\/LF ne sera en aucun cas responsable de votre perte de profits.<\/p>\n\n\n\n<p>IPC\/LF ne sera pas non plus responsable de toute perte, y compris des d\u00e9penses inutiles, de la corruption ou de la destruction de donn\u00e9es, \u00e0 moins que la perte ne r\u00e9sulte d&#039;une mauvaise action d&#039;IPC\/LF. IPC\/LF n&#039;est pas responsable de tout dommage ou perte r\u00e9sultant de votre incapacit\u00e9 \u00e0 utiliser ce Site. IPC\/LF ne peut pas promettre que le Site sera ininterrompu ou totalement exempt d&#039;erreurs. En raison de la nature d&#039;Internet, le Site est fourni \u00ab tel que disponible \u00bb. IPC\/LF ne sera pas responsable envers vous si nous ne sommes pas en mesure de fournir le Site pour une raison ind\u00e9pendante de notre volont\u00e9.<\/p>\n\n\n\n<h3 class=\"wp-block-heading\">3. Contenu et publicit\u00e9s<\/h3>\n\n\n\n<p>Ce site fournit \u00e9galement des liens et du contenu provenant d&#039;autres sites et ressources Internet. Parce qu&#039;IPC\/LF n&#039;a aucun contr\u00f4le sur ces sites et ressources, vous reconnaissez et acceptez qu&#039;IPC\/LF n&#039;est pas responsable de la disponibilit\u00e9 de ces sites ou ressources externes et n&#039;approuve pas et n&#039;est pas responsable de tout contenu, produits publicitaires, services ou d&#039;autres documents sur ou disponibles \u00e0 partir de ces sites ou ressources.<\/p>\n\n\n\n<h3 class=\"wp-block-heading\">4. Protection des donn\u00e9es et confidentialit\u00e9<\/h3>\n\n\n\n<p>Tous les d\u00e9tails que vous nous fournissez et \u00e0 partir desquels nous pouvons vous identifier sont conserv\u00e9s et trait\u00e9s conform\u00e9ment \u00e0 notre politique de confidentialit\u00e9.<\/p>\n\n\n\n<h3 class=\"wp-block-heading\">5. Modifications des conditions<\/h3>\n\n\n\n<p>IPC\/LF peut modifier le Site ou les pr\u00e9sentes conditions \u00e0 tout moment. Si vous utilisez le site apr\u00e8s qu&#039;IPC\/LF a modifi\u00e9 les conditions, vous serez li\u00e9 par les nouvelles conditions.<\/p>\n\n\n\n<h3 class=\"wp-block-heading\">6. Loi applicable et juridiction<\/h3>\n\n\n\n<p>Ces conditions et votre utilisation de ce site sont r\u00e9gies et interpr\u00e9t\u00e9es conform\u00e9ment aux lois des \u00c9tats-Unis et de l&#039;\u00c9tat du Nouveau-Mexique et tout litige sera tranch\u00e9 uniquement par leurs tribunaux. Ce site appartient et est exploit\u00e9 par International Prayer Connect \/ Love France - 313 E Wiser Lake Rd, Lynden WA, 98264, \u00c9tats-Unis.<\/p>\n\n\n\n<h2 class=\"wp-block-heading\">Politique de confidentialit\u00e9<\/h2>\n\n\n\n<p><a href=\"https:\/\/www.lovefrance.world\/fr\/\">www.lovefrance.world<\/a><\/p>\n\n\n\n<h3 class=\"wp-block-heading\">Comment International Prayer Connect traite les donn\u00e9es personnelles<\/h3>\n\n\n\n<p>Notre politique de confidentialit\u00e9 ci-dessous explique comment nous collecterons et utiliserons les informations que vous nous fournissez. International Prayer Connect \/ Love France (IPC \/ LF) est un groupe de 40 hauts responsables du minist\u00e8re de la pri\u00e8re et de la mission de partout dans le monde. Le mot \u00ab nous \u00bb fait r\u00e9f\u00e9rence \u00e0 l\u2019\u00e9quipe dirigeante de International Prayer Connect et \u00e0 l\u2019\u00e9quipe Love France (IPC\/LF), sauf indication contraire.<\/p>\n\n\n\n<h3 class=\"wp-block-heading\">Collecte et utilisation des informations<\/h3>\n\n\n\n<p>Il vous sera demand\u00e9 de soumettre des informations personnelles vous concernant (par exemple votre nom et votre adresse e-mail, etc.) sur des formulaires afin de recevoir ou d&#039;utiliser les services de notre site Web.<\/p>\n\n\n\n<p>Ce service comprend actuellement des newsletters. Nous nous engageons \u00e0 traiter vos donn\u00e9es personnelles avec le plus grand soin et conform\u00e9ment aux principes de protection des donn\u00e9es. IPC\/LF ne vendra, ne partagera ni ne louera les informations que vous fournissez \u00e0 quiconque. Nous utiliserons ces informations uniquement \u00e0 des fins d&#039;administration et de gestion des abonnements et pour communiquer avec vous sur nos activit\u00e9s et initiatives associ\u00e9es. En nous soumettant des donn\u00e9es, vous nous indiquerez votre consentement \u00e0 vous contacter par tout moyen de contact que vous fournissez. (application de messagerie instantan\u00e9e, e-mail, t\u00e9l\u00e9phone, fax, courrier ou SMS\/MMS) sauf si vous indiquez une objection \u00e0 recevoir de tels messages en cochant les cases pr\u00e9vues OU contactez-nous directement pour exprimer vos pr\u00e9f\u00e9rences.<\/p>\n\n\n\n<h3 class=\"wp-block-heading\">Suivi des visites sur le site Web<\/h3>\n\n\n\n<p>Nous enregistrons de mani\u00e8re anonyme les tendances d&#039;utilisation, telles que le nombre de fois o\u00f9 une page est consult\u00e9e et les sites Web \u00e0 partir desquels les utilisateurs sont venus sur notre site. Ces informations ne permettent pas de remonter \u00e0 un seul utilisateur. Nous utilisons des cookies pour surveiller la mani\u00e8re dont nos membres utilisent le site Web. *Les cookies sont des fichiers texte qui peuvent, dans certaines circonstances, identifier votre ordinateur (via ce que l&#039;on appelle une adresse IP) aupr\u00e8s d&#039;un serveur.<\/p>\n\n\n\n<h3 class=\"wp-block-heading\">Liens vers d&#039;autres sites Web<\/h3>\n\n\n\n<p>Notre site Web contient des liens vers d&#039;autres sites. Ni l&#039;\u00e9quipe dirigeante d&#039;International Prayer Connect, Love France, ni ses partenaires ne sont responsables de la confidentialit\u00e9 et de la s\u00e9curit\u00e9 de ces sites. Cette politique de confidentialit\u00e9 s&#039;applique uniquement \u00e0 ce site Web.<\/p>\n\n\n\n<h3 class=\"wp-block-heading\">S\u00e9curit\u00e9 des informations sensibles<\/h3>\n\n\n\n<p>Si nous vous demandons des informations sensibles telles que des num\u00e9ros de carte de cr\u00e9dit, nous utiliserons un cryptage s\u00e9curis\u00e9 le cas \u00e9ch\u00e9ant.<\/p>\n\n\n\n<p>Si vous communiquez avec nous par courrier \u00e9lectronique sur Internet, vous devez savoir que la nature d&#039;Internet est telle que les communications non crypt\u00e9es peuvent ne pas \u00eatre s\u00e9curis\u00e9es et peuvent traverser plusieurs pays diff\u00e9rents en route vers nous.<\/p>\n\n\n\n<p>Veuillez ne pas nous envoyer d&#039;informations confidentielles ou sensibles telles que les d\u00e9tails de votre carte de cr\u00e9dit. Nous ne pouvons accepter aucune responsabilit\u00e9 en cas d&#039;acc\u00e8s non autoris\u00e9 \u00e0 vos informations hors de notre contr\u00f4le. En nous soumettant des donn\u00e9es, vous nous autorisez \u00e0 utiliser vos donn\u00e9es personnelles sensibles, par exemple les informations de carte de cr\u00e9dit, uniquement aux fins pour lesquelles vous les soumettez. Cela peut inclure la transmission \u00e0 des tiers. Par exemple, lors du traitement des dons, nous pouvons collecter des donn\u00e9es financi\u00e8res vous concernant que nous transmettons ensuite aux agents du syst\u00e8me bancaire aupr\u00e8s desquels nous r\u00e9cup\u00e9rons les fonds. Nous, et eux, utilisons ces informations uniquement pour vous fournir ce service de paiement.<\/p>\n\n\n\n<h3 class=\"wp-block-heading\">Correction\/Mise \u00e0 jour\/D\u00e9sabonnement des informations personnelles<\/h3>\n\n\n\n<p>Si vos informations personnelles identifiables changent (telles que votre adresse postale) ou si vous ne souhaitez plus utiliser notre service, nous nous efforcerons de fournir un moyen de corriger, mettre \u00e0 jour ou supprimer les donn\u00e9es personnelles qui nous sont fournies. Cela peut \u00eatre fait par e-mail&nbsp;<a href=\"mailto:contact@lovefrance.world\">contact@lovefrance.world<\/a> en cliquant sur le lien \u00ab\u00a0Annuler l&#039;abonnement\u00a0\u00bb sur l&#039;un de nos e-mails ou en nous \u00e9crivant au 313 E Wiser Lake Rd, Lynden WA, 98264, \u00c9tats-Unis.<\/p>\n\n\n\n<h3 class=\"wp-block-heading\">Modifications de cette politique de confidentialit\u00e9<\/h3>\n\n\n\n<p>Nous pouvons modifier cette politique de temps \u00e0 autre et la version actuelle sera celle publi\u00e9e sur ce site. Si des changements modifient consid\u00e9rablement les droits ou privil\u00e8ges de nos membres, nous leur enverrons un e-mail avec des d\u00e9tails.<\/p>\n\n\n\n<h3 class=\"wp-block-heading\">Comment acc\u00e9der \u00e0 vos informations personnelles<\/h3>\n\n\n\n<p>Une liste compl\u00e8te des donn\u00e9es que nous d\u00e9tenons \u00e0 votre nom peut \u00eatre fournie sur demande moyennant une somme modique. Veuillez adresser les demandes accompagn\u00e9es d&#039;un ch\u00e8que au montant $50 \u00e0 l&#039;administrateur, The International Prayer Connect Leadership Team, 313 E Wiser Lake Rd, Lynden WA, 98264, \u00c9tats-Unis.<\/p>","protected":false},"excerpt":{"rendered":"<p>Terms of Use www.lovefrance.world Please read the following terms carefully as use of the www.lovefrance.world website means that you agree to them. 1. Use of this Site The rights in the designs, pictures, logos, photographs...<\/p>","protected":false},"author":1,"featured_media":152,"parent":0,"menu_order":0,"comment_status":"closed","ping_status":"closed","template":"","meta":{"_acf_changed":false,"_monsterinsights_skip_tracking":false,"_monsterinsights_sitenote_active":false,"_monsterinsights_sitenote_note":"","_monsterinsights_sitenote_category":0,"pgc_sgb_lightbox_settings":"","footnotes":""},"class_list":["post-248","page","type-page","status-publish","has-post-thumbnail","hentry"],"acf":[],"_links":{"self":[{"href":"https:\/\/www.lovefrance.world\/fr\/wp-json\/wp\/v2\/pages\/248","targetHints":{"allow":["GET"]}}],"collection":[{"href":"https:\/\/www.lovefrance.world\/fr\/wp-json\/wp\/v2\/pages"}],"about":[{"href":"https:\/\/www.lovefrance.world\/fr\/wp-json\/wp\/v2\/types\/page"}],"author":[{"embeddable":true,"href":"https:\/\/www.lovefrance.world\/fr\/wp-json\/wp\/v2\/users\/1"}],"replies":[{"embeddable":true,"href":"https:\/\/www.lovefrance.world\/fr\/wp-json\/wp\/v2\/comments?post=248"}],"version-history":[{"count":6,"href":"https:\/\/www.lovefrance.world\/fr\/wp-json\/wp\/v2\/pages\/248\/revisions"}],"predecessor-version":[{"id":392,"href":"https:\/\/www.lovefrance.world\/fr\/wp-json\/wp\/v2\/pages\/248\/revisions\/392"}],"wp:featuredmedia":[{"embeddable":true,"href":"https:\/\/www.lovefrance.world\/fr\/wp-json\/wp\/v2\/media\/152"}],"wp:attachment":[{"href":"https:\/\/www.lovefrance.world\/fr\/wp-json\/wp\/v2\/media?parent=248"}],"curies":[{"name":"wp","href":"https:\/\/api.w.org\/{rel}","templated":true}]}}