{"id":425,"date":"2024-07-02T04:39:12","date_gmt":"2024-07-02T04:39:12","guid":{"rendered":"https:\/\/www.lovefrance.world\/?page_id=425"},"modified":"2024-07-02T05:13:07","modified_gmt":"2024-07-02T05:13:07","slug":"messy-church-heros-delafoi","status":"publish","type":"page","link":"https:\/\/www.lovefrance.world\/fr\/messy-church-heros-delafoi\/","title":{"rendered":"\u00c9glise Messy H\u00e9ros DeLaFoi"},"content":{"rendered":"<figure class=\"wp-block-image size-full\"><img loading=\"lazy\" decoding=\"async\" width=\"1200\" height=\"143\" src=\"https:\/\/www.lovefrance.world\/wp-content\/uploads\/2024\/07\/Messy-Church-session-Hero-of-faith-Eric-Liddell-1.jpg\" alt=\"\" class=\"wp-image-457\" srcset=\"https:\/\/www.lovefrance.world\/wp-content\/uploads\/2024\/07\/Messy-Church-session-Hero-of-faith-Eric-Liddell-1.jpg 1200w, https:\/\/www.lovefrance.world\/wp-content\/uploads\/2024\/07\/Messy-Church-session-Hero-of-faith-Eric-Liddell-1-380x45.jpg 380w, https:\/\/www.lovefrance.world\/wp-content\/uploads\/2024\/07\/Messy-Church-session-Hero-of-faith-Eric-Liddell-1-768x92.jpg 768w, https:\/\/www.lovefrance.world\/wp-content\/uploads\/2024\/07\/Messy-Church-session-Hero-of-faith-Eric-Liddell-1-18x2.jpg 18w\" sizes=\"auto, (max-width: 1200px) 100vw, 1200px\" \/><\/figure>\n\n\n\n<h2 class=\"wp-block-heading has-text-align-left\">R\u00e9flexion d\u00e9sordonn\u00e9e<\/h2>\n\n\n\n<p>\u00ab Afin d'\u00eatre irr\u00e9prochables et purs, des enfants de Dieu sans d\u00e9faut au milieu d'une g\u00e9n\u00e9ration perverse et corrompue. C\u2019est comme des flambeaux dans le monde que vous brillez parmi eux en portant la parole de vie. \u00bb<br>Philippiens 2.15-16a (SG21)<\/p>\n\n\n\n<p>\u00ab Nous donc aussi, puisque nous sommes entour\u00e9s d'une si grande nu\u00e9e de t\u00e9moins, rejetons tout fardeau et le p\u00e9ch\u00e9 qui nous enveloppe si facilement, et courons avec pers\u00e9v\u00e9rance l'\u00e9preuve qui nous est propos\u00e9e. Faisons-le en gardant les regards sur J\u00e9sus, qui fait na\u00eetre la foi et la m\u00e8ne \u00e0 la perfection. En \u00e9change de la joie qui lui \u00e9tait r\u00e9serv\u00e9e, il a souffert la croix en m\u00e9prisant la honte qui s\u2019y attachait et il s\u2019est assis \u00e0 la droite du tr\u00f4ne de Dieu. Pensez en effet \u00e0 celui qui a support\u00e9 une telle opposition contre lui de la part des p\u00e9cheurs, afin de ne pas vous laisser abattre par le d\u00e9couragement. \u00bb<br>H\u00e9breux 12.1-3 (SG21)<\/p>\n\n\n\n<ul class=\"wp-block-list\">\n<li>Comment ces passages illustrent-ils<br>la foi et les valeurs d'Eric Liddell ?<\/li>\n<\/ul>\n\n\n\n<p>Nous laissons ce que Christ a fait pour nous transpara\u00eetre \u00e0 travers tout dans nos vies. Nous laissons la justice de Dieu \u00eatre \u00e9vidente dans nos vies alors que nous vivons une vie pure et irr\u00e9prochable devant Dieu. Deuxi\u00e8mement, nous brillons comme des \u00e9toiles dans l\u2019univers lorsque nous adoptons l\u2019esprit et l\u2019attitude de J\u00e9sus.<\/p>\n\n\n\n<ul class=\"wp-block-list\">\n<li>Comment la vie d&#039;Eric a-t-elle brill\u00e9 par l&#039;amour de Dieu ?<\/li>\n\n\n\n<li>Comment pourrions-nous briller dans ce que nous pensons et faisons ?<\/li>\n<\/ul>\n\n\n\n<h2 class=\"wp-block-heading\">Discipulat\u00a0: \u00e9quipe<\/h2>\n\n\n\n<h3 class=\"wp-block-heading\">Comment cette session aide-t-elle les gens \u00e0 grandir en Christ ?<\/h3>\n\n\n\n<p>Cette session r\u00e9fl\u00e9chira sur la vie, la foi, l&#039;engagement missionnaire et les r\u00e9alisations sportives d&#039;un grand homme de foi \u2013 Eric Liddell.<\/p>\n\n\n\n<p>Cela encouragera les gens \u00e0 r\u00e9fl\u00e9chir \u00e0 l\u2019impact de sa foi sur sa vie et celle des autres. Cette ann\u00e9e marque le 100e anniversaire de la c\u00e9l\u00e8bre m\u00e9daille d&#039;or d&#039;Eric aux Jeux Olympiques de 1924 \u00e0 Paris. Parall\u00e8lement \u00e0 ses succ\u00e8s sur la piste, ses valeurs chr\u00e9tiennes et son exemple sont une source d&#039;inspiration qui nous encourage \u00e0 r\u00e9fl\u00e9chir \u00e0 la mani\u00e8re dont nous utilisons les talents que Dieu nous a donn\u00e9s et partageons la bonne nouvelle de J\u00e9sus.<\/p>\n\n\n\n<h2 class=\"wp-block-heading\">L&#039;histoire d&#039;\u00c9ric Liddell<\/h2>\n\n\n\n<p>Regarde cette video (<a href=\"http:\/\/ericLiddell.org\/wp-content\/uploads\/2023\/07\/EL100-Promo-Video-small.mp4\" target=\"_blank\" rel=\"noreferrer noopener\">ericLiddell.org\/wp-content\/uploads\/2023\/07\/EL100-Promo-Video-small.mp4<\/a>) ou faire un r\u00e9cit dramatis\u00e9 de son histoire.<\/p>\n\n\n\n<h3 class=\"wp-block-heading\">Points cl\u00e9s de la vie d&#039;Eric<\/h3>\n\n\n\n<ul class=\"wp-block-list\">\n<li>N\u00e9 dans le nord de la Chine de parents missionnaires \u00e9cossais en 1902.<\/li>\n\n\n\n<li>\u00c0 l&#039;\u00e2ge de cinq ans, il est retourn\u00e9 au Royaume-Uni et est all\u00e9 dans un internat.<\/li>\n\n\n\n<li>\u00c0 18 ans, Eric est all\u00e9 \u00e0 l&#039;Universit\u00e9 d&#039;\u00c9dimbourg et s&#039;est impliqu\u00e9 dans la course \u00e0 pied.<\/li>\n\n\n\n<li>1922 \u2013 il joue au rugby pour l&#039;\u00c9cosse.<\/li>\n\n\n\n<li>1923 \u2013 \u00e9tablit le record britannique du 100 yards.<\/li>\n\n\n\n<li>1924 \u2013 remporte l&#039;or aux Jeux olympiques \u2013 MAIS refuse de courir un dimanche et doit donc courir le 400 m au lieu du 100 m et il gagne.<\/li>\n\n\n\n<li>1925 \u2013 se retire du sport et s&#039;installe en Chine pour servir Dieu en tant que missionnaire.<\/li>\n\n\n\n<li>1932 \u2013 ordonn\u00e9 ministre.<\/li>\n\n\n\n<li>1934 \u2013 \u00e9pouse Florence et a trois enfants.<\/li>\n\n\n\n<li>1941 \u2013 la famille est s\u00e9par\u00e9e \u00e0 cause de la guerre.<\/li>\n\n\n\n<li>1943 \u2013 Eric est captur\u00e9 et envoy\u00e9 dans un camp d&#039;internement. Il a aid\u00e9 dans le sport et a partag\u00e9 sa foi dans le camp.<\/li>\n\n\n\n<li>1945 \u2013 Eric meurt d&#039;une tumeur au cerveau dans le camp.<\/li>\n<\/ul>\n\n\n\n<h2 class=\"wp-block-heading\">Activit\u00e9s<\/h2>\n\n\n\n<ol class=\"wp-block-list\">\n<li><strong>La vie et le t\u00e9moignage d&#039;Eric Liddell<\/strong><\/li>\n<\/ol>\n\n\n\n<p>Vous aurez besoin : de la liste des clips vid\u00e9o sur Eric Liddell \u00e0 la fin de cette s\u00e9ance ; la vid\u00e9o sur le r\u00e9sum\u00e9 de la vie et de l\u2019h\u00e9ritage d\u2019Eric Liddell \u2013 <a href=\"http:\/\/ericLiddell.org\/wp-content\/uploads\/2023\/07\/EL100-Promo-Video-small.mp4\" target=\"_blank\" rel=\"noreferrer noopener\">ericLiddell.org\/wp-content\/uploads\/2023\/07\/EL100-Promo-Video-small.mp4<\/a><\/p>\n\n\n\n<p>Regardez la vid\u00e9o de la vie et de l'h\u00e9ritage d'Eric, et choisissez-en quelques-unes dans la liste \u00e0 regarder \u00e9galement. Pourquoi ne pas inclure quelques extraits du film \u00ab Les Chariots de Feu. \u00bb<\/p>\n\n\n\n<p>Parlez de ce que vous avez trouv\u00e9 int\u00e9ressant chez Eric Liddell.<\/p>\n\n\n\n<ol class=\"wp-block-list\" start=\"2\">\n<li><strong>Chronologie d&#039;Eric Liddell<\/strong><\/li>\n<\/ol>\n\n\n\n<p>Vous aurez besoin de : une chronologie de la vie d&#039;Eric d\u00e9coup\u00e9e en bandes (il y a une ressource utile ici avec une chronologie \u00e0 la fin \u2013 les gar\u00e7ons- <a href=\"http:\/\/brigade.org.uk\/wp-content\/uploads\/2023\/12\/seniors-heroes_of_faith_eric_Liddell-themed_programme-with_activity_sheet-web.pdf\" target=\"_blank\" rel=\"noreferrer noopener\">brigade.org.uk\/wp-content\/uploads\/2023\/12\/seniors-heroes_of_faith_eric_Liddell-themed_programme-with_activity_sheet-web.pdf<\/a>)<\/p>\n\n\n\n<p>Assurez-vous d'avoir suffisamment d'exemplaires pour chaque groupe, puis demandez \u00e0 chaque groupe de mettre de l'ordre dans les \u00e9v\u00e9nements cl\u00e9s de la vie d'Eric.<\/p>\n\n\n\n<p><strong>Parler de<\/strong> comment Eric avait le sentiment d&#039;\u00eatre appel\u00e9 et engag\u00e9 envers Dieu.<\/p>\n\n\n\n<ol class=\"wp-block-list\" start=\"3\">\n<li><strong>Double sauts en \u00e9toile<\/strong><\/li>\n<\/ol>\n\n\n\n<p><strong>Vous aurez besoin : d'une minuterie<\/strong><\/p>\n\n\n\n<p>Les gens peuvent se relayer pour voir combien de sauts en \u00e9toile ils peuvent faire en une minute, ou s'ils se sentent courageux, essayer en quatre minutes\u00a0!<\/p>\n\n\n\n<p><strong>Parler de<\/strong> Combien de sauts en \u00e9toile chaque personne a r\u00e9ussi en une minute et quatre minutes. \u00c0 quel point a-t-il \u00e9t\u00e9 plus difficile de continuer pendant quatre minutes ? Comment Eric aurait-il pu s'entra\u00eener pour la course du 100 m\u00e8tres, puis courir (et gagner !) celle du 400 m\u00e8tres \u00e0 la place ?<\/p>\n\n\n\n<ol class=\"wp-block-list\" start=\"4\">\n<li><strong>Courez la course en chinois mandarin<\/strong><\/li>\n<\/ol>\n\n\n\n<p><strong>Vous aurez besoin : de papier ; de bons stylos d'\u00e9criture (ceux de calligraphie sont encore meilleurs !)<\/strong><\/p>\n\n\n\n<p>Copiez ou tracez l&#039;\u00e9criture ci-dessous, qui dit \u00ab Courez la course \u00bb en mandarin et se prononce P\u01ceo b\u01d0s\u00e0i.<\/p>\n\n\n\n<p><strong>Parler de<\/strong> comment Eric Liddell a \u00ab couru la course \u00bb de sa vie en Grande-Bretagne et en Chine.<\/p>\n\n\n\n<ol class=\"wp-block-list\" start=\"5\">\n<li><strong>H\u00e9ros sportifs<\/strong><\/li>\n<\/ol>\n\n\n\n<p><strong>Vous aurez besoin : des photos de diff\u00e9rents sportifs<\/strong><\/p>\n\n\n\n<p>Voyez si les gens peuvent deviner les diff\u00e9rents h\u00e9ros sportifs et qu\u2019est-ce qui en fait un h\u00e9ros\u00a0?<\/p>\n\n\n\n<p><strong>Parler de<\/strong> comment Eric Liddell \u00e9tait un h\u00e9ros.<\/p>\n\n\n\n<ol class=\"wp-block-list\" start=\"6\">\n<li><strong>Prends mes mains et mes pieds<\/strong><\/li>\n<\/ol>\n\n\n\n<p><strong>Vous aurez besoin : de papier ; de stylos ; de ciseaux<\/strong><\/p>\n\n\n\n<p>Lisez le verset ci-dessous de l'hymne \u00ab Take my life \u00bb traduit  \u00ab Prend ma vie \u00bb de Frances Havergal (1836-1879). Invitez les gens \u00e0 dessiner autour de leurs mains et de leurs pieds. D\u00e9coupez-les et \u00e9crivez sur les mains comment Dieu pourrait prendre vos mains et les utiliser \u2013 que pourriez-vous FAIRE pour Dieu\u00a0? Sur les pieds, comment Dieu pourrait prendre vos pieds et les utiliser \u2013 o\u00f9 pourriez-vous ALLER pour Dieu ? Cela peut \u00eatre votre rue, votre \u00e9cole ou plus loin.<\/p>\n\n\n\n<p>Relisez le verset tout en tenant vos mains et vos pieds d\u00e9coup\u00e9s.<\/p>\n\n\n\n<p><em>Prends mes mains et laisse-les bouger<br>sous l&#039;impulsion de leur amour ;<br>prends mes pieds et laisse-les<br>rapide et beau pour toi.<\/em><\/p>\n\n\n\n<p><strong>Parler de<\/strong> comment Eric Liddell a offert sa vie \u00e0 Dieu. Il utilisait ses pieds pour courir et gagner des courses ; ses mains et ses pieds pour jouer au rugby ; il s&#039;est rendu en Chine pour parler de J\u00e9sus ; il a utilis\u00e9 ses mains et ses pieds pour aider les autres alors qu&#039;il \u00e9tait dans un camp d&#039;internement.<\/p>\n\n\n\n<h2 class=\"wp-block-heading\">C\u00e9l\u00e9bration<\/h2>\n\n\n\n<p><em>Explorez la vie d&#039;Eric Liddell et comment il brille de l&#039;int\u00e9rieur.<\/em><\/p>\n\n\n\n<p>Utilisez la chanson \u00ab Shine \u00bb traduit \u00ab Brille \u00bb\u2013 <a href=\"http:\/\/youtu.be\/WGarMi70QSs\" target=\"_blank\" rel=\"noreferrer noopener\">youtu.be\/WGarMi70QSs<\/a><\/p>\n\n\n\n<p><em>Chantez la chanson avec les actions au d\u00e9but et \u00e0 la fin de la c\u00e9l\u00e9bration, puis explorez la vie d&#039;Eric Liddell et comment il a brill\u00e9 \u00e0 travers diff\u00e9rents aspects de sa vie. Installez une station pour chaque zone et les gens peuvent faire un carrousel autour d&#039;elles.<\/em><\/p>\n\n\n\n<ol class=\"wp-block-list\">\n<li><strong>Sport<\/strong> \u2013 Eric a utilis\u00e9 son don du sport pour jouer au rugby et courir pour l'\u00c9cosse. La course pour laquelle il s'est entra\u00een\u00e9 \u00e9tait le 100 m\u00e8tres, mais il a choisi de ne pas y participer aux Jeux olympiques parce que la course avait lieu un dimanche, alors \u00e0 la place, il a couru le 400 m\u00e8tres et a gagn\u00e9 !<br>Eric a d\u00e9clar\u00e9 : \u00ab Je crois que Dieu m&#039;a cr\u00e9\u00e9 dans un but pr\u00e9cis, mais il m&#039;a aussi fait je\u00fbner. Et quand je cours, je ressens son plaisir.<br><strong>Quels<\/strong> cadeaux utilisez-vous pour Dieu ? Qu\u2019est-ce qui fait plaisir \u00e0 Dieu ?<\/li>\n\n\n\n<li><strong>Foi<\/strong> \u2013 La foi d'Eric en Dieu \u00e9tait vraiment importante pour lui et elle \u00e9tait une priorit\u00e9 dans sa vie. Il a refus\u00e9 de se pr\u00e9senter un dimanche \u2013 le sabbat qui, selon lui, devait \u00eatre saint.<br>Eric a d\u00e9clar\u00e9 : \u00ab Beaucoup d'entre nous passons \u00e0 c\u00f4t\u00e9 de quelque chose dans la vie parce que nous recherchons la deuxi\u00e8me meilleure solution. Je vous fait part de ce que j\u2019ai trouv\u00e9 \u00eatre le meilleur \u2013 celui qui est digne de toute notre d\u00e9votion \u2013 J\u00e9sus-Christ. Il est le Sauveur des jeunes et des personnes \u00e2g\u00e9es. Seigneur, me voici.<br><strong>Comment<\/strong> pourriez-vous mettre J\u00e9sus en premier ?<\/li>\n\n\n\n<li><strong>Partager la foi<\/strong> \u2013 Eric a partag\u00e9 sa foi en J\u00e9sus partout o\u00f9 il \u00e9tait \u2013 sur les pistes sportives, en Chine et en \u00c9cosse. Les gens venaient de partout pour l\u2019entendre parler.<br>Eric a d\u00e9clar\u00e9 : \u00ab Nous sommes tous des missionnaires. Partout o\u00f9 nous allons, soit nous rapprochons les gens du Christ, soit nous les repoussons du Christ.<br><strong>Comment<\/strong> est-ce que nous partageons J\u00e9sus et amenons les autres \u00e0 lui ?<\/li>\n\n\n\n<li><strong>Souffrir pour la foi<\/strong> - Eric a \u00e9t\u00e9 s\u00e9par\u00e9 de sa famille et envoy\u00e9 dans un camp d&#039;internement pendant la guerre, et il y est finalement d\u00e9c\u00e9d\u00e9 d&#039;une tumeur au cerveau. Sa foi en Dieu l&#039;a aid\u00e9 dans cette p\u00e9riode difficile et il a pu aider et<br>encourager les autres.<br>Eric a d\u00e9clar\u00e9 : \u00ab La victoire sur toutes les circonstances de la vie ne vient pas par la force, ni par la puissance, mais par une confiance pratique en Dieu et en permettant \u00e0 son Esprit d&#039;habiter dans nos c\u0153urs et de contr\u00f4ler nos actions et nos \u00e9motions. r\u00e9confortez-vous, apprenez \u00e0 penser en termes de pri\u00e8re qui suit, de sorte que lorsque les jours difficiles viendront, vous serez pleinement pr\u00e9par\u00e9 et \u00e9quip\u00e9 pour y faire face.<br><strong>Comment<\/strong> Votre foi en Dieu peut-elle vous aider lorsque les choses sont difficiles ?<\/li>\n<\/ol>\n\n\n\n<p><em>En explorant la vie et la foi d&#039;Eric, nous avons vu comment il \u00ab brillait de l&#039;int\u00e9rieur, afin que le monde puisse voir qu&#039;il vit en moi \u00bb.<\/em><\/p>\n\n\n\n<h3 class=\"wp-block-heading\">Pri\u00e8re<\/h3>\n\n\n\n<p><em>Un peu comme au moment des c\u00e9l\u00e9brations, ayez diff\u00e9rents postes de pri\u00e8re o\u00f9 les gens peuvent faire diff\u00e9rentes activit\u00e9s de pri\u00e8re.<\/em><\/p>\n\n\n\n<p><strong>Sport<\/strong> \u2013 Notez certains de vos dons et les choses pour lesquelles vous excellez sur un ballon de rugby ou un ballon de football. Remerciez Dieu pour les dons qu&#039;il vous a donn\u00e9s et priez pour qu&#039;il vous aide \u00e0 bien les utiliser.<\/p>\n\n\n\n<p><strong>Mission<\/strong> \u2013 \u00c9crivez des pri\u00e8res pour que les \u00e9glises de diff\u00e9rents pays se d\u00e9veloppent. Vous pourriez les coller sur une carte du monde.<\/p>\n\n\n\n<p><strong>Vivre sa foi <\/strong>\u2013 Sur une grande \u00e9toile, \u00e9crivez ou dessinez ce que vous pourriez faire pour briller, vivre votre foi et partager l&#039;amour de Dieu.<\/p>\n\n\n\n<p><strong>Souffrir en temps de guerre<\/strong> \u2013 Dans un journal, \u00e9crivez de courtes pri\u00e8res pour ceux qui souffrent \u00e0 cause de la guerre, ou priez pour des pays sp\u00e9cifiques o\u00f9 la guerre est une r\u00e9alit\u00e9 quotidienne.<\/p>\n\n\n\n<h3 class=\"wp-block-heading\">Suggestions de chansons<\/h3>\n\n\n\n<p>\u00ab\u00a0Brillance (de l&#039;int\u00e9rieur)\u00a0\u00bb \u2013 R\u00e9colte de printemps<br>\u00ab\u00a0Avec tout ce que je suis\u00a0\u00bb \u2013 Hillsong Worship<br>\u00ab\u00a0Courir la course\u00a0\u00bb \u2013 Harbour Collective<br>\u00ab Courez la course \u00bb \u2013 Holly Starr<br>\u00ab Courir la course \u00bb \u2013 Freedom Church<\/p>\n\n\n\n<h3 class=\"wp-block-heading\">Suggestion de repas<\/h3>\n\n\n\n<p>Un repas d&#039;inspiration chinoise, comme des wraps au poulet \u00e9minc\u00e9 et sauce hoisin, des nouilles \u00e0 la sauce aigre-douce, des craquelins de crevettes et du th\u00e9 vert.<\/p>\n\n\n\n<p>Pour en savoir plus sur le centenaire d'Eric Liddell, visitez <a href=\"http:\/\/ericLiddell.org\/the-eric-Liddell-100\" target=\"_blank\" rel=\"noreferrer noopener\">ericLiddell.org\/the-eric-Liddell-100<\/a>, e-mail <a href=\"mailto:EL100@ericLiddell.org\">EL100@ericLiddell.org<\/a> ou recherchez la communaut\u00e9 Eric Liddell sur les r\u00e9seaux sociaux.<\/p>\n\n\n\n<h2 class=\"wp-block-heading\">Clips vid\u00e9o sur Eric Liddell<\/h2>\n\n\n\n<p>Vous pouvez utiliser le film complet Les Chariots de Feu (le film complet peut \u00eatre lou\u00e9 sur Amazon Prime ou regard\u00e9 sur Disney+) ou des courts extraits peuvent \u00eatre vus de diff\u00e9rentes mani\u00e8res.<\/p>\n\n\n\n<p>Extraits du film Les Chariots de Feu\u00a0:<\/p>\n\n\n\n<ul class=\"wp-block-list\">\n<li>Un discours d\u2019Eric Liddell \u2013 <a href=\"http:\/\/youtu.be\/w57Atv9GyNY\" target=\"_blank\" rel=\"noreferrer noopener\">youtu.be\/w57Atv9GyNY<\/a><\/li>\n\n\n\n<li>Je ne courrai pas le jour du sabbat \u2013 <a href=\"http:\/\/youtu.be\/usIpld3BZWw\" target=\"_blank\" rel=\"noreferrer noopener\">youtu.be\/usIpld3BZWw<\/a><\/li>\n\n\n\n<li>Celui qui honore Dieu \u2013 <a href=\"http:\/\/youtu.be\/uwyltmUR3MU\" target=\"_blank\" rel=\"noreferrer noopener\">youtu.be\/uwyltmUR3MU<\/a><\/li>\n\n\n\n<li>D&#039;o\u00f9 vient le pouvoir - <a href=\"http:\/\/youtu.be\/kbgR-pOIFbE\" target=\"_blank\" rel=\"noreferrer noopener\">youtu.be\/kbgR-pOIFbE<\/a><\/li>\n<\/ul>\n\n\n\n<p>Autres clips vid\u00e9o :<\/p>\n\n\n\n<ul class=\"wp-block-list\">\n<li>L\u2019\u00c9cossais volant remporte l\u2019or \u2013 <a href=\"http:\/\/youtu.be\/IYNUxdoIacA\" target=\"_blank\" rel=\"noreferrer noopener\">youtu.be\/IYNuxdoIacA<\/a><\/li>\n\n\n\n<li>La mort d&#039;Eric Liddell \u2013 <a href=\"http:\/\/youtu.be\/KL0kzagSQwY\" target=\"_blank\" rel=\"noreferrer noopener\">youtu.be\/KL0kzagSQwY<\/a><\/li>\n\n\n\n<li>Eric Liddell : d\u2019un olympien \u00e0 un missionnaire martyr \u2013 <a href=\"http:\/\/youtu.be\/rZdGZLe-N2U\" target=\"_blank\" rel=\"noreferrer noopener\">youtu.be\/rZdGZLe-N2U<\/a><\/li>\n\n\n\n<li>Eric Liddell : toute la vie est lecture de course \u2013 <a href=\"http:\/\/youtu.be\/r9NclUKgqFs\" target=\"_blank\" rel=\"noreferrer noopener\">youtu.be\/r9NclUKgqFs<\/a><\/li>\n\n\n\n<li>Un r\u00e9sum\u00e9 de la vie et de l\u2019h\u00e9ritage d\u2019Eric Liddell \u2013 <a href=\"http:\/\/ericLiddell.org\/wp-content\/uploads\/2023\/07\/EL100-Promo-Video-small.mp4\" target=\"_blank\" rel=\"noreferrer noopener\">ericLiddell.org\/wp-content\/uploads\/2023\/07\/EL100-Promo-Video-small.mp4<\/a><\/li>\n<\/ul>\n\n\n\n<p>En tant qu'organisation caritative, nous nous appuyons sur les collectes de fonds et les dons testamentaires pour mener \u00e0 bien Anna Chaplaincy, Living Faith, Messy Church et Parenting for Faith. Nous avons pu fournir cette ressource gratuitement gr\u00e2ce \u00e0 la g\u00e9n\u00e9rosit\u00e9 des autres. Si vous avez b\u00e9n\u00e9fici\u00e9 de notre travail, aidez davantage de personnes \u00e0 faire de m\u00eame. <a href=\"http:\/\/brf.org.uk\/give +44 (0)1235 462305\" target=\"_blank\" rel=\"noreferrer noopener\">brf.org.uk\/give +44 (0)1235 462305<\/a><\/p>","protected":false},"excerpt":{"rendered":"<p>Messy reflection So that you may become blameless and pure, \u2018children of God without fault in a warped and crooked generation.\u2019 Then you will shine among them like stars in the sky as you hold...<\/p>","protected":false},"author":1,"featured_media":237,"parent":0,"menu_order":0,"comment_status":"closed","ping_status":"closed","template":"","meta":{"_acf_changed":false,"_monsterinsights_skip_tracking":false,"_monsterinsights_sitenote_active":false,"_monsterinsights_sitenote_note":"","_monsterinsights_sitenote_category":0,"pgc_sgb_lightbox_settings":"","footnotes":""},"class_list":["post-425","page","type-page","status-publish","has-post-thumbnail","hentry"],"acf":[],"_links":{"self":[{"href":"https:\/\/www.lovefrance.world\/fr\/wp-json\/wp\/v2\/pages\/425","targetHints":{"allow":["GET"]}}],"collection":[{"href":"https:\/\/www.lovefrance.world\/fr\/wp-json\/wp\/v2\/pages"}],"about":[{"href":"https:\/\/www.lovefrance.world\/fr\/wp-json\/wp\/v2\/types\/page"}],"author":[{"embeddable":true,"href":"https:\/\/www.lovefrance.world\/fr\/wp-json\/wp\/v2\/users\/1"}],"replies":[{"embeddable":true,"href":"https:\/\/www.lovefrance.world\/fr\/wp-json\/wp\/v2\/comments?post=425"}],"version-history":[{"count":7,"href":"https:\/\/www.lovefrance.world\/fr\/wp-json\/wp\/v2\/pages\/425\/revisions"}],"predecessor-version":[{"id":460,"href":"https:\/\/www.lovefrance.world\/fr\/wp-json\/wp\/v2\/pages\/425\/revisions\/460"}],"wp:featuredmedia":[{"embeddable":true,"href":"https:\/\/www.lovefrance.world\/fr\/wp-json\/wp\/v2\/media\/237"}],"wp:attachment":[{"href":"https:\/\/www.lovefrance.world\/fr\/wp-json\/wp\/v2\/media?parent=425"}],"curies":[{"name":"wp","href":"https:\/\/api.w.org\/{rel}","templated":true}]}}