{"id":1016,"date":"2024-07-24T07:49:27","date_gmt":"2024-07-24T07:49:27","guid":{"rendered":"https:\/\/www.lovefrance.world\/?page_id=1016"},"modified":"2025-05-02T17:50:18","modified_gmt":"2025-05-02T15:50:18","slug":"pray","status":"publish","type":"page","link":"https:\/\/www.lovefrance.world\/it\/pray\/","title":{"rendered":"Pregare"},"content":{"rendered":"<h3 class=\"wp-block-heading has-text-align-center\">Grazie per aver pregato per la Francia!<\/h3>\n\n\n\n<p class=\"has-text-align-center\"><strong>Ecco 7 modi entusiasmanti per entrare in contatto con gli altri ed essere informati mentre preghi...<\/strong><\/p>\n\n\n\n<figure class=\"wp-block-image size-full\"><img loading=\"lazy\" decoding=\"async\" width=\"1200\" height=\"416\" src=\"https:\/\/www.lovefrance.world\/wp-content\/uploads\/2025\/05\/Regeneration-Header.jpg\" alt=\"\" class=\"wp-image-1704\" srcset=\"https:\/\/www.lovefrance.world\/wp-content\/uploads\/2025\/05\/Regeneration-Header.jpg 1200w, https:\/\/www.lovefrance.world\/wp-content\/uploads\/2025\/05\/Regeneration-Header-380x132.jpg 380w, https:\/\/www.lovefrance.world\/wp-content\/uploads\/2025\/05\/Regeneration-Header-768x266.jpg 768w, https:\/\/www.lovefrance.world\/wp-content\/uploads\/2025\/05\/Regeneration-Header-18x6.jpg 18w\" sizes=\"auto, (max-width: 1200px) 100vw, 1200px\" \/><\/figure>\n\n\n\n<h2 class=\"wp-block-heading\">1. Love France \u2013 21 Days Prayer Guide<\/h2>\n\n\n\n<p>From Sunday 27 April to Sunday 18 May 2025, we invite you to join believers worldwide in 21 days of united prayer for France! We will be publishing a daily prayer guide in 33 languages, so you can easily follow along wherever you are.<\/p>\n\n\n\n<p>This inspiring guide, written by our friends at Impact France, features a daily theme, scripture, and focused prayer points - highlighting key needs across France, the Church, and the ongoing wave of Church mobilisation following the Love France 2024 initiative.<\/p>\n\n\n\n<p>Be a part of this global movement as we lift up France in prayer, believe for transformation, and stand together in hope!<\/p>\n\n\n\n<figure class=\"wp-block-image size-full\"><img loading=\"lazy\" decoding=\"async\" width=\"1200\" height=\"416\" src=\"https:\/\/www.lovefrance.world\/wp-content\/uploads\/2024\/07\/Pray-Header-02.jpg\" alt=\"\" class=\"wp-image-1018\" srcset=\"https:\/\/www.lovefrance.world\/wp-content\/uploads\/2024\/07\/Pray-Header-02.jpg 1200w, https:\/\/www.lovefrance.world\/wp-content\/uploads\/2024\/07\/Pray-Header-02-380x132.jpg 380w, https:\/\/www.lovefrance.world\/wp-content\/uploads\/2024\/07\/Pray-Header-02-768x266.jpg 768w, https:\/\/www.lovefrance.world\/wp-content\/uploads\/2024\/07\/Pray-Header-02-18x6.jpg 18w\" sizes=\"auto, (max-width: 1200px) 100vw, 1200px\" \/><\/figure>\n\n\n\n<h2 class=\"wp-block-heading\">2. Hop intersemina<\/h2>\n\n\n\n<p>Unisciti a noi sull&#039;app online Interseed HOP, dove pregheremo e condivideremo riflessioni sui temi della guida alla preghiera quotidiana.<\/p>\n\n\n\n<p>Le Case di preghiera intorno a Parigi stanno organizzando preghiere 24 ore su 24, 7 giorni su 7 durante i giochi e condivideranno parole, scritture e immagini aggiuntive ricevute ogni giorno tramite l&#039;app Interseed.<\/p>\n\n\n\n<p>Interseed \u00e8 disponibile sulle piattaforme Android e iOS.<\/p>\n\n\n\n<figure class=\"wp-block-image size-full\"><img loading=\"lazy\" decoding=\"async\" width=\"1200\" height=\"416\" src=\"https:\/\/www.lovefrance.world\/wp-content\/uploads\/2024\/07\/Pray-Header-03.jpg\" alt=\"\" class=\"wp-image-1021\" srcset=\"https:\/\/www.lovefrance.world\/wp-content\/uploads\/2024\/07\/Pray-Header-03.jpg 1200w, https:\/\/www.lovefrance.world\/wp-content\/uploads\/2024\/07\/Pray-Header-03-380x132.jpg 380w, https:\/\/www.lovefrance.world\/wp-content\/uploads\/2024\/07\/Pray-Header-03-768x266.jpg 768w, https:\/\/www.lovefrance.world\/wp-content\/uploads\/2024\/07\/Pray-Header-03-18x6.jpg 18w\" sizes=\"auto, (max-width: 1200px) 100vw, 1200px\" \/><\/figure>\n\n\n\n<h2 class=\"wp-block-heading\">3. Sala di preghiera 24 ore su 24, 7 giorni su 7 della Global Family<\/h2>\n\n\n\n<p>La Global Family 24-7 Prayer Room \u00e8 un incontro di preghiera online continuo sotto l&#039;egida dell&#039;IPC che prega attorno al trono, in tutto il mondo e 24 ore su 24 da quasi quattro anni!<\/p>\n\n\n\n<p>168 host conducono sessioni orarie durante la settimana in 14 lingue diverse<\/p>\n\n\n\n<p>Ogni ora, viene dedicato del tempo per pregare per la Francia e i giochi. Registrati gratuitamente su questo <strong><a href=\"https:\/\/mailchi.mp\/globalfamily24-7prayer\/register\" target=\"_blank\" rel=\"noreferrer noopener\">collegamento<\/a><\/strong>.<\/p>\n\n\n\n<figure class=\"wp-block-image size-full\"><img loading=\"lazy\" decoding=\"async\" width=\"1200\" height=\"416\" src=\"https:\/\/www.lovefrance.world\/wp-content\/uploads\/2024\/07\/Pray-Header-04.jpg\" alt=\"\" class=\"wp-image-1022\" srcset=\"https:\/\/www.lovefrance.world\/wp-content\/uploads\/2024\/07\/Pray-Header-04.jpg 1200w, https:\/\/www.lovefrance.world\/wp-content\/uploads\/2024\/07\/Pray-Header-04-380x132.jpg 380w, https:\/\/www.lovefrance.world\/wp-content\/uploads\/2024\/07\/Pray-Header-04-768x266.jpg 768w, https:\/\/www.lovefrance.world\/wp-content\/uploads\/2024\/07\/Pray-Header-04-18x6.jpg 18w\" sizes=\"auto, (max-width: 1200px) 100vw, 1200px\" \/><\/figure>\n\n\n\n<h2 class=\"wp-block-heading\">4. Camminata di preghiera virtuale a Parigi<\/h2>\n\n\n\n<p>Partecipa a una camminata di preghiera virtuale attorno alla Regina di Parigi! IPC in collaborazione con i nostri amici di Pray for Paris ha prodotto una camminata di preghiera online con link di Google Street View per ogni waypoint.<\/p>\n\n\n\n<p>Clicca qui per la camminata di preghiera!<\/p>\n\n\n\n<figure class=\"wp-block-image size-full\"><img loading=\"lazy\" decoding=\"async\" width=\"1200\" height=\"416\" src=\"https:\/\/www.lovefrance.world\/wp-content\/uploads\/2024\/07\/Pray-Header-05.jpg\" alt=\"\" class=\"wp-image-1023\" srcset=\"https:\/\/www.lovefrance.world\/wp-content\/uploads\/2024\/07\/Pray-Header-05.jpg 1200w, https:\/\/www.lovefrance.world\/wp-content\/uploads\/2024\/07\/Pray-Header-05-380x132.jpg 380w, https:\/\/www.lovefrance.world\/wp-content\/uploads\/2024\/07\/Pray-Header-05-768x266.jpg 768w, https:\/\/www.lovefrance.world\/wp-content\/uploads\/2024\/07\/Pray-Header-05-18x6.jpg 18w\" sizes=\"auto, (max-width: 1200px) 100vw, 1200px\" \/><\/figure>\n\n\n\n<h2 class=\"wp-block-heading\">5. Parigi su 110 citt\u00e0<\/h2>\n\n\n\n<p>Parigi \u00e8 stata individuata dalle agenzie missionarie come una delle 110 citt\u00e0 del mondo in cui risiedono importanti gruppi di popoli non ancora raggiunti dal Vangelo.<\/p>\n\n\n\n<p>Questi gruppi di persone ora hanno accesso alla Bibbia nella loro lingua madre, il film su Ges\u00f9 \u00e8 disponibile, si svolgono camminate di preghiera e fondatori di chiese pronti a condividere Ges\u00f9 con loro. Hanno solo bisogno di una caldaia di preghiera che li copra!<\/p>\n\n\n\n<p>Pregate per le persone non raggiunte di Parigi qui<\/p>\n\n\n\n<figure class=\"wp-block-image size-full\"><img loading=\"lazy\" decoding=\"async\" width=\"1200\" height=\"416\" src=\"https:\/\/www.lovefrance.world\/wp-content\/uploads\/2024\/07\/Pray-Header-06.jpg\" alt=\"\" class=\"wp-image-1024\" srcset=\"https:\/\/www.lovefrance.world\/wp-content\/uploads\/2024\/07\/Pray-Header-06.jpg 1200w, https:\/\/www.lovefrance.world\/wp-content\/uploads\/2024\/07\/Pray-Header-06-380x132.jpg 380w, https:\/\/www.lovefrance.world\/wp-content\/uploads\/2024\/07\/Pray-Header-06-768x266.jpg 768w, https:\/\/www.lovefrance.world\/wp-content\/uploads\/2024\/07\/Pray-Header-06-18x6.jpg 18w\" sizes=\"auto, (max-width: 1200px) 100vw, 1200px\" \/><\/figure>\n\n\n\n<h2 class=\"wp-block-heading\">6. La Francia nell&#039;operazione World<\/h2>\n\n\n\n<p>Trova informazioni dettagliate sulla Francia insieme a suggerimenti di preghiera incentrati sulla missione e mappe su Operation World.<\/p>\n\n\n\n<figure class=\"wp-block-image size-full\"><img loading=\"lazy\" decoding=\"async\" width=\"1200\" height=\"416\" src=\"https:\/\/www.lovefrance.world\/wp-content\/uploads\/2024\/07\/Pray-Header-07.jpg\" alt=\"\" class=\"wp-image-1025\" srcset=\"https:\/\/www.lovefrance.world\/wp-content\/uploads\/2024\/07\/Pray-Header-07.jpg 1200w, https:\/\/www.lovefrance.world\/wp-content\/uploads\/2024\/07\/Pray-Header-07-380x132.jpg 380w, https:\/\/www.lovefrance.world\/wp-content\/uploads\/2024\/07\/Pray-Header-07-768x266.jpg 768w, https:\/\/www.lovefrance.world\/wp-content\/uploads\/2024\/07\/Pray-Header-07-18x6.jpg 18w\" sizes=\"auto, (max-width: 1200px) 100vw, 1200px\" \/><\/figure>\n\n\n\n<h2 class=\"wp-block-heading\">7. Seguici sui social media<\/h2>\n\n\n\n<p>Il team media dell&#039;IPC collaborer\u00e0 con Ensemble 2024 per produrre regolarmente bollettini video e post per i media sui giochi principali e sui para-giochi.<\/p>\n\n\n\n<p>I bollettini video conterranno informazioni aggiornate, testimonianze, preghiere esaudite, interviste e preghiere dalla Francia.<\/p>\n\n\n\n<p>Ricordate! Ogni clic per dire &quot;Ho pregato&quot; va a favore del dono di 1 milione di preghiere dalla chiesa mondiale per la Francia!<\/p>","protected":false},"excerpt":{"rendered":"<p>Thank you for praying for France! Here are 7 exciting ways that you can connect with others and be informed as you pray\u2026 1. Love France \u2013 21 Days Prayer Guide From Sunday 27 April...<\/p>","protected":false},"author":1,"featured_media":919,"parent":0,"menu_order":0,"comment_status":"closed","ping_status":"closed","template":"","meta":{"_acf_changed":false,"_monsterinsights_skip_tracking":false,"_monsterinsights_sitenote_active":false,"_monsterinsights_sitenote_note":"","_monsterinsights_sitenote_category":0,"pgc_sgb_lightbox_settings":"","footnotes":""},"class_list":["post-1016","page","type-page","status-publish","has-post-thumbnail","hentry"],"acf":[],"_links":{"self":[{"href":"https:\/\/www.lovefrance.world\/it\/wp-json\/wp\/v2\/pages\/1016","targetHints":{"allow":["GET"]}}],"collection":[{"href":"https:\/\/www.lovefrance.world\/it\/wp-json\/wp\/v2\/pages"}],"about":[{"href":"https:\/\/www.lovefrance.world\/it\/wp-json\/wp\/v2\/types\/page"}],"author":[{"embeddable":true,"href":"https:\/\/www.lovefrance.world\/it\/wp-json\/wp\/v2\/users\/1"}],"replies":[{"embeddable":true,"href":"https:\/\/www.lovefrance.world\/it\/wp-json\/wp\/v2\/comments?post=1016"}],"version-history":[{"count":4,"href":"https:\/\/www.lovefrance.world\/it\/wp-json\/wp\/v2\/pages\/1016\/revisions"}],"predecessor-version":[{"id":1706,"href":"https:\/\/www.lovefrance.world\/it\/wp-json\/wp\/v2\/pages\/1016\/revisions\/1706"}],"wp:featuredmedia":[{"embeddable":true,"href":"https:\/\/www.lovefrance.world\/it\/wp-json\/wp\/v2\/media\/919"}],"wp:attachment":[{"href":"https:\/\/www.lovefrance.world\/it\/wp-json\/wp\/v2\/media?parent=1016"}],"curies":[{"name":"wp","href":"https:\/\/api.w.org\/{rel}","templated":true}]}}