{"id":1027,"date":"2024-07-24T07:51:49","date_gmt":"2024-07-24T07:51:49","guid":{"rendered":"https:\/\/www.lovefrance.world\/?page_id=1027"},"modified":"2024-07-24T07:51:51","modified_gmt":"2024-07-24T07:51:51","slug":"short-prayer","status":"publish","type":"page","link":"https:\/\/www.lovefrance.world\/it\/short-prayer\/","title":{"rendered":"Breve preghiera"},"content":{"rendered":"<h2 class=\"wp-block-heading\">Preghiamo insieme - Una preghiera per i Giochi di Parigi<\/h2>\n\n\n\n<p>In occasione dei Giochi di Parigi, questa preghiera \u00e8 stata proposta dal Consiglio delle Chiese Cristiane in Francia (CECEF) con l&#039;augurio che tutti possano farla propria.<\/p>\n\n\n\n<p>Padre, fonte della vera gioia, nel tuo Figlio Ges\u00f9 Cristo hai chiamato tutte le nazioni a formare un<br>persone di lode per celebrarti. Lasciaci guidare la corsa fino alla fine.<\/p>\n\n\n\n<p>Dio che \u00e8 Dio, guarda ora la Francia, che ospiter\u00e0 i Giochi Olimpici e Paralimpici<br>Giochi. Concedi loro di organizzare questo evento nella gioia, nella pace e nella fraternit\u00e0.<\/p>\n\n\n\n<p>Effondi il tuo Spirito Santo su tutti coloro che lavorano per la realizzazione dei giochi, su tutti<br>le persone che arriveranno dai quattro angoli della Terra e gli atleti.<\/p>\n\n\n\n<p>Concedi loro la virt\u00f9 necessaria per dare il meglio di s\u00e9. Possano gli atleti ottenere il sostegno - nei momenti di gioia e di prova, di successi e di fallimenti - dai loro cari, dai loro allenatori e dalle nostre preghiere.<\/p>\n\n\n\n<p>Aiuta, Signore, il popolo francese ad accogliere tutti coloro che sono venuti da ogni parte del mondo.<\/p>\n\n\n\n<p>Uniti dalla comune passione per lo sport con il motto dei Giochi Olimpici<br>&quot;pi\u00f9 veloce, pi\u00f9 alto, pi\u00f9 forte - insieme&quot;, lasciate che insieme trasmettano il vostro amore per ogni essere umano.<\/p>\n\n\n\n<p>Nel nome di Ges\u00f9 preghiamo,<br>Amen<\/p>","protected":false},"excerpt":{"rendered":"<p>Praying Together - A Prayer for the Games of Paris On the occasion of the Paris Games, this prayer was proposed by the Council of Christian Churches in France (CECEF) with the desire that everyone...<\/p>","protected":false},"author":1,"featured_media":1028,"parent":0,"menu_order":0,"comment_status":"closed","ping_status":"closed","template":"","meta":{"_acf_changed":false,"_monsterinsights_skip_tracking":false,"_monsterinsights_sitenote_active":false,"_monsterinsights_sitenote_note":"","_monsterinsights_sitenote_category":0,"pgc_sgb_lightbox_settings":"","footnotes":""},"class_list":["post-1027","page","type-page","status-publish","has-post-thumbnail","hentry"],"acf":[],"_links":{"self":[{"href":"https:\/\/www.lovefrance.world\/it\/wp-json\/wp\/v2\/pages\/1027","targetHints":{"allow":["GET"]}}],"collection":[{"href":"https:\/\/www.lovefrance.world\/it\/wp-json\/wp\/v2\/pages"}],"about":[{"href":"https:\/\/www.lovefrance.world\/it\/wp-json\/wp\/v2\/types\/page"}],"author":[{"embeddable":true,"href":"https:\/\/www.lovefrance.world\/it\/wp-json\/wp\/v2\/users\/1"}],"replies":[{"embeddable":true,"href":"https:\/\/www.lovefrance.world\/it\/wp-json\/wp\/v2\/comments?post=1027"}],"version-history":[{"count":1,"href":"https:\/\/www.lovefrance.world\/it\/wp-json\/wp\/v2\/pages\/1027\/revisions"}],"predecessor-version":[{"id":1029,"href":"https:\/\/www.lovefrance.world\/it\/wp-json\/wp\/v2\/pages\/1027\/revisions\/1029"}],"wp:featuredmedia":[{"embeddable":true,"href":"https:\/\/www.lovefrance.world\/it\/wp-json\/wp\/v2\/media\/1028"}],"wp:attachment":[{"href":"https:\/\/www.lovefrance.world\/it\/wp-json\/wp\/v2\/media?parent=1027"}],"curies":[{"name":"wp","href":"https:\/\/api.w.org\/{rel}","templated":true}]}}