{"id":1286,"date":"2024-08-05T15:11:57","date_gmt":"2024-08-05T13:11:57","guid":{"rendered":"https:\/\/www.lovefrance.world\/?page_id=1286"},"modified":"2024-08-05T15:13:01","modified_gmt":"2024-08-05T13:13:01","slug":"erics-legac","status":"publish","type":"page","link":"https:\/\/www.lovefrance.world\/it\/erics-legac\/","title":{"rendered":"L&#039;eredit\u00e0 di Eric Liddell \u00e8 ancora attuale, 100 anni dopo"},"content":{"rendered":"<p class=\"has-text-align-center\">Con il suo rifiuto di gareggiare domenica, il velocista scozzese ha messo in mostra una storia pi\u00f9 grande sui cristiani nello sport.<\/p>\n\n\n\n<p class=\"has-text-align-center\">Scritto da Paul Emory Putz - 1 luglio 2024<\/p>\n\n\n\n<figure class=\"wp-block-image size-full\"><img loading=\"lazy\" decoding=\"async\" width=\"1200\" height=\"674\" src=\"https:\/\/www.lovefrance.world\/wp-content\/uploads\/2024\/08\/Erics-Legacy.jpg\" alt=\"\" class=\"wp-image-1285\" srcset=\"https:\/\/www.lovefrance.world\/wp-content\/uploads\/2024\/08\/Erics-Legacy.jpg 1200w, https:\/\/www.lovefrance.world\/wp-content\/uploads\/2024\/08\/Erics-Legacy-380x213.jpg 380w, https:\/\/www.lovefrance.world\/wp-content\/uploads\/2024\/08\/Erics-Legacy-768x431.jpg 768w, https:\/\/www.lovefrance.world\/wp-content\/uploads\/2024\/08\/Erics-Legacy-18x10.jpg 18w\" sizes=\"auto, (max-width: 1200px) 100vw, 1200px\" \/><\/figure>\n\n\n\n<p>Eric Liddell si \u00e8 aggiudicato il suo posto di partenza nelle finali dei 400 metri. Oltre 6.000 spettatori paganti hanno riempito lo stadio in quel caldo venerd\u00ec sera a Parigi, un secolo fa, quando \u00e8 stato sparato il colpo di pistola di partenza e il corridore scozzese \u00e8 partito dalla corsia esterna.<\/p>\n\n\n\n<p>E 47,6 secondi dopo, Liddell aveva stabilito un nuovo record mondiale, lasciando i suoi concorrenti a bocca aperta e i suoi fan ansiosi di dare un senso a ci\u00f2 a cui avevano appena assistito.<\/p>\n\n\n\n<p>Lo sprint di Liddell alle Olimpiadi di Parigi del 1924 \u00e8 un evento canonico nella storia degli atleti cristiani, e non solo per quello che \u00e8 successo in pista. Liddell si \u00e8 iscritto alla gara dei 400 metri solo dopo aver saputo che le batterie per il suo miglior evento olimpico, i 100 metri, sarebbero cadute di domenica. Si \u00e8 ritirato da quell&#039;evento, aggrappandosi saldamente alle sue convinzioni cristiane sull&#039;osservanza del Sabbath.<\/p>\n\n\n\n<p>Gli sport sono importanti per noi in gran parte a causa delle narrazioni culturali che danno loro significato. Non \u00e8 solo che gli atleti corrono, saltano, si allungano e lanciano con abilit\u00e0 straordinaria. \u00c8 che quei movimenti corporei sono modellati e inquadrati in reti di significato pi\u00f9 ampie che ci aiutano a dare un senso al mondo che ci circonda, sia a ci\u00f2 che \u00e8 che a ci\u00f2 che dovrebbe essere.<\/p>\n\n\n\n<p>La prestazione di Liddell del 1924 \u00e8 rimasta impressa perch\u00e9 \u00e8 rimasta intrappolata nelle narrazioni culturali su cosa significhi essere un atleta cristiano e, per estensione, cosa significhi essere cristiani in un mondo in continua evoluzione.<\/p>\n\n\n\n<p>La sua storia ha ispirato il film vincitore dell&#039;Oscar nel 1982 <em>Carri di fuoco<\/em>, che ha riportato alla ribalta i suoi successi e ha dato vita a numerose biografie stimolanti incentrate sulla sua eredit\u00e0 cristiana.<\/p>\n\n\n\n<p>E mentre le Olimpiadi tornano a Parigi quest&#039;estate, il nome di Liddell fa parte delle commemorazioni del centenario. Ministeri in <a rel=\"noreferrer noopener\" target=\"_blank\" href=\"https:\/\/ericliddell.org\/the-eric-liddell-100\/\">Scozia<\/a>&nbsp;E <a rel=\"noreferrer noopener\" target=\"_blank\" href=\"https:\/\/gemission.org\/paris-2024-olympics-a-nation-in-preparation\/\">Francia<\/a>&nbsp;stanno organizzando eventi. Lo stadio dove ha corso <a rel=\"noreferrer noopener\" target=\"_blank\" href=\"https:\/\/www.france24.com\/en\/france\/20240324-2024-games-a-historic-venue-regains-olympic-lustre\">\u00e8 stato ristrutturato<\/a>&nbsp;per l&#039;uso nei giochi del 2024 e mostra una targa in suo onore. La sua storia ha ancora qualcosa da insegnarci, che siamo atleti cristiani o che stiamo guardando dagli spalti.<\/p>\n\n\n\n<p>Figlio di missionari, Liddell \u00e8 nato in Cina ma ha trascorso la maggior parte della sua infanzia in un collegio a Londra. \u00c8 stato plasmato da un ampio evangelismo britannico, sviluppando abitudini di preghiera, lettura della Bibbia e altre pratiche di fede. Aveva anche un talento per gli sport, sia il rugby che l&#039;atletica. La velocit\u00e0 era la sua arma principale. Alto solo 5 piedi e 9 pollici e con un peso di 155 libbre, la sua struttura snella nascondeva la sua forza.<\/p>\n\n\n\n<p>Sebbene avesse uno stile di corsa poco ortodosso, un concorrente <a rel=\"noreferrer noopener\" target=\"_blank\" href=\"https:\/\/www.amazon.com\/Eric-Liddell-Biography-Champion-Inspired\/dp\/1572930519\/tag=christtoday-20\">disse<\/a>, &quot;Corre quasi piegato all&#039;indietro, e il suo mento \u00e8 quasi rivolto al cielo&quot;\u2014ci\u00f2 non gli imped\u00ec di emergere come uno dei migliori velocisti della Gran Bretagna. Nel 1921, come studente universitario del primo anno, fu riconosciuto come un potenziale contendente olimpico nei 100 metri.<\/p>\n\n\n\n<p>Sebbene fosse cristiano e atleta, preferiva non enfatizzare pubblicamente queste identit\u00e0 combinate. Viveva la sua vita in silenzio: studiava per la scuola, partecipava alla chiesa e praticava sport.<\/p>\n\n\n\n<p>Le cose cambiarono nell&#039;aprile del 1923, quando il ventunenne Liddell ricevette un colpo alla porta da D. P. Thomson, un intraprendente giovane evangelista. Thomson chiese a Liddell se avrebbe parlato a un imminente evento per la Glasgow Students Evangelical Union.<\/p>\n\n\n\n<p>Thomson aveva faticato per mesi nel tentativo di attrarre uomini ai suoi eventi evangelistici, con scarso successo. Come ha detto il giornalista sportivo Duncan Hamilton <a rel=\"noreferrer noopener\" target=\"_blank\" href=\"https:\/\/www.amazon.com\/Glory-Untold-Inspiring-Liddell-Chariots\/dp\/0143110187\/tag=christtoday-20\">documentato<\/a>, Thomson pens\u00f2 che avere un campione del rugby come Liddell avrebbe potuto attrarre gli uomini. Cos\u00ec fece la richiesta.<\/p>\n\n\n<div class=\"wp-block-image\">\n<figure class=\"alignright size-full\"><img loading=\"lazy\" decoding=\"async\" width=\"250\" height=\"385\" src=\"https:\/\/www.lovefrance.world\/wp-content\/uploads\/2024\/08\/Erics-Legacy-2.jpg\" alt=\"\" class=\"wp-image-1283\" srcset=\"https:\/\/www.lovefrance.world\/wp-content\/uploads\/2024\/08\/Erics-Legacy-2.jpg 250w, https:\/\/www.lovefrance.world\/wp-content\/uploads\/2024\/08\/Erics-Legacy-2-247x380.jpg 247w, https:\/\/www.lovefrance.world\/wp-content\/uploads\/2024\/08\/Erics-Legacy-2-8x12.jpg 8w\" sizes=\"auto, (max-width: 250px) 100vw, 250px\" \/><\/figure>\n<\/div>\n\n\n<p>Pi\u00f9 avanti nella vita, Liddell descrisse il momento in cui disse s\u00ec all&#039;invito di Thomson come la &quot;cosa pi\u00f9 coraggiosa&quot; che avesse mai fatto. Non era un oratore dinamico. Non si sentiva qualificato. Uscire con fede gli fece tirare fuori qualcosa. Gli fece sentire di avere una parte da svolgere nella storia di Dio, una responsabilit\u00e0 di rappresentare la sua fede nella vita pubblica. &quot;Da allora la consapevolezza di essere un membro attivo del Regno dei Cieli \u00e8 stata molto reale&quot;, scrisse.<\/p>\n\n\n\n<p>La decisione portava con s\u00e9 anche potenziali pericoli, in particolare, come avrebbe riconosciuto lo stesso Liddell, il pericolo di &quot;portare un uomo a un livello superiore alla forza del suo carattere&quot;. Il successo nello sport non significava necessariamente che un atleta avesse una fede matura degna di essere emulata. Tuttavia, condividere la sua fede ha portato un significato e un&#039;importanza maggiori agli sforzi atletici di Liddell, aiutandolo a integrare le sue identit\u00e0 di cristiano e di atleta.<\/p>\n\n\n\n<p>La decisione di Liddell di parlare nell&#039;aprile del 1923 prepar\u00f2 il terreno per la sua decisione, pi\u00f9 avanti nello stesso anno, di ritirarsi dalla considerazione olimpica nei 100 metri. Comunic\u00f2 le sue intenzioni in privato e dietro le quinte, senza clamori pubblici. Divenne degna di nota, come racconta Hamilton nella sua biografia di Liddell, solo quando la stampa ne venne a conoscenza e inizi\u00f2 a condividere le proprie opinioni.<\/p>\n\n\n\n<p>Alcuni ammiravano le sue convinzioni, mentre altri lo consideravano sleale e antipatriottico. Molti non riuscivano a comprendere la sua posizione inflessibile. Era solo una domenica, e in un periodo in cui le pratiche del Sabbath nel mondo di lingua inglese stavano cambiando rapidamente. Inoltre, l&#039;evento in s\u00e9 non si sarebbe verificato prima del pomeriggio, dando a Liddell un sacco di tempo per partecipare alle funzioni religiose al mattino. Perch\u00e9 rinunciare a un&#039;opportunit\u00e0 unica nella vita per portare onore a se stesso e al suo paese?<\/p>\n\n\n\n<p>Liddell riconobbe che il mondo stava cambiando. Ma il Sabbath, come lui lo intendeva e lo praticava, doveva essere un giorno intero di adorazione e riposo. Era, per lui, una questione di integrit\u00e0 personale e obbedienza cristiana.<\/p>\n\n\n\n<p>E non era il solo a nutrire le sue convinzioni. Negli Stati Uniti, fino agli anni &#039;60, molti evangelici <a rel=\"noreferrer noopener\" target=\"_blank\" href=\"https:\/\/athletesinaction.org\/articles\/how-billy-graham-made-peace-with-sunday-sports\/\">ha continuato a vedere<\/a>&nbsp;l&#039;osservanza completa del Sabbath come parte centrale della testimonianza cristiana. Gareggiare di domenica era un segno che uno non era affatto cristiano, un indicatore, un leader evangelico <a rel=\"noreferrer noopener\" target=\"_blank\" href=\"https:\/\/www.amazon.com\/Oxford-Handbook-Christian-Fundamentalism-Handbooks\/dp\/019884459X?\/tag=christtoday-20\">suggerito<\/a>, &quot;che siamo o &#039;morti nei falli e nei peccati&#039; o tristemente ricaduti e disperatamente bisognosi di risveglio&quot;.<\/p>\n\n\n\n<p>Durante il dibattito pubblico sulla sua decisione, Liddell non ha sollevato lamentele su discriminazione e oppressione. Non ha attaccato il comitato olimpico per il suo rifiuto di accogliere i cristiani osservanti del Sabbath. Non ha preso di mira i suoi compagni atleti cristiani per la loro disponibilit\u00e0 a scendere a compromessi e a gareggiare la domenica. Ha semplicemente preso la sua decisione e ne ha accettato le conseguenze: l&#039;oro nei 100 metri non era un&#039;opzione.<\/p>\n\n\n\n<p>Se questa fosse la fine della storia, l&#039;esempio di Liddell sarebbe un modello ispiratore di fedelt\u00e0, e anche una nota a pi\u00e8 di pagina dimenticata nella storia. Non c&#039;\u00e8 <em>Carri di fuoco<\/em>&nbsp;senza il suo trionfo nei 400 metri.<\/p>\n\n\n\n<p>Pochi si aspettavano che avesse una possibilit\u00e0 nella gara significativamente pi\u00f9 lunga. Tuttavia, non arriv\u00f2 a Parigi impreparato. Aveva un allenatore di supporto che era disposto ad adattarsi, lavorando con Liddell per diversi mesi per prepararlo per entrambi i suoi eventi olimpici (Liddell vinse anche il bronzo nei 200 metri).<\/p>\n\n\n\n<p>Aveva anche inavvertitamente la scienza della corsa dalla sua parte. Come John W. Keddie, <a rel=\"noreferrer noopener\" target=\"_blank\" href=\"https:\/\/www.amazon.com\/Running-Race-Champion-Missionary-Biography\/dp\/1527105318\/tag=christtoday-20\">un altro biografo di Liddell<\/a>, ha spiegato, molti allora credevano che i 400 metri richiedessero ai corridori di dosare il ritmo per il tratto finale. Liddell ha adottato un approccio diverso. Invece di trattenersi per la fine, ha detto Keddie, Liddell ha usato la sua velocit\u00e0 per spingere i limiti di ci\u00f2 che era possibile, trasformando la gara in uno sprint dall&#039;inizio alla fine.<\/p>\n\n\n\n<p>Liddell in seguito descrisse il suo approccio come &quot;correre i primi 200 metri il pi\u00f9 velocemente possibile e poi, con l&#039;aiuto di Dio, correre i secondi 200 metri ancora pi\u00f9 velocemente&quot;. Horatio Fitch, il corridore che arriv\u00f2 secondo, vide le cose sotto una luce simile. &quot;Non potevo credere che un uomo potesse stabilire un ritmo del genere e finire&quot;, disse.<\/p>\n\n\n\n<p>Oltre alle tattiche impiegate da Liddell, c&#039;era una caratteristica che i veri grandi atleti possiedono: ha dato il meglio di s\u00e9 quando era pi\u00f9 importante. Correndo liberamente, senza paura di fallire, \u00e8 stato all&#039;altezza dell&#039;occasione in modo straordinario, sorprendendo fan, osservatori e altri concorrenti. &quot;Dopo la gara di Liddell, tutto il resto \u00e8 banale&quot;, si \u00e8 meravigliato un giornalista.<\/p>\n\n\n\n<p>La notizia del successo di Liddell si diffuse rapidamente in patria attraverso la stampa e la radio. Arriv\u00f2 in Scozia come un eroe conquistatore; coloro che avevano criticato le sue convinzioni sul Sabbath ora lo elogiavano per la sua posizione di principio.<\/p>\n\n\n\n<p>Il biografo Russell W. Ramsey descrisse come trascorse l&#039;anno successivo viaggiando con Thomson in tutta la Gran Bretagna in una campagna evangelistica, predicando un messaggio semplice e diretto. &quot;In Ges\u00f9 Cristo troverete un leader degno di tutta la vostra devozione e della mia&quot;, <a rel=\"noreferrer noopener\" target=\"_blank\" href=\"https:\/\/archive.org\/details\/godsjoyfulrunner0000rams\/page\/78\/mode\/2up?q=leader+worthy\">ha detto alla folla<\/a>.<\/p>\n\n\n\n<p>Poi, nel 1925, part\u00ec per la Cina, dove trascorse il resto della sua vita svolgendo il servizio missionario prima di morire nel 1945, all&#039;et\u00e0 di 43 anni, per un tumore al cervello.<\/p>\n\n\n\n<p>Nei decenni successivi alla morte di Liddell, Thomson pubblic\u00f2 libri sul suo protetto e amico, assicurandosi che la storia di Liddell continuasse a circolare tra gli evangelici britannici. Gli appassionati di atletica in Scozia continuarono a raccontare il suo trionfo del 1924 come fonte di orgoglio nazionale, con la fede come parte fondamentale della sua identit\u00e0. Anche i cristiani conservatori negli Stati Uniti parlavano di Liddell come esempio di un atleta che manteneva la sua testimonianza cristiana mentre perseguiva l&#039;eccellenza atletica.<\/p>\n\n\n\n<p>Questi gruppi hanno mantenuto viva la fiamma fino al 1981, quando <em>Carri di fuoco<\/em>&nbsp;usc\u00ec, portando la fama di Liddell a vette ancora pi\u00f9 alte e trasformandolo in un&#039;icona per una nuova generazione di atleti cristiani che cercano di trovare il loro posto nel mondo moderno dello sport.<\/p>\n\n\n\n<p>Naturalmente, alcune delle tensioni con cui Liddell si scontr\u00f2 nel 1924 sono diventate pi\u00f9 difficili ai giorni nostri, e ne sono state aggiunte di nuove. La questione degli sport domenicali, su cui Liddell prese posizione di principio, sembra una reliquia di un&#039;epoca passata. La questione oggigiorno non \u00e8 se gli atleti cristiani d&#039;\u00e9lite debbano praticare sport in poche domeniche selezionate; \u00e8 se le normali famiglie cristiane debbano saltare la messa per diversi weekend dell&#039;anno in modo che i loro figli possano inseguire la gloria della squadra itinerante.<\/p>\n\n\n<div class=\"wp-block-image\">\n<figure class=\"alignright size-medium\"><img loading=\"lazy\" decoding=\"async\" width=\"380\" height=\"251\" src=\"https:\/\/www.lovefrance.world\/wp-content\/uploads\/2024\/08\/Erics-Legacy-2-3-380x251.jpg\" alt=\"\" class=\"wp-image-1284\" srcset=\"https:\/\/www.lovefrance.world\/wp-content\/uploads\/2024\/08\/Erics-Legacy-2-3-380x251.jpg 380w, https:\/\/www.lovefrance.world\/wp-content\/uploads\/2024\/08\/Erics-Legacy-2-3-18x12.jpg 18w, https:\/\/www.lovefrance.world\/wp-content\/uploads\/2024\/08\/Erics-Legacy-2-3.jpg 600w\" sizes=\"auto, (max-width: 380px) 100vw, 380px\" \/><\/figure>\n<\/div>\n\n\n<p>Eric Liddell sfila davanti all&#039;Universit\u00e0 di Edimburgo dopo la vittoria alle Olimpiadi.<\/p>\n\n\n\n<p>In questo contesto, la storia di Liddell non \u00e8 sempre un&#039;analogia diretta con le situazioni attuali. Pu\u00f2 anche lasciarci con pi\u00f9 domande che risposte: la tendenza a rivolgersi ad atleti famosi come voci guida della fede cristiana \u00e8 salutare per la chiesa? Quanto \u00e8 stata efficace la testimonianza di Liddell, in realt\u00e0, se la sua posizione per il Sabbath sembrava non avere alcun effetto sulle tendenze a lungo termine? L&#039;esempio di Liddell suggerisce che la fede in Cristo pu\u00f2 migliorare le prestazioni atletiche e portare al successo nella vita? Se \u00e8 cos\u00ec, come possiamo dare un senso alla morte di Liddell a un&#039;et\u00e0 cos\u00ec giovane?<\/p>\n\n\n\n<p>La bellezza della straordinaria performance olimpica di Liddell non sta nel fatto che risponde a queste domande in modo preciso. Al contrario, ci raggiunge a livello di immaginazione, invitandoci a deliziarci nella possibilit\u00e0 della sorpresa e a considerare cosa \u00e8 a portata di mano se ci prepariamo bene per le opportunit\u00e0 che ci si presentano.<\/p>\n\n\n\n<p>Ci presenta Liddell sia come martire disposto a sacrificare la gloria atletica per le sue convinzioni, sia come vincitore che dimostra che la fede cristiana \u00e8 compatibile con il successo atletico. Ci presenta Liddell come evangelista che usa lo sport come strumento per uno scopo pi\u00f9 grande e come atleta gioioso che pratica sport semplicemente per amore di esso, e perch\u00e9 attraverso di esso ha sentito la presenza di Dio.<\/p>\n\n\n\n<p>Mentre guardiamo le Olimpiadi di quest&#039;anno, quei molteplici significati, e anche altri nuovi, saranno in mostra mentre gli atleti cristiani di tutto il mondo si cimenteranno a Parigi. Alcuni conosceranno il famoso corridore scozzese, altri no.<\/p>\n\n\n\n<p>Ma nella misura in cui consapevolmente e intenzionalmente si sforzano di seguire Ges\u00f9 nel mezzo dei loro sport, nella misura in cui cercano di trovare il significato della loro esperienza legato alla storia pi\u00f9 ampia dell&#039;opera di Dio nel mondo, seguiranno le orme di Liddell.<\/p>\n\n\n\n<p>E forse correranno una gara, faranno un lancio o reagiranno a un fallimento in un modo che susciti sorpresa e meraviglia, e in un modo che si inserisca in una narrazione pi\u00f9 ampia sull&#039;essere un cristiano fedele nel mondo del XXI secolo.<\/p>\n\n\n\n<p><em>Paul Emory Putz \u00e8 direttore del Faith &amp; Sports Institute presso il Truett Seminary della Baylor University.<\/em><\/p>","protected":false},"excerpt":{"rendered":"<p>Con il suo rifiuto di gareggiare domenica, lo sprinter scozzese ha messo in mostra una storia pi\u00f9 grande sui cristiani nello sport. Scritto da Paul Emory Putz - 1 luglio 2024 Eric Liddell ha preso il suo posto di partenza nel...<\/p>","protected":false},"author":1,"featured_media":1285,"parent":0,"menu_order":0,"comment_status":"closed","ping_status":"closed","template":"","meta":{"_acf_changed":false,"_monsterinsights_skip_tracking":false,"_monsterinsights_sitenote_active":false,"_monsterinsights_sitenote_note":"","_monsterinsights_sitenote_category":0,"pgc_sgb_lightbox_settings":"","footnotes":""},"class_list":["post-1286","page","type-page","status-publish","has-post-thumbnail","hentry"],"acf":[],"_links":{"self":[{"href":"https:\/\/www.lovefrance.world\/it\/wp-json\/wp\/v2\/pages\/1286","targetHints":{"allow":["GET"]}}],"collection":[{"href":"https:\/\/www.lovefrance.world\/it\/wp-json\/wp\/v2\/pages"}],"about":[{"href":"https:\/\/www.lovefrance.world\/it\/wp-json\/wp\/v2\/types\/page"}],"author":[{"embeddable":true,"href":"https:\/\/www.lovefrance.world\/it\/wp-json\/wp\/v2\/users\/1"}],"replies":[{"embeddable":true,"href":"https:\/\/www.lovefrance.world\/it\/wp-json\/wp\/v2\/comments?post=1286"}],"version-history":[{"count":3,"href":"https:\/\/www.lovefrance.world\/it\/wp-json\/wp\/v2\/pages\/1286\/revisions"}],"predecessor-version":[{"id":1290,"href":"https:\/\/www.lovefrance.world\/it\/wp-json\/wp\/v2\/pages\/1286\/revisions\/1290"}],"wp:featuredmedia":[{"embeddable":true,"href":"https:\/\/www.lovefrance.world\/it\/wp-json\/wp\/v2\/media\/1285"}],"wp:attachment":[{"href":"https:\/\/www.lovefrance.world\/it\/wp-json\/wp\/v2\/media?parent=1286"}],"curies":[{"name":"wp","href":"https:\/\/api.w.org\/{rel}","templated":true}]}}