{"id":248,"date":"2024-06-04T19:24:42","date_gmt":"2024-06-04T19:24:42","guid":{"rendered":"https:\/\/www.lovefrance.world\/?page_id=248"},"modified":"2024-06-24T11:27:08","modified_gmt":"2024-06-24T11:27:08","slug":"terms-of-use-and-privacy-policy","status":"publish","type":"page","link":"https:\/\/www.lovefrance.world\/it\/terms-of-use-and-privacy-policy\/","title":{"rendered":"Condizioni d&#039;uso\/Informativa sulla privacy"},"content":{"rendered":"<h2 class=\"wp-block-heading\">Termini di utilizzo<\/h2>\n\n\n\n<p><a href=\"https:\/\/www.lovefrance.world\/it\/\">www.lovefrance.world<\/a><\/p>\n\n\n\n<p>Si prega di leggere attentamente i seguenti termini per l&#039;utilizzo del <a href=\"http:\/\/www.lovefrance.world\/it\/\">www.lovefrance.world<\/a> sito web significa che li accetti.<\/p>\n\n\n\n<h3 class=\"wp-block-heading\">1. Utilizzo di questo Sito<\/h3>\n\n\n\n<p>I diritti su disegni, immagini, loghi, fotografie e contenuti di questo Sito sono di propriet\u00e0 o concessi in licenza a International Prayer Connect \/ Love France. Sono protetti dal diritto d&#039;autore e da altri diritti di propriet\u00e0 intellettuale. Le Newsletter possono essere stampate, distribuite, inviate via email e riprodotte liberamente purch\u00e9 non vengano modificate o modificate in alcun modo. Chiunque desideri modificare, vendere, ripubblicare o utilizzare commercialmente il contenuto della newsletter dovr\u00e0 ottenere l&#039;accordo scritto di IPC \/ Love France. \u00c8 possibile visualizzare o stampare singole pagine solo per uso personale. Non \u00e8 consentito copiare, riprodurre, modificare, distribuire, ripubblicare, visualizzare, pubblicare o trasmettere alcuna parte delle pagine del sito senza il consenso scritto di IPC\/Love France (IPC\/LF).<\/p>\n\n\n\n<h3 class=\"wp-block-heading\">2. Responsabilit\u00e0<\/h3>\n\n\n\n<p>Cerchiamo di garantire l&#039;accuratezza di tutti i contenuti. Tuttavia, non ci assumiamo alcuna responsabilit\u00e0 per l&#039;uso da parte tua dei contenuti. Il contenuto di questo Sito deve essere utilizzato solo a scopo informativo e non si deve fare affidamento su di esso per prendere (o astenersi dal prendere) qualsiasi decisione o intraprendere (o astenersi dal prendere) qualsiasi azione.<\/p>\n\n\n\n<p>Il Sito \u00e8 per uso personale e non deve essere utilizzato per scopi commerciali. Di conseguenza, IPC\/LF non sar\u00e0 responsabile in nessun caso della perdita di profitti.<\/p>\n\n\n\n<p>IPC\/LF non sar\u00e0 inoltre responsabile per eventuali perdite, comprese spese inutili, corruzione o distruzione di dati, a meno che la perdita non derivi da qualcosa di sbagliato che IPC\/LF ha fatto. IPC\/LF non \u00e8 responsabile per eventuali danni o perdite derivanti dall&#039;impossibilit\u00e0 di utilizzare questo Sito. IPC\/LF non pu\u00f2 garantire che il Sito sar\u00e0 ininterrotto o completamente privo di errori. A causa della natura di Internet, il Sito viene fornito &quot;come disponibile&quot;. IPC\/LF non sar\u00e0 responsabile nei vostri confronti se non siamo in grado di fornire il Sito per qualsiasi motivo indipendente dal nostro controllo.<\/p>\n\n\n\n<h3 class=\"wp-block-heading\">3. Contenuti e pubblicit\u00e0<\/h3>\n\n\n\n<p>Questo Sito fornisce inoltre collegamenti e contenuti da altri siti e risorse Internet. Poich\u00e9 IPC\/LF non ha alcun controllo su questi siti e risorse, riconosci e accetti che IPC\/LF non \u00e8 responsabile della disponibilit\u00e0 di questi siti o risorse esterni e non approva n\u00e9 \u00e8 responsabile per alcun contenuto, prodotto pubblicitario, servizio o altri materiali presenti o disponibili presso questi siti o risorse.<\/p>\n\n\n\n<h3 class=\"wp-block-heading\">4. Protezione dei dati e privacy<\/h3>\n\n\n\n<p>Tutti i dettagli che ci fornisci e dai quali possiamo identificarti sono conservati ed elaborati in conformit\u00e0 con la nostra politica sulla privacy.<\/p>\n\n\n\n<h3 class=\"wp-block-heading\">5. Modifiche ai termini<\/h3>\n\n\n\n<p>IPC\/LF pu\u00f2 modificare il Sito o questi termini in qualsiasi momento. Se utilizzi il Sito dopo che IPC\/LF ha modificato i termini, sarai vincolato dai nuovi termini.<\/p>\n\n\n\n<h3 class=\"wp-block-heading\">6. Legge applicabile e giurisdizione<\/h3>\n\n\n\n<p>I presenti termini e l&#039;utilizzo di questo Sito sono regolati e interpretati in conformit\u00e0 con le leggi degli Stati Uniti e dello Stato del Nuovo Messico e qualsiasi controversia sar\u00e0 risolta solo dai loro tribunali. Questo sito \u00e8 di propriet\u00e0 e gestito da International Prayer Connect \/ Love France - 313 E Wiser Lake Rd, Lynden WA, 98264, USA.<\/p>\n\n\n\n<h2 class=\"wp-block-heading\">Informativa sulla privacy<\/h2>\n\n\n\n<p><a href=\"https:\/\/www.lovefrance.world\/it\/\">www.lovefrance.world<\/a><\/p>\n\n\n\n<h3 class=\"wp-block-heading\">Come International Prayer Connect gestisce i dati personali<\/h3>\n\n\n\n<p>La nostra Informativa sulla privacy di seguito spiega come raccoglieremo e utilizzeremo le informazioni che ci fornisci. International Prayer Connect \/ Love France (IPC \/ LF) \u00e8 un gruppo di 40 leader senior del ministero di preghiera e missione provenienti da tutte le nazioni. La parola &quot;noi&quot; si riferisce all&#039;International Prayer Connect Leadership Team e al team Love France (IPC\/LF), se non diversamente indicato.<\/p>\n\n\n\n<h3 class=\"wp-block-heading\">Raccolta e utilizzo delle informazioni<\/h3>\n\n\n\n<p>Ti verr\u00e0 chiesto di inviare informazioni personali su di te (ad esempio nome, indirizzo email, ecc.) nei moduli per ricevere o utilizzare i servizi sul nostro sito web.<\/p>\n\n\n\n<p>Questo servizio attualmente include newsletter. Ci impegniamo a trattare i tuoi dati personali con la dovuta cura e in conformit\u00e0 con i principi di protezione dei dati. IPC\/LF non vender\u00e0, condivider\u00e0 o affitter\u00e0 le informazioni fornite a nessun altro. Utilizzeremo queste informazioni esclusivamente per l&#039;amministrazione e la gestione degli abbonamenti e per comunicare con te sulle nostre attivit\u00e0 e iniziative associate. Inviandoci i dati, indicherai il tuo consenso a contattarti con qualsiasi mezzo di contatto fornito. (app di messaggistica istantanea, e-mail, telefono, fax, posta o SMS\/MMS) a meno che tu non indichi un&#039;obiezione alla ricezione di tali messaggi selezionando le caselle fornite O contattandoci direttamente per esprimere le tue preferenze.<\/p>\n\n\n\n<h3 class=\"wp-block-heading\">Monitoraggio delle visite al sito web<\/h3>\n\n\n\n<p>Registriamo in modo anonimo le tendenze di utilizzo, come ad esempio il numero di accessi ad una pagina e da quali siti web gli utenti sono arrivati al nostro sito. Queste informazioni non sono riconducibili ad un singolo utente. Utilizziamo i cookie per monitorare come i nostri membri utilizzano il sito web. *I cookie sono file di testo che in alcune circostanze potrebbero identificare il tuo computer (attraverso il cosiddetto indirizzo IP) su un server.<\/p>\n\n\n\n<h3 class=\"wp-block-heading\">Collegamenti ad altri siti web<\/h3>\n\n\n\n<p>Il nostro sito web contiene collegamenti ad altri siti. N\u00e9 The International Prayer Connect Leadership Team, Love France, n\u00e9 i suoi partner sono responsabili della privacy e della sicurezza di questi siti. Questa politica sulla privacy si applica solo a questo sito web.<\/p>\n\n\n\n<h3 class=\"wp-block-heading\">Sicurezza delle informazioni sensibili<\/h3>\n\n\n\n<p>Se ti chiediamo informazioni sensibili come i numeri di carta di credito, utilizzeremo la crittografia sicura ove appropriato.<\/p>\n\n\n\n<p>Se comunichi con noi tramite e-mail su Internet, dovresti essere consapevole che la natura di Internet \u00e8 tale che la comunicazione non crittografata potrebbe non essere sicura e potrebbe passare attraverso diversi paesi nel percorso verso di noi.<\/p>\n\n\n\n<p>Ti preghiamo di non inviarci email con informazioni riservate o sensibili come i dettagli della tua carta di credito. Non possiamo accettare la responsabilit\u00e0 per l&#039;accesso non autorizzato alle tue informazioni che \u00e8 fuori dal nostro controllo. Inviandoci i dati, ci dai il consenso a utilizzare i tuoi dati personali sensibili, ad esempio i dati della carta di credito, esclusivamente per gli scopi per i quali li invii. Ci\u00f2 pu\u00f2 includere la trasmissione a terzi. Ad esempio, nell&#039;elaborazione delle donazioni, potremmo raccogliere da te dati finanziari che poi trasmettiamo agli agenti del sistema bancario da cui eliminiamo i fondi. Noi e loro utilizziamo queste informazioni solo per fornirti questo servizio di pagamento.<\/p>\n\n\n\n<h3 class=\"wp-block-heading\">Correzione\/Aggiornamento\/Cancellazione delle Informazioni Personali<\/h3>\n\n\n\n<p>Se le tue informazioni di identificazione personale cambiano (come il tuo indirizzo postale), o se non desideri pi\u00f9 utilizzare il nostro servizio, cercheremo di fornire un modo per correggere, aggiornare o rimuovere i dati personali che ci hai fornito. Questo pu\u00f2 essere fatto inviando un&#039;e-mail&nbsp;<a href=\"mailto:contact@lovefrance.world\">contact@lovefrance.world<\/a> facendo clic sul collegamento &quot;annulla abbonamento&quot; in una qualsiasi delle nostre e-mail o scrivendoci a 313 E Wiser Lake Rd, Lynden WA, 98264, USA.<\/p>\n\n\n\n<h3 class=\"wp-block-heading\">Modifiche alla presente Informativa sulla privacy<\/h3>\n\n\n\n<p>Potremmo modificare questa politica di volta in volta e la versione attuale sar\u00e0 quella pubblicata su questo sito. Se eventuali modifiche modificano sostanzialmente i diritti o i privilegi dei nostri membri, invieremo loro un&#039;e-mail con i dettagli.<\/p>\n\n\n\n<h3 class=\"wp-block-heading\">Come accedere alle tue informazioni personali<\/h3>\n\n\n\n<p>Un elenco completo dei dati che conserviamo a tuo nome pu\u00f2 essere fornito su richiesta pagando una piccola tassa. Si prega di indirizzare le richieste, insieme a un assegno per $50, a The Administrator, The International Prayer Connect Leadership Team, 313 E Wiser Lake Rd, Lynden WA, 98264, USA.<\/p>","protected":false},"excerpt":{"rendered":"<p>Terms of Use www.lovefrance.world Please read the following terms carefully as use of the www.lovefrance.world website means that you agree to them. 1. Use of this Site The rights in the designs, pictures, logos, photographs...<\/p>","protected":false},"author":1,"featured_media":152,"parent":0,"menu_order":0,"comment_status":"closed","ping_status":"closed","template":"","meta":{"_acf_changed":false,"_monsterinsights_skip_tracking":false,"_monsterinsights_sitenote_active":false,"_monsterinsights_sitenote_note":"","_monsterinsights_sitenote_category":0,"pgc_sgb_lightbox_settings":"","footnotes":""},"class_list":["post-248","page","type-page","status-publish","has-post-thumbnail","hentry"],"acf":[],"_links":{"self":[{"href":"https:\/\/www.lovefrance.world\/it\/wp-json\/wp\/v2\/pages\/248","targetHints":{"allow":["GET"]}}],"collection":[{"href":"https:\/\/www.lovefrance.world\/it\/wp-json\/wp\/v2\/pages"}],"about":[{"href":"https:\/\/www.lovefrance.world\/it\/wp-json\/wp\/v2\/types\/page"}],"author":[{"embeddable":true,"href":"https:\/\/www.lovefrance.world\/it\/wp-json\/wp\/v2\/users\/1"}],"replies":[{"embeddable":true,"href":"https:\/\/www.lovefrance.world\/it\/wp-json\/wp\/v2\/comments?post=248"}],"version-history":[{"count":6,"href":"https:\/\/www.lovefrance.world\/it\/wp-json\/wp\/v2\/pages\/248\/revisions"}],"predecessor-version":[{"id":392,"href":"https:\/\/www.lovefrance.world\/it\/wp-json\/wp\/v2\/pages\/248\/revisions\/392"}],"wp:featuredmedia":[{"embeddable":true,"href":"https:\/\/www.lovefrance.world\/it\/wp-json\/wp\/v2\/media\/152"}],"wp:attachment":[{"href":"https:\/\/www.lovefrance.world\/it\/wp-json\/wp\/v2\/media?parent=248"}],"curies":[{"name":"wp","href":"https:\/\/api.w.org\/{rel}","templated":true}]}}