{"id":1016,"date":"2024-07-24T07:49:27","date_gmt":"2024-07-24T07:49:27","guid":{"rendered":"https:\/\/www.lovefrance.world\/?page_id=1016"},"modified":"2025-05-02T17:50:18","modified_gmt":"2025-05-02T15:50:18","slug":"pray","status":"publish","type":"page","link":"https:\/\/www.lovefrance.world\/pt\/pray\/","title":{"rendered":"Rezar"},"content":{"rendered":"<h3 class=\"wp-block-heading has-text-align-center\">Obrigado por rezar pela Fran\u00e7a!<\/h3>\n\n\n\n<p class=\"has-text-align-center\"><strong>Aqui est\u00e3o 7 maneiras interessantes de se conectar com outras pessoas e se informar enquanto ora\u2026<\/strong><\/p>\n\n\n\n<figure class=\"wp-block-image size-full\"><img loading=\"lazy\" decoding=\"async\" width=\"1200\" height=\"416\" src=\"https:\/\/www.lovefrance.world\/wp-content\/uploads\/2025\/05\/Regeneration-Header.jpg\" alt=\"\" class=\"wp-image-1704\" srcset=\"https:\/\/www.lovefrance.world\/wp-content\/uploads\/2025\/05\/Regeneration-Header.jpg 1200w, https:\/\/www.lovefrance.world\/wp-content\/uploads\/2025\/05\/Regeneration-Header-380x132.jpg 380w, https:\/\/www.lovefrance.world\/wp-content\/uploads\/2025\/05\/Regeneration-Header-768x266.jpg 768w, https:\/\/www.lovefrance.world\/wp-content\/uploads\/2025\/05\/Regeneration-Header-18x6.jpg 18w\" sizes=\"auto, (max-width: 1200px) 100vw, 1200px\" \/><\/figure>\n\n\n\n<h2 class=\"wp-block-heading\">1. Love France \u2013 21 Days Prayer Guide<\/h2>\n\n\n\n<p>From Sunday 27 April to Sunday 18 May 2025, we invite you to join believers worldwide in 21 days of united prayer for France! We will be publishing a daily prayer guide in 33 languages, so you can easily follow along wherever you are.<\/p>\n\n\n\n<p>This inspiring guide, written by our friends at Impact France, features a daily theme, scripture, and focused prayer points - highlighting key needs across France, the Church, and the ongoing wave of Church mobilisation following the Love France 2024 initiative.<\/p>\n\n\n\n<p>Be a part of this global movement as we lift up France in prayer, believe for transformation, and stand together in hope!<\/p>\n\n\n\n<figure class=\"wp-block-image size-full\"><img loading=\"lazy\" decoding=\"async\" width=\"1200\" height=\"416\" src=\"https:\/\/www.lovefrance.world\/wp-content\/uploads\/2024\/07\/Pray-Header-02.jpg\" alt=\"\" class=\"wp-image-1018\" srcset=\"https:\/\/www.lovefrance.world\/wp-content\/uploads\/2024\/07\/Pray-Header-02.jpg 1200w, https:\/\/www.lovefrance.world\/wp-content\/uploads\/2024\/07\/Pray-Header-02-380x132.jpg 380w, https:\/\/www.lovefrance.world\/wp-content\/uploads\/2024\/07\/Pray-Header-02-768x266.jpg 768w, https:\/\/www.lovefrance.world\/wp-content\/uploads\/2024\/07\/Pray-Header-02-18x6.jpg 18w\" sizes=\"auto, (max-width: 1200px) 100vw, 1200px\" \/><\/figure>\n\n\n\n<h2 class=\"wp-block-heading\">2. HOP intersemente<\/h2>\n\n\n\n<p>Junte-se a n\u00f3s no aplicativo online Interseed HOP, onde oraremos e compartilharemos pensamentos sobre os temas do guia de ora\u00e7\u00e3o di\u00e1ria.<\/p>\n\n\n\n<p>As Casas de Ora\u00e7\u00e3o de Paris est\u00e3o organizando ora\u00e7\u00f5es 24 horas por dia, 7 dias por semana durante os jogos e compartilhar\u00e3o palavras, escrituras e imagens adicionais recebidas todos os dias por meio do aplicativo Interseed.<\/p>\n\n\n\n<p>O Interseed est\u00e1 dispon\u00edvel nas plataformas Android e iOS.<\/p>\n\n\n\n<figure class=\"wp-block-image size-full\"><img loading=\"lazy\" decoding=\"async\" width=\"1200\" height=\"416\" src=\"https:\/\/www.lovefrance.world\/wp-content\/uploads\/2024\/07\/Pray-Header-03.jpg\" alt=\"\" class=\"wp-image-1021\" srcset=\"https:\/\/www.lovefrance.world\/wp-content\/uploads\/2024\/07\/Pray-Header-03.jpg 1200w, https:\/\/www.lovefrance.world\/wp-content\/uploads\/2024\/07\/Pray-Header-03-380x132.jpg 380w, https:\/\/www.lovefrance.world\/wp-content\/uploads\/2024\/07\/Pray-Header-03-768x266.jpg 768w, https:\/\/www.lovefrance.world\/wp-content\/uploads\/2024\/07\/Pray-Header-03-18x6.jpg 18w\" sizes=\"auto, (max-width: 1200px) 100vw, 1200px\" \/><\/figure>\n\n\n\n<h2 class=\"wp-block-heading\">3. Sala de Ora\u00e7\u00e3o Global Family 24-7<\/h2>\n\n\n\n<p>A Sala de Ora\u00e7\u00e3o 24-7 da Fam\u00edlia Global \u00e9 um encontro de ora\u00e7\u00e3o cont\u00ednua on-line sob a \u00e9gide do IPC que tem orado ao redor do trono, ao redor do mundo e 24 horas por dia por quase quatro anos!<\/p>\n\n\n\n<p>168 anfitri\u00f5es conduzem sess\u00f5es de hora em hora durante a semana em 14 idiomas diferentes<\/p>\n\n\n\n<p>Cada hora, o tempo est\u00e1 sendo dedicado para rezar pela Fran\u00e7a e pelos jogos. Registre-se gratuitamente neste <strong><a href=\"https:\/\/mailchi.mp\/globalfamily24-7prayer\/register\" target=\"_blank\" rel=\"noreferrer noopener\">link<\/a><\/strong>.<\/p>\n\n\n\n<figure class=\"wp-block-image size-full\"><img loading=\"lazy\" decoding=\"async\" width=\"1200\" height=\"416\" src=\"https:\/\/www.lovefrance.world\/wp-content\/uploads\/2024\/07\/Pray-Header-04.jpg\" alt=\"\" class=\"wp-image-1022\" srcset=\"https:\/\/www.lovefrance.world\/wp-content\/uploads\/2024\/07\/Pray-Header-04.jpg 1200w, https:\/\/www.lovefrance.world\/wp-content\/uploads\/2024\/07\/Pray-Header-04-380x132.jpg 380w, https:\/\/www.lovefrance.world\/wp-content\/uploads\/2024\/07\/Pray-Header-04-768x266.jpg 768w, https:\/\/www.lovefrance.world\/wp-content\/uploads\/2024\/07\/Pray-Header-04-18x6.jpg 18w\" sizes=\"auto, (max-width: 1200px) 100vw, 1200px\" \/><\/figure>\n\n\n\n<h2 class=\"wp-block-heading\">4. Caminhada de ora\u00e7\u00e3o virtual em Paris<\/h2>\n\n\n\n<p>Participe de uma caminhada de ora\u00e7\u00e3o virtual ao redor da Regina de Paris! O IPC em parceria com nossos amigos do Pray for Paris produziu uma caminhada de ora\u00e7\u00e3o online com links do Google Street View para cada ponto de passagem.<\/p>\n\n\n\n<p>Clique aqui para a caminhada de ora\u00e7\u00e3o!<\/p>\n\n\n\n<figure class=\"wp-block-image size-full\"><img loading=\"lazy\" decoding=\"async\" width=\"1200\" height=\"416\" src=\"https:\/\/www.lovefrance.world\/wp-content\/uploads\/2024\/07\/Pray-Header-05.jpg\" alt=\"\" class=\"wp-image-1023\" srcset=\"https:\/\/www.lovefrance.world\/wp-content\/uploads\/2024\/07\/Pray-Header-05.jpg 1200w, https:\/\/www.lovefrance.world\/wp-content\/uploads\/2024\/07\/Pray-Header-05-380x132.jpg 380w, https:\/\/www.lovefrance.world\/wp-content\/uploads\/2024\/07\/Pray-Header-05-768x266.jpg 768w, https:\/\/www.lovefrance.world\/wp-content\/uploads\/2024\/07\/Pray-Header-05-18x6.jpg 18w\" sizes=\"auto, (max-width: 1200px) 100vw, 1200px\" \/><\/figure>\n\n\n\n<h2 class=\"wp-block-heading\">5. Paris em 110 cidades<\/h2>\n\n\n\n<p>Paris foi identificada por ag\u00eancias mission\u00e1rias como uma das 110 cidades do mundo onde h\u00e1 grupos significativos de povos n\u00e3o alcan\u00e7ados que est\u00e3o maduros para o Evangelho.<\/p>\n\n\n\n<p>Estes grupos de pessoas t\u00eam agora acesso \u00e0 B\u00edblia na sua l\u00edngua materna, o Filme Jesus dispon\u00edvel, caminhadas de ora\u00e7\u00e3o a decorrer e plantadores de igrejas prontos para partilhar Jesus com eles. Eles s\u00f3 precisam de uma caldeira de ora\u00e7\u00e3o para cobri-los!<\/p>\n\n\n\n<p>Ore aqui pelas pessoas n\u00e3o alcan\u00e7adas de Paris<\/p>\n\n\n\n<figure class=\"wp-block-image size-full\"><img loading=\"lazy\" decoding=\"async\" width=\"1200\" height=\"416\" src=\"https:\/\/www.lovefrance.world\/wp-content\/uploads\/2024\/07\/Pray-Header-06.jpg\" alt=\"\" class=\"wp-image-1024\" srcset=\"https:\/\/www.lovefrance.world\/wp-content\/uploads\/2024\/07\/Pray-Header-06.jpg 1200w, https:\/\/www.lovefrance.world\/wp-content\/uploads\/2024\/07\/Pray-Header-06-380x132.jpg 380w, https:\/\/www.lovefrance.world\/wp-content\/uploads\/2024\/07\/Pray-Header-06-768x266.jpg 768w, https:\/\/www.lovefrance.world\/wp-content\/uploads\/2024\/07\/Pray-Header-06-18x6.jpg 18w\" sizes=\"auto, (max-width: 1200px) 100vw, 1200px\" \/><\/figure>\n\n\n\n<h2 class=\"wp-block-heading\">6. Fran\u00e7a na Opera\u00e7\u00e3o Mundo<\/h2>\n\n\n\n<p>Encontre informa\u00e7\u00f5es detalhadas sobre a Fran\u00e7a, juntamente com dicas de ora\u00e7\u00e3o e mapas focados na miss\u00e3o na Operation World.<\/p>\n\n\n\n<figure class=\"wp-block-image size-full\"><img loading=\"lazy\" decoding=\"async\" width=\"1200\" height=\"416\" src=\"https:\/\/www.lovefrance.world\/wp-content\/uploads\/2024\/07\/Pray-Header-07.jpg\" alt=\"\" class=\"wp-image-1025\" srcset=\"https:\/\/www.lovefrance.world\/wp-content\/uploads\/2024\/07\/Pray-Header-07.jpg 1200w, https:\/\/www.lovefrance.world\/wp-content\/uploads\/2024\/07\/Pray-Header-07-380x132.jpg 380w, https:\/\/www.lovefrance.world\/wp-content\/uploads\/2024\/07\/Pray-Header-07-768x266.jpg 768w, https:\/\/www.lovefrance.world\/wp-content\/uploads\/2024\/07\/Pray-Header-07-18x6.jpg 18w\" sizes=\"auto, (max-width: 1200px) 100vw, 1200px\" \/><\/figure>\n\n\n\n<h2 class=\"wp-block-heading\">7. Siga-nos nas redes sociais<\/h2>\n\n\n\n<p>A equipe de m\u00eddia do IPC trabalhar\u00e1 com o Ensemble 2024 para produzir boletins em v\u00eddeo e postagens de m\u00eddia regulares sobre os principais jogos e parajogos.<\/p>\n\n\n\n<p>Os boletins em v\u00eddeo apresentar\u00e3o informa\u00e7\u00f5es atualizadas, testemunhos, ora\u00e7\u00f5es respondidas, entrevistas e ora\u00e7\u00f5es da Fran\u00e7a.<\/p>\n\n\n\n<p>Lembre-se! Cada clique para dizer &quot;Eu rezei&quot; vai para a doa\u00e7\u00e3o de 1 milh\u00e3o de ora\u00e7\u00f5es da igreja mundial para a Fran\u00e7a!<\/p>","protected":false},"excerpt":{"rendered":"<p>Thank you for praying for France! Here are 7 exciting ways that you can connect with others and be informed as you pray\u2026 1. Love France \u2013 21 Days Prayer Guide From Sunday 27 April...<\/p>","protected":false},"author":1,"featured_media":919,"parent":0,"menu_order":0,"comment_status":"closed","ping_status":"closed","template":"","meta":{"_acf_changed":false,"_monsterinsights_skip_tracking":false,"_monsterinsights_sitenote_active":false,"_monsterinsights_sitenote_note":"","_monsterinsights_sitenote_category":0,"pgc_sgb_lightbox_settings":"","footnotes":""},"class_list":["post-1016","page","type-page","status-publish","has-post-thumbnail","hentry"],"acf":[],"_links":{"self":[{"href":"https:\/\/www.lovefrance.world\/pt\/wp-json\/wp\/v2\/pages\/1016","targetHints":{"allow":["GET"]}}],"collection":[{"href":"https:\/\/www.lovefrance.world\/pt\/wp-json\/wp\/v2\/pages"}],"about":[{"href":"https:\/\/www.lovefrance.world\/pt\/wp-json\/wp\/v2\/types\/page"}],"author":[{"embeddable":true,"href":"https:\/\/www.lovefrance.world\/pt\/wp-json\/wp\/v2\/users\/1"}],"replies":[{"embeddable":true,"href":"https:\/\/www.lovefrance.world\/pt\/wp-json\/wp\/v2\/comments?post=1016"}],"version-history":[{"count":4,"href":"https:\/\/www.lovefrance.world\/pt\/wp-json\/wp\/v2\/pages\/1016\/revisions"}],"predecessor-version":[{"id":1706,"href":"https:\/\/www.lovefrance.world\/pt\/wp-json\/wp\/v2\/pages\/1016\/revisions\/1706"}],"wp:featuredmedia":[{"embeddable":true,"href":"https:\/\/www.lovefrance.world\/pt\/wp-json\/wp\/v2\/media\/919"}],"wp:attachment":[{"href":"https:\/\/www.lovefrance.world\/pt\/wp-json\/wp\/v2\/media?parent=1016"}],"curies":[{"name":"wp","href":"https:\/\/api.w.org\/{rel}","templated":true}]}}