{"id":1027,"date":"2024-07-24T07:51:49","date_gmt":"2024-07-24T07:51:49","guid":{"rendered":"https:\/\/www.lovefrance.world\/?page_id=1027"},"modified":"2024-07-24T07:51:51","modified_gmt":"2024-07-24T07:51:51","slug":"short-prayer","status":"publish","type":"page","link":"https:\/\/www.lovefrance.world\/pt\/short-prayer\/","title":{"rendered":"Ora\u00e7\u00e3o Curta"},"content":{"rendered":"<h2 class=\"wp-block-heading\">Orando Juntos - Uma Ora\u00e7\u00e3o pelos Jogos de Paris<\/h2>\n\n\n\n<p>Por ocasi\u00e3o dos Jogos de Paris, esta ora\u00e7\u00e3o foi proposta pelo Conselho das Igrejas Crist\u00e3s da Fran\u00e7a (CECEF) com o desejo de que todos possam tom\u00e1-la como sua.<\/p>\n\n\n\n<p>Pai, fonte da verdadeira alegria, em teu Filho Jesus Cristo chamaste todas as na\u00e7\u00f5es a formar uma<br>pessoas de louvor para celebrar voc\u00ea. Vamos liderar a corrida at\u00e9 o fim.<\/p>\n\n\n\n<p>Deus que \u00e9 Deus, olhe agora para a Fran\u00e7a, que sediar\u00e1 os Jogos Ol\u00edmpicos e Paraol\u00edmpicos<br>Jogos. Fazei com que organizem este evento com alegria, paz e fraternidade.<\/p>\n\n\n\n<p>Derrama o teu Esp\u00edrito Santo sobre todos aqueles que trabalham para a realiza\u00e7\u00e3o dos jogos, sobre todos<br>nas pessoas que vir\u00e3o dos quatro cantos da Terra e nos atletas.<\/p>\n\n\n\n<p>Conceda-lhes a virtude necess\u00e1ria para dar o melhor de si. Que os atletas obtenham o apoio \u2013 em momentos de alegria e prova\u00e7\u00e3o, de sucessos e fracassos \u2013 dos seus entes queridos, dos seus treinadores e das nossas ora\u00e7\u00f5es.<\/p>\n\n\n\n<p>Ajudai, Senhor, o povo franc\u00eas, enquanto ele acolhe todos aqueles que vieram de todo o mundo.<\/p>\n\n\n\n<p>Reunidos na paix\u00e3o comum pelo desporto com o lema dos Jogos Ol\u00edmpicos<br>&quot;mais r\u00e1pido, mais alto, mais forte - juntos&quot;, deixe-os juntos transmitir o seu amor por cada ser humano.<\/p>\n\n\n\n<p>Em nome de Jesus oramos,<br>Am\u00e9m<\/p>","protected":false},"excerpt":{"rendered":"<p>Praying Together - A Prayer for the Games of Paris On the occasion of the Paris Games, this prayer was proposed by the Council of Christian Churches in France (CECEF) with the desire that everyone...<\/p>","protected":false},"author":1,"featured_media":1028,"parent":0,"menu_order":0,"comment_status":"closed","ping_status":"closed","template":"","meta":{"_acf_changed":false,"_monsterinsights_skip_tracking":false,"_monsterinsights_sitenote_active":false,"_monsterinsights_sitenote_note":"","_monsterinsights_sitenote_category":0,"pgc_sgb_lightbox_settings":"","footnotes":""},"class_list":["post-1027","page","type-page","status-publish","has-post-thumbnail","hentry"],"acf":[],"_links":{"self":[{"href":"https:\/\/www.lovefrance.world\/pt\/wp-json\/wp\/v2\/pages\/1027","targetHints":{"allow":["GET"]}}],"collection":[{"href":"https:\/\/www.lovefrance.world\/pt\/wp-json\/wp\/v2\/pages"}],"about":[{"href":"https:\/\/www.lovefrance.world\/pt\/wp-json\/wp\/v2\/types\/page"}],"author":[{"embeddable":true,"href":"https:\/\/www.lovefrance.world\/pt\/wp-json\/wp\/v2\/users\/1"}],"replies":[{"embeddable":true,"href":"https:\/\/www.lovefrance.world\/pt\/wp-json\/wp\/v2\/comments?post=1027"}],"version-history":[{"count":1,"href":"https:\/\/www.lovefrance.world\/pt\/wp-json\/wp\/v2\/pages\/1027\/revisions"}],"predecessor-version":[{"id":1029,"href":"https:\/\/www.lovefrance.world\/pt\/wp-json\/wp\/v2\/pages\/1027\/revisions\/1029"}],"wp:featuredmedia":[{"embeddable":true,"href":"https:\/\/www.lovefrance.world\/pt\/wp-json\/wp\/v2\/media\/1028"}],"wp:attachment":[{"href":"https:\/\/www.lovefrance.world\/pt\/wp-json\/wp\/v2\/media?parent=1027"}],"curies":[{"name":"wp","href":"https:\/\/api.w.org\/{rel}","templated":true}]}}