{"id":1286,"date":"2024-08-05T15:11:57","date_gmt":"2024-08-05T13:11:57","guid":{"rendered":"https:\/\/www.lovefrance.world\/?page_id=1286"},"modified":"2024-08-05T15:13:01","modified_gmt":"2024-08-05T13:13:01","slug":"erics-legac","status":"publish","type":"page","link":"https:\/\/www.lovefrance.world\/pt\/erics-legac\/","title":{"rendered":"O legado de Eric Liddell ainda est\u00e1 vivo, 100 anos depois"},"content":{"rendered":"<p class=\"has-text-align-center\">Com sua recusa em correr no domingo, o velocista escoc\u00eas mostrou uma hist\u00f3ria maior sobre crist\u00e3os nos esportes.<\/p>\n\n\n\n<p class=\"has-text-align-center\">Escrito por Paul Emory Putz - 1 de julho de 2024<\/p>\n\n\n\n<figure class=\"wp-block-image size-full\"><img loading=\"lazy\" decoding=\"async\" width=\"1200\" height=\"674\" src=\"https:\/\/www.lovefrance.world\/wp-content\/uploads\/2024\/08\/Erics-Legacy.jpg\" alt=\"\" class=\"wp-image-1285\" srcset=\"https:\/\/www.lovefrance.world\/wp-content\/uploads\/2024\/08\/Erics-Legacy.jpg 1200w, https:\/\/www.lovefrance.world\/wp-content\/uploads\/2024\/08\/Erics-Legacy-380x213.jpg 380w, https:\/\/www.lovefrance.world\/wp-content\/uploads\/2024\/08\/Erics-Legacy-768x431.jpg 768w, https:\/\/www.lovefrance.world\/wp-content\/uploads\/2024\/08\/Erics-Legacy-18x10.jpg 18w\" sizes=\"auto, (max-width: 1200px) 100vw, 1200px\" \/><\/figure>\n\n\n\n<p>Eric Liddell assumiu sua vaga de largada na final dos 400 metros. Mais de 6.000 espectadores pagantes lotaram o est\u00e1dio naquela noite quente de sexta-feira em Paris, um s\u00e9culo atr\u00e1s, quando a pistola de largada foi disparada e o corredor escoc\u00eas saiu da raia externa.<\/p>\n\n\n\n<p>E 47,6 segundos depois, Liddell estabeleceu um novo recorde mundial, deixando seus competidores maravilhados e seus f\u00e3s tentando entender o que tinham acabado de testemunhar.<\/p>\n\n\n\n<p>O sprint de Liddell nas Olimp\u00edadas de Paris de 1924 \u00e9 um evento can\u00f4nico na hist\u00f3ria dos atletas crist\u00e3os, e n\u00e3o apenas por causa do que aconteceu na pista. Liddell entrou na corrida de 400 metros somente ap\u00f3s saber que as eliminat\u00f3rias para seu melhor evento ol\u00edmpico, os 100 metros, cairiam em um domingo. Ele se retirou daquele evento, mantendo-se firme em suas convic\u00e7\u00f5es crist\u00e3s sobre a observ\u00e2ncia do s\u00e1bado.<\/p>\n\n\n\n<p>Os esportes s\u00e3o importantes para n\u00f3s em grande parte por causa das narrativas culturais que lhes d\u00e3o significado. N\u00e3o \u00e9 apenas que os atletas correm, saltam, alcan\u00e7am e arremessam com habilidade not\u00e1vel. \u00c9 que esses movimentos corporais s\u00e3o moldados e enquadrados em redes mais amplas de significado que nos ajudam a dar sentido ao mundo ao nosso redor \u2014 tanto o que \u00e9 quanto o que deveria ser.<\/p>\n\n\n\n<p>A performance de Liddell em 1924 permanece porque foi envolvida em narrativas culturais sobre o que significa ser um atleta crist\u00e3o e, por extens\u00e3o, o que significa ser um crist\u00e3o em um mundo em mudan\u00e7a.<\/p>\n\n\n\n<p>Sua hist\u00f3ria inspirou o filme vencedor do Oscar de 1982 <em>Carruagens de Fogo<\/em>, o que trouxe suas realiza\u00e7\u00f5es de volta aos holofotes e levou a in\u00fameras biografias inspiradoras focadas em seu legado crist\u00e3o.<\/p>\n\n\n\n<p>E como as Olimp\u00edadas retornam a Paris neste ver\u00e3o, o nome de Liddell faz parte das comemora\u00e7\u00f5es do centen\u00e1rio. Minist\u00e9rios em <a rel=\"noreferrer noopener\" target=\"_blank\" href=\"https:\/\/ericliddell.org\/the-eric-liddell-100\/\">Esc\u00f3cia<\/a>&nbsp;e <a rel=\"noreferrer noopener\" target=\"_blank\" href=\"https:\/\/gemission.org\/paris-2024-olympics-a-nation-in-preparation\/\">Fran\u00e7a<\/a>&nbsp;est\u00e3o organizando eventos. O est\u00e1dio onde ele correu <a rel=\"noreferrer noopener\" target=\"_blank\" href=\"https:\/\/www.france24.com\/en\/france\/20240324-2024-games-a-historic-venue-regains-olympic-lustre\">foi reformado<\/a>&nbsp;para uso nos jogos de 2024 e exibe uma placa em sua homenagem. Sua hist\u00f3ria ainda tem algo a nos ensinar, sejamos atletas crist\u00e3os ou assistindo das arquibancadas.<\/p>\n\n\n\n<p>Filho de mission\u00e1rios, Liddell nasceu na China, mas passou a maior parte da inf\u00e2ncia em um internato em Londres. Ele foi moldado por um amplo evangelicalismo brit\u00e2nico, desenvolvendo h\u00e1bitos de ora\u00e7\u00e3o, leitura da B\u00edblia e outras pr\u00e1ticas da f\u00e9. Ele tamb\u00e9m tinha um talento especial para esportes, tanto r\u00fagbi quanto atletismo. A velocidade era sua principal arma. Com apenas 1,75 m de altura e pesando 70 kg, seu corpo esguio disfar\u00e7ava sua for\u00e7a.<\/p>\n\n\n\n<p>Embora tivesse um estilo de corrida pouco ortodoxo, um concorrente <a rel=\"noreferrer noopener\" target=\"_blank\" href=\"https:\/\/www.amazon.com\/Eric-Liddell-Biography-Champion-Inspired\/dp\/1572930519\/tag=christtoday-20\">disse<\/a>, \u201cEle corre quase inclinado para tr\u00e1s, e seu queixo est\u00e1 quase apontando para o c\u00e9u\u201d \u2014 isso n\u00e3o o impediu de emergir como um dos melhores velocistas da Gr\u00e3-Bretanha. Em 1921, como um estudante universit\u00e1rio do primeiro ano, ele foi reconhecido como um potencial candidato ol\u00edmpico nos 100 metros.<\/p>\n\n\n\n<p>Embora fosse crist\u00e3o e atleta, ele preferia n\u00e3o enfatizar essas identidades combinadas de forma p\u00fablica. Ele seguia sua vida silenciosamente: estudando para a escola, participando da igreja e praticando esportes.<\/p>\n\n\n\n<p>As coisas mudaram em abril de 1923, quando Liddell, de 21 anos, recebeu uma batida na porta de D. P. Thomson, um jovem evangelista empreendedor. Thomson perguntou a Liddell se ele falaria em um evento futuro para a Glasgow Students Evangelical Union.<\/p>\n\n\n\n<p>Thomson trabalhou duro por meses tentando atrair homens para seus eventos evangel\u00edsticos, com pouco sucesso. Como o escritor esportivo Duncan Hamilton <a rel=\"noreferrer noopener\" target=\"_blank\" href=\"https:\/\/www.amazon.com\/Glory-Untold-Inspiring-Liddell-Chariots\/dp\/0143110187\/tag=christtoday-20\">documentado<\/a>, Thomson concluiu que conseguir um destaque do rugby como Liddell poderia atrair os homens. Ent\u00e3o ele fez o pedido.<\/p>\n\n\n<div class=\"wp-block-image\">\n<figure class=\"alignright size-full\"><img loading=\"lazy\" decoding=\"async\" width=\"250\" height=\"385\" src=\"https:\/\/www.lovefrance.world\/wp-content\/uploads\/2024\/08\/Erics-Legacy-2.jpg\" alt=\"\" class=\"wp-image-1283\" srcset=\"https:\/\/www.lovefrance.world\/wp-content\/uploads\/2024\/08\/Erics-Legacy-2.jpg 250w, https:\/\/www.lovefrance.world\/wp-content\/uploads\/2024\/08\/Erics-Legacy-2-247x380.jpg 247w, https:\/\/www.lovefrance.world\/wp-content\/uploads\/2024\/08\/Erics-Legacy-2-8x12.jpg 8w\" sizes=\"auto, (max-width: 250px) 100vw, 250px\" \/><\/figure>\n<\/div>\n\n\n<p>Mais tarde na vida, Liddell descreveu o momento em que disse sim ao convite de Thomson como a \u201ccoisa mais corajosa\u201d que j\u00e1 havia feito. Ele n\u00e3o era um orador din\u00e2mico. Ele n\u00e3o se sentia qualificado. Dar um passo de f\u00e9 despertou algo nele. Isso o fez sentir como se tivesse um papel a desempenhar na hist\u00f3ria de Deus, uma responsabilidade de representar sua f\u00e9 na vida p\u00fablica. \u201cDesde ent\u00e3o, a consci\u00eancia de ser um membro ativo do Reino dos C\u00e9us tem sido muito real\u201d, ele escreveu.<\/p>\n\n\n\n<p>A decis\u00e3o tamb\u00e9m trazia consigo perigos potenciais \u2014 particularmente, o pr\u00f3prio Liddell reconheceria, o perigo de \u201clevar um homem a um n\u00edvel acima da for\u00e7a de seu car\u00e1ter\u201d. O sucesso nos esportes n\u00e3o significava necessariamente que um atleta tinha uma f\u00e9 madura digna de emula\u00e7\u00e3o. No entanto, compartilhar sua f\u00e9 trouxe maior significado e import\u00e2ncia aos esfor\u00e7os atl\u00e9ticos de Liddell, ajudando-o a integrar suas identidades como crist\u00e3o e atleta.<\/p>\n\n\n\n<p>A decis\u00e3o de Liddell de falar em abril de 1923 preparou o cen\u00e1rio para sua decis\u00e3o mais tarde naquele ano de desistir da considera\u00e7\u00e3o ol\u00edmpica nos 100 metros. Ele comunicou suas inten\u00e7\u00f5es em particular e nos bastidores, sem alarde p\u00fablico. Tornou-se not\u00edcia, como Hamilton relata em sua biografia de Liddell, somente quando a imprensa tomou conhecimento e come\u00e7ou a compartilhar suas opini\u00f5es.<\/p>\n\n\n\n<p>Alguns admiravam suas convic\u00e7\u00f5es, enquanto outros o viam como desleal e antipatriota. Muitos n\u00e3o conseguiam compreender sua posi\u00e7\u00e3o inflex\u00edvel. Era apenas um domingo, e em uma \u00e9poca em que as pr\u00e1ticas do Sabbath no mundo de l\u00edngua inglesa estavam mudando rapidamente. Al\u00e9m disso, o evento em si n\u00e3o aconteceria at\u00e9 a tarde, dando a Liddell bastante tempo para comparecer aos cultos da igreja pela manh\u00e3. Por que abrir m\u00e3o de uma oportunidade \u00fanica na vida de trazer honra a si mesmo e ao seu pa\u00eds?<\/p>\n\n\n\n<p>Liddell reconheceu que o mundo estava mudando. Mas o Sabbath, como ele o entendia e praticava, deveria ser um dia inteiro de adora\u00e7\u00e3o e descanso. Era, para ele, uma quest\u00e3o de integridade pessoal e obedi\u00eancia crist\u00e3.<\/p>\n\n\n\n<p>E ele n\u00e3o estava sozinho em suas convic\u00e7\u00f5es. Nos Estados Unidos, na d\u00e9cada de 1960, muitos evang\u00e9licos <a rel=\"noreferrer noopener\" target=\"_blank\" href=\"https:\/\/athletesinaction.org\/articles\/how-billy-graham-made-peace-with-sunday-sports\/\">continuou a ver<\/a>&nbsp;a observ\u00e2ncia completa do s\u00e1bado como parte central do testemunho crist\u00e3o. Competir no domingo era um sinal de que algu\u00e9m poderia n\u00e3o ser crist\u00e3o de forma alguma \u2014 um indicador, um l\u00edder evang\u00e9lico <a rel=\"noreferrer noopener\" target=\"_blank\" href=\"https:\/\/www.amazon.com\/Oxford-Handbook-Christian-Fundamentalism-Handbooks\/dp\/019884459X?\/tag=christtoday-20\">sugerido<\/a>, \u201cque estamos &#039;mortos em delitos e pecados&#039; ou tristemente relapsos e desesperadamente necessitados de reavivamento.\u201d<\/p>\n\n\n\n<p>Durante todo o debate p\u00fablico sobre sua decis\u00e3o, Liddell n\u00e3o levantou queixas sobre discrimina\u00e7\u00e3o e opress\u00e3o. Ele n\u00e3o criticou o comit\u00ea ol\u00edmpico por sua recusa em acomodar crist\u00e3os guardadores do s\u00e1bado. Ele n\u00e3o mirou em colegas atletas crist\u00e3os por sua disposi\u00e7\u00e3o de se comprometer e competir no domingo. Ele simplesmente tomou sua decis\u00e3o e aceitou as consequ\u00eancias: ouro nos 100 metros n\u00e3o era uma op\u00e7\u00e3o.<\/p>\n\n\n\n<p>Se este fosse o fim da hist\u00f3ria, o exemplo de Liddell seria um modelo inspirador de fidelidade \u2014 e tamb\u00e9m uma nota de rodap\u00e9 esquecida na hist\u00f3ria. N\u00e3o h\u00e1 <em>Carruagens de Fogo<\/em>&nbsp;sem seu triunfo nos 400 metros.<\/p>\n\n\n\n<p>Poucos esperavam que ele tivesse uma chance na corrida significativamente mais longa. Ainda assim, ele n\u00e3o chegou a Paris despreparado. Ele teve um treinador de apoio que estava disposto a se adaptar, trabalhando com Liddell por v\u00e1rios meses para prepar\u00e1-lo para ambos os eventos ol\u00edmpicos (Liddell tamb\u00e9m ganhou o bronze nos 200 metros).<\/p>\n\n\n\n<p>Ele tamb\u00e9m inadvertidamente teve a ci\u00eancia da corrida do seu lado. Como John W. Keddie, <a rel=\"noreferrer noopener\" target=\"_blank\" href=\"https:\/\/www.amazon.com\/Running-Race-Champion-Missionary-Biography\/dp\/1527105318\/tag=christtoday-20\">outro bi\u00f3grafo de Liddell<\/a>, explicou, muitos acreditavam que os 400 metros exigiam que os corredores controlassem seu ritmo para o trecho final. Liddell adotou uma abordagem diferente. Em vez de se segurar para o final, disse Keddie, Liddell usou sua velocidade para for\u00e7ar os limites do que era poss\u00edvel, transformando a corrida em um sprint do in\u00edcio ao fim.<\/p>\n\n\n\n<p>Liddell mais tarde descreveu sua abordagem como &quot;correr os primeiros 200 metros o mais r\u00e1pido que eu pudesse, e ent\u00e3o, com a ajuda de Deus, correr os segundos 200 metros ainda mais r\u00e1pido&quot;. Horatio Fitch, o corredor que chegou em segundo, viu as coisas de forma semelhante. &quot;Eu n\u00e3o conseguia acreditar que um homem pudesse estabelecer tal ritmo e terminar&quot;, disse ele.<\/p>\n\n\n\n<p>Al\u00e9m das t\u00e1ticas que Liddell empregou, havia uma caracter\u00edstica que atletas verdadeiramente grandes possuem: ele apresentou seu melhor desempenho quando mais importava. Correndo livre, sem medo de falhar, ele superou a ocasi\u00e3o de uma forma not\u00e1vel, surpreendendo f\u00e3s, observadores e colegas competidores. \u201cDepois da corrida de Liddell, todo o resto \u00e9 trivial\u201d, maravilhou-se um jornalista.<\/p>\n\n\n\n<p>As not\u00edcias da conquista de Liddell se espalharam rapidamente de volta para casa pela imprensa e pelo r\u00e1dio. Ele chegou \u00e0 Esc\u00f3cia como um her\u00f3i conquistador; aqueles que haviam criticado suas convic\u00e7\u00f5es sobre o Sabbath agora o elogiavam por sua posi\u00e7\u00e3o de princ\u00edpios.<\/p>\n\n\n\n<p>O bi\u00f3grafo Russell W. Ramsey descreveu como passou o ano seguinte viajando com Thomson por toda a Gr\u00e3-Bretanha em uma campanha evangel\u00edstica, pregando uma mensagem simples e direta. \u201cEm Jesus Cristo voc\u00ea encontrar\u00e1 um l\u00edder digno de toda a sua devo\u00e7\u00e3o e a minha,\u201d <a rel=\"noreferrer noopener\" target=\"_blank\" href=\"https:\/\/archive.org\/details\/godsjoyfulrunner0000rams\/page\/78\/mode\/2up?q=leader+worthy\">ele disse \u00e0 multid\u00e3o<\/a>.<\/p>\n\n\n\n<p>Ent\u00e3o, em 1925, ele partiu para a China, passando o resto de sua vida no servi\u00e7o mission\u00e1rio antes de morrer em 1945 de um tumor cerebral aos 43 anos.<\/p>\n\n\n\n<p>Nas d\u00e9cadas ap\u00f3s a morte de Liddell, Thomson publicou livros sobre seu protegido e amigo, garantindo que a hist\u00f3ria de Liddell permanecesse em circula\u00e7\u00e3o entre os evang\u00e9licos brit\u00e2nicos. Entusiastas do atletismo na Esc\u00f3cia continuaram a recontar seu triunfo de 1924 como uma fonte de orgulho nacional, com a f\u00e9 sendo uma parte fundamental de sua identidade. Crist\u00e3os conservadores nos Estados Unidos tamb\u00e9m falavam de Liddell, como um exemplo de um atleta que manteve seu testemunho crist\u00e3o enquanto buscava a excel\u00eancia atl\u00e9tica.<\/p>\n\n\n\n<p>Esses grupos mantiveram a chama acesa at\u00e9 1981, quando <em>Carruagens de Fogo<\/em>&nbsp;saiu, elevando a fama de Liddell a patamares ainda maiores \u2014 e transformando-o em um \u00edcone para uma nova gera\u00e7\u00e3o de atletas crist\u00e3os que buscam seu lugar no mundo moderno dos esportes.<\/p>\n\n\n\n<p>Claro, algumas das tens\u00f5es com as quais Liddell lutou em 1924 se tornaram mais desafiadoras em nossos dias \u2014 e novas foram adicionadas. A quest\u00e3o dos esportes dominicais, sobre a qual Liddell assumiu sua posi\u00e7\u00e3o de princ\u00edpios, parece uma rel\u00edquia de uma era passada. A quest\u00e3o hoje em dia n\u00e3o \u00e9 se atletas crist\u00e3os de elite devem praticar esportes em alguns domingos selecionados; \u00e9 se fam\u00edlias crist\u00e3s comuns devem faltar \u00e0 igreja em v\u00e1rios fins de semana do ano para que seus filhos possam perseguir a gl\u00f3ria do time de viagem.<\/p>\n\n\n<div class=\"wp-block-image\">\n<figure class=\"alignright size-medium\"><img loading=\"lazy\" decoding=\"async\" width=\"380\" height=\"251\" src=\"https:\/\/www.lovefrance.world\/wp-content\/uploads\/2024\/08\/Erics-Legacy-2-3-380x251.jpg\" alt=\"\" class=\"wp-image-1284\" srcset=\"https:\/\/www.lovefrance.world\/wp-content\/uploads\/2024\/08\/Erics-Legacy-2-3-380x251.jpg 380w, https:\/\/www.lovefrance.world\/wp-content\/uploads\/2024\/08\/Erics-Legacy-2-3-18x12.jpg 18w, https:\/\/www.lovefrance.world\/wp-content\/uploads\/2024\/08\/Erics-Legacy-2-3.jpg 600w\" sizes=\"auto, (max-width: 380px) 100vw, 380px\" \/><\/figure>\n<\/div>\n\n\n<p>Eric Liddell desfila pela Universidade de Edimburgo ap\u00f3s sua vit\u00f3ria nas Olimp\u00edadas.<\/p>\n\n\n\n<p>Neste ambiente, a hist\u00f3ria de Liddell nem sempre \u00e9 uma analogia direta \u00e0s situa\u00e7\u00f5es atuais. Ela tamb\u00e9m pode nos deixar com mais perguntas do que respostas: A tend\u00eancia de recorrer a atletas famosos como vozes principais da f\u00e9 crist\u00e3 \u00e9 saud\u00e1vel para a igreja? Qu\u00e3o bem-sucedido foi o testemunho de Liddell, realmente, se sua posi\u00e7\u00e3o a favor do s\u00e1bado parecia n\u00e3o ter efeito nas tend\u00eancias de longo prazo? O exemplo de Liddell sugere que a f\u00e9 em Cristo pode melhorar o desempenho atl\u00e9tico de algu\u00e9m e levar ao sucesso na vida? Se sim, como damos sentido \u00e0 morte de Liddell em uma idade t\u00e3o jovem?<\/p>\n\n\n\n<p>A beleza da not\u00e1vel performance ol\u00edmpica de Liddell n\u00e3o \u00e9 que ela responda a essas perguntas de forma precisa. Em vez disso, ela nos alcan\u00e7a no n\u00edvel da imagina\u00e7\u00e3o, convidando-nos a nos deliciar com a possibilidade de surpresa e a considerar o que est\u00e1 ao nosso alcance se nos prepararmos bem para as oportunidades que surgem em nosso caminho.<\/p>\n\n\n\n<p>Ela nos d\u00e1 Liddell como o m\u00e1rtir disposto a sacrificar a gl\u00f3ria atl\u00e9tica por suas convic\u00e7\u00f5es e o vencedor mostrando que a f\u00e9 crist\u00e3 \u00e9 compat\u00edvel com o sucesso atl\u00e9tico. Ela nos apresenta Liddell como o evangelista usando os esportes como uma ferramenta para um prop\u00f3sito maior e como o atleta alegre se envolvendo em esportes simplesmente por amor a eles \u2014 e porque atrav\u00e9s deles ele sentiu a presen\u00e7a de Deus.<\/p>\n\n\n\n<p>Ao assistirmos \u00e0s Olimp\u00edadas deste ano, esses m\u00faltiplos significados \u2014 e outros novos al\u00e9m \u2014 estar\u00e3o em exibi\u00e7\u00e3o enquanto atletas crist\u00e3os de todo o mundo fazem sua tentativa em Paris. Alguns conhecer\u00e3o o famoso corredor escoc\u00eas, e outros n\u00e3o.<\/p>\n\n\n\n<p>Mas na medida em que eles se esfor\u00e7am consciente e intencionalmente por Jesus em meio aos seus esportes \u2014 na medida em que buscam encontrar o significado de sua experi\u00eancia vinculado \u00e0 hist\u00f3ria maior da obra de Deus no mundo \u2014 eles estar\u00e3o seguindo os passos de Liddell.<\/p>\n\n\n\n<p>E talvez eles corram uma corrida, fa\u00e7am um arremesso ou respondam a um fracasso de uma forma que evoque surpresa e admira\u00e7\u00e3o \u2014 e de uma forma que ocupe seu lugar em uma narrativa mais ampla sobre ser um crist\u00e3o fiel em um mundo do s\u00e9culo XXI.<\/p>\n\n\n\n<p><em>Paul Emory Putz \u00e9 diretor do Faith &amp; Sports Institute no Truett Seminary da Universidade Baylor.<\/em><\/p>","protected":false},"excerpt":{"rendered":"<p>With his refusal to race on Sunday, the Scottish sprinter showcased a bigger story about Christians in sports. Written by Paul Emory Putz - July 1, 2024 Eric Liddell took his starting spot in the...<\/p>","protected":false},"author":1,"featured_media":1285,"parent":0,"menu_order":0,"comment_status":"closed","ping_status":"closed","template":"","meta":{"_acf_changed":false,"_monsterinsights_skip_tracking":false,"_monsterinsights_sitenote_active":false,"_monsterinsights_sitenote_note":"","_monsterinsights_sitenote_category":0,"pgc_sgb_lightbox_settings":"","footnotes":""},"class_list":["post-1286","page","type-page","status-publish","has-post-thumbnail","hentry"],"acf":[],"_links":{"self":[{"href":"https:\/\/www.lovefrance.world\/pt\/wp-json\/wp\/v2\/pages\/1286","targetHints":{"allow":["GET"]}}],"collection":[{"href":"https:\/\/www.lovefrance.world\/pt\/wp-json\/wp\/v2\/pages"}],"about":[{"href":"https:\/\/www.lovefrance.world\/pt\/wp-json\/wp\/v2\/types\/page"}],"author":[{"embeddable":true,"href":"https:\/\/www.lovefrance.world\/pt\/wp-json\/wp\/v2\/users\/1"}],"replies":[{"embeddable":true,"href":"https:\/\/www.lovefrance.world\/pt\/wp-json\/wp\/v2\/comments?post=1286"}],"version-history":[{"count":3,"href":"https:\/\/www.lovefrance.world\/pt\/wp-json\/wp\/v2\/pages\/1286\/revisions"}],"predecessor-version":[{"id":1290,"href":"https:\/\/www.lovefrance.world\/pt\/wp-json\/wp\/v2\/pages\/1286\/revisions\/1290"}],"wp:featuredmedia":[{"embeddable":true,"href":"https:\/\/www.lovefrance.world\/pt\/wp-json\/wp\/v2\/media\/1285"}],"wp:attachment":[{"href":"https:\/\/www.lovefrance.world\/pt\/wp-json\/wp\/v2\/media?parent=1286"}],"curies":[{"name":"wp","href":"https:\/\/api.w.org\/{rel}","templated":true}]}}