{"id":1472,"date":"2024-08-22T19:47:20","date_gmt":"2024-08-22T17:47:20","guid":{"rendered":"https:\/\/www.lovefrance.world\/?page_id=1472"},"modified":"2024-09-05T12:00:25","modified_gmt":"2024-09-05T10:00:25","slug":"song","status":"publish","type":"page","link":"https:\/\/www.lovefrance.world\/pt\/song\/","title":{"rendered":"Can\u00e7\u00e3o"},"content":{"rendered":"<figure class=\"wp-block-embed alignwide is-type-video is-provider-youtube wp-block-embed-youtube wp-embed-aspect-16-9 wp-has-aspect-ratio\"><div class=\"wp-block-embed__wrapper\">\n<iframe loading=\"lazy\" title=\"Correndo a Corrida - M\u00fasica com A\u00e7\u00f5es\" width=\"500\" height=\"281\" src=\"https:\/\/www.youtube.com\/embed\/jJw_Qd05fSk?feature=oembed\" frameborder=\"0\" allow=\"accelerometer; autoplay; clipboard-write; encrypted-media; gyroscope; picture-in-picture; web-share\" referrerpolicy=\"strict-origin-when-cross-origin\" allowfullscreen><\/iframe>\n<\/div><\/figure>\n\n\n\n<h2 class=\"wp-block-heading\">M\u00fasica tema de Running the Race<\/h2>\n\n\n\n<p><strong>Vers\u00edculo 1:<\/strong><br>Estamos correndo a corrida com Deus ao nosso lado,<br>Sua Palavra \u00e9 nosso guia, nossos cora\u00e7\u00f5es est\u00e3o bem abertos.<br>Comece cada dia forte com uma ora\u00e7\u00e3o em nosso cora\u00e7\u00e3o,<br>Seguiremos a lideran\u00e7a de Jesus desde o in\u00edcio.<\/p>\n\n\n\n<p><strong>Coro:<\/strong><br>Estamos correndo, estamos correndo, com os olhos no objetivo,<br>Com Jesus em nossos cora\u00e7\u00f5es, Ele nos torna completos.<br>N\u00f3s perseveraremos, permaneceremos no caminho certo,<br>Com f\u00e9 e amor, nunca voltaremos atr\u00e1s.<\/p>\n\n\n\n<p><strong>Vers\u00edculo 2:<\/strong><br>Quando os desafios surgirem, n\u00e3o teremos medo,<br>Deus nos d\u00e1 for\u00e7a, nele somos feitos.<br>Compartilharemos Seu amor com todos que encontrarmos,<br>Encorajando os outros, nossa alegria \u00e9 completa.<\/p>\n\n\n\n<p><strong>Coro:<\/strong><br>Estamos correndo, estamos correndo, com os olhos no objetivo,<br>Com Jesus em nossos cora\u00e7\u00f5es, Ele nos torna completos.<br>N\u00f3s perseveraremos, permaneceremos no caminho certo,<br>Com f\u00e9 e amor, nunca voltaremos atr\u00e1s.<\/p>\n\n\n\n<p><strong>Vers\u00edculo 3:<\/strong><br>Terminaremos fortes, com a poderosa m\u00e3o de Deus,<br>Na vit\u00f3ria por meio de Cristo, permaneceremos firmes.<br>Comemore a vit\u00f3ria, Sua gra\u00e7a \u00e9 nosso pr\u00eamio,<br>Para sempre em Seu amor, n\u00f3s nos erguemos!<\/p>\n\n\n\n<p><strong>Coro:<\/strong><br>Estamos correndo, estamos correndo, com os olhos no objetivo,<br>Com Jesus em nossos cora\u00e7\u00f5es, Ele nos torna completos.<br>N\u00f3s perseveraremos, permaneceremos no caminho certo,<br>Com f\u00e9 e amor, nunca voltaremos atr\u00e1s.<\/p>\n\n\n\n<p><strong>Ponte:<\/strong><br>A cada passo confiamos em Seu plano,<br>No amor de Deus, permaneceremos para sempre.<\/p>\n\n\n\n<p><strong>Refr\u00e3o (Repeti\u00e7\u00e3o):<\/strong><br>Estamos correndo, estamos correndo, com os olhos no objetivo,<br>Com Jesus em nossos cora\u00e7\u00f5es, Ele nos torna completos.<br>N\u00f3s perseveraremos, permaneceremos no caminho certo,<br>Com f\u00e9 e amor, nunca voltaremos atr\u00e1s.<\/p>\n\n\n\n<p><strong>(Instrumental)<\/strong><\/p>\n\n\n\n<p><strong>Verso 3: (x2)<\/strong><br>Terminaremos fortes, com a poderosa m\u00e3o de Deus,<br>Na vit\u00f3ria por meio de Cristo, permaneceremos firmes.<br>Comemore a vit\u00f3ria, Sua gra\u00e7a \u00e9 nosso pr\u00eamio,<br>Para sempre em Seu amor, n\u00f3s nos erguemos!<\/p>\n\n\n\n<p><strong>Ponte:<\/strong><br>A cada passo confiamos em Seu plano,<br>No amor de Deus, permaneceremos para sempre.<\/p>\n\n\n\n<p><strong>Coro:<\/strong><br>Estamos correndo, estamos correndo, com os olhos no objetivo,<br>Com Jesus em nossos cora\u00e7\u00f5es, Ele nos torna completos.<\/p>\n\n\n\n<div style=\"height:30px\" aria-hidden=\"true\" class=\"wp-block-spacer\"><\/div>\n\n\n\n<p class=\"has-text-align-left\" style=\"font-size:16px\">A\u00e7\u00f5es idealizadas e executadas por Cami Plaster<br>(C) M\u00eddia IPC 2024<\/p>\n\n\n\n<div style=\"height:30px\" aria-hidden=\"true\" class=\"wp-block-spacer\"><\/div>\n\n\n\n<div class=\"wp-block-buttons is-layout-flex wp-block-buttons-is-layout-flex\">\n<div class=\"wp-block-button\"><a class=\"wp-block-button__link wp-element-button\" href=\"https:\/\/www.lovefrance.world\/wp-content\/uploads\/2024\/08\/Running-the-Race-Words-v2.pdf\" target=\"_blank\" rel=\"noreferrer noopener\">baixar PDF<\/a><\/div>\n<\/div>","protected":false},"excerpt":{"rendered":"<p>Running the Race Theme Song Verse 1:We're running the race with God by our side,His Word is our guide, our hearts open wide.Start each day strong with a prayer in our heart,We'll follow Jesus' lead,...<\/p>","protected":false},"author":1,"featured_media":916,"parent":0,"menu_order":0,"comment_status":"closed","ping_status":"closed","template":"","meta":{"_acf_changed":false,"_monsterinsights_skip_tracking":false,"_monsterinsights_sitenote_active":false,"_monsterinsights_sitenote_note":"","_monsterinsights_sitenote_category":0,"pgc_sgb_lightbox_settings":"","footnotes":""},"class_list":["post-1472","page","type-page","status-publish","has-post-thumbnail","hentry"],"acf":[],"_links":{"self":[{"href":"https:\/\/www.lovefrance.world\/pt\/wp-json\/wp\/v2\/pages\/1472","targetHints":{"allow":["GET"]}}],"collection":[{"href":"https:\/\/www.lovefrance.world\/pt\/wp-json\/wp\/v2\/pages"}],"about":[{"href":"https:\/\/www.lovefrance.world\/pt\/wp-json\/wp\/v2\/types\/page"}],"author":[{"embeddable":true,"href":"https:\/\/www.lovefrance.world\/pt\/wp-json\/wp\/v2\/users\/1"}],"replies":[{"embeddable":true,"href":"https:\/\/www.lovefrance.world\/pt\/wp-json\/wp\/v2\/comments?post=1472"}],"version-history":[{"count":8,"href":"https:\/\/www.lovefrance.world\/pt\/wp-json\/wp\/v2\/pages\/1472\/revisions"}],"predecessor-version":[{"id":1612,"href":"https:\/\/www.lovefrance.world\/pt\/wp-json\/wp\/v2\/pages\/1472\/revisions\/1612"}],"wp:featuredmedia":[{"embeddable":true,"href":"https:\/\/www.lovefrance.world\/pt\/wp-json\/wp\/v2\/media\/916"}],"wp:attachment":[{"href":"https:\/\/www.lovefrance.world\/pt\/wp-json\/wp\/v2\/media?parent=1472"}],"curies":[{"name":"wp","href":"https:\/\/api.w.org\/{rel}","templated":true}]}}