{"id":248,"date":"2024-06-04T19:24:42","date_gmt":"2024-06-04T19:24:42","guid":{"rendered":"https:\/\/www.lovefrance.world\/?page_id=248"},"modified":"2024-06-24T11:27:08","modified_gmt":"2024-06-24T11:27:08","slug":"terms-of-use-and-privacy-policy","status":"publish","type":"page","link":"https:\/\/www.lovefrance.world\/pt\/terms-of-use-and-privacy-policy\/","title":{"rendered":"Termos de Uso\/Pol\u00edtica de Privacidade"},"content":{"rendered":"<h2 class=\"wp-block-heading\">Termos de uso<\/h2>\n\n\n\n<p><a href=\"https:\/\/www.lovefrance.world\/pt\/\">www.lovefrance.world<\/a><\/p>\n\n\n\n<p>Por favor, leia os seguintes termos com aten\u00e7\u00e3o, pois o uso do <a href=\"http:\/\/www.lovefrance.world\/pt\/\">www.lovefrance.world<\/a> site significa que voc\u00ea concorda com eles.<\/p>\n\n\n\n<h3 class=\"wp-block-heading\">1. Uso deste Site<\/h3>\n\n\n\n<p>Os direitos sobre os designs, imagens, logotipos, fotografias e conte\u00fado deste Site s\u00e3o de propriedade ou licenciados \u00e0 International Prayer Connect \/ Love France. Eles s\u00e3o protegidos por direitos autorais e outros direitos de propriedade intelectual. As Newsletters podem ser impressas, distribu\u00eddas, enviadas por e-mail e reproduzidas livremente, desde que n\u00e3o sejam editadas ou alteradas de qualquer forma. Qualquer pessoa que pretenda editar, vender, republicar ou utilizar comercialmente o conte\u00fado da newsletter dever\u00e1 obter o acordo por escrito da IPC \/ Love France. Voc\u00ea pode visualizar ou imprimir p\u00e1ginas individuais apenas para seu uso pessoal. Voc\u00ea n\u00e3o pode copiar, reproduzir, modificar, distribuir, republicar, exibir, publicar ou transmitir qualquer parte das p\u00e1ginas do site sem a permiss\u00e3o por escrito da IPC \/ Love France (IPC\/LF).<\/p>\n\n\n\n<h3 class=\"wp-block-heading\">2. Responsabilidade<\/h3>\n\n\n\n<p>Tentamos garantir a veracidade de todo o conte\u00fado. No entanto, n\u00e3o assumimos qualquer responsabilidade pela utiliza\u00e7\u00e3o que voc\u00ea fizer do conte\u00fado. O conte\u00fado deste Site deve ser usado apenas para fins informativos e voc\u00ea n\u00e3o deve confiar nele para tomar (ou abster-se de tomar) qualquer decis\u00e3o ou tomar (ou abster-se de tomar) qualquer a\u00e7\u00e3o.<\/p>\n\n\n\n<p>O Site \u00e9 para seu uso pessoal e n\u00e3o deve ser usado para qualquer finalidade comercial. Como resultado, o IPC\/LF n\u00e3o ser\u00e1 respons\u00e1vel em nenhuma circunst\u00e2ncia pelos seus lucros cessantes.<\/p>\n\n\n\n<p>O IPC\/LF tamb\u00e9m n\u00e3o ser\u00e1 respons\u00e1vel por qualquer perda, incluindo despesas desperdi\u00e7adas, corrup\u00e7\u00e3o ou destrui\u00e7\u00e3o de dados, a menos que a perda resulte de algo que o IPC\/LF tenha feito de errado. O IPC\/LF n\u00e3o se responsabiliza por quaisquer danos ou perdas resultantes da sua incapacidade de utilizar este Site. O IPC\/LF n\u00e3o pode prometer que o Site ser\u00e1 ininterrupto ou totalmente livre de erros. Devido \u00e0 natureza da Internet, o Site \u00e9 fornecido \u201cconforme dispon\u00edvel\u201d. A IPC\/LF n\u00e3o ser\u00e1 respons\u00e1vel perante voc\u00ea se n\u00e3o pudermos fornecer o Site por qualquer motivo fora de nosso controle.<\/p>\n\n\n\n<h3 class=\"wp-block-heading\">3. Conte\u00fado e an\u00fancios<\/h3>\n\n\n\n<p>Este Site tamb\u00e9m fornece links e conte\u00fado de outros sites e recursos da Internet. Como o IPC\/LF n\u00e3o tem controle sobre esses sites e recursos, voc\u00ea reconhece e concorda que o IPC\/LF n\u00e3o \u00e9 respons\u00e1vel pela disponibilidade desses sites ou recursos externos e n\u00e3o endossa e n\u00e3o \u00e9 respons\u00e1vel por qualquer conte\u00fado, publicidade de produtos, servi\u00e7os ou outros materiais dispon\u00edveis nesses sites ou recursos.<\/p>\n\n\n\n<h3 class=\"wp-block-heading\">4. Prote\u00e7\u00e3o de dados e privacidade<\/h3>\n\n\n\n<p>Quaisquer detalhes que voc\u00ea nos forne\u00e7a, a partir dos quais possamos identific\u00e1-lo, ser\u00e3o mantidos e processados de acordo com nossa pol\u00edtica de privacidade.<\/p>\n\n\n\n<h3 class=\"wp-block-heading\">5. Altera\u00e7\u00f5es nos termos<\/h3>\n\n\n\n<p>O IPC\/LF poder\u00e1 alterar o Site ou estes termos a qualquer momento. Se voc\u00ea usar o Site ap\u00f3s a IPC\/LF ter alterado os termos, voc\u00ea ficar\u00e1 vinculado aos novos termos.<\/p>\n\n\n\n<h3 class=\"wp-block-heading\">6. Lei aplic\u00e1vel e jurisdi\u00e7\u00e3o<\/h3>\n\n\n\n<p>Estes termos e o uso deste Site s\u00e3o regidos e interpretados de acordo com as leis dos Estados Unidos e do Estado do Novo M\u00e9xico e quaisquer disputas ser\u00e3o decididas apenas pelos seus tribunais. Este Site pertence e \u00e9 operado pela International Prayer Connect \/ Love France - 313 E Wiser Lake Rd, Lynden WA, 98264, EUA.<\/p>\n\n\n\n<h2 class=\"wp-block-heading\">Pol\u00edtica de privacidade<\/h2>\n\n\n\n<p><a href=\"https:\/\/www.lovefrance.world\/pt\/\">www.lovefrance.world<\/a><\/p>\n\n\n\n<h3 class=\"wp-block-heading\">Como a International Prayer Connect lida com dados pessoais<\/h3>\n\n\n\n<p>Nossa Pol\u00edtica de Privacidade abaixo explica como coletaremos e usaremos as informa\u00e7\u00f5es que voc\u00ea nos fornecer. International Prayer Connect \/ Love France (IPC \/ LF) \u00e9 um grupo de 40 l\u00edderes seniores de ora\u00e7\u00e3o e minist\u00e9rio mission\u00e1rio de todas as na\u00e7\u00f5es. A palavra &#039;n\u00f3s&#039; refere-se \u00e0 Equipe de Lideran\u00e7a International Prayer Connect e \u00e0 equipe Love France (IPC \/ LF), salvo indica\u00e7\u00e3o em contr\u00e1rio.<\/p>\n\n\n\n<h3 class=\"wp-block-heading\">Coleta e uso de informa\u00e7\u00f5es<\/h3>\n\n\n\n<p>Voc\u00ea ser\u00e1 solicitado a enviar informa\u00e7\u00f5es pessoais sobre voc\u00ea (por exemplo, nome e endere\u00e7o de e-mail, etc.) em formul\u00e1rios para receber ou usar servi\u00e7os em nosso site.<\/p>\n\n\n\n<p>Este servi\u00e7o inclui atualmente newsletters. Assumimos o compromisso de tratar os seus dados pessoais com o devido cuidado e de acordo com os princ\u00edpios de Prote\u00e7\u00e3o de Dados. O IPC\/LF n\u00e3o vender\u00e1, compartilhar\u00e1 ou alugar\u00e1 as informa\u00e7\u00f5es que voc\u00ea fornecer a ningu\u00e9m. Usaremos essas informa\u00e7\u00f5es exclusivamente para administra\u00e7\u00e3o e gerenciamento de assinaturas e para nos comunicarmos com voc\u00ea sobre nossas atividades e iniciativas associadas. Ao submeter-nos dados, estar\u00e1 a indicar-nos o seu consentimento para o contactarmos atrav\u00e9s de qualquer meio de contacto que nos forne\u00e7a. (aplicativo de mensagens instant\u00e2neas, e-mail, telefone, fax, correio ou SMS\/MMS), a menos que voc\u00ea indique uma obje\u00e7\u00e3o ao recebimento de tais mensagens marcando qualquer caixa fornecida OU entre em contato conosco diretamente para expressar suas prefer\u00eancias.<\/p>\n\n\n\n<h3 class=\"wp-block-heading\">Monitoramento de visitas ao site<\/h3>\n\n\n\n<p>Registramos anonimamente as tend\u00eancias de uso, como o n\u00famero de vezes que uma p\u00e1gina \u00e9 acessada e de quais sites os usu\u00e1rios chegaram ao nosso site. Essas informa\u00e7\u00f5es n\u00e3o podem ser rastreadas at\u00e9 um \u00fanico usu\u00e1rio. Usamos cookies para monitorar como nossos membros usam o site. *Cookies s\u00e3o arquivos de texto que podem, em algumas circunst\u00e2ncias, identificar o seu computador (atrav\u00e9s do que \u00e9 conhecido como endere\u00e7o IP) para um servidor.<\/p>\n\n\n\n<h3 class=\"wp-block-heading\">Links para outros sites<\/h3>\n\n\n\n<p>Nosso site cont\u00e9m links para outros sites. Nem a Equipe de Lideran\u00e7a do International Prayer Connect, Love France, nem seus parceiros s\u00e3o respons\u00e1veis pela privacidade e seguran\u00e7a desses sites. Esta pol\u00edtica de privacidade aplica-se apenas a este site.<\/p>\n\n\n\n<h3 class=\"wp-block-heading\">Seguran\u00e7a de informa\u00e7\u00f5es confidenciais<\/h3>\n\n\n\n<p>Se solicitarmos informa\u00e7\u00f5es confidenciais, como n\u00fameros de cart\u00e3o de cr\u00e9dito, usaremos criptografia segura quando apropriado.<\/p>\n\n\n\n<p>Se voc\u00ea se comunicar conosco por e-mail pela Internet, voc\u00ea deve estar ciente de que a natureza da Internet \u00e9 tal que a comunica\u00e7\u00e3o n\u00e3o criptografada pode n\u00e3o ser segura e pode passar por v\u00e1rios pa\u00edses diferentes no caminho at\u00e9 n\u00f3s.<\/p>\n\n\n\n<p>Por favor, n\u00e3o nos envie e-mails com informa\u00e7\u00f5es confidenciais ou confidenciais, como detalhes do seu cart\u00e3o de cr\u00e9dito. N\u00e3o podemos aceitar responsabilidade por acesso n\u00e3o autorizado \u00e0s suas informa\u00e7\u00f5es que estejam fora do nosso controle. Ao nos enviar dados, voc\u00ea nos d\u00e1 consentimento para usar seus dados pessoais confidenciais, por exemplo, informa\u00e7\u00f5es de cart\u00e3o de cr\u00e9dito, exclusivamente para os fins para os quais voc\u00ea os envia. Isso pode incluir pass\u00e1-lo a terceiros. Por exemplo, ao processar doa\u00e7\u00f5es, podemos coletar seus dados financeiros, que depois repassamos aos agentes do sistema banc\u00e1rio de quem liberamos os fundos. N\u00f3s, e eles, usamos essas informa\u00e7\u00f5es apenas para lhe fornecer este servi\u00e7o de pagamento.<\/p>\n\n\n\n<h3 class=\"wp-block-heading\">Corre\u00e7\u00e3o\/atualiza\u00e7\u00e3o\/cancelamento de informa\u00e7\u00f5es pessoais<\/h3>\n\n\n\n<p>Se as suas informa\u00e7\u00f5es de identifica\u00e7\u00e3o pessoal mudarem (como o seu endere\u00e7o postal), ou se voc\u00ea n\u00e3o desejar mais usar o nosso servi\u00e7o, faremos o poss\u00edvel para fornecer uma maneira de corrigir, atualizar ou remover os dados pessoais que nos foram fornecidos. Isso pode ser feito enviando um e-mail&nbsp;<a href=\"mailto:contact@lovefrance.world\">contact@lovefrance.world<\/a> clicando no link &#039;cancelar assinatura&#039; em qualquer um de nossos e-mails ou escrevendo para 313 E Wiser Lake Rd, Lynden WA, 98264, EUA.<\/p>\n\n\n\n<h3 class=\"wp-block-heading\">Altera\u00e7\u00f5es nesta Pol\u00edtica de Privacidade<\/h3>\n\n\n\n<p>Poderemos alterar esta pol\u00edtica de tempos em tempos e a vers\u00e3o atual ser\u00e1 a publicada neste site. Se alguma altera\u00e7\u00e3o alterar substancialmente os direitos ou privil\u00e9gios dos nossos membros, enviar-lhes-emos um e-mail com detalhes.<\/p>\n\n\n\n<h3 class=\"wp-block-heading\">Como acessar suas informa\u00e7\u00f5es pessoais<\/h3>\n\n\n\n<p>Uma lista completa dos dados que mantemos em seu nome pode ser fornecida mediante solicita\u00e7\u00e3o por uma pequena taxa. Por favor, encaminhe as solicita\u00e7\u00f5es junto com um cheque de $50 para The Administrator, The International Prayer Connect Leadership Team, 313 E Wiser Lake Rd, Lynden WA, 98264, EUA.<\/p>","protected":false},"excerpt":{"rendered":"<p>Terms of Use www.lovefrance.world Please read the following terms carefully as use of the www.lovefrance.world website means that you agree to them. 1. Use of this Site The rights in the designs, pictures, logos, photographs...<\/p>","protected":false},"author":1,"featured_media":152,"parent":0,"menu_order":0,"comment_status":"closed","ping_status":"closed","template":"","meta":{"_acf_changed":false,"_monsterinsights_skip_tracking":false,"_monsterinsights_sitenote_active":false,"_monsterinsights_sitenote_note":"","_monsterinsights_sitenote_category":0,"pgc_sgb_lightbox_settings":"","footnotes":""},"class_list":["post-248","page","type-page","status-publish","has-post-thumbnail","hentry"],"acf":[],"_links":{"self":[{"href":"https:\/\/www.lovefrance.world\/pt\/wp-json\/wp\/v2\/pages\/248","targetHints":{"allow":["GET"]}}],"collection":[{"href":"https:\/\/www.lovefrance.world\/pt\/wp-json\/wp\/v2\/pages"}],"about":[{"href":"https:\/\/www.lovefrance.world\/pt\/wp-json\/wp\/v2\/types\/page"}],"author":[{"embeddable":true,"href":"https:\/\/www.lovefrance.world\/pt\/wp-json\/wp\/v2\/users\/1"}],"replies":[{"embeddable":true,"href":"https:\/\/www.lovefrance.world\/pt\/wp-json\/wp\/v2\/comments?post=248"}],"version-history":[{"count":6,"href":"https:\/\/www.lovefrance.world\/pt\/wp-json\/wp\/v2\/pages\/248\/revisions"}],"predecessor-version":[{"id":392,"href":"https:\/\/www.lovefrance.world\/pt\/wp-json\/wp\/v2\/pages\/248\/revisions\/392"}],"wp:featuredmedia":[{"embeddable":true,"href":"https:\/\/www.lovefrance.world\/pt\/wp-json\/wp\/v2\/media\/152"}],"wp:attachment":[{"href":"https:\/\/www.lovefrance.world\/pt\/wp-json\/wp\/v2\/media?parent=248"}],"curies":[{"name":"wp","href":"https:\/\/api.w.org\/{rel}","templated":true}]}}