{"id":425,"date":"2024-07-02T04:39:12","date_gmt":"2024-07-02T04:39:12","guid":{"rendered":"https:\/\/www.lovefrance.world\/?page_id=425"},"modified":"2024-07-02T05:13:07","modified_gmt":"2024-07-02T05:13:07","slug":"messy-church-heros-delafoi","status":"publish","type":"page","link":"https:\/\/www.lovefrance.world\/pt\/messy-church-heros-delafoi\/","title":{"rendered":"Igreja bagun\u00e7ada Heros DeLaFoi"},"content":{"rendered":"<figure class=\"wp-block-image size-full\"><img loading=\"lazy\" decoding=\"async\" width=\"1200\" height=\"143\" src=\"https:\/\/www.lovefrance.world\/wp-content\/uploads\/2024\/07\/Messy-Church-session-Hero-of-faith-Eric-Liddell-1.jpg\" alt=\"\" class=\"wp-image-457\" srcset=\"https:\/\/www.lovefrance.world\/wp-content\/uploads\/2024\/07\/Messy-Church-session-Hero-of-faith-Eric-Liddell-1.jpg 1200w, https:\/\/www.lovefrance.world\/wp-content\/uploads\/2024\/07\/Messy-Church-session-Hero-of-faith-Eric-Liddell-1-380x45.jpg 380w, https:\/\/www.lovefrance.world\/wp-content\/uploads\/2024\/07\/Messy-Church-session-Hero-of-faith-Eric-Liddell-1-768x92.jpg 768w, https:\/\/www.lovefrance.world\/wp-content\/uploads\/2024\/07\/Messy-Church-session-Hero-of-faith-Eric-Liddell-1-18x2.jpg 18w\" sizes=\"auto, (max-width: 1200px) 100vw, 1200px\" \/><\/figure>\n\n\n\n<h2 class=\"wp-block-heading has-text-align-left\">Reflexo bagun\u00e7ado<\/h2>\n\n\n\n<p>Para que voc\u00eas possam se tornar irrepreens\u00edveis e puros, &#039;filhos de Deus irrepreens\u00edveis em uma gera\u00e7\u00e3o distorcida e deturpada&#039;. Ent\u00e3o voc\u00ea brilhar\u00e1 entre eles como estrelas no c\u00e9u, ao se apegar firmemente \u00e0 palavra da vida.<br>Filipenses 2:15\u201316a (NVI)<\/p>\n\n\n\n<p>Portanto, j\u00e1 que estamos rodeados por t\u00e3o grande nuvem de testemunhas, livremo-nos de tudo o que nos atrapalha e do pecado que t\u00e3o facilmente nos envolve. E corramos com perseveran\u00e7a a corrida que nos est\u00e1 proposta, fixando os olhos em Jesus, pioneiro e consumador da f\u00e9. Pela alegria que lhe estava proposta, ele suportou a cruz, desprezando sua vergonha, e sentou-se \u00e0 direita do trono de Deus. Considere aquele que suportou tal oposi\u00e7\u00e3o dos pecadores, para que voc\u00ea n\u00e3o se canse e n\u00e3o desanime.<br>Hebreus 12:1\u20133 (NVI)<\/p>\n\n\n\n<ul class=\"wp-block-list\">\n<li>Como essas passagens mostram algo de Eric<br>A f\u00e9 e os valores de Liddell?<\/li>\n<\/ul>\n\n\n\n<p>Deixamos que o que Cristo fez por n\u00f3s brilhe em tudo em nossas vidas. Deixamos que a justi\u00e7a de Deus seja evidente em nossas vidas \u00e0 medida que vivemos vidas puras e irrepreens\u00edveis diante de Deus. Segundo, brilhamos como estrelas no universo quando assumimos a mente e a atitude de Jesus.<\/p>\n\n\n\n<ul class=\"wp-block-list\">\n<li>Como a vida de Eric brilhou com o amor de Deus?<\/li>\n\n\n\n<li>Como podemos brilhar naquilo que pensamos e fazemos?<\/li>\n<\/ul>\n\n\n\n<h2 class=\"wp-block-heading\">discipulado: equipe<\/h2>\n\n\n\n<h3 class=\"wp-block-heading\">Como esta sess\u00e3o ajuda as pessoas a crescer em Cristo?<\/h3>\n\n\n\n<p>Esta sess\u00e3o refletir\u00e1 sobre a vida, a f\u00e9, o envolvimento mission\u00e1rio e as conquistas esportivas de um grande homem de f\u00e9 \u2013 Eric Liddell.<\/p>\n\n\n\n<p>Isso encorajar\u00e1 as pessoas a refletirem sobre como sua f\u00e9 impactou sua vida e a vida de outras pessoas. Este ano marca 100 anos desde a famosa medalha de ouro de Eric nos Jogos Ol\u00edmpicos de 1924 em Paris. Juntamente com o seu sucesso na pista, os seus valores crist\u00e3os e o seu exemplo s\u00e3o uma inspira\u00e7\u00e3o que nos encoraja a considerar como usamos os talentos que Deus nos deu e partilhamos as boas novas de Jesus.<\/p>\n\n\n\n<h2 class=\"wp-block-heading\">A hist\u00f3ria de Eric Liddell<\/h2>\n\n\n\n<p>Assista esse video (<a href=\"http:\/\/ericLiddell.org\/wp-content\/uploads\/2023\/07\/EL100-Promo-Video-small.mp4\" target=\"_blank\" rel=\"noreferrer noopener\">ericLiddell.org\/wp-content\/uploads\/2023\/07\/EL100-Promo-Video-small.mp4<\/a>) ou fa\u00e7a uma narra\u00e7\u00e3o dramatizada de sua hist\u00f3ria.<\/p>\n\n\n\n<h3 class=\"wp-block-heading\">Pontos-chave da vida de Eric<\/h3>\n\n\n\n<ul class=\"wp-block-list\">\n<li>Nasceu no norte da China, filho de pais mission\u00e1rios escoceses, em 1902.<\/li>\n\n\n\n<li>Aos cinco anos ele voltou para o Reino Unido e foi para um internato.<\/li>\n\n\n\n<li>Aos 18 anos, Eric foi para a Universidade de Edimburgo e se envolveu em corrida.<\/li>\n\n\n\n<li>1922 \u2013 joga rugby pela Esc\u00f3cia.<\/li>\n\n\n\n<li>1923 \u2013 estabelece o recorde brit\u00e2nico de 100 jardas.<\/li>\n\n\n\n<li>1924 \u2013 ganha ouro nas Olimp\u00edadas \u2013 MAS se recusa a correr no domingo, ent\u00e3o tem que correr os 400 m em vez dos 100 m e vence.<\/li>\n\n\n\n<li>1925 \u2013 aposenta-se do esporte e muda-se para a China para servir a Deus como mission\u00e1rio.<\/li>\n\n\n\n<li>1932 \u2013 ordenado ministro.<\/li>\n\n\n\n<li>1934 \u2013 casa-se com Florence e tem tr\u00eas filhos.<\/li>\n\n\n\n<li>1941 \u2013 a fam\u00edlia \u00e9 separada por causa da guerra.<\/li>\n\n\n\n<li>1943 \u2013 Eric \u00e9 capturado e colocado em um campo de internamento. Ele ajudou no esporte e compartilhou sua f\u00e9 no acampamento.<\/li>\n\n\n\n<li>1945 \u2013 Eric morre de um tumor cerebral no campo.<\/li>\n<\/ul>\n\n\n\n<h2 class=\"wp-block-heading\">Atividades<\/h2>\n\n\n\n<ol class=\"wp-block-list\">\n<li><strong>A vida e testemunho de Eric Liddell<\/strong><\/li>\n<\/ol>\n\n\n\n<p>Voc\u00ea precisar\u00e1 de: a lista de videoclipes de Eric Liddell no final desta sess\u00e3o; o v\u00eddeo sobre o resumo da vida e legado de Eric Liddell \u2013 <a href=\"http:\/\/ericLiddell.org\/wp-content\/uploads\/2023\/07\/EL100-Promo-Video-small.mp4\" target=\"_blank\" rel=\"noreferrer noopener\">ericLiddell.org\/wp-content\/uploads\/2023\/07\/EL100-Promo-Video-small.mp4<\/a><\/p>\n\n\n\n<p>Assista ao v\u00eddeo da vida e do legado de Eric, al\u00e9m de escolher alguns da lista para assistir tamb\u00e9m. Por que n\u00e3o incluir alguns clipes de Chariots of Fire?<\/p>\n\n\n\n<p>Fale sobre o que voc\u00ea achou interessante sobre Eric Liddell.<\/p>\n\n\n\n<ol class=\"wp-block-list\" start=\"2\">\n<li><strong>Linha do tempo de Eric Liddell<\/strong><\/li>\n<\/ol>\n\n\n\n<p>Voc\u00ea vai precisar de: uma linha do tempo da vida de Eric cortada em tiras (h\u00e1 um recurso \u00fatil aqui com uma linha do tempo no final \u2013 rapazes- <a href=\"http:\/\/brigade.org.uk\/wp-content\/uploads\/2023\/12\/seniors-heroes_of_faith_eric_Liddell-themed_programme-with_activity_sheet-web.pdf\" target=\"_blank\" rel=\"noreferrer noopener\">brigade.org.uk\/wp-content\/uploads\/2023\/12\/seniors-heroes_of_faith_eric_Liddell-themed_programme-with_activity_sheet-web.pdf<\/a>)<\/p>\n\n\n\n<p>Certifique-se de ter c\u00f3pias suficientes para cada grupo e, em seguida, organize cada mesa para colocar em ordem os principais eventos da vida de Eric.<\/p>\n\n\n\n<p><strong>Falar sobre<\/strong> como Eric tinha um senso de chamado e compromisso com Deus.<\/p>\n\n\n\n<ol class=\"wp-block-list\" start=\"3\">\n<li><strong>Saltos de estrela dupla<\/strong><\/li>\n<\/ol>\n\n\n\n<p><strong>Voc\u00ea vai precisar de: um cron\u00f4metro<\/strong><\/p>\n\n\n\n<p>As pessoas podem se revezar para ver quantos saltos estelares conseguem fazer em um minuto ou, se estiverem se sentindo corajosos, tente quatro minutos!<\/p>\n\n\n\n<p><strong>Falar sobre<\/strong> quantos saltos estelares cada pessoa conseguiu em um minuto e quatro minutos. Qu\u00e3o mais dif\u00edcil foi continuar por quatro minutos? Como teria sido para Eric ter treinado para a corrida de 100 metros, mas depois correr (e vencer!) os 400 metros?<\/p>\n\n\n\n<ol class=\"wp-block-list\" start=\"4\">\n<li><strong>Fa\u00e7a a corrida em mandarim<\/strong><\/li>\n<\/ol>\n\n\n\n<p><strong>Voc\u00ea vai precisar de: papel; boas canetas para escrever (as de caligrafia s\u00e3o ainda melhores!)<\/strong><\/p>\n\n\n\n<p>Copie ou trace a escrita abaixo, que diz &#039;Corra&#039; em mandarim e \u00e9 pronunciado P\u01ceo b\u01d0s\u00e0i.<\/p>\n\n\n\n<p><strong>Falar sobre<\/strong> como Eric Liddell \u201ccorreu a corrida\u201d da sua vida na Gr\u00e3-Bretanha e na China.<\/p>\n\n\n\n<ol class=\"wp-block-list\" start=\"5\">\n<li><strong>Her\u00f3is do esporte<\/strong><\/li>\n<\/ol>\n\n\n\n<p><strong>Voc\u00ea vai precisar de: fotos de diferentes esportistas<\/strong><\/p>\n\n\n\n<p>Veja se as pessoas conseguem adivinhar os diferentes her\u00f3is do esporte e o que os torna her\u00f3is?<\/p>\n\n\n\n<p><strong>Falar sobre<\/strong> como Eric Liddell foi um her\u00f3i.<\/p>\n\n\n\n<ol class=\"wp-block-list\" start=\"6\">\n<li><strong>Pegue minhas m\u00e3os e p\u00e9s<\/strong><\/li>\n<\/ol>\n\n\n\n<p><strong>Voc\u00ea vai precisar de: papel; canetas; tesoura<\/strong><\/p>\n\n\n\n<p>Leia o vers\u00edculo abaixo do hino &#039;Take my life&#039;, de Frances Havergal (1836\u20131879). Convide as pessoas a desenharem as m\u00e3os e os p\u00e9s. Recorte-os e escreva nas m\u00e3os como Deus pode pegar suas m\u00e3os e us\u00e1-las \u2013 o que voc\u00ea pode FAZER por Deus? Nos p\u00e9s, como Deus pode pegar seus p\u00e9s e us\u00e1-los \u2013 onde voc\u00ea pode IR para Deus? Esta pode ser a sua rua, escola ou mais longe.<\/p>\n\n\n\n<p>Leia o vers\u00edculo novamente enquanto todos seguram as m\u00e3os e os p\u00e9s recortados.<\/p>\n\n\n\n<p><em>Pegue minhas m\u00e3os e deixe-as se mover<br>pelo impulso de amarem;<br>pegue meus p\u00e9s e deixe-os em paz<br>r\u00e1pido e lindo para ti.<\/em><\/p>\n\n\n\n<p><strong>Falar sobre<\/strong> como Eric Liddell ofereceu sua vida a Deus. Ele usava os p\u00e9s para correr e vencer corridas; as m\u00e3os e os p\u00e9s para jogar rugby; ele viajou para a China para falar sobre Jesus; ele usou as m\u00e3os e os p\u00e9s para ajudar outras pessoas enquanto estava em um campo de internamento.<\/p>\n\n\n\n<h2 class=\"wp-block-heading\">Celebra\u00e7\u00e3o<\/h2>\n\n\n\n<p><em>Explore a vida de Eric Liddell e como ele brilha de dentro para fora.<\/em><\/p>\n\n\n\n<p>Use a m\u00fasica &#039;Shine&#039; - <a href=\"http:\/\/youtu.be\/WGarMi70QSs\" target=\"_blank\" rel=\"noreferrer noopener\">youtu.be\/WGarMi70QSs<\/a><\/p>\n\n\n\n<p><em>Cante a m\u00fasica com a\u00e7\u00f5es no in\u00edcio e no final da celebra\u00e7\u00e3o e, em seguida, explore a vida de Eric Liddell e como ele brilhou em diferentes aspectos de sua vida. Tenha uma esta\u00e7\u00e3o configurada para cada \u00e1rea e as pessoas podem circular em torno delas.<\/em><\/p>\n\n\n\n<ol class=\"wp-block-list\">\n<li><strong>Esporte<\/strong> - Eric usou seu dom esportivo para jogar rugby pela Esc\u00f3cia e tamb\u00e9m para correr. A prova para a qual treinou foram os 100 metros, mas optou por n\u00e3o competir nas Olimp\u00edadas porque a prova era num domingo, ent\u00e3o correu os 400 metros e venceu!<br>Eric disse: &#039;Acredito que Deus me criou com um prop\u00f3sito, mas ele tamb\u00e9m me fez r\u00e1pido. E quando corro, sinto o prazer dele.<br><strong>O que<\/strong> dons voc\u00ea usa para Deus? O que traz prazer a Deus?<\/li>\n\n\n\n<li><strong>F\u00e9<\/strong> \u2013 A f\u00e9 de Eric em Deus foi muito importante para ele e veio em primeiro lugar em sua vida. Ele se recusou a correr no domingo \u2013 o s\u00e1bado que ele achava que deveria ser santificado.<br>Eric disse: &#039;Muitos de n\u00f3s estamos perdendo alguma coisa na vida porque estamos atr\u00e1s do segundo melhor. Coloco diante de voc\u00eas o que considero o melhor \u2013 aquele que \u00e9 digno de toda a nossa devo\u00e7\u00e3o \u2013 Jesus Cristo. Ele \u00e9 o Salvador dos jovens e dos idosos. Senhor, aqui estou.<br><strong>Como<\/strong> voc\u00ea poderia colocar Jesus em primeiro lugar?<\/li>\n\n\n\n<li><strong>Compartilhando f\u00e9<\/strong> \u2013 Eric compartilhou sobre sua f\u00e9 em Jesus onde quer que estivesse \u2013 na pista esportiva, na China e na Esc\u00f3cia. Pessoas vieram de longe para ouvi-lo falar.<br>Eric disse: &#039;Somos todos mission\u00e1rios. Onde quer que vamos, ou aproximamos as pessoas de Cristo ou as afastamos de Cristo.&#039;<br><strong>Como<\/strong> compartilhamos sobre Jesus e trazemos outros a ele<\/li>\n\n\n\n<li><strong>Sofrendo pela f\u00e9<\/strong> \u2013 Eric foi separado de sua fam\u00edlia e enviado para um campo de internamento durante a guerra, e acabou morrendo l\u00e1 de um tumor cerebral. Sua f\u00e9 em Deus o ajudou neste momento dif\u00edcil e ele foi capaz de ajudar e<br>encoraje os outros.<br>Eric disse: &#039;A vit\u00f3ria sobre todas as circunst\u00e2ncias da vida n\u00e3o vem pela for\u00e7a, nem pelo poder, mas por uma confian\u00e7a pr\u00e1tica em Deus e por permitir que seu Esp\u00edrito habite em nossos cora\u00e7\u00f5es e controle nossas a\u00e7\u00f5es e emo\u00e7\u00f5es. conforto, aprenda a pensar em termos da ora\u00e7\u00e3o que se segue, para que quando os dias de dificuldades chegarem voc\u00ea esteja totalmente preparado e equipado para enfrent\u00e1-los.&#039;<br><strong>Como<\/strong> sua f\u00e9 em Deus pode ajud\u00e1-lo quando as coisas est\u00e3o dif\u00edceis?<\/li>\n<\/ol>\n\n\n\n<p><em>Ao explorarmos a vida e a f\u00e9 de Eric, vimos como ele &#039;brilhou de dentro para fora, para que o mundo pudesse ver que ele vive em mim&#039;.<\/em><\/p>\n\n\n\n<h3 class=\"wp-block-heading\">Ora\u00e7\u00e3o<\/h3>\n\n\n\n<p><em>Um pouco como no tempo de celebra\u00e7\u00e3o, tenha diferentes locais de ora\u00e7\u00e3o onde as pessoas possam realizar diferentes atividades de ora\u00e7\u00e3o.<\/em><\/p>\n\n\n\n<p><strong>Esporte<\/strong> \u2013 Escreva alguns de seus dons e coisas em que voc\u00ea \u00e9 bom em uma bola de ruby ou futebol. Agrade\u00e7a a Deus pelos dons que ele lhe deu e ore para que ele o ajude a us\u00e1-los bem.<\/p>\n\n\n\n<p><strong>Miss\u00e3o<\/strong> \u2013 Escreva ora\u00e7\u00f5es para que igrejas em diferentes pa\u00edses cres\u00e7am. Voc\u00ea poderia col\u00e1-los em um mapa mundial.<\/p>\n\n\n\n<p><strong>Vivendo sua f\u00e9 <\/strong>\u2013 Num grande contorno de estrela, escreva ou desenhe o que voc\u00ea pode fazer para brilhar e viver a sua f\u00e9 e compartilhar o amor de Deus.<\/p>\n\n\n\n<p><strong>Sofrimento em tempos de guerra<\/strong> \u2013 Num jornal, escreva ora\u00e7\u00f5es curtas para aqueles que sofrem por causa da guerra, ou ore por pa\u00edses espec\u00edficos onde a guerra \u00e9 uma realidade di\u00e1ria.<\/p>\n\n\n\n<h3 class=\"wp-block-heading\">Sugest\u00f5es de m\u00fasicas<\/h3>\n\n\n\n<p>&#039;Brilha (por dentro)&#039; \u2013 Colheita de Primavera<br>&#039;Com tudo o que sou&#039; - Hillsong Worship<br>&#039;Correndo a corrida&#039; \u2013 Harbour Collective<br>&#039;Corra a corrida&#039; - Holly Starr<br>&#039;Correndo a corrida&#039; - Freedom Church<\/p>\n\n\n\n<h3 class=\"wp-block-heading\">Sugest\u00e3o de refei\u00e7\u00e3o<\/h3>\n\n\n\n<p>Uma refei\u00e7\u00e3o de inspira\u00e7\u00e3o chinesa, como wraps com frango desfiado e molho hoisin, macarr\u00e3o com molho agridoce, bolachas de camar\u00e3o e ch\u00e1 verde.<\/p>\n\n\n\n<p>Saiba mais sobre o Eric Liddell 100 em <a href=\"http:\/\/ericLiddell.org\/the-eric-Liddell-100\" target=\"_blank\" rel=\"noreferrer noopener\">ericLiddell.org\/the-eric-Liddell-100<\/a>, e-mail <a href=\"mailto:EL100@ericLiddell.org\">EL100@ericLiddell.org<\/a> ou pesquise The Eric Liddell Community nas redes sociais.<\/p>\n\n\n\n<h2 class=\"wp-block-heading\">Videoclipes sobre Eric Liddell<\/h2>\n\n\n\n<p>Voc\u00ea pode usar o filme Chariots of Fire completo (o filme completo pode ser alugado no Amazon Prime ou assistido no Disney +) ou esses clipes curtos de v\u00e1rias maneiras.<\/p>\n\n\n\n<p>Clipes de Carruagens de Fogo:<\/p>\n\n\n\n<ul class=\"wp-block-list\">\n<li>Um discurso de Eric Liddell \u2013 <a href=\"http:\/\/youtu.be\/w57Atv9GyNY\" target=\"_blank\" rel=\"noreferrer noopener\">youtu.be\/w57Atv9GyNY<\/a><\/li>\n\n\n\n<li>N\u00e3o vou correr no s\u00e1bado \u2013 <a href=\"http:\/\/youtu.be\/usIpld3BZWw\" target=\"_blank\" rel=\"noreferrer noopener\">youtu.be\/usIpld3BZWw<\/a><\/li>\n\n\n\n<li>Aquele que honra a Deus \u2013 <a href=\"http:\/\/youtu.be\/uwyltmUR3MU\" target=\"_blank\" rel=\"noreferrer noopener\">youtu.be\/uwyltmUR3MU<\/a><\/li>\n\n\n\n<li>De onde vem o poder \u2013 <a href=\"http:\/\/youtu.be\/kbgR-pOIFbE\" target=\"_blank\" rel=\"noreferrer noopener\">youtu.be\/kbgR-pOIFbE<\/a><\/li>\n<\/ul>\n\n\n\n<p>Outros videoclipes:<\/p>\n\n\n\n<ul class=\"wp-block-list\">\n<li>O escoc\u00eas voador leva ouro \u2013 <a href=\"http:\/\/youtu.be\/IYNUxdoIacA\" target=\"_blank\" rel=\"noreferrer noopener\">youtu.be\/IYNUxdoIacA<\/a><\/li>\n\n\n\n<li>A morte de Eric Liddell \u2013 <a href=\"http:\/\/youtu.be\/KL0kzagSQwY\" target=\"_blank\" rel=\"noreferrer noopener\">youtu.be\/KL0kzagSQwY<\/a><\/li>\n\n\n\n<li>Eric Liddell: de atleta ol\u00edmpico a mission\u00e1rio martirizado \u2013 <a href=\"http:\/\/youtu.be\/rZdGZLe-N2U\" target=\"_blank\" rel=\"noreferrer noopener\">youtu.be\/rZdGZLe-N2U<\/a><\/li>\n\n\n\n<li>Eric Liddell: tudo na vida \u00e9 uma palestra sobre corrida \u2013 <a href=\"http:\/\/youtu.be\/r9NclUKgqFs\" target=\"_blank\" rel=\"noreferrer noopener\">youtu.be\/r9NclUKgqFs<\/a><\/li>\n\n\n\n<li>Um resumo da vida e do legado de Eric Liddell \u2013 <a href=\"http:\/\/ericLiddell.org\/wp-content\/uploads\/2023\/07\/EL100-Promo-Video-small.mp4\" target=\"_blank\" rel=\"noreferrer noopener\">ericLiddell.org\/wp-content\/uploads\/2023\/07\/EL100-Promo-Video-small.mp4<\/a><\/li>\n<\/ul>\n\n\n\n<p>Como institui\u00e7\u00e3o de caridade, contamos com a arrecada\u00e7\u00e3o de fundos e doa\u00e7\u00f5es em testamentos para entregar Anna Chaplaincy, Living Faith, Messy Church e Parenting for Faith. Conseguimos fornecer este recurso gratuitamente gra\u00e7as \u00e0 generosidade de outras pessoas. Se voc\u00ea se beneficiou do nosso trabalho, ajude mais pessoas a fazerem o mesmo. <a href=\"http:\/\/brf.org.uk\/give +44 (0)1235 462305\" target=\"_blank\" rel=\"noreferrer noopener\">brf.org.uk\/give +44 (0)1235 462305<\/a><\/p>","protected":false},"excerpt":{"rendered":"<p>Messy reflection So that you may become blameless and pure, \u2018children of God without fault in a warped and crooked generation.\u2019 Then you will shine among them like stars in the sky as you hold...<\/p>","protected":false},"author":1,"featured_media":237,"parent":0,"menu_order":0,"comment_status":"closed","ping_status":"closed","template":"","meta":{"_acf_changed":false,"_monsterinsights_skip_tracking":false,"_monsterinsights_sitenote_active":false,"_monsterinsights_sitenote_note":"","_monsterinsights_sitenote_category":0,"pgc_sgb_lightbox_settings":"","footnotes":""},"class_list":["post-425","page","type-page","status-publish","has-post-thumbnail","hentry"],"acf":[],"_links":{"self":[{"href":"https:\/\/www.lovefrance.world\/pt\/wp-json\/wp\/v2\/pages\/425","targetHints":{"allow":["GET"]}}],"collection":[{"href":"https:\/\/www.lovefrance.world\/pt\/wp-json\/wp\/v2\/pages"}],"about":[{"href":"https:\/\/www.lovefrance.world\/pt\/wp-json\/wp\/v2\/types\/page"}],"author":[{"embeddable":true,"href":"https:\/\/www.lovefrance.world\/pt\/wp-json\/wp\/v2\/users\/1"}],"replies":[{"embeddable":true,"href":"https:\/\/www.lovefrance.world\/pt\/wp-json\/wp\/v2\/comments?post=425"}],"version-history":[{"count":7,"href":"https:\/\/www.lovefrance.world\/pt\/wp-json\/wp\/v2\/pages\/425\/revisions"}],"predecessor-version":[{"id":460,"href":"https:\/\/www.lovefrance.world\/pt\/wp-json\/wp\/v2\/pages\/425\/revisions\/460"}],"wp:featuredmedia":[{"embeddable":true,"href":"https:\/\/www.lovefrance.world\/pt\/wp-json\/wp\/v2\/media\/237"}],"wp:attachment":[{"href":"https:\/\/www.lovefrance.world\/pt\/wp-json\/wp\/v2\/media?parent=425"}],"curies":[{"name":"wp","href":"https:\/\/api.w.org\/{rel}","templated":true}]}}