{"id":1013,"date":"2024-07-24T07:47:15","date_gmt":"2024-07-24T07:47:15","guid":{"rendered":"https:\/\/www.lovefrance.world\/?page_id=1013"},"modified":"2024-07-26T14:20:30","modified_gmt":"2024-07-26T12:20:30","slug":"pray-for-5","status":"publish","type":"page","link":"https:\/\/www.lovefrance.world\/ro\/pray-for-5\/","title":{"rendered":"Roag\u0103-te pentru 5"},"content":{"rendered":"<figure class=\"wp-block-image alignwide size-full\"><img loading=\"lazy\" decoding=\"async\" width=\"1200\" height=\"584\" src=\"https:\/\/www.lovefrance.world\/wp-content\/uploads\/2024\/07\/BLESS_Card_v1.jpg\" alt=\"\" class=\"wp-image-1014\" srcset=\"https:\/\/www.lovefrance.world\/wp-content\/uploads\/2024\/07\/BLESS_Card_v1.jpg 1200w, https:\/\/www.lovefrance.world\/wp-content\/uploads\/2024\/07\/BLESS_Card_v1-380x185.jpg 380w, https:\/\/www.lovefrance.world\/wp-content\/uploads\/2024\/07\/BLESS_Card_v1-768x374.jpg 768w, https:\/\/www.lovefrance.world\/wp-content\/uploads\/2024\/07\/BLESS_Card_v1-18x9.jpg 18w\" sizes=\"auto, (max-width: 1200px) 100vw, 1200px\" \/><\/figure>\n\n\n\n<h2 class=\"wp-block-heading\">Roag\u0103-te pentru 5<\/h2>\n\n\n\n<h3 class=\"wp-block-heading\">Face\u021bi 5 minute pe zi s\u0103 v\u0103 ruga\u021bi pentru 5 persoane pe nume care au nevoie de Isus<\/h3>\n\n\n\n<h2 class=\"wp-block-heading\">Modalit\u0103\u021bi de a te ruga<\/h2>\n\n\n\n<ul class=\"wp-block-list\">\n<li>Tat\u0103, atrage-i la Fiul t\u0103u Isus (<a href=\"https:\/\/biblia.com\/bible\/esv\/John%206.44\" target=\"_blank\" rel=\"noopener\">Ioan 6:44<\/a>).<\/li>\n\n\n\n<li>P\u0103rinte, \u00eendep\u0103rteaz\u0103-le orbirea spiritual\u0103 ca s\u0103 cread\u0103 Evanghelia (<a href=\"https:\/\/biblia.com\/bible\/esv\/2%20Cor.%204.4\" target=\"_blank\" rel=\"noopener\">2 Cor. 4:4<\/a>;&nbsp;<a href=\"https:\/\/biblia.com\/bible\/esv\/Acts%2016.14\" target=\"_blank\" rel=\"noopener\">Fapte 16:14<\/a>).<\/li>\n\n\n\n<li>P\u0103rinte, d\u0103-le darul poc\u0103in\u021bei s\u0103 se \u00eentoarc\u0103 de la p\u0103catele lor (<a href=\"https:\/\/biblia.com\/bible\/esv\/John%2016.8\" target=\"_blank\" rel=\"noopener\">Ioan 16:8<\/a>;&nbsp;<a href=\"https:\/\/biblia.com\/bible\/esv\/2%20Tim.%202.25-26\" target=\"_blank\" rel=\"noopener\">2 Tim. 2:25-26<\/a>).<\/li>\n\n\n\n<li>P\u0103rinte, d\u0103-mi ocazii \u0219i \u00eendr\u0103zneal\u0103 s\u0103 le \u00eemp\u0103rt\u0103\u0219esc Evanghelia (<a href=\"https:\/\/biblia.com\/bible\/esv\/Col.%204.3-4\" target=\"_blank\" rel=\"noopener\">Col. 4:3-4<\/a>;&nbsp;<a href=\"https:\/\/biblia.com\/bible\/esv\/Acts%204.29-31\" target=\"_blank\" rel=\"noopener\">Fapte 4:29-31<\/a>).<\/li>\n\n\n\n<li>Tat\u0103, te rog, salveaz\u0103-i pe ei \u0219i pe toat\u0103 familia lor (<a href=\"https:\/\/biblia.com\/bible\/esv\/Acts%2016.31\" target=\"_blank\" rel=\"noopener\">Fapte 16:31<\/a>)<\/li>\n<\/ul>\n\n\n\n<p>\u00cemp\u0103rt\u0103\u0219i\u021bi-L pe Isus CU EI T\u0102R\u00c2ND<\/p>\n\n\n\n<h2 class=\"wp-block-heading\">Stilul de via\u021b\u0103 BLESS<\/h2>\n\n\n\n<p>\u00cencepe cu rug\u0103ciunea | Ascult\u0103-i | M\u0103n\u00e2nc\u0103 cu ei | Servi\u021bi-i | \u00cemp\u0103rt\u0103\u0219i\u021bi-le pe Isus<\/p>\n\n\n\n<h3 class=\"wp-block-heading\">Card BLESS gratuit<\/h3>\n\n\n\n<p>Desc\u0103rca\u021bi \u0219i imprima\u021bi gratuit&nbsp;<strong>Binecuv\u00e2nteaz\u0103 card<\/strong>, scrie\u021bi numele celor 5 persoane ale dvs. \u0219i p\u0103stra\u021bi-l ca reamintire&nbsp;<strong>Roag\u0103-te pentru 5<\/strong>&nbsp;in fiecare zi!<\/p>\n\n\n\n<div class=\"wp-block-buttons is-layout-flex wp-block-buttons-is-layout-flex\">\n<div class=\"wp-block-button\"><a class=\"wp-block-button__link wp-element-button\" href=\"https:\/\/www.lovefrance.world\/wp-content\/uploads\/2024\/07\/Bless-Card.pdf\" target=\"_blank\" rel=\"noreferrer noopener\">DESCARC\u0102 CARDUL Binecuv\u00e2ntat<\/a><\/div>\n\n\n\n<div class=\"wp-block-button\"><a class=\"wp-block-button__link wp-element-button\" href=\"https:\/\/www.lovefrance.world\/ro\/prayer-guide\/\">GHID DE RUGACIUNE<\/a><\/div>\n<\/div>","protected":false},"excerpt":{"rendered":"<p>Pray for 5 Take 5 minutes a day to Pray for 5 people by name who need Jesus Ways to Pray SHARE JESUS WITH THEM BY LIVING OUT The B.L.E.S.S. Lifestyle Begin with prayer |...<\/p>","protected":false},"author":1,"featured_media":921,"parent":0,"menu_order":0,"comment_status":"closed","ping_status":"closed","template":"","meta":{"_acf_changed":false,"_monsterinsights_skip_tracking":false,"_monsterinsights_sitenote_active":false,"_monsterinsights_sitenote_note":"","_monsterinsights_sitenote_category":0,"pgc_sgb_lightbox_settings":"","footnotes":""},"class_list":["post-1013","page","type-page","status-publish","has-post-thumbnail","hentry"],"acf":[],"_links":{"self":[{"href":"https:\/\/www.lovefrance.world\/ro\/wp-json\/wp\/v2\/pages\/1013","targetHints":{"allow":["GET"]}}],"collection":[{"href":"https:\/\/www.lovefrance.world\/ro\/wp-json\/wp\/v2\/pages"}],"about":[{"href":"https:\/\/www.lovefrance.world\/ro\/wp-json\/wp\/v2\/types\/page"}],"author":[{"embeddable":true,"href":"https:\/\/www.lovefrance.world\/ro\/wp-json\/wp\/v2\/users\/1"}],"replies":[{"embeddable":true,"href":"https:\/\/www.lovefrance.world\/ro\/wp-json\/wp\/v2\/comments?post=1013"}],"version-history":[{"count":4,"href":"https:\/\/www.lovefrance.world\/ro\/wp-json\/wp\/v2\/pages\/1013\/revisions"}],"predecessor-version":[{"id":1120,"href":"https:\/\/www.lovefrance.world\/ro\/wp-json\/wp\/v2\/pages\/1013\/revisions\/1120"}],"wp:featuredmedia":[{"embeddable":true,"href":"https:\/\/www.lovefrance.world\/ro\/wp-json\/wp\/v2\/media\/921"}],"wp:attachment":[{"href":"https:\/\/www.lovefrance.world\/ro\/wp-json\/wp\/v2\/media?parent=1013"}],"curies":[{"name":"wp","href":"https:\/\/api.w.org\/{rel}","templated":true}]}}