{"id":1016,"date":"2024-07-24T07:49:27","date_gmt":"2024-07-24T07:49:27","guid":{"rendered":"https:\/\/www.lovefrance.world\/?page_id=1016"},"modified":"2025-05-02T17:50:18","modified_gmt":"2025-05-02T15:50:18","slug":"pray","status":"publish","type":"page","link":"https:\/\/www.lovefrance.world\/ro\/pray\/","title":{"rendered":"Roag\u0103-te"},"content":{"rendered":"<h3 class=\"wp-block-heading has-text-align-center\">V\u0103 mul\u021bumim c\u0103 v\u0103 ruga\u021bi pentru Fran\u021ba!<\/h3>\n\n\n\n<p class=\"has-text-align-center\"><strong>Iat\u0103 7 moduri interesante prin care po\u021bi s\u0103 te conectezi cu al\u021bii \u0219i s\u0103 fii informat \u00een timp ce te rogi...<\/strong><\/p>\n\n\n\n<figure class=\"wp-block-image size-full\"><img loading=\"lazy\" decoding=\"async\" width=\"1200\" height=\"416\" src=\"https:\/\/www.lovefrance.world\/wp-content\/uploads\/2025\/05\/Regeneration-Header.jpg\" alt=\"\" class=\"wp-image-1704\" srcset=\"https:\/\/www.lovefrance.world\/wp-content\/uploads\/2025\/05\/Regeneration-Header.jpg 1200w, https:\/\/www.lovefrance.world\/wp-content\/uploads\/2025\/05\/Regeneration-Header-380x132.jpg 380w, https:\/\/www.lovefrance.world\/wp-content\/uploads\/2025\/05\/Regeneration-Header-768x266.jpg 768w, https:\/\/www.lovefrance.world\/wp-content\/uploads\/2025\/05\/Regeneration-Header-18x6.jpg 18w\" sizes=\"auto, (max-width: 1200px) 100vw, 1200px\" \/><\/figure>\n\n\n\n<h2 class=\"wp-block-heading\">1. Love France \u2013 21 Days Prayer Guide<\/h2>\n\n\n\n<p>From Sunday 27 April to Sunday 18 May 2025, we invite you to join believers worldwide in 21 days of united prayer for France! We will be publishing a daily prayer guide in 33 languages, so you can easily follow along wherever you are.<\/p>\n\n\n\n<p>This inspiring guide, written by our friends at Impact France, features a daily theme, scripture, and focused prayer points - highlighting key needs across France, the Church, and the ongoing wave of Church mobilisation following the Love France 2024 initiative.<\/p>\n\n\n\n<p>Be a part of this global movement as we lift up France in prayer, believe for transformation, and stand together in hope!<\/p>\n\n\n\n<figure class=\"wp-block-image size-full\"><img loading=\"lazy\" decoding=\"async\" width=\"1200\" height=\"416\" src=\"https:\/\/www.lovefrance.world\/wp-content\/uploads\/2024\/07\/Pray-Header-02.jpg\" alt=\"\" class=\"wp-image-1018\" srcset=\"https:\/\/www.lovefrance.world\/wp-content\/uploads\/2024\/07\/Pray-Header-02.jpg 1200w, https:\/\/www.lovefrance.world\/wp-content\/uploads\/2024\/07\/Pray-Header-02-380x132.jpg 380w, https:\/\/www.lovefrance.world\/wp-content\/uploads\/2024\/07\/Pray-Header-02-768x266.jpg 768w, https:\/\/www.lovefrance.world\/wp-content\/uploads\/2024\/07\/Pray-Header-02-18x6.jpg 18w\" sizes=\"auto, (max-width: 1200px) 100vw, 1200px\" \/><\/figure>\n\n\n\n<h2 class=\"wp-block-heading\">2. HOP interseed<\/h2>\n\n\n\n<p>Al\u0103tura\u021bi-v\u0103 nou\u0103 \u00een aplica\u021bia online Interseed HOP, unde ne vom ruga \u0219i vom \u00eemp\u0103rt\u0103\u0219i g\u00e2nduri despre temele ghidului de rug\u0103ciune zilnic.<\/p>\n\n\n\n<p>Casele de rug\u0103ciune din jurul Parisului organizeaz\u0103 24-7 rug\u0103ciuni \u00een timpul jocurilor \u0219i vor \u00eemp\u0103rt\u0103\u0219i cuvinte suplimentare, scripturi \u0219i imagini primite \u00een fiecare zi prin aplica\u021bia Interseed.<\/p>\n\n\n\n<p>Interseed este disponibil pe platformele Android \u0219i iOS.<\/p>\n\n\n\n<figure class=\"wp-block-image size-full\"><img loading=\"lazy\" decoding=\"async\" width=\"1200\" height=\"416\" src=\"https:\/\/www.lovefrance.world\/wp-content\/uploads\/2024\/07\/Pray-Header-03.jpg\" alt=\"\" class=\"wp-image-1021\" srcset=\"https:\/\/www.lovefrance.world\/wp-content\/uploads\/2024\/07\/Pray-Header-03.jpg 1200w, https:\/\/www.lovefrance.world\/wp-content\/uploads\/2024\/07\/Pray-Header-03-380x132.jpg 380w, https:\/\/www.lovefrance.world\/wp-content\/uploads\/2024\/07\/Pray-Header-03-768x266.jpg 768w, https:\/\/www.lovefrance.world\/wp-content\/uploads\/2024\/07\/Pray-Header-03-18x6.jpg 18w\" sizes=\"auto, (max-width: 1200px) 100vw, 1200px\" \/><\/figure>\n\n\n\n<h2 class=\"wp-block-heading\">3. Global Family 24-7 Sala de rug\u0103ciune<\/h2>\n\n\n\n<p>The Global Family 24-7 Prayer Room este o adunare de rug\u0103ciune online continu\u0103 sub umbrela IPC, care se roag\u0103 \u00een jurul tronului, \u00een \u00eentreaga lume \u0219i non-stop de aproape patru ani!<\/p>\n\n\n\n<p>168 de gazde conduc sesiuni la or\u0103 pe parcursul s\u0103pt\u0103m\u00e2nii \u00een 14 limbi diferite<\/p>\n\n\n\n<p>\u00cen fiecare or\u0103, timp este dedicat rug\u0103ciunii pentru Fran\u021ba \u0219i jocuri. \u00cenregistreaz\u0103-te gratuit pe aceasta <strong><a href=\"https:\/\/mailchi.mp\/globalfamily24-7prayer\/register\" target=\"_blank\" rel=\"noreferrer noopener\">leg\u0103tur\u0103<\/a><\/strong>.<\/p>\n\n\n\n<figure class=\"wp-block-image size-full\"><img loading=\"lazy\" decoding=\"async\" width=\"1200\" height=\"416\" src=\"https:\/\/www.lovefrance.world\/wp-content\/uploads\/2024\/07\/Pray-Header-04.jpg\" alt=\"\" class=\"wp-image-1022\" srcset=\"https:\/\/www.lovefrance.world\/wp-content\/uploads\/2024\/07\/Pray-Header-04.jpg 1200w, https:\/\/www.lovefrance.world\/wp-content\/uploads\/2024\/07\/Pray-Header-04-380x132.jpg 380w, https:\/\/www.lovefrance.world\/wp-content\/uploads\/2024\/07\/Pray-Header-04-768x266.jpg 768w, https:\/\/www.lovefrance.world\/wp-content\/uploads\/2024\/07\/Pray-Header-04-18x6.jpg 18w\" sizes=\"auto, (max-width: 1200px) 100vw, 1200px\" \/><\/figure>\n\n\n\n<h2 class=\"wp-block-heading\">4. Plimbare virtual\u0103 de rug\u0103ciune la Paris<\/h2>\n\n\n\n<p>Al\u0103tura\u021bi-v\u0103 unei plimb\u0103ri virtuale de rug\u0103ciune prin Regina din Paris! IPC, \u00een parteneriat cu prietenii no\u0219tri de la Pray for Paris, a produs o plimbare de rug\u0103ciune online cu linkuri Google Street View pentru fiecare punct de referin\u021b\u0103.<\/p>\n\n\n\n<p>Click aici pentru plimbarea de rug\u0103ciune!<\/p>\n\n\n\n<figure class=\"wp-block-image size-full\"><img loading=\"lazy\" decoding=\"async\" width=\"1200\" height=\"416\" src=\"https:\/\/www.lovefrance.world\/wp-content\/uploads\/2024\/07\/Pray-Header-05.jpg\" alt=\"\" class=\"wp-image-1023\" srcset=\"https:\/\/www.lovefrance.world\/wp-content\/uploads\/2024\/07\/Pray-Header-05.jpg 1200w, https:\/\/www.lovefrance.world\/wp-content\/uploads\/2024\/07\/Pray-Header-05-380x132.jpg 380w, https:\/\/www.lovefrance.world\/wp-content\/uploads\/2024\/07\/Pray-Header-05-768x266.jpg 768w, https:\/\/www.lovefrance.world\/wp-content\/uploads\/2024\/07\/Pray-Header-05-18x6.jpg 18w\" sizes=\"auto, (max-width: 1200px) 100vw, 1200px\" \/><\/figure>\n\n\n\n<h2 class=\"wp-block-heading\">5. Parisul pe 110 ora\u0219e<\/h2>\n\n\n\n<p>Parisul a fost identificat de agen\u021biile de misiune ca fiind unul dintre cele 110 ora\u0219e ale lumii \u00een care exist\u0103 grupuri semnificative de popoare neatinse care sunt coapte pentru Evanghelie.<\/p>\n\n\n\n<p>Aceste grupuri de oameni au acum acces la Biblia \u00een limba lor matern\u0103, la filmul lui Isus disponibil, la rug\u0103ciune au loc \u0219i plantatorii de biserici gata s\u0103-l \u00eemp\u0103rt\u0103\u0219easc\u0103 pe Isus cu ei. Au nevoie doar de un cazan de rug\u0103ciune care s\u0103-i acopere!<\/p>\n\n\n\n<p>Ruga\u021bi-v\u0103 aici pentru oamenii neajun\u0219i din Paris<\/p>\n\n\n\n<figure class=\"wp-block-image size-full\"><img loading=\"lazy\" decoding=\"async\" width=\"1200\" height=\"416\" src=\"https:\/\/www.lovefrance.world\/wp-content\/uploads\/2024\/07\/Pray-Header-06.jpg\" alt=\"\" class=\"wp-image-1024\" srcset=\"https:\/\/www.lovefrance.world\/wp-content\/uploads\/2024\/07\/Pray-Header-06.jpg 1200w, https:\/\/www.lovefrance.world\/wp-content\/uploads\/2024\/07\/Pray-Header-06-380x132.jpg 380w, https:\/\/www.lovefrance.world\/wp-content\/uploads\/2024\/07\/Pray-Header-06-768x266.jpg 768w, https:\/\/www.lovefrance.world\/wp-content\/uploads\/2024\/07\/Pray-Header-06-18x6.jpg 18w\" sizes=\"auto, (max-width: 1200px) 100vw, 1200px\" \/><\/figure>\n\n\n\n<h2 class=\"wp-block-heading\">6. Fran\u021ba despre Opera\u021biunea Lumea<\/h2>\n\n\n\n<p>G\u0103si\u021bi informa\u021bii detaliate despre Fran\u021ba, \u00eempreun\u0103 cu indica\u021bii de rug\u0103ciune axate pe misiune \u0219i h\u0103r\u021bi despre Operation World.<\/p>\n\n\n\n<figure class=\"wp-block-image size-full\"><img loading=\"lazy\" decoding=\"async\" width=\"1200\" height=\"416\" src=\"https:\/\/www.lovefrance.world\/wp-content\/uploads\/2024\/07\/Pray-Header-07.jpg\" alt=\"\" class=\"wp-image-1025\" srcset=\"https:\/\/www.lovefrance.world\/wp-content\/uploads\/2024\/07\/Pray-Header-07.jpg 1200w, https:\/\/www.lovefrance.world\/wp-content\/uploads\/2024\/07\/Pray-Header-07-380x132.jpg 380w, https:\/\/www.lovefrance.world\/wp-content\/uploads\/2024\/07\/Pray-Header-07-768x266.jpg 768w, https:\/\/www.lovefrance.world\/wp-content\/uploads\/2024\/07\/Pray-Header-07-18x6.jpg 18w\" sizes=\"auto, (max-width: 1200px) 100vw, 1200px\" \/><\/figure>\n\n\n\n<h2 class=\"wp-block-heading\">7. Urm\u0103re\u0219te-ne pe re\u021belele sociale<\/h2>\n\n\n\n<p>Echipa media a IPC va lucra cu Ensemble 2024 pentru a produce buletine video regulate \u0219i post\u0103ri media \u00een principalele jocuri \u0219i para-jocuri.<\/p>\n\n\n\n<p>Buletinele video vor con\u021bine informa\u021bii de p\u00e2n\u0103 la minut, m\u0103rturii, rug\u0103ciuni la care s-a r\u0103spuns, interviuri \u0219i rug\u0103ciuni din Fran\u021ba.<\/p>\n\n\n\n<p>\u021aine minte! Fiecare clic pentru a spune \u201eM-am rugat\u201d merge spre darul a 1 milion de rug\u0103ciuni din partea bisericii din \u00eentreaga lume pentru Fran\u021ba!<\/p>","protected":false},"excerpt":{"rendered":"<p>Thank you for praying for France! Here are 7 exciting ways that you can connect with others and be informed as you pray\u2026 1. Love France \u2013 21 Days Prayer Guide From Sunday 27 April...<\/p>","protected":false},"author":1,"featured_media":919,"parent":0,"menu_order":0,"comment_status":"closed","ping_status":"closed","template":"","meta":{"_acf_changed":false,"_monsterinsights_skip_tracking":false,"_monsterinsights_sitenote_active":false,"_monsterinsights_sitenote_note":"","_monsterinsights_sitenote_category":0,"pgc_sgb_lightbox_settings":"","footnotes":""},"class_list":["post-1016","page","type-page","status-publish","has-post-thumbnail","hentry"],"acf":[],"_links":{"self":[{"href":"https:\/\/www.lovefrance.world\/ro\/wp-json\/wp\/v2\/pages\/1016","targetHints":{"allow":["GET"]}}],"collection":[{"href":"https:\/\/www.lovefrance.world\/ro\/wp-json\/wp\/v2\/pages"}],"about":[{"href":"https:\/\/www.lovefrance.world\/ro\/wp-json\/wp\/v2\/types\/page"}],"author":[{"embeddable":true,"href":"https:\/\/www.lovefrance.world\/ro\/wp-json\/wp\/v2\/users\/1"}],"replies":[{"embeddable":true,"href":"https:\/\/www.lovefrance.world\/ro\/wp-json\/wp\/v2\/comments?post=1016"}],"version-history":[{"count":4,"href":"https:\/\/www.lovefrance.world\/ro\/wp-json\/wp\/v2\/pages\/1016\/revisions"}],"predecessor-version":[{"id":1706,"href":"https:\/\/www.lovefrance.world\/ro\/wp-json\/wp\/v2\/pages\/1016\/revisions\/1706"}],"wp:featuredmedia":[{"embeddable":true,"href":"https:\/\/www.lovefrance.world\/ro\/wp-json\/wp\/v2\/media\/919"}],"wp:attachment":[{"href":"https:\/\/www.lovefrance.world\/ro\/wp-json\/wp\/v2\/media?parent=1016"}],"curies":[{"name":"wp","href":"https:\/\/api.w.org\/{rel}","templated":true}]}}