{"id":1027,"date":"2024-07-24T07:51:49","date_gmt":"2024-07-24T07:51:49","guid":{"rendered":"https:\/\/www.lovefrance.world\/?page_id=1027"},"modified":"2024-07-24T07:51:51","modified_gmt":"2024-07-24T07:51:51","slug":"short-prayer","status":"publish","type":"page","link":"https:\/\/www.lovefrance.world\/ro\/short-prayer\/","title":{"rendered":"Rug\u0103ciune scurt\u0103"},"content":{"rendered":"<h2 class=\"wp-block-heading\">Rug\u0103ciunea \u00eempreun\u0103 - O rug\u0103ciune pentru Jocurile de la Paris<\/h2>\n\n\n\n<p>Cu ocazia Jocurilor de la Paris, aceast\u0103 rug\u0103ciune a fost propus\u0103 de Consiliul Bisericilor Cre\u0219tine din Fran\u021ba (CECEF) cu dorin\u021ba ca fiecare s\u0103 o poat\u0103 lua drept a sa.<\/p>\n\n\n\n<p>Tat\u0103, izvor al adev\u0103ratei bucurii, \u00een Fiul t\u0103u Iisus Hristos ai chemat toate neamurile s\u0103 formeze a<br>oameni de laud\u0103 s\u0103 te s\u0103rb\u0103tori. S\u0103 ducem cursa p\u00e2n\u0103 la cap\u0103t.<\/p>\n\n\n\n<p>Doamne care este Dumnezeu, uit\u0103-te acum la Fran\u021ba, care va g\u0103zdui Jocurile Olimpice \u0219i Paralimpice<br>Jocuri. D\u0103-le ca ei s\u0103 poat\u0103 organiza acest eveniment \u00een bucurie, pace \u0219i fraternitate.<\/p>\n\n\n\n<p>Revars\u0103 Duhul t\u0103u Sf\u00e2nt asupra tuturor celor care lucreaz\u0103 pentru realizarea jocurilor, asupra tuturor<br>oamenii care vor veni din cele patru col\u0163uri ale P\u0103m\u00e2ntului \u015fi asupra sportivilor.<\/p>\n\n\n\n<p>Acord\u0103-le virtutea necesar\u0103 pentru a da tot ce este mai bun din ei \u00een\u0219i\u0219i. Fie ca sportivii s\u0103 primeasc\u0103 sprijin - \u00een vremuri de bucurie \u0219i \u00eencercare, de succese \u0219i e\u0219ecuri - de la cei dragi, antrenorii lor \u0219i rug\u0103ciunile noastre.<\/p>\n\n\n\n<p>Ajut\u0103 poporul francez, Doamne, c\u0103ci \u00eei prime\u0219te pe to\u021bi cei care au venit din toat\u0103 lumea.<\/p>\n\n\n\n<p>Adunate \u00een pasiunea comun\u0103 pentru sport cu motto-ul Jocurilor Olimpice<br>\u201emai repede, mai \u00eenalt, mai puternic \u2013 \u00eempreun\u0103\u201d, l\u0103sa\u021bi-i \u00eempreun\u0103 s\u0103 v\u0103 transmit\u0103 dragostea pentru fiecare fiin\u021b\u0103 uman\u0103.<\/p>\n\n\n\n<p>\u00cen numele lui Isus ne rug\u0103m,<br>Amin<\/p>","protected":false},"excerpt":{"rendered":"<p>Praying Together - A Prayer for the Games of Paris On the occasion of the Paris Games, this prayer was proposed by the Council of Christian Churches in France (CECEF) with the desire that everyone...<\/p>","protected":false},"author":1,"featured_media":1028,"parent":0,"menu_order":0,"comment_status":"closed","ping_status":"closed","template":"","meta":{"_acf_changed":false,"_monsterinsights_skip_tracking":false,"_monsterinsights_sitenote_active":false,"_monsterinsights_sitenote_note":"","_monsterinsights_sitenote_category":0,"pgc_sgb_lightbox_settings":"","footnotes":""},"class_list":["post-1027","page","type-page","status-publish","has-post-thumbnail","hentry"],"acf":[],"_links":{"self":[{"href":"https:\/\/www.lovefrance.world\/ro\/wp-json\/wp\/v2\/pages\/1027","targetHints":{"allow":["GET"]}}],"collection":[{"href":"https:\/\/www.lovefrance.world\/ro\/wp-json\/wp\/v2\/pages"}],"about":[{"href":"https:\/\/www.lovefrance.world\/ro\/wp-json\/wp\/v2\/types\/page"}],"author":[{"embeddable":true,"href":"https:\/\/www.lovefrance.world\/ro\/wp-json\/wp\/v2\/users\/1"}],"replies":[{"embeddable":true,"href":"https:\/\/www.lovefrance.world\/ro\/wp-json\/wp\/v2\/comments?post=1027"}],"version-history":[{"count":1,"href":"https:\/\/www.lovefrance.world\/ro\/wp-json\/wp\/v2\/pages\/1027\/revisions"}],"predecessor-version":[{"id":1029,"href":"https:\/\/www.lovefrance.world\/ro\/wp-json\/wp\/v2\/pages\/1027\/revisions\/1029"}],"wp:featuredmedia":[{"embeddable":true,"href":"https:\/\/www.lovefrance.world\/ro\/wp-json\/wp\/v2\/media\/1028"}],"wp:attachment":[{"href":"https:\/\/www.lovefrance.world\/ro\/wp-json\/wp\/v2\/media?parent=1027"}],"curies":[{"name":"wp","href":"https:\/\/api.w.org\/{rel}","templated":true}]}}