{"id":1472,"date":"2024-08-22T19:47:20","date_gmt":"2024-08-22T17:47:20","guid":{"rendered":"https:\/\/www.lovefrance.world\/?page_id=1472"},"modified":"2024-09-05T12:00:25","modified_gmt":"2024-09-05T10:00:25","slug":"song","status":"publish","type":"page","link":"https:\/\/www.lovefrance.world\/ro\/song\/","title":{"rendered":"C\u00e2ntec"},"content":{"rendered":"<figure class=\"wp-block-embed alignwide is-type-video is-provider-youtube wp-block-embed-youtube wp-embed-aspect-16-9 wp-has-aspect-ratio\"><div class=\"wp-block-embed__wrapper\">\n<iframe loading=\"lazy\" title=\"Running the Race - C\u00e2ntec cu ac\u021biuni\" width=\"500\" height=\"281\" src=\"https:\/\/www.youtube.com\/embed\/jJw_Qd05fSk?feature=oembed\" frameborder=\"0\" allow=\"accelerometer; autoplay; clipboard-write; encrypted-media; gyroscope; picture-in-picture; web-share\" referrerpolicy=\"strict-origin-when-cross-origin\" allowfullscreen><\/iframe>\n<\/div><\/figure>\n\n\n\n<h2 class=\"wp-block-heading\">Running the Race Theme Song<\/h2>\n\n\n\n<p><strong>Versetul 1:<\/strong><br>Lu\u0103m cursa cu Dumnezeu l\u00e2ng\u0103 noi,<br>Cuv\u00e2ntul S\u0103u este ghidul nostru, inimile noastre se deschid larg.<br>\u00cencepe\u021bi fiecare zi puternic cu o rug\u0103ciune \u00een inima noastr\u0103,<br>Vom urma exemplul lui Isus, chiar de la \u00eenceput.<\/p>\n\n\n\n<p><strong>Cor:<\/strong><br>Alerg\u0103m, alerg\u0103m, cu ochii \u00een poart\u0103,<br>Cu Isus \u00een inimile noastre, El ne face s\u0103n\u0103to\u0219i.<br>Vom persevera, vom r\u0103m\u00e2ne pe drumul cel bun,<br>\u00cen credin\u021b\u0103 \u0219i iubire, nu ne vom \u00eentoarce niciodat\u0103 \u00eenapoi.<\/p>\n\n\n\n<p><strong>Versetul 2:<\/strong><br>C\u00e2nd vor veni provoc\u0103rile, nu ne vom teme,<br>Dumnezeu ne d\u0103 putere, \u00een El suntem f\u0103cu\u021bi.<br>Vom \u00eemp\u0103rt\u0103\u0219i iubirea Lui, cu to\u021bi cei pe care \u00eei \u00eent\u00e2lnim,<br>\u00cencuraj\u00e2nd pe al\u021bii, bucuria noastr\u0103 este deplin\u0103.<\/p>\n\n\n\n<p><strong>Cor:<\/strong><br>Alerg\u0103m, alerg\u0103m, cu ochii \u00een poart\u0103,<br>Cu Isus \u00een inimile noastre, El ne face s\u0103n\u0103to\u0219i.<br>Vom persevera, vom r\u0103m\u00e2ne pe drumul cel bun,<br>\u00cen credin\u021b\u0103 \u0219i iubire, nu ne vom \u00eentoarce niciodat\u0103 \u00eenapoi.<\/p>\n\n\n\n<p><strong>Versetul 3:<\/strong><br>Vom termina puternic, cu m\u00e2na puternic\u0103 a lui Dumnezeu,<br>\u00cen biruin\u021b\u0103 prin Hristos, vom r\u0103m\u00e2ne \u00een picioare.<br>S\u0103rb\u0103tore\u0219te c\u00e2\u0219tigul, harul Lui este premiul nostru,<br>Pentru totdeauna, \u00een dragostea Lui, ne \u00eenvi\u0103m!<\/p>\n\n\n\n<p><strong>Cor:<\/strong><br>Alerg\u0103m, alerg\u0103m, cu ochii \u00een poart\u0103,<br>Cu Isus \u00een inimile noastre, El ne face s\u0103n\u0103to\u0219i.<br>Vom persevera, vom r\u0103m\u00e2ne pe drumul cel bun,<br>\u00cen credin\u021b\u0103 \u0219i iubire, nu ne vom \u00eentoarce niciodat\u0103 \u00eenapoi.<\/p>\n\n\n\n<p><strong>Pod:<\/strong><br>Cu fiecare pas, avem \u00eencredere \u00een planul S\u0103u,<br>\u00cen dragostea lui Dumnezeu, r\u0103m\u00e2nem pentru totdeauna.<\/p>\n\n\n\n<p><strong>Refren (repetare):<\/strong><br>Alerg\u0103m, alerg\u0103m, cu ochii \u00een poart\u0103,<br>Cu Isus \u00een inimile noastre, El ne face s\u0103n\u0103to\u0219i.<br>Vom persevera, vom r\u0103m\u00e2ne pe drumul cel bun,<br>\u00cen credin\u021b\u0103 \u0219i iubire, nu ne vom \u00eentoarce niciodat\u0103 \u00eenapoi.<\/p>\n\n\n\n<p><strong>(Instrumental)<\/strong><\/p>\n\n\n\n<p><strong>Versetul 3: (x2)<\/strong><br>Vom termina puternic, cu m\u00e2na puternic\u0103 a lui Dumnezeu,<br>\u00cen biruin\u021b\u0103 prin Hristos, vom r\u0103m\u00e2ne \u00een picioare.<br>S\u0103rb\u0103tore\u0219te c\u00e2\u0219tigul, harul Lui este premiul nostru,<br>Pentru totdeauna, \u00een dragostea Lui, ne \u00eenvi\u0103m!<\/p>\n\n\n\n<p><strong>Pod:<\/strong><br>Cu fiecare pas, avem \u00eencredere \u00een planul S\u0103u,<br>\u00cen dragostea lui Dumnezeu, r\u0103m\u00e2nem pentru totdeauna.<\/p>\n\n\n\n<p><strong>Cor:<\/strong><br>Alerg\u0103m, alerg\u0103m, cu ochii \u00een poart\u0103,<br>Cu Isus \u00een inimile noastre, El ne face s\u0103n\u0103to\u0219i.<\/p>\n\n\n\n<div style=\"height:30px\" aria-hidden=\"true\" class=\"wp-block-spacer\"><\/div>\n\n\n\n<p class=\"has-text-align-left\" style=\"font-size:16px\">Ac\u021biuni concepute \u0219i realizate de Cami Plaster<br>(C) IPC Media 2024<\/p>\n\n\n\n<div style=\"height:30px\" aria-hidden=\"true\" class=\"wp-block-spacer\"><\/div>\n\n\n\n<div class=\"wp-block-buttons is-layout-flex wp-block-buttons-is-layout-flex\">\n<div class=\"wp-block-button\"><a class=\"wp-block-button__link wp-element-button\" href=\"https:\/\/www.lovefrance.world\/wp-content\/uploads\/2024\/08\/Running-the-Race-Words-v2.pdf\" target=\"_blank\" rel=\"noreferrer noopener\">Desc\u0103rca\u021bi PDF<\/a><\/div>\n<\/div>","protected":false},"excerpt":{"rendered":"<p>Running the Race Theme Song Verse 1:We're running the race with God by our side,His Word is our guide, our hearts open wide.Start each day strong with a prayer in our heart,We'll follow Jesus' lead,...<\/p>","protected":false},"author":1,"featured_media":916,"parent":0,"menu_order":0,"comment_status":"closed","ping_status":"closed","template":"","meta":{"_acf_changed":false,"_monsterinsights_skip_tracking":false,"_monsterinsights_sitenote_active":false,"_monsterinsights_sitenote_note":"","_monsterinsights_sitenote_category":0,"pgc_sgb_lightbox_settings":"","footnotes":""},"class_list":["post-1472","page","type-page","status-publish","has-post-thumbnail","hentry"],"acf":[],"_links":{"self":[{"href":"https:\/\/www.lovefrance.world\/ro\/wp-json\/wp\/v2\/pages\/1472","targetHints":{"allow":["GET"]}}],"collection":[{"href":"https:\/\/www.lovefrance.world\/ro\/wp-json\/wp\/v2\/pages"}],"about":[{"href":"https:\/\/www.lovefrance.world\/ro\/wp-json\/wp\/v2\/types\/page"}],"author":[{"embeddable":true,"href":"https:\/\/www.lovefrance.world\/ro\/wp-json\/wp\/v2\/users\/1"}],"replies":[{"embeddable":true,"href":"https:\/\/www.lovefrance.world\/ro\/wp-json\/wp\/v2\/comments?post=1472"}],"version-history":[{"count":8,"href":"https:\/\/www.lovefrance.world\/ro\/wp-json\/wp\/v2\/pages\/1472\/revisions"}],"predecessor-version":[{"id":1612,"href":"https:\/\/www.lovefrance.world\/ro\/wp-json\/wp\/v2\/pages\/1472\/revisions\/1612"}],"wp:featuredmedia":[{"embeddable":true,"href":"https:\/\/www.lovefrance.world\/ro\/wp-json\/wp\/v2\/media\/916"}],"wp:attachment":[{"href":"https:\/\/www.lovefrance.world\/ro\/wp-json\/wp\/v2\/media?parent=1472"}],"curies":[{"name":"wp","href":"https:\/\/api.w.org\/{rel}","templated":true}]}}