{"id":248,"date":"2024-06-04T19:24:42","date_gmt":"2024-06-04T19:24:42","guid":{"rendered":"https:\/\/www.lovefrance.world\/?page_id=248"},"modified":"2024-06-24T11:27:08","modified_gmt":"2024-06-24T11:27:08","slug":"terms-of-use-and-privacy-policy","status":"publish","type":"page","link":"https:\/\/www.lovefrance.world\/ro\/terms-of-use-and-privacy-policy\/","title":{"rendered":"Termeni de utilizare \/ Politica de confiden\u021bialitate"},"content":{"rendered":"<h2 class=\"wp-block-heading\">Termeni de utilizare<\/h2>\n\n\n\n<p><a href=\"https:\/\/www.lovefrance.world\/ro\/\">www.lovefrance.world<\/a><\/p>\n\n\n\n<p>V\u0103 rug\u0103m s\u0103 citi\u021bi cu aten\u021bie urm\u0103torii termeni ca utilizare a <a href=\"http:\/\/www.lovefrance.world\/ro\/\">www.lovefrance.world<\/a> site-ul web \u00eenseamn\u0103 c\u0103 sunte\u021bi de acord cu ele.<\/p>\n\n\n\n<h3 class=\"wp-block-heading\">1. Utilizarea acestui Site<\/h3>\n\n\n\n<p>Drepturile asupra modelelor, imaginilor, siglelor, fotografiilor \u0219i con\u021binutului acestui site sunt de\u021binute de sau licen\u021biate c\u0103tre International Prayer Connect \/ Love France. Sunt protejate de drepturi de autor \u0219i alte drepturi de proprietate intelectual\u0103. Buletinele informative pot fi tip\u0103rite, distribuite, trimise prin e-mail \u0219i reproduse \u00een mod liber, at\u00e2ta timp c\u00e2t nu sunt editate sau modificate \u00een vreun fel. Oricine dore\u0219te s\u0103 editeze, s\u0103 v\u00e2nd\u0103, s\u0103 republice sau s\u0103 utilizeze con\u021binutul buletinului informativ \u00een scopuri comerciale trebuie s\u0103 ob\u021bin\u0103 acordul scris al IPC \/ Love France. Pute\u021bi vizualiza sau imprima pagini individuale numai pentru uz personal. Nu pute\u021bi copia, reproduce, modifica, distribui, republica, afi\u0219a, posta sau transmite orice parte a paginilor site-ului web f\u0103r\u0103 permisiunea scris\u0103 a IPC \/ Love France (IPC\/LF).<\/p>\n\n\n\n<h3 class=\"wp-block-heading\">2. R\u0103spunderea<\/h3>\n\n\n\n<p>\u00cencerc\u0103m s\u0103 asigur\u0103m acurate\u021bea \u00eentregului con\u021binut. Cu toate acestea, nu ne asum\u0103m nicio r\u0103spundere pentru utilizarea con\u021binutului f\u0103cut\u0103 de dvs. Con\u021binutul acestui Site ar trebui s\u0103 fie folosit doar \u00een scopuri informative \u0219i nu trebuie s\u0103 v\u0103 baza\u021bi pe el pentru a lua (sau v\u0103 ab\u021bine\u021bi de la a lua) vreo decizie sau pentru a lua (sau v\u0103 ab\u021bine\u021bi de la a lua) vreo ac\u021biune.<\/p>\n\n\n\n<p>Site-ul este pentru uzul dumneavoastr\u0103 personal \u0219i nu trebuie utilizat \u00een niciun scop comercial. Ca urmare, IPC \/ LF nu va fi responsabil \u00een nicio circumstan\u021b\u0103 pentru pierderea de profituri.<\/p>\n\n\n\n<p>De asemenea, IPC\/LF nu va fi responsabil pentru nicio pierdere, inclusiv cheltuielile irosite, coruperea sau distrugerea datelor, cu excep\u021bia cazului \u00een care pierderea rezult\u0103 din ceva gre\u0219it de c\u0103tre IPC\/LF. IPC\/LF nu este r\u0103spunz\u0103tor pentru nicio daune sau pierderi rezultate din incapacitatea dumneavoastr\u0103 de a utiliza acest Site. IPC\/LF nu poate promite c\u0103 Site-ul va fi ne\u00eentrerupt sau complet lipsit de erori. Datorit\u0103 naturii Internetului, Site-ul este furnizat pe o baz\u0103 \u201ea\u0219a cum este disponibil\u201d. IPC \/ LF nu va fi responsabil fa\u021b\u0103 de dvs. dac\u0103 nu putem furniza Site-ul din orice motiv care nu poate fi controlat.<\/p>\n\n\n\n<h3 class=\"wp-block-heading\">3. Con\u021binut \u0219i reclame<\/h3>\n\n\n\n<p>Acest site ofer\u0103, de asemenea, leg\u0103turi c\u0103tre \u0219i con\u021binut din alte site-uri \u0219i resurse de Internet. Deoarece IPC\/LF nu are control asupra acestor site-uri \u0219i resurse, recunoa\u0219te\u021bi \u0219i sunte\u021bi de acord c\u0103 IPC\/LF nu este responsabil pentru disponibilitatea acestor site-uri sau resurse externe \u0219i nu aprob\u0103 \u0219i nu este responsabil pentru niciun con\u021binut, produse publicitare, servicii sau alte materiale pe sau disponibile de pe aceste site-uri sau resurse.<\/p>\n\n\n\n<h3 class=\"wp-block-heading\">4. Protec\u021bia datelor \u0219i confiden\u021bialitatea<\/h3>\n\n\n\n<p>Orice detalii pe care ni le furniza\u021bi din care v\u0103 putem identifica sunt p\u0103strate \u0219i procesate \u00een conformitate cu politica noastr\u0103 de confiden\u021bialitate.<\/p>\n\n\n\n<h3 class=\"wp-block-heading\">5. Modific\u0103ri ale termenilor<\/h3>\n\n\n\n<p>IPC\/LF poate modifica Site-ul sau ace\u0219ti termeni \u00een orice moment. Dac\u0103 utiliza\u021bi Site-ul dup\u0103 ce IPC\/LF a modificat termenii, ve\u021bi fi obligat s\u0103 respecta\u021bi noii termeni.<\/p>\n\n\n\n<h3 class=\"wp-block-heading\">6. Legea aplicabil\u0103 \u0219i jurisdic\u021bia<\/h3>\n\n\n\n<p>Ace\u0219ti termeni \u0219i utilizarea de c\u0103tre dvs. a acestui site sunt guvernate \u0219i interpretate \u00een conformitate cu legile Statelor Unite \u0219i ale statului New Mexico \u0219i orice dispute vor fi solu\u021bionate numai de instan\u021bele lor. Acest site este de\u021binut \u0219i operat de International Prayer Connect \/ Love France - 313 E Wiser Lake Rd, Lynden WA, 98264, SUA.<\/p>\n\n\n\n<h2 class=\"wp-block-heading\">Politica de confiden\u021bialitate<\/h2>\n\n\n\n<p><a href=\"https:\/\/www.lovefrance.world\/ro\/\">www.lovefrance.world<\/a><\/p>\n\n\n\n<h3 class=\"wp-block-heading\">Cum International Prayer Connect gestioneaz\u0103 datele personale<\/h3>\n\n\n\n<p>Politica noastr\u0103 de confiden\u021bialitate de mai jos explic\u0103 modul \u00een care vom colecta \u0219i folosi informa\u021biile pe care ni le furniza\u021bi. International Prayer Connect \/ Love France (IPC \/ LF) este un grup de 40 de lideri seniori de slujire de rug\u0103ciune \u0219i misiune din toate \u021b\u0103rile. Cuv\u00e2ntul \u201enoi\u201d se refer\u0103 la echipa de conducere The International Prayer Connect \u0219i la echipa Love France (IPC \/ LF), dac\u0103 nu se indic\u0103 altfel.<\/p>\n\n\n\n<h3 class=\"wp-block-heading\">Colectarea \u0219i utilizarea informa\u021biilor<\/h3>\n\n\n\n<p>Vi se va cere s\u0103 trimite\u021bi informa\u021bii personale despre dvs. (de exemplu, numele \u0219i adresa de e-mail etc.) \u00een formulare pentru a primi sau utiliza servicii pe site-ul nostru.<\/p>\n\n\n\n<p>Acest serviciu include \u00een prezent buletine informative. Ne angaj\u0103m s\u0103 trat\u0103m datele dumneavoastr\u0103 cu caracter personal cu aten\u021bia cuvenit\u0103 \u0219i \u00een conformitate cu principiile de protec\u021bie a datelor. IPC \/ LF nu va vinde, partaja sau \u00eenchiria informa\u021biile pe care le furniza\u021bi cu nimeni altcineva. Vom folosi aceste informa\u021bii numai pentru administrare \u0219i gestionarea abonamentelor \u0219i pentru a comunica cu dvs. despre activit\u0103\u021bile noastre \u0219i ini\u021biativele asociate. Trimi\u021b\u00e2ndu-ne date, ne ve\u021bi indica consim\u021b\u0103m\u00e2ntul pentru a v\u0103 contacta prin orice mijloc de contact pe care \u00eel furniza\u021bi. (aplica\u021bie de mesagerie instantanee, e-mail, telefon, fax, po\u0219t\u0103 sau SMS\/MMS) cu excep\u021bia cazului \u00een care indica\u021bi o obiec\u021bie fa\u021b\u0103 de primirea unor astfel de mesaje bif\u00e2nd casetele furnizate SAU contact\u00e2ndu-ne direct pentru a v\u0103 exprima preferin\u021bele.<\/p>\n\n\n\n<h3 class=\"wp-block-heading\">Monitorizarea vizitelor pe site<\/h3>\n\n\n\n<p>\u00cenregistr\u0103m \u00een mod anonim tendin\u021bele de utilizare, cum ar fi num\u0103rul de acces\u0103ri ale unei pagini \u0219i de pe ce site-uri web au venit utilizatorii pe site-ul nostru. Aceste informa\u021bii nu pot fi urm\u0103rite la un singur utilizator. Folosim cookie-uri pentru a monitoriza modul \u00een care membrii no\u0219tri utilizeaz\u0103 site-ul web. *Cookie-urile sunt fi\u0219iere text care ar putea, \u00een anumite circumstan\u021be, s\u0103 v\u0103 identifice computerul (prin ceea ce este cunoscut sub numele de adres\u0103 IP) c\u0103tre un server.<\/p>\n\n\n\n<h3 class=\"wp-block-heading\">Link-uri c\u0103tre alte site-uri web<\/h3>\n\n\n\n<p>Site-ul nostru web con\u021bine link-uri c\u0103tre alte site-uri. Nici The International Prayer Connect Leadership Team, Love France \u0219i nici partenerii s\u0103i nu sunt responsabili pentru confiden\u021bialitatea \u0219i securitatea acestor site-uri. Aceast\u0103 politic\u0103 de confiden\u021bialitate se aplic\u0103 numai acestui site web.<\/p>\n\n\n\n<h3 class=\"wp-block-heading\">Securitatea informa\u021biilor sensibile<\/h3>\n\n\n\n<p>Dac\u0103 v\u0103 solicit\u0103m informa\u021bii sensibile, cum ar fi numerele de card de credit, vom folosi criptarea securizat\u0103 acolo unde este cazul.<\/p>\n\n\n\n<p>Dac\u0103 comunica\u021bi cu noi prin e-mail prin internet, trebuie s\u0103 fi\u021bi con\u0219tient de faptul c\u0103 natura internetului este de a\u0219a natur\u0103 \u00eenc\u00e2t comunicarea necriptat\u0103 poate s\u0103 nu fie sigur\u0103 \u0219i s\u0103 treac\u0103 prin mai multe \u021b\u0103ri diferite pe drumul c\u0103tre noi.<\/p>\n\n\n\n<p>V\u0103 rug\u0103m s\u0103 nu ne trimite\u021bi e-mail cu informa\u021bii confiden\u021biale sau sensibile, cum ar fi detaliile cardului dvs. de credit. Nu putem accepta responsabilitatea pentru accesul neautorizat la informa\u021biile dumneavoastr\u0103, care este \u00een afara controlului nostru. Trimi\u021b\u00e2ndu-ne date, ne da\u021bi consim\u021b\u0103m\u00e2ntul s\u0103 folosim datele dumneavoastr\u0103 personale sensibile, de exemplu informa\u021biile cardului de credit, exclusiv \u00een scopurile pentru care le trimite\u021bi. Aceasta poate include transmiterea acestuia c\u0103tre ter\u021bi. De exemplu, \u00een procesarea dona\u021biilor, putem colecta date financiare de la dvs. pe care apoi le transmitem agen\u021bilor sistemului bancar de la care \u0219tergem fondurile. Noi \u0219i ei utiliz\u0103m aceste informa\u021bii doar pentru a v\u0103 oferi acest serviciu de plat\u0103.<\/p>\n\n\n\n<h3 class=\"wp-block-heading\">Corectarea\/Actualizarea\/Dezabonarea informa\u021biilor personale<\/h3>\n\n\n\n<p>Dac\u0103 informa\u021biile dvs. de identificare personal\u0103 se modific\u0103 (cum ar fi adresa dvs. po\u0219tal\u0103) sau dac\u0103 nu mai dori\u021bi s\u0103 utiliza\u021bi serviciul nostru, ne vom str\u0103dui s\u0103 oferim o modalitate de a corecta, actualiza sau elimina datele dumneavoastr\u0103 cu caracter personal furnizate nou\u0103. Acest lucru se poate face prin e-mail&nbsp;<a href=\"mailto:contact@lovefrance.world\">contact@lovefrance.world<\/a> f\u0103c\u00e2nd clic pe linkul \u201eAnula\u021bi abonamentul\u201d de pe oricare dintre e-mailurile noastre sau scriindu-ne la 313 E Wiser Lake Rd, Lynden WA, 98264, SUA.<\/p>\n\n\n\n<h3 class=\"wp-block-heading\">Modific\u0103ri ale acestei politici de confiden\u021bialitate<\/h3>\n\n\n\n<p>Putem modifica aceast\u0103 politic\u0103 din c\u00e2nd \u00een c\u00e2nd, iar versiunea actual\u0103 va fi cea publicat\u0103 pe acest site. Dac\u0103 orice modific\u0103ri modific\u0103 substan\u021bial drepturile sau privilegiile membrilor no\u0219tri, le vom trimite prin e-mail cu detalii.<\/p>\n\n\n\n<h3 class=\"wp-block-heading\">Cum s\u0103 v\u0103 accesa\u021bi informa\u021biile personale<\/h3>\n\n\n\n<p>O list\u0103 complet\u0103 a datelor pe care le de\u021binem \u00een numele dvs. poate fi furnizat\u0103 la cerere pentru o mic\u0103 tax\u0103. V\u0103 rug\u0103m s\u0103 adresa\u021bi cererile, \u00eempreun\u0103 cu un cec pentru $50, c\u0103tre Administratorul, Echipa de conducere a International Prayer Connect, 313 E Wiser Lake Rd, Lynden WA, 98264, SUA.<\/p>","protected":false},"excerpt":{"rendered":"<p>Terms of Use www.lovefrance.world Please read the following terms carefully as use of the www.lovefrance.world website means that you agree to them. 1. Use of this Site The rights in the designs, pictures, logos, photographs...<\/p>","protected":false},"author":1,"featured_media":152,"parent":0,"menu_order":0,"comment_status":"closed","ping_status":"closed","template":"","meta":{"_acf_changed":false,"_monsterinsights_skip_tracking":false,"_monsterinsights_sitenote_active":false,"_monsterinsights_sitenote_note":"","_monsterinsights_sitenote_category":0,"pgc_sgb_lightbox_settings":"","footnotes":""},"class_list":["post-248","page","type-page","status-publish","has-post-thumbnail","hentry"],"acf":[],"_links":{"self":[{"href":"https:\/\/www.lovefrance.world\/ro\/wp-json\/wp\/v2\/pages\/248","targetHints":{"allow":["GET"]}}],"collection":[{"href":"https:\/\/www.lovefrance.world\/ro\/wp-json\/wp\/v2\/pages"}],"about":[{"href":"https:\/\/www.lovefrance.world\/ro\/wp-json\/wp\/v2\/types\/page"}],"author":[{"embeddable":true,"href":"https:\/\/www.lovefrance.world\/ro\/wp-json\/wp\/v2\/users\/1"}],"replies":[{"embeddable":true,"href":"https:\/\/www.lovefrance.world\/ro\/wp-json\/wp\/v2\/comments?post=248"}],"version-history":[{"count":6,"href":"https:\/\/www.lovefrance.world\/ro\/wp-json\/wp\/v2\/pages\/248\/revisions"}],"predecessor-version":[{"id":392,"href":"https:\/\/www.lovefrance.world\/ro\/wp-json\/wp\/v2\/pages\/248\/revisions\/392"}],"wp:featuredmedia":[{"embeddable":true,"href":"https:\/\/www.lovefrance.world\/ro\/wp-json\/wp\/v2\/media\/152"}],"wp:attachment":[{"href":"https:\/\/www.lovefrance.world\/ro\/wp-json\/wp\/v2\/media?parent=248"}],"curies":[{"name":"wp","href":"https:\/\/api.w.org\/{rel}","templated":true}]}}