{"id":425,"date":"2024-07-02T04:39:12","date_gmt":"2024-07-02T04:39:12","guid":{"rendered":"https:\/\/www.lovefrance.world\/?page_id=425"},"modified":"2024-07-02T05:13:07","modified_gmt":"2024-07-02T05:13:07","slug":"messy-church-heros-delafoi","status":"publish","type":"page","link":"https:\/\/www.lovefrance.world\/ro\/messy-church-heros-delafoi\/","title":{"rendered":"Eroii Bisericii Dezordonate DeLaFoi"},"content":{"rendered":"<figure class=\"wp-block-image size-full\"><img loading=\"lazy\" decoding=\"async\" width=\"1200\" height=\"143\" src=\"https:\/\/www.lovefrance.world\/wp-content\/uploads\/2024\/07\/Messy-Church-session-Hero-of-faith-Eric-Liddell-1.jpg\" alt=\"\" class=\"wp-image-457\" srcset=\"https:\/\/www.lovefrance.world\/wp-content\/uploads\/2024\/07\/Messy-Church-session-Hero-of-faith-Eric-Liddell-1.jpg 1200w, https:\/\/www.lovefrance.world\/wp-content\/uploads\/2024\/07\/Messy-Church-session-Hero-of-faith-Eric-Liddell-1-380x45.jpg 380w, https:\/\/www.lovefrance.world\/wp-content\/uploads\/2024\/07\/Messy-Church-session-Hero-of-faith-Eric-Liddell-1-768x92.jpg 768w, https:\/\/www.lovefrance.world\/wp-content\/uploads\/2024\/07\/Messy-Church-session-Hero-of-faith-Eric-Liddell-1-18x2.jpg 18w\" sizes=\"auto, (max-width: 1200px) 100vw, 1200px\" \/><\/figure>\n\n\n\n<h2 class=\"wp-block-heading has-text-align-left\">Reflec\u021bie dezordonat\u0103<\/h2>\n\n\n\n<p>Pentru ca voi s\u0103 deveni\u021bi f\u0103r\u0103 prihan\u0103 \u0219i cura\u021bi, \u201ecopii ai lui Dumnezeu f\u0103r\u0103 vin\u0103 \u00eentr-o genera\u021bie deformat\u0103 \u0219i str\u00e2mb\u0103\u201d. Atunci vei str\u0103luci printre ei ca stelele de pe cer, \u00een timp ce te \u021bii cu fermitate de cuv\u00e2ntul vie\u021bii.<br>Filipeni 2:15\u201316a (NIV)<\/p>\n\n\n\n<p>Prin urmare, fiindc\u0103 suntem \u00eenconjura\u021bi de un nor at\u00e2t de mare de martori, s\u0103 lep\u0103d\u0103m tot ce \u00eempiedic\u0103 \u0219i p\u0103catul care \u00eencurc\u0103 at\u00e2t de u\u0219or. \u0218i s\u0103 alerg\u0103m cu perseveren\u021b\u0103 cursa pe care ne-a trasat-o, a\u021bin\u00e2ndu-ne ochii pe Isus, pionierul \u0219i des\u0103v\u00e2r\u0219itorul credin\u021bei. Pentru bucuria care i-a fost pus\u0103 \u00eenainte, a \u00eendurat crucea, dispre\u021buind ru\u0219inea ei \u0219i s-a a\u0219ezat la dreapta tronului lui Dumnezeu. Lua\u021bi \u00een considerare acela care a \u00eendurat o asemenea \u00eempotrivire din partea p\u0103c\u0103to\u0219ilor, ca s\u0103 nu v\u0103 obosi\u021bi \u0219i s\u0103 nu v\u0103 pierde\u021bi inima.<br>Evrei 12:1\u20133 (NIV)<\/p>\n\n\n\n<ul class=\"wp-block-list\">\n<li>Cum arat\u0103 aceste pasaje ceva despre Eric?<br>Credin\u021ba \u0219i valorile lui Liddell?<\/li>\n<\/ul>\n\n\n\n<p>L\u0103s\u0103m ceea ce Hristos a f\u0103cut pentru noi s\u0103 str\u0103luceasc\u0103 prin tot ceea ce este \u00een via\u021ba noastr\u0103. L\u0103s\u0103m ca neprih\u0103nirea lui Dumnezeu s\u0103 fie evident\u0103 \u00een vie\u021bile noastre pe m\u0103sur\u0103 ce tr\u0103im vie\u021bi care sunt curate \u0219i f\u0103r\u0103 vin\u0103 \u00eenaintea lui Dumnezeu. \u00cen al doilea r\u00e2nd, str\u0103lucim ca stelele \u00een univers atunci c\u00e2nd lu\u0103m mintea \u0219i atitudinea lui Isus.<\/p>\n\n\n\n<ul class=\"wp-block-list\">\n<li>Cum a str\u0103lucit via\u021ba lui Eric cu dragostea lui Dumnezeu?<\/li>\n\n\n\n<li>Cum am putea str\u0103luci \u00een ceea ce g\u00e2ndim \u0219i facem?<\/li>\n<\/ul>\n\n\n\n<h2 class=\"wp-block-heading\">ucenicie: echip\u0103<\/h2>\n\n\n\n<h3 class=\"wp-block-heading\">Cum \u00eei ajut\u0103 aceast\u0103 sesiune pe oameni s\u0103 creasc\u0103 \u00een Hristos?<\/h3>\n\n\n\n<p>Aceast\u0103 sesiune va reflecta asupra vie\u021bii, credin\u021bei, angajamentului \u00een misiune \u0219i realiz\u0103rilor sportive ale unui mare om de credin\u021b\u0103 \u2013 Eric Liddell.<\/p>\n\n\n\n<p>\u00cei va \u00eencuraja pe oameni s\u0103 reflecteze asupra modului \u00een care credin\u021ba lui a influen\u021bat via\u021ba lui \u0219i a celorlal\u021bi. Anul acesta se \u00eemplinesc 100 de ani de la celebra medalie de aur a lui Eric la Jocurile Olimpice din 1924 de la Paris. Pe l\u00e2ng\u0103 succesele sale pe pist\u0103, valorile \u0219i exemplul s\u0103u cre\u0219tin sunt o inspira\u021bie care ne \u00eencurajeaz\u0103 s\u0103 lu\u0103m \u00een considerare modul \u00een care ne folosim talentele date de Dumnezeu \u0219i s\u0103 \u00eemp\u0103rt\u0103\u0219im vestea bun\u0103 a lui Isus.<\/p>\n\n\n\n<h2 class=\"wp-block-heading\">Povestea lui Eric Liddell<\/h2>\n\n\n\n<p>Urm\u0103ri\u021bi acest videoclip (<a href=\"http:\/\/ericLiddell.org\/wp-content\/uploads\/2023\/07\/EL100-Promo-Video-small.mp4\" target=\"_blank\" rel=\"noreferrer noopener\">ericLiddell.org\/wp-content\/uploads\/2023\/07\/EL100-Promo-Video-small.mp4<\/a>) sau face\u021bi o povestire dramatizat\u0103 a pove\u0219tii sale.<\/p>\n\n\n\n<h3 class=\"wp-block-heading\">Puncte cheie ale vie\u021bii lui Eric<\/h3>\n\n\n\n<ul class=\"wp-block-list\">\n<li>N\u0103scut \u00een nordul Chinei din p\u0103rin\u021bi misionari sco\u021bieni \u00een 1902.<\/li>\n\n\n\n<li>La v\u00e2rsta de cinci ani, s-a mutat \u00eenapoi \u00een Marea Britanie \u0219i a mers la internat.<\/li>\n\n\n\n<li>\u00cen v\u00e2rst\u0103 de 18 ani, Eric a mers la Universitatea din Edinburgh \u0219i s-a implicat \u00een alergare.<\/li>\n\n\n\n<li>1922 \u2013 joac\u0103 rugby pentru Sco\u021bia.<\/li>\n\n\n\n<li>1923 \u2013 stabile\u0219te recordul britanic de 100 de iarzi.<\/li>\n\n\n\n<li>1924 \u2013 c\u00e2\u0219tig\u0103 Aur la Jocurile Olimpice \u2013 DAR refuz\u0103 s\u0103 alerge duminica a\u0219a c\u0103 trebuie s\u0103 alerge la 400 m \u00een loc de la 100 m \u0219i c\u00e2\u0219tig\u0103.<\/li>\n\n\n\n<li>1925 \u2013 se retrage din sport \u0219i se mut\u0103 \u00een China pentru a-I sluji lui Dumnezeu ca misionar.<\/li>\n\n\n\n<li>1932 \u2013 hirotonit ministru.<\/li>\n\n\n\n<li>1934 \u2013 se c\u0103s\u0103tore\u0219te cu Floren\u021ba \u0219i are trei copii.<\/li>\n\n\n\n<li>1941 \u2013 familia este desp\u0103r\u021bit\u0103 din cauza r\u0103zboiului.<\/li>\n\n\n\n<li>1943 - Eric a capturat \u0219i pus \u00eentr-un lag\u0103r de internare. A ajutat cu sportul \u0219i \u0219i-a \u00eemp\u0103rt\u0103\u0219it credin\u021ba \u00een tab\u0103r\u0103.<\/li>\n\n\n\n<li>1945 \u2013 Eric moare din cauza unei tumori pe creier \u00een lag\u0103r.<\/li>\n<\/ul>\n\n\n\n<h2 class=\"wp-block-heading\">Activit\u0103\u021bi<\/h2>\n\n\n\n<ol class=\"wp-block-list\">\n<li><strong>Via\u021ba \u0219i martorul lui Eric Liddell<\/strong><\/li>\n<\/ol>\n\n\n\n<p>Ve\u021bi avea nevoie de: lista de clipuri video despre Eric Liddell la sf\u00e2r\u0219itul acestei sesiuni; videoclipul despre rezumatul vie\u021bii \u0219i mo\u0219tenirii lui Eric Liddell \u2013 <a href=\"http:\/\/ericLiddell.org\/wp-content\/uploads\/2023\/07\/EL100-Promo-Video-small.mp4\" target=\"_blank\" rel=\"noreferrer noopener\">ericLiddell.org\/wp-content\/uploads\/2023\/07\/EL100-Promo-Video-small.mp4<\/a><\/p>\n\n\n\n<p>Urm\u0103ri\u021bi videoclipul despre via\u021ba \u0219i mo\u0219tenirea lui Eric, precum \u0219i alege\u021bi c\u00e2teva din list\u0103 pentru a viziona \u0219i ele. De ce s\u0103 nu include\u021bi c\u00e2teva clipuri din Chariots of Fire.<\/p>\n\n\n\n<p>Vorbe\u0219te despre ceea ce ai g\u0103sit interesant despre Eric Liddell.<\/p>\n\n\n\n<ol class=\"wp-block-list\" start=\"2\">\n<li><strong>Cronologia lui Eric Liddell<\/strong><\/li>\n<\/ol>\n\n\n\n<p>Ve\u021bi avea nevoie de: o cronologie a vie\u021bii lui Eric t\u0103iat\u0103 \u00een f\u00e2\u0219ii (exist\u0103 o resurs\u0103 util\u0103 aici, cu o cronologie la sf\u00e2r\u0219it - b\u0103ie\u021bi- <a href=\"http:\/\/brigade.org.uk\/wp-content\/uploads\/2023\/12\/seniors-heroes_of_faith_eric_Liddell-themed_programme-with_activity_sheet-web.pdf\" target=\"_blank\" rel=\"noreferrer noopener\">brigade.org.uk\/wp-content\/uploads\/2023\/12\/seniors-heroes_of_faith_eric_Liddell-themed_programme-with_activity_sheet-web.pdf<\/a>)<\/p>\n\n\n\n<p>Asigura\u021bi-v\u0103 c\u0103 ave\u021bi suficiente copii pentru fiecare grup \u0219i apoi ob\u021bine\u021bi fiecare tabel pentru a pune ordine \u00een evenimentele cheie din via\u021ba lui Eric.<\/p>\n\n\n\n<p><strong>Vorbeste despre<\/strong> cum Eric a avut un sim\u021b al chem\u0103rii \u0219i al angajamentului fa\u021b\u0103 de Dumnezeu.<\/p>\n\n\n\n<ol class=\"wp-block-list\" start=\"3\">\n<li><strong>Salturi de stea duble<\/strong><\/li>\n<\/ol>\n\n\n\n<p><strong>Ve\u021bi avea nevoie de: un cronometru<\/strong><\/p>\n\n\n\n<p>Oamenii pot s\u0103 vad\u0103 pe r\u00e2nd c\u00e2te s\u0103rituri de stele pot face \u00eentr-un minut sau, dac\u0103 se simt curajo\u0219i, \u00eencearc\u0103 patru minute!<\/p>\n\n\n\n<p><strong>Vorbeste despre<\/strong> c\u00e2te s\u0103rituri de stele a reu\u0219it fiecare persoan\u0103 \u00eentr-un minut \u0219i patru minute. C\u00e2t de greu a fost s\u0103 continui timp de patru minute? Cum ar fi fost pentru Eric s\u0103 se fi antrenat pentru cursa de 100 de metri, dar apoi s\u0103 alerge (\u0219i s\u0103 c\u00e2\u0219tige!) \u00een schimb la 400 de metri?<\/p>\n\n\n\n<ol class=\"wp-block-list\" start=\"4\">\n<li><strong>Rula\u021bi cursa \u00een chinez\u0103 mandarin\u0103<\/strong><\/li>\n<\/ol>\n\n\n\n<p><strong>Ve\u021bi avea nevoie de: h\u00e2rtie; pixuri bune de scris (cele de caligrafie sunt chiar mai bune!)<\/strong><\/p>\n\n\n\n<p>Copia\u021bi sau urm\u0103ri\u021bi scrierea de mai jos, care spune \u201eAlarg\u0103 cursa\u201d \u00een mandarin\u0103 \u0219i se pronun\u021b\u0103 P\u01ceo b\u01d0s\u00e0i.<\/p>\n\n\n\n<p><strong>Vorbeste despre<\/strong> cum Eric Liddell \u201ea alergat cursa\u201d vie\u021bii sale \u00een Marea Britanie \u0219i \u00een China.<\/p>\n\n\n\n<ol class=\"wp-block-list\" start=\"5\">\n<li><strong>Eroi sportivi<\/strong><\/li>\n<\/ol>\n\n\n\n<p><strong>Ve\u021bi avea nevoie de: poze cu diferi\u021bi sportivi<\/strong><\/p>\n\n\n\n<p>Vezi dac\u0103 oamenii pot ghici diferi\u021bii eroi sportivi \u0219i ce \u00eei face un erou?<\/p>\n\n\n\n<p><strong>Vorbeste despre<\/strong> cum Eric Liddell a fost un erou.<\/p>\n\n\n\n<ol class=\"wp-block-list\" start=\"6\">\n<li><strong>Ia-mi m\u00e2inile \u0219i picioarele<\/strong><\/li>\n<\/ol>\n\n\n\n<p><strong>Ve\u021bi avea nevoie de: h\u00e2rtie; pixuri; foarfece<\/strong><\/p>\n\n\n\n<p>Citi\u021bi versetul de mai jos din imnul \u201eTake my life\u201d de Frances Havergal (1836\u201379). Invita\u021bi oamenii s\u0103 deseneze \u00een jurul m\u00e2inilor \u0219i picioarelor lor. T\u0103ia\u021bi-le \u0219i scrie\u021bi pe m\u00e2ini cum v\u0103 poate lua Dumnezeu m\u00e2inile \u0219i s\u0103 le foloseasc\u0103 \u2013 ce a\u021bi putea FACE pentru Dumnezeu? Pe picioare, cum ar putea Dumnezeu s\u0103 v\u0103 ia picioarele \u0219i s\u0103 le foloseasc\u0103 \u2013 unde a\u021bi putea s\u0103 merge\u021bi pentru Dumnezeu? Aceasta ar putea fi strada, \u0219coala sau mai departe.<\/p>\n\n\n\n<p>Citi\u021bi din nou versetul \u00een timp ce to\u021bi v\u0103 \u021bin m\u00e2inile \u0219i picioarele t\u0103iate.<\/p>\n\n\n\n<p><em>Ia-mi m\u00e2inile \u0219i las\u0103-le s\u0103 se mi\u0219te<br>la impulsul iubirii lor;<br>ia-mi picioarele \u0219i las\u0103-le<br>iute \u0219i frumos pentru tine.<\/em><\/p>\n\n\n\n<p><strong>Vorbeste despre<\/strong> cum Eric Liddell \u0219i-a oferit via\u021ba lui Dumnezeu. \u0218i-a folosit picioarele pentru a alerga \u0219i a c\u00e2\u0219tiga curse; m\u00e2inile \u0219i picioarele lui s\u0103 joace rugby; a c\u0103l\u0103torit \u00een China pentru a \u00eemp\u0103rt\u0103\u0219i despre Isus; el \u0219i-a folosit m\u00e2inile \u0219i picioarele pentru a-i ajuta pe al\u021bii \u00een timp ce se afla \u00eentr-un lag\u0103r de internare.<\/p>\n\n\n\n<h2 class=\"wp-block-heading\">Celebrare<\/h2>\n\n\n\n<p><em>Explora\u021bi via\u021ba lui Eric Liddell \u0219i modul \u00een care el str\u0103luce\u0219te din interior spre exterior.<\/em><\/p>\n\n\n\n<p>Folose\u0219te melodia \u201eShine\u201d \u2013 <a href=\"http:\/\/youtu.be\/WGarMi70QSs\" target=\"_blank\" rel=\"noreferrer noopener\">youtu.be\/WGarMi70QSs<\/a><\/p>\n\n\n\n<p><em>C\u00e2nta\u021bi c\u00e2ntecul cu ac\u021biuni la \u00eenceputul \u0219i la sf\u00e2r\u0219itul s\u0103rb\u0103torii, apoi explora\u021bi via\u021ba lui Eric Liddell \u0219i modul \u00een care a str\u0103lucit prin diferite aspecte ale vie\u021bii sale. Instala\u021bi o sta\u021bie pentru fiecare zon\u0103 \u0219i oamenii se pot \u00eenconjura \u00een jurul lor.<\/em><\/p>\n\n\n\n<ol class=\"wp-block-list\">\n<li><strong>Sport<\/strong> \u2013 Eric \u0219i-a folosit darul sportiv pentru a juca rugby pentru Sco\u021bia, precum \u0219i pentru a alerga. Cursa pentru care s-a antrenat a fost cea de 100 de metri, dar a ales s\u0103 nu concureze la Jocurile Olimpice pentru c\u0103 cursa era duminic\u0103, a\u0219a c\u0103 a alergat la 400 de metri \u0219i a c\u00e2\u0219tigat!<br>Eric a spus: \u201eCred c\u0103 Dumnezeu m-a f\u0103cut pentru un scop, dar m-a \u0219i f\u0103cut s\u0103 postesc. \u0218i c\u00e2nd alerg, \u00eei simt pl\u0103cerea.<br><strong>Ce<\/strong> daruri le folose\u0219ti pentru Dumnezeu? Ce \u00eei aduce lui Dumnezeu pl\u0103cere?<\/li>\n\n\n\n<li><strong>Credin\u0163\u0103<\/strong> \u2013 Credin\u021ba lui Eric \u00een Dumnezeu a fost cu adev\u0103rat important\u0103 pentru el \u0219i a fost pe primul loc \u00een via\u021ba lui. El a refuzat s\u0103 alerge \u00eentr-o duminic\u0103 \u2013 Sabatul pe care a sim\u021bit c\u0103 ar trebui s\u0103 fie sfin\u021bit.<br>Eric a spus: \u201eMul\u021bi dintre noi ne lipse\u0219te ceva \u00een via\u021b\u0103 pentru c\u0103 suntem dup\u0103 cel mai bun al doilea. V\u0103 pun \u00eenainte ceea ce am g\u0103sit a fi cel mai bun \u2013 unul care este vrednic de toat\u0103 devotamentul nostru \u2013 Iisus Hristos. El este M\u00e2ntuitorul pentru tineri \u0219i b\u0103tr\u00e2ni. Doamne, iat\u0103-m\u0103.<br><strong>Cum<\/strong> L-ai putea pune pe Isus pe primul loc?<\/li>\n\n\n\n<li><strong>\u00cemp\u0103rt\u0103\u0219irea credin\u021bei<\/strong> \u2013 Eric a \u00eemp\u0103rt\u0103\u0219it despre credin\u021ba lui \u00een Isus oriunde s-ar afla \u2013 pe pista de sport, \u00een China \u0219i \u00een Sco\u021bia. Oamenii veneau de departe s\u0103-l aud\u0103 vorbind.<br>Eric a spus: \u201eTo\u021bi suntem misionari. Oriunde mergem, fie aducem oamenii mai aproape de Hristos, fie \u00eei respingem de Hristos.<br><strong>Cum<\/strong> \u00eemp\u0103rt\u0103\u0219im despre Isus \u0219i aducem pe al\u021bii la El<\/li>\n\n\n\n<li><strong>Suferinta pentru credinta<\/strong> \u2013 Eric a fost separat de familia sa \u0219i trimis \u00eentr-un lag\u0103r de internare \u00een timpul r\u0103zboiului, iar \u00een cele din urm\u0103 a murit acolo de o tumor\u0103 pe creier. Credin\u021ba lui \u00een Dumnezeu l-a ajutat \u00een aceast\u0103 perioad\u0103 grea \u0219i a putut s\u0103 ajute \u0219i<br>\u00eencurajeaz\u0103-i pe al\u021bii.<br>Eric a spus: \u201eVictoria asupra tuturor circumstan\u021belor vie\u021bii nu vine prin putere, nici prin putere, ci printr-o \u00eencredere practic\u0103 \u00een Dumnezeu \u0219i prin permiterea Duhului S\u0103u s\u0103 locuiasc\u0103 \u00een inimile noastre \u0219i s\u0103 ne controleze ac\u021biunile \u0219i emo\u021biile. \u00cen zilele u\u0219urin\u021bei \u0219i m\u00e2ng\u00e2iere, \u00eenva\u021b\u0103 s\u0103 g\u00e2nde\u0219ti \u00een termenii rug\u0103ciunii care urmeaz\u0103, astfel \u00eenc\u00e2t, atunci c\u00e2nd vor veni zilele grele, vei fi pe deplin preg\u0103tit \u0219i echipat s\u0103 le \u00eent\u00e2mpine\u0219ti.&#039;<br><strong>Cum<\/strong> te poate ajuta credin\u021ba \u00een Dumnezeu c\u00e2nd lucrurile sunt grele?<\/li>\n<\/ol>\n\n\n\n<p><em>Pe m\u0103sur\u0103 ce am explorat via\u021ba \u0219i credin\u021ba lui Eric, am v\u0103zut cum el \u201estr\u0103lucea din interior spre exterior, pentru ca lumea s\u0103 vad\u0103 c\u0103 tr\u0103ie\u0219te \u00een mine\u201d.<\/em><\/p>\n\n\n\n<h3 class=\"wp-block-heading\">Rug\u0103ciune<\/h3>\n\n\n\n<p><em>Un pic ca \u00een timpul s\u0103rb\u0103torii, ave\u021bi diferite sta\u021bii de rug\u0103ciune unde oamenii pot face diferite activit\u0103\u021bi de rug\u0103ciune.<\/em><\/p>\n\n\n\n<p><strong>Sport<\/strong> \u2013 Noteaz\u0103 c\u00e2teva dintre darurile tale \u0219i lucrurile la care e\u0219ti bun pe o minge de rubgy sau fotbal. Mul\u021bume\u0219te-i lui Dumnezeu pentru darurile pe care \u021bi le-a dat \u0219i roag\u0103-te s\u0103 te ajute s\u0103 le folose\u0219ti bine.<\/p>\n\n\n\n<p><strong>Misiune<\/strong> \u2013 Scrie\u021bi rug\u0103ciuni pentru ca bisericile din diferite \u021b\u0103ri s\u0103 creasc\u0103. Le-ai putea lipi de o hart\u0103 a lumii.<\/p>\n\n\n\n<p><strong>Tr\u0103ie\u0219te-\u021bi credin\u021ba <\/strong>\u2013 Pe o stea mare, scrie sau deseneaz\u0103 ce ai putea face pentru a str\u0103luci \u0219i a-\u021bi tr\u0103i credin\u021ba \u0219i a \u00eemp\u0103rt\u0103\u0219i dragostea lui Dumnezeu.<\/p>\n\n\n\n<p><strong>Suferinta in timp de razboi<\/strong> \u2013 Pe un ziar, scrie\u021bi rug\u0103ciuni scurte pentru cei care sufer\u0103 din cauza r\u0103zboiului sau ruga\u021bi-v\u0103 pentru anumite \u021b\u0103ri \u00een care r\u0103zboiul este o realitate zilnic\u0103.<\/p>\n\n\n\n<h3 class=\"wp-block-heading\">Sugestii de c\u00e2ntece<\/h3>\n\n\n\n<p>\u201eStr\u0103lucire (din interior)\u201d \u2013 Spring Harvest<br>\u201eCu tot ce sunt\u201d \u2013 Hillsong Worship<br>\u201eAlerg\u0103 cursa\u201d \u2013 Harbour Collective<br>\u201eAlarg\u0103 cursa\u201d \u2013 Holly Starr<br>\u201eAlerg\u0103 cursa\u201d \u2013 Biserica Libert\u0103\u021bii<\/p>\n\n\n\n<h3 class=\"wp-block-heading\">Sugestie de mas\u0103<\/h3>\n\n\n\n<p>O m\u00e2ncare de inspira\u021bie chinez\u0103, cum ar fi wrap-uri cu pui m\u0103run\u021bit \u0219i sos hoisin, t\u0103i\u021bei cu sos dulce-acru, biscui\u021bi cu creve\u021bi \u0219i ceai verde.<\/p>\n\n\n\n<p>Afla\u021bi mai multe despre Eric Liddell 100 la <a href=\"http:\/\/ericLiddell.org\/the-eric-Liddell-100\" target=\"_blank\" rel=\"noreferrer noopener\">ericLiddell.org\/the-eric-Liddell-100<\/a>, e-mail <a href=\"mailto:EL100@ericLiddell.org\">EL100@ericLiddell.org<\/a> sau c\u0103uta\u021bi Comunitatea Eric Liddell pe re\u021belele sociale.<\/p>\n\n\n\n<h2 class=\"wp-block-heading\">Clipuri video despre Eric Liddell<\/h2>\n\n\n\n<p>Pute\u021bi folosi filmul complet Chariots of Fire (filmul complet poate fi \u00eenchiriat pe Amazon Prime sau vizionat pe Disney+) sau aceste scurte clipuri \u00eentr-o varietate de moduri.<\/p>\n\n\n\n<p>Clipuri din Chariots of Fire:<\/p>\n\n\n\n<ul class=\"wp-block-list\">\n<li>Un discurs de Eric Liddell \u2013 <a href=\"http:\/\/youtu.be\/w57Atv9GyNY\" target=\"_blank\" rel=\"noreferrer noopener\">youtu.be\/w57Atv9GyNY<\/a><\/li>\n\n\n\n<li>Nu voi alerga \u00een sabat - <a href=\"http:\/\/youtu.be\/usIpld3BZWw\" target=\"_blank\" rel=\"noreferrer noopener\">youtu.be\/usIpld3BZWw<\/a><\/li>\n\n\n\n<li>Cel care \u00eel cinste\u0219te pe Dumnezeu - <a href=\"http:\/\/youtu.be\/uwyltmUR3MU\" target=\"_blank\" rel=\"noreferrer noopener\">youtu.be\/uwyltmUR3MU<\/a><\/li>\n\n\n\n<li>De unde vine puterea - <a href=\"http:\/\/youtu.be\/kbgR-pOIFbE\" target=\"_blank\" rel=\"noreferrer noopener\">youtu.be\/kbgR-pOIFbE<\/a><\/li>\n<\/ul>\n\n\n\n<p>Alte clipuri video:<\/p>\n\n\n\n<ul class=\"wp-block-list\">\n<li>Sco\u021bianul zbur\u0103tor ia aurul \u2013 <a href=\"http:\/\/youtu.be\/IYNUxdoIacA\" target=\"_blank\" rel=\"noreferrer noopener\">youtu.be\/IYNUxdoIacA<\/a><\/li>\n\n\n\n<li>Moartea lui Eric Liddell - <a href=\"http:\/\/youtu.be\/KL0kzagSQwY\" target=\"_blank\" rel=\"noreferrer noopener\">youtu.be\/KL0kzagSQwY<\/a><\/li>\n\n\n\n<li>Eric Liddell: de la olimpic la misionar martir \u2013 <a href=\"http:\/\/youtu.be\/rZdGZLe-N2U\" target=\"_blank\" rel=\"noreferrer noopener\">youtu.be\/rZdGZLe-N2U<\/a><\/li>\n\n\n\n<li>Eric Liddell: toat\u0103 via\u021ba este o curs\u0103 de curs\u0103 - <a href=\"http:\/\/youtu.be\/r9NclUKgqFs\" target=\"_blank\" rel=\"noreferrer noopener\">youtu.be\/r9NclUKgqFs<\/a><\/li>\n\n\n\n<li>Un rezumat al vie\u021bii \u0219i mo\u0219tenirii lui Eric Liddell - <a href=\"http:\/\/ericLiddell.org\/wp-content\/uploads\/2023\/07\/EL100-Promo-Video-small.mp4\" target=\"_blank\" rel=\"noreferrer noopener\">ericLiddell.org\/wp-content\/uploads\/2023\/07\/EL100-Promo-Video-small.mp4<\/a><\/li>\n<\/ul>\n\n\n\n<p>Ca organiza\u021bie caritabil\u0103, ne baz\u0103m pe str\u00e2ngerea de fonduri \u0219i pe cadouri \u00een testamente pentru a oferi Anna Chaplaincy, Living Faith, Messy Church \u0219i Parenting for Faith. Am reu\u0219it s\u0103 oferim aceast\u0103 resurs\u0103 gratuit datorit\u0103 generozit\u0103\u021bii altora. Dac\u0103 a\u021bi beneficiat de munca noastr\u0103, v\u0103 rug\u0103m s\u0103 ajuta\u021bi mai mul\u021bi oameni s\u0103 fac\u0103 acela\u0219i lucru. <a href=\"http:\/\/brf.org.uk\/give +44 (0)1235 462305\" target=\"_blank\" rel=\"noreferrer noopener\">brf.org.uk\/give +44 (0)1235 462305<\/a><\/p>","protected":false},"excerpt":{"rendered":"<p>Messy reflection So that you may become blameless and pure, \u2018children of God without fault in a warped and crooked generation.\u2019 Then you will shine among them like stars in the sky as you hold...<\/p>","protected":false},"author":1,"featured_media":237,"parent":0,"menu_order":0,"comment_status":"closed","ping_status":"closed","template":"","meta":{"_acf_changed":false,"_monsterinsights_skip_tracking":false,"_monsterinsights_sitenote_active":false,"_monsterinsights_sitenote_note":"","_monsterinsights_sitenote_category":0,"pgc_sgb_lightbox_settings":"","footnotes":""},"class_list":["post-425","page","type-page","status-publish","has-post-thumbnail","hentry"],"acf":[],"_links":{"self":[{"href":"https:\/\/www.lovefrance.world\/ro\/wp-json\/wp\/v2\/pages\/425","targetHints":{"allow":["GET"]}}],"collection":[{"href":"https:\/\/www.lovefrance.world\/ro\/wp-json\/wp\/v2\/pages"}],"about":[{"href":"https:\/\/www.lovefrance.world\/ro\/wp-json\/wp\/v2\/types\/page"}],"author":[{"embeddable":true,"href":"https:\/\/www.lovefrance.world\/ro\/wp-json\/wp\/v2\/users\/1"}],"replies":[{"embeddable":true,"href":"https:\/\/www.lovefrance.world\/ro\/wp-json\/wp\/v2\/comments?post=425"}],"version-history":[{"count":7,"href":"https:\/\/www.lovefrance.world\/ro\/wp-json\/wp\/v2\/pages\/425\/revisions"}],"predecessor-version":[{"id":460,"href":"https:\/\/www.lovefrance.world\/ro\/wp-json\/wp\/v2\/pages\/425\/revisions\/460"}],"wp:featuredmedia":[{"embeddable":true,"href":"https:\/\/www.lovefrance.world\/ro\/wp-json\/wp\/v2\/media\/237"}],"wp:attachment":[{"href":"https:\/\/www.lovefrance.world\/ro\/wp-json\/wp\/v2\/media?parent=425"}],"curies":[{"name":"wp","href":"https:\/\/api.w.org\/{rel}","templated":true}]}}