{"id":1013,"date":"2024-07-24T07:47:15","date_gmt":"2024-07-24T07:47:15","guid":{"rendered":"https:\/\/www.lovefrance.world\/?page_id=1013"},"modified":"2024-07-26T14:20:30","modified_gmt":"2024-07-26T12:20:30","slug":"pray-for-5","status":"publish","type":"page","link":"https:\/\/www.lovefrance.world\/vi\/pray-for-5\/","title":{"rendered":"C\u1ea7u nguy\u1ec7n cho 5"},"content":{"rendered":"<figure class=\"wp-block-image alignwide size-full\"><img loading=\"lazy\" decoding=\"async\" width=\"1200\" height=\"584\" src=\"https:\/\/www.lovefrance.world\/wp-content\/uploads\/2024\/07\/BLESS_Card_v1.jpg\" alt=\"\" class=\"wp-image-1014\" srcset=\"https:\/\/www.lovefrance.world\/wp-content\/uploads\/2024\/07\/BLESS_Card_v1.jpg 1200w, https:\/\/www.lovefrance.world\/wp-content\/uploads\/2024\/07\/BLESS_Card_v1-380x185.jpg 380w, https:\/\/www.lovefrance.world\/wp-content\/uploads\/2024\/07\/BLESS_Card_v1-768x374.jpg 768w, https:\/\/www.lovefrance.world\/wp-content\/uploads\/2024\/07\/BLESS_Card_v1-18x9.jpg 18w\" sizes=\"auto, (max-width: 1200px) 100vw, 1200px\" \/><\/figure>\n\n\n\n<h2 class=\"wp-block-heading\">C\u1ea7u nguy\u1ec7n cho 5<\/h2>\n\n\n\n<h3 class=\"wp-block-heading\">D\u00e0nh 5 ph\u00fat m\u1ed7i ng\u00e0y \u0111\u1ec3 c\u1ea7u nguy\u1ec7n cho 5 ng\u01b0\u1eddi theo t\u00ean c\u1ea7n Ch\u00faa Jesus<\/h3>\n\n\n\n<h2 class=\"wp-block-heading\">Nh\u1eefng c\u00e1ch c\u1ea7u nguy\u1ec7n<\/h2>\n\n\n\n<ul class=\"wp-block-list\">\n<li>L\u1ea1y Cha, xin k\u00e9o h\u1ecd \u0111\u1ebfn v\u1edbi Ch\u00faa Gi\u00easu, Con c\u1ee7a Cha (<a href=\"https:\/\/biblia.com\/bible\/esv\/John%206.44\" target=\"_blank\" rel=\"noopener\">Gi\u0103ng 6:44<\/a>).<\/li>\n\n\n\n<li>L\u1ea1y Cha, xin c\u1ea5t \u0111i s\u1ef1 m\u00f9 qu\u00e1ng v\u1ec1 m\u1eb7t t\u00e2m linh c\u1ee7a h\u1ecd \u0111\u1ec3 h\u1ecd tin v\u00e0o Ph\u00fac \u00c2m (<a href=\"https:\/\/biblia.com\/bible\/esv\/2%20Cor.%204.4\" target=\"_blank\" rel=\"noopener\">2 C\u00f4-rinh-t\u00f4 4:4<\/a>;&nbsp;<a href=\"https:\/\/biblia.com\/bible\/esv\/Acts%2016.14\" target=\"_blank\" rel=\"noopener\">C\u00f4ng v\u1ee5 16:14<\/a>).<\/li>\n\n\n\n<li>L\u1ea1y Cha, xin ban cho h\u1ecd \u01a1n \u0103n n\u0103n \u0111\u1ec3 t\u1eeb b\u1ecf t\u1ed9i l\u1ed7i (<a href=\"https:\/\/biblia.com\/bible\/esv\/John%2016.8\" target=\"_blank\" rel=\"noopener\">Gi\u0103ng 16:8<\/a>;&nbsp;<a href=\"https:\/\/biblia.com\/bible\/esv\/2%20Tim.%202.25-26\" target=\"_blank\" rel=\"noopener\">2 Ti-m\u00f4-th\u00ea 2:25-26<\/a>).<\/li>\n\n\n\n<li>L\u1ea1y Cha, xin ban cho con c\u01a1 h\u1ed9i v\u00e0 l\u00f2ng can \u0111\u1ea3m \u0111\u1ec3 chia s\u1ebb Ph\u00fac \u00c2m v\u1edbi h\u1ecd (<a href=\"https:\/\/biblia.com\/bible\/esv\/Col.%204.3-4\" target=\"_blank\" rel=\"noopener\">C\u00f4-l\u00f4-se 4:3-4<\/a>;&nbsp;<a href=\"https:\/\/biblia.com\/bible\/esv\/Acts%204.29-31\" target=\"_blank\" rel=\"noopener\">C\u00f4ng v\u1ee5 4:29-31<\/a>).<\/li>\n\n\n\n<li>L\u1ea1y Cha, xin h\u00e3y c\u1ee9u h\u1ecd v\u00e0 c\u1ea3 gia \u0111\u00ecnh h\u1ecd (<a href=\"https:\/\/biblia.com\/bible\/esv\/Acts%2016.31\" target=\"_blank\" rel=\"noopener\">C\u00f4ng v\u1ee5 16:31<\/a>)<\/li>\n<\/ul>\n\n\n\n<p>CHIA S\u1eba CH\u00daA GI\u00caSU V\u1edaI H\u1ecc B\u1eb0NG C\u00c1CH S\u1ed0NG<\/p>\n\n\n\n<h2 class=\"wp-block-heading\">Phong c\u00e1ch s\u1ed1ng BLESS<\/h2>\n\n\n\n<p>B\u1eaft \u0111\u1ea7u b\u1eb1ng l\u1eddi c\u1ea7u nguy\u1ec7n | L\u1eafng nghe h\u1ecd | \u0102n v\u1edbi h\u1ecd | Ph\u1ee5c v\u1ee5 h\u1ecd | Chia s\u1ebb Ch\u00faa Jesus v\u1edbi h\u1ecd<\/p>\n\n\n\n<h3 class=\"wp-block-heading\">Th\u1ebb BLESS mi\u1ec5n ph\u00ed<\/h3>\n\n\n\n<p>T\u1ea3i xu\u1ed1ng v\u00e0 in mi\u1ec5n ph\u00ed&nbsp;<strong>Th\u1ebb BLESS<\/strong>, h\u00e3y vi\u1ebft t\u00ean 5 ng\u01b0\u1eddi c\u1ee7a b\u1ea1n v\u00e0 gi\u1eef n\u00f3 nh\u01b0 m\u1ed9t l\u1eddi nh\u1eafc nh\u1edf&nbsp;<strong>C\u1ea7u nguy\u1ec7n cho 5<\/strong>&nbsp;m\u1ed7i ng\u00e0y!<\/p>\n\n\n\n<div class=\"wp-block-buttons is-layout-flex wp-block-buttons-is-layout-flex\">\n<div class=\"wp-block-button\"><a class=\"wp-block-button__link wp-element-button\" href=\"https:\/\/www.lovefrance.world\/wp-content\/uploads\/2024\/07\/Bless-Card.pdf\" target=\"_blank\" rel=\"noreferrer noopener\">T\u1ea2I V\u1ec0 TH\u1eba BLESS<\/a><\/div>\n\n\n\n<div class=\"wp-block-button\"><a class=\"wp-block-button__link wp-element-button\" href=\"https:\/\/www.lovefrance.world\/vi\/prayer-guide\/\">H\u01af\u1edaNG D\u1eaaN C\u1ea6U NGUY\u1ec6N<\/a><\/div>\n<\/div>","protected":false},"excerpt":{"rendered":"<p>Pray for 5 Take 5 minutes a day to Pray for 5 people by name who need Jesus Ways to Pray SHARE JESUS WITH THEM BY LIVING OUT The B.L.E.S.S. Lifestyle Begin with prayer |...<\/p>","protected":false},"author":1,"featured_media":921,"parent":0,"menu_order":0,"comment_status":"closed","ping_status":"closed","template":"","meta":{"_acf_changed":false,"_monsterinsights_skip_tracking":false,"_monsterinsights_sitenote_active":false,"_monsterinsights_sitenote_note":"","_monsterinsights_sitenote_category":0,"pgc_sgb_lightbox_settings":"","footnotes":""},"class_list":["post-1013","page","type-page","status-publish","has-post-thumbnail","hentry"],"acf":[],"_links":{"self":[{"href":"https:\/\/www.lovefrance.world\/vi\/wp-json\/wp\/v2\/pages\/1013","targetHints":{"allow":["GET"]}}],"collection":[{"href":"https:\/\/www.lovefrance.world\/vi\/wp-json\/wp\/v2\/pages"}],"about":[{"href":"https:\/\/www.lovefrance.world\/vi\/wp-json\/wp\/v2\/types\/page"}],"author":[{"embeddable":true,"href":"https:\/\/www.lovefrance.world\/vi\/wp-json\/wp\/v2\/users\/1"}],"replies":[{"embeddable":true,"href":"https:\/\/www.lovefrance.world\/vi\/wp-json\/wp\/v2\/comments?post=1013"}],"version-history":[{"count":4,"href":"https:\/\/www.lovefrance.world\/vi\/wp-json\/wp\/v2\/pages\/1013\/revisions"}],"predecessor-version":[{"id":1120,"href":"https:\/\/www.lovefrance.world\/vi\/wp-json\/wp\/v2\/pages\/1013\/revisions\/1120"}],"wp:featuredmedia":[{"embeddable":true,"href":"https:\/\/www.lovefrance.world\/vi\/wp-json\/wp\/v2\/media\/921"}],"wp:attachment":[{"href":"https:\/\/www.lovefrance.world\/vi\/wp-json\/wp\/v2\/media?parent=1013"}],"curies":[{"name":"wp","href":"https:\/\/api.w.org\/{rel}","templated":true}]}}