{"id":1027,"date":"2024-07-24T07:51:49","date_gmt":"2024-07-24T07:51:49","guid":{"rendered":"https:\/\/www.lovefrance.world\/?page_id=1027"},"modified":"2024-07-24T07:51:51","modified_gmt":"2024-07-24T07:51:51","slug":"short-prayer","status":"publish","type":"page","link":"https:\/\/www.lovefrance.world\/vi\/short-prayer\/","title":{"rendered":"L\u1eddi c\u1ea7u nguy\u1ec7n ng\u1eafn"},"content":{"rendered":"<h2 class=\"wp-block-heading\">C\u00f9ng nhau c\u1ea7u nguy\u1ec7n - L\u1eddi c\u1ea7u nguy\u1ec7n cho Th\u1ebf v\u1eadn h\u1ed9i Paris<\/h2>\n\n\n\n<p>Nh\u00e2n d\u1ecbp Th\u1ebf v\u1eadn h\u1ed9i Paris, l\u1eddi c\u1ea7u nguy\u1ec7n n\u00e0y \u0111\u01b0\u1ee3c H\u1ed9i \u0111\u1ed3ng c\u00e1c Gi\u00e1o h\u1ed9i Kit\u00f4 gi\u00e1o t\u1ea1i Ph\u00e1p (CECEF) \u0111\u1ec1 xu\u1ea5t v\u1edbi mong mu\u1ed1n m\u1ecdi ng\u01b0\u1eddi \u0111\u1ec1u c\u00f3 th\u1ec3 coi \u0111\u00e2y l\u00e0 l\u1eddi c\u1ea7u nguy\u1ec7n c\u1ee7a m\u00ecnh.<\/p>\n\n\n\n<p>L\u1ea1y Cha, ngu\u1ed3n vui \u0111\u00edch th\u1ef1c, trong Ch\u00faa Gi\u00easu Kit\u00f4, Con c\u1ee7a Cha, Cha \u0111\u00e3 k\u00eau g\u1ecdi m\u1ecdi qu\u1ed1c gia h\u00ecnh th\u00e0nh m\u1ed9t<br>nh\u1eefng ng\u01b0\u1eddi ca ng\u1ee3i \u0111\u1ec3 t\u00f4n vinh b\u1ea1n. H\u00e3y \u0111\u1ec3 ch\u00fang t\u00f4i d\u1eabn \u0111\u1ea7u cu\u1ed9c \u0111ua \u0111\u1ebfn \u0111\u00edch.<\/p>\n\n\n\n<p>Ch\u00faa l\u00e0 Ch\u00faa, h\u00e3y nh\u00ecn n\u01b0\u1edbc Ph\u00e1p, n\u01a1i s\u1ebd \u0111\u0103ng cai Th\u1ebf v\u1eadn h\u1ed9i Olympic v\u00e0 Paralympic<br>Tr\u00f2 ch\u01a1i. Xin ban \u01a1n \u0111\u1ec3 h\u1ecd c\u00f3 th\u1ec3 t\u1ed5 ch\u1ee9c s\u1ef1 ki\u1ec7n n\u00e0y trong ni\u1ec1m vui, h\u00f2a b\u00ecnh v\u00e0 t\u00ecnh anh em.<\/p>\n\n\n\n<p>Xin \u0111\u1ed5 Th\u00e1nh Linh c\u1ee7a Ch\u00faa tr\u00ean t\u1ea5t c\u1ea3 nh\u1eefng ai \u0111ang l\u00e0m vi\u1ec7c \u0111\u1ec3 th\u1ef1c hi\u1ec7n c\u00e1c tr\u00f2 ch\u01a1i, tr\u00ean t\u1ea5t c\u1ea3<br>nh\u1eefng ng\u01b0\u1eddi s\u1ebd \u0111\u1ebfn t\u1eeb kh\u1eafp b\u1ed1n ph\u01b0\u01a1ng tr\u1eddi v\u00e0 c\u00e1c v\u1eadn \u0111\u1ed9ng vi\u00ean.<\/p>\n\n\n\n<p>Xin ban cho h\u1ecd \u0111\u1ee9c t\u00ednh c\u1ea7n thi\u1ebft \u0111\u1ec3 c\u1ed1ng hi\u1ebfn h\u1ebft m\u00ecnh. Mong c\u00e1c v\u1eadn \u0111\u1ed9ng vi\u00ean nh\u1eadn \u0111\u01b0\u1ee3c s\u1ef1 h\u1ed7 tr\u1ee3 - trong nh\u1eefng l\u00fac vui v\u1ebb v\u00e0 th\u1eed th\u00e1ch, th\u00e0nh c\u00f4ng v\u00e0 th\u1ea5t b\u1ea1i - t\u1eeb nh\u1eefng ng\u01b0\u1eddi th\u00e2n y\u00eau, hu\u1ea5n luy\u1ec7n vi\u00ean v\u00e0 l\u1eddi c\u1ea7u nguy\u1ec7n c\u1ee7a ch\u00fang ta.<\/p>\n\n\n\n<p>Xin Ch\u00faa gi\u00fap \u0111\u1ee1 ng\u01b0\u1eddi d\u00e2n Ph\u00e1p khi h\u1ecd ch\u00e0o \u0111\u00f3n t\u1ea5t c\u1ea3 nh\u1eefng ng\u01b0\u1eddi \u0111\u1ebfn t\u1eeb kh\u1eafp n\u01a1i tr\u00ean th\u1ebf gi\u1edbi.<\/p>\n\n\n\n<p>\u0110\u01b0\u1ee3c k\u1ebft n\u1ed1i trong ni\u1ec1m \u0111am m\u00ea chung v\u1ec1 th\u1ec3 thao v\u1edbi ph\u01b0\u01a1ng ch\u00e2m c\u1ee7a Th\u1ebf v\u1eadn h\u1ed9i Olympic<br>&quot;nhanh h\u01a1n, cao h\u01a1n, m\u1ea1nh h\u01a1n - c\u00f9ng nhau&quot;, h\u00e3y \u0111\u1ec3 h\u1ecd c\u00f9ng nhau truy\u1ec1n t\u1ea3i t\u00ecnh y\u00eau c\u1ee7a b\u1ea1n \u0111\u1ebfn m\u1ecdi con ng\u01b0\u1eddi.<\/p>\n\n\n\n<p>Nh\u00e2n danh Ch\u00faa Gi\u00easu, ch\u00fang con c\u1ea7u nguy\u1ec7n,<br>A-men<\/p>","protected":false},"excerpt":{"rendered":"<p>Praying Together - A Prayer for the Games of Paris On the occasion of the Paris Games, this prayer was proposed by the Council of Christian Churches in France (CECEF) with the desire that everyone...<\/p>","protected":false},"author":1,"featured_media":1028,"parent":0,"menu_order":0,"comment_status":"closed","ping_status":"closed","template":"","meta":{"_acf_changed":false,"_monsterinsights_skip_tracking":false,"_monsterinsights_sitenote_active":false,"_monsterinsights_sitenote_note":"","_monsterinsights_sitenote_category":0,"pgc_sgb_lightbox_settings":"","footnotes":""},"class_list":["post-1027","page","type-page","status-publish","has-post-thumbnail","hentry"],"acf":[],"_links":{"self":[{"href":"https:\/\/www.lovefrance.world\/vi\/wp-json\/wp\/v2\/pages\/1027","targetHints":{"allow":["GET"]}}],"collection":[{"href":"https:\/\/www.lovefrance.world\/vi\/wp-json\/wp\/v2\/pages"}],"about":[{"href":"https:\/\/www.lovefrance.world\/vi\/wp-json\/wp\/v2\/types\/page"}],"author":[{"embeddable":true,"href":"https:\/\/www.lovefrance.world\/vi\/wp-json\/wp\/v2\/users\/1"}],"replies":[{"embeddable":true,"href":"https:\/\/www.lovefrance.world\/vi\/wp-json\/wp\/v2\/comments?post=1027"}],"version-history":[{"count":1,"href":"https:\/\/www.lovefrance.world\/vi\/wp-json\/wp\/v2\/pages\/1027\/revisions"}],"predecessor-version":[{"id":1029,"href":"https:\/\/www.lovefrance.world\/vi\/wp-json\/wp\/v2\/pages\/1027\/revisions\/1029"}],"wp:featuredmedia":[{"embeddable":true,"href":"https:\/\/www.lovefrance.world\/vi\/wp-json\/wp\/v2\/media\/1028"}],"wp:attachment":[{"href":"https:\/\/www.lovefrance.world\/vi\/wp-json\/wp\/v2\/media?parent=1027"}],"curies":[{"name":"wp","href":"https:\/\/api.w.org\/{rel}","templated":true}]}}