{"id":1472,"date":"2024-08-22T19:47:20","date_gmt":"2024-08-22T17:47:20","guid":{"rendered":"https:\/\/www.lovefrance.world\/?page_id=1472"},"modified":"2024-09-05T12:00:25","modified_gmt":"2024-09-05T10:00:25","slug":"song","status":"publish","type":"page","link":"https:\/\/www.lovefrance.world\/vi\/song\/","title":{"rendered":"B\u00e0i h\u00e1t"},"content":{"rendered":"<figure class=\"wp-block-embed alignwide is-type-video is-provider-youtube wp-block-embed-youtube wp-embed-aspect-16-9 wp-has-aspect-ratio\"><div class=\"wp-block-embed__wrapper\">\n<iframe loading=\"lazy\" title=\"Ch\u1ea1y \u0111ua - B\u00e0i h\u00e1t c\u00f3 h\u00e0nh \u0111\u1ed9ng\" width=\"500\" height=\"281\" src=\"https:\/\/www.youtube.com\/embed\/jJw_Qd05fSk?feature=oembed\" frameborder=\"0\" allow=\"accelerometer; autoplay; clipboard-write; encrypted-media; gyroscope; picture-in-picture; web-share\" referrerpolicy=\"strict-origin-when-cross-origin\" allowfullscreen><\/iframe>\n<\/div><\/figure>\n\n\n\n<h2 class=\"wp-block-heading\">B\u00e0i h\u00e1t ch\u1ee7 \u0111\u1ec1 Running the Race<\/h2>\n\n\n\n<p><strong>C\u00e2u 1:<\/strong><br>Ch\u00fang ta \u0111ang ch\u1ea1y \u0111ua v\u1edbi Ch\u00faa \u1edf b\u00ean c\u1ea1nh,<br>L\u1eddi Ng\u00e0i l\u00e0 kim ch\u1ec9 nam cho ch\u00fang ta, l\u00e0 t\u1ea5m l\u00f2ng r\u1ed9ng m\u1edf c\u1ee7a ch\u00fang ta.<br>B\u1eaft \u0111\u1ea7u m\u1ed7i ng\u00e0y m\u1ed9t c\u00e1ch m\u1ea1nh m\u1ebd v\u1edbi l\u1eddi c\u1ea7u nguy\u1ec7n trong tr\u00e1i tim,<br>Ch\u00fang ta s\u1ebd noi theo s\u1ef1 d\u1eabn d\u1eaft c\u1ee7a Ch\u00faa Jesus ngay t\u1eeb \u0111\u1ea7u.<\/p>\n\n\n\n<p><strong>\u0110i\u1ec7p kh\u00fac:<\/strong><br>Ch\u00fang ta \u0111ang ch\u1ea1y, ch\u00fang ta \u0111ang ch\u1ea1y, v\u1edbi \u0111\u00f4i m\u1eaft h\u01b0\u1edbng v\u1ec1 m\u1ee5c ti\u00eau,<br>V\u1edbi Ch\u00faa Jesus trong l\u00f2ng, Ng\u00e0i l\u00e0m cho ch\u00fang ta tr\u1edf n\u00ean tr\u1ecdn v\u1eb9n.<br>Ch\u00fang ta s\u1ebd ki\u00ean tr\u00ec, ch\u00fang ta s\u1ebd \u0111i \u0111\u00fang h\u01b0\u1edbng,<br>V\u1edbi \u0111\u1ee9c tin v\u00e0 t\u00ecnh y\u00eau, ch\u00fang ta s\u1ebd kh\u00f4ng bao gi\u1edd quay l\u1ea1i.<\/p>\n\n\n\n<p><strong>C\u00e2u 2:<\/strong><br>Khi th\u1eed th\u00e1ch \u0111\u1ebfn, ch\u00fang ta s\u1ebd kh\u00f4ng s\u1ee3 h\u00e3i,<br>Thi\u00ean Ch\u00faa ban cho ch\u00fang ta s\u1ee9c m\u1ea1nh, trong Ng\u00e0i ch\u00fang ta \u0111\u01b0\u1ee3c t\u1ea1o n\u00ean.<br>Ch\u00fang ta s\u1ebd chia s\u1ebb t\u00ecnh y\u00eau c\u1ee7a Ng\u00e0i v\u1edbi m\u1ecdi ng\u01b0\u1eddi ch\u00fang ta g\u1eb7p,<br>Khi kh\u00edch l\u1ec7 ng\u01b0\u1eddi kh\u00e1c, ni\u1ec1m vui c\u1ee7a ch\u00fang ta s\u1ebd tr\u1ecdn v\u1eb9n.<\/p>\n\n\n\n<p><strong>\u0110i\u1ec7p kh\u00fac:<\/strong><br>Ch\u00fang ta \u0111ang ch\u1ea1y, ch\u00fang ta \u0111ang ch\u1ea1y, v\u1edbi \u0111\u00f4i m\u1eaft h\u01b0\u1edbng v\u1ec1 m\u1ee5c ti\u00eau,<br>V\u1edbi Ch\u00faa Jesus trong l\u00f2ng, Ng\u00e0i l\u00e0m cho ch\u00fang ta tr\u1edf n\u00ean tr\u1ecdn v\u1eb9n.<br>Ch\u00fang ta s\u1ebd ki\u00ean tr\u00ec, ch\u00fang ta s\u1ebd \u0111i \u0111\u00fang h\u01b0\u1edbng,<br>V\u1edbi \u0111\u1ee9c tin v\u00e0 t\u00ecnh y\u00eau, ch\u00fang ta s\u1ebd kh\u00f4ng bao gi\u1edd quay l\u1ea1i.<\/p>\n\n\n\n<p><strong>C\u00e2u 3:<\/strong><br>Ch\u00fang ta s\u1ebd k\u1ebft th\u00fac m\u1ea1nh m\u1ebd, v\u1edbi b\u00e0n tay quy\u1ec1n n\u0103ng c\u1ee7a Ch\u00faa,<br>Trong chi\u1ebfn th\u1eafng nh\u1edd \u0110\u1ea5ng Christ, ch\u00fang ta s\u1ebd \u0111\u1ee9ng v\u1eefng.<br>H\u00e3y \u0103n m\u1eebng chi\u1ebfn th\u1eafng, \u00e2n \u0111i\u1ec3n c\u1ee7a Ng\u00e0i l\u00e0 ph\u1ea7n th\u01b0\u1edfng c\u1ee7a ch\u00fang ta,<br>Ch\u00fang ta s\u1ebd v\u01b0\u01a1n l\u00ean m\u00e3i m\u00e3i trong t\u00ecnh y\u00eau c\u1ee7a Ng\u00e0i!<\/p>\n\n\n\n<p><strong>\u0110i\u1ec7p kh\u00fac:<\/strong><br>Ch\u00fang ta \u0111ang ch\u1ea1y, ch\u00fang ta \u0111ang ch\u1ea1y, v\u1edbi \u0111\u00f4i m\u1eaft h\u01b0\u1edbng v\u1ec1 m\u1ee5c ti\u00eau,<br>V\u1edbi Ch\u00faa Jesus trong l\u00f2ng, Ng\u00e0i l\u00e0m cho ch\u00fang ta tr\u1edf n\u00ean tr\u1ecdn v\u1eb9n.<br>Ch\u00fang ta s\u1ebd ki\u00ean tr\u00ec, ch\u00fang ta s\u1ebd \u0111i \u0111\u00fang h\u01b0\u1edbng,<br>V\u1edbi \u0111\u1ee9c tin v\u00e0 t\u00ecnh y\u00eau, ch\u00fang ta s\u1ebd kh\u00f4ng bao gi\u1edd quay l\u1ea1i.<\/p>\n\n\n\n<p><strong>C\u1ea7u:<\/strong><br>V\u1edbi m\u1ed7i b\u01b0\u1edbc \u0111i, ch\u00fang ta tin t\u01b0\u1edfng v\u00e0o k\u1ebf ho\u1ea1ch c\u1ee7a Ng\u00e0i,<br>Trong t\u00ecnh y\u00eau c\u1ee7a Ch\u00faa, ch\u00fang ta m\u00e3i m\u00e3i \u0111\u1ee9ng v\u1eefng.<\/p>\n\n\n\n<p><strong>\u0110i\u1ec7p kh\u00fac (L\u1eb7p l\u1ea1i):<\/strong><br>Ch\u00fang ta \u0111ang ch\u1ea1y, ch\u00fang ta \u0111ang ch\u1ea1y, v\u1edbi \u0111\u00f4i m\u1eaft h\u01b0\u1edbng v\u1ec1 m\u1ee5c ti\u00eau,<br>V\u1edbi Ch\u00faa Jesus trong l\u00f2ng, Ng\u00e0i l\u00e0m cho ch\u00fang ta tr\u1edf n\u00ean tr\u1ecdn v\u1eb9n.<br>Ch\u00fang ta s\u1ebd ki\u00ean tr\u00ec, ch\u00fang ta s\u1ebd \u0111i \u0111\u00fang h\u01b0\u1edbng,<br>V\u1edbi \u0111\u1ee9c tin v\u00e0 t\u00ecnh y\u00eau, ch\u00fang ta s\u1ebd kh\u00f4ng bao gi\u1edd quay l\u1ea1i.<\/p>\n\n\n\n<p><strong>(Nh\u1ea1c c\u1ee5)<\/strong><\/p>\n\n\n\n<p><strong>C\u00e2u 3: (x2)<\/strong><br>Ch\u00fang ta s\u1ebd k\u1ebft th\u00fac m\u1ea1nh m\u1ebd, v\u1edbi b\u00e0n tay quy\u1ec1n n\u0103ng c\u1ee7a Ch\u00faa,<br>Trong chi\u1ebfn th\u1eafng nh\u1edd \u0110\u1ea5ng Christ, ch\u00fang ta s\u1ebd \u0111\u1ee9ng v\u1eefng.<br>H\u00e3y \u0103n m\u1eebng chi\u1ebfn th\u1eafng, \u00e2n \u0111i\u1ec3n c\u1ee7a Ng\u00e0i l\u00e0 ph\u1ea7n th\u01b0\u1edfng c\u1ee7a ch\u00fang ta,<br>Ch\u00fang ta s\u1ebd v\u01b0\u01a1n l\u00ean m\u00e3i m\u00e3i trong t\u00ecnh y\u00eau c\u1ee7a Ng\u00e0i!<\/p>\n\n\n\n<p><strong>C\u1ea7u:<\/strong><br>V\u1edbi m\u1ed7i b\u01b0\u1edbc \u0111i, ch\u00fang ta tin t\u01b0\u1edfng v\u00e0o k\u1ebf ho\u1ea1ch c\u1ee7a Ng\u00e0i,<br>Trong t\u00ecnh y\u00eau c\u1ee7a Ch\u00faa, ch\u00fang ta m\u00e3i m\u00e3i \u0111\u1ee9ng v\u1eefng.<\/p>\n\n\n\n<p><strong>\u0110i\u1ec7p kh\u00fac:<\/strong><br>Ch\u00fang ta \u0111ang ch\u1ea1y, ch\u00fang ta \u0111ang ch\u1ea1y, v\u1edbi \u0111\u00f4i m\u1eaft h\u01b0\u1edbng v\u1ec1 m\u1ee5c ti\u00eau,<br>V\u1edbi Ch\u00faa Jesus trong l\u00f2ng, Ng\u00e0i l\u00e0m cho ch\u00fang ta tr\u1edf n\u00ean tr\u1ecdn v\u1eb9n.<\/p>\n\n\n\n<div style=\"height:30px\" aria-hidden=\"true\" class=\"wp-block-spacer\"><\/div>\n\n\n\n<p class=\"has-text-align-left\" style=\"font-size:16px\">C\u00e1c h\u00e0nh \u0111\u1ed9ng \u0111\u01b0\u1ee3c thi\u1ebft k\u1ebf v\u00e0 th\u1ef1c hi\u1ec7n b\u1edfi Cami Plaster<br>(C) Truy\u1ec1n th\u00f4ng IPC 2024<\/p>\n\n\n\n<div style=\"height:30px\" aria-hidden=\"true\" class=\"wp-block-spacer\"><\/div>\n\n\n\n<div class=\"wp-block-buttons is-layout-flex wp-block-buttons-is-layout-flex\">\n<div class=\"wp-block-button\"><a class=\"wp-block-button__link wp-element-button\" href=\"https:\/\/www.lovefrance.world\/wp-content\/uploads\/2024\/08\/Running-the-Race-Words-v2.pdf\" target=\"_blank\" rel=\"noreferrer noopener\">t\u1ea3i PDF<\/a><\/div>\n<\/div>","protected":false},"excerpt":{"rendered":"<p>Running the Race Theme Song Verse 1:We're running the race with God by our side,His Word is our guide, our hearts open wide.Start each day strong with a prayer in our heart,We'll follow Jesus' lead,...<\/p>","protected":false},"author":1,"featured_media":916,"parent":0,"menu_order":0,"comment_status":"closed","ping_status":"closed","template":"","meta":{"_acf_changed":false,"_monsterinsights_skip_tracking":false,"_monsterinsights_sitenote_active":false,"_monsterinsights_sitenote_note":"","_monsterinsights_sitenote_category":0,"pgc_sgb_lightbox_settings":"","footnotes":""},"class_list":["post-1472","page","type-page","status-publish","has-post-thumbnail","hentry"],"acf":[],"_links":{"self":[{"href":"https:\/\/www.lovefrance.world\/vi\/wp-json\/wp\/v2\/pages\/1472","targetHints":{"allow":["GET"]}}],"collection":[{"href":"https:\/\/www.lovefrance.world\/vi\/wp-json\/wp\/v2\/pages"}],"about":[{"href":"https:\/\/www.lovefrance.world\/vi\/wp-json\/wp\/v2\/types\/page"}],"author":[{"embeddable":true,"href":"https:\/\/www.lovefrance.world\/vi\/wp-json\/wp\/v2\/users\/1"}],"replies":[{"embeddable":true,"href":"https:\/\/www.lovefrance.world\/vi\/wp-json\/wp\/v2\/comments?post=1472"}],"version-history":[{"count":8,"href":"https:\/\/www.lovefrance.world\/vi\/wp-json\/wp\/v2\/pages\/1472\/revisions"}],"predecessor-version":[{"id":1612,"href":"https:\/\/www.lovefrance.world\/vi\/wp-json\/wp\/v2\/pages\/1472\/revisions\/1612"}],"wp:featuredmedia":[{"embeddable":true,"href":"https:\/\/www.lovefrance.world\/vi\/wp-json\/wp\/v2\/media\/916"}],"wp:attachment":[{"href":"https:\/\/www.lovefrance.world\/vi\/wp-json\/wp\/v2\/media?parent=1472"}],"curies":[{"name":"wp","href":"https:\/\/api.w.org\/{rel}","templated":true}]}}