{"id":183,"date":"2024-06-04T13:22:31","date_gmt":"2024-06-04T13:22:31","guid":{"rendered":"https:\/\/www.lovefrance.world\/?page_id=183"},"modified":"2024-07-11T07:58:01","modified_gmt":"2024-07-11T07:58:01","slug":"media-resources","status":"publish","type":"page","link":"https:\/\/www.lovefrance.world\/vi\/media-resources\/","title":{"rendered":"T\u00e0i nguy\u00ean truy\u1ec1n th\u00f4ng"},"content":{"rendered":"<p class=\"has-text-align-center\">Ch\u00fang t\u00f4i r\u1ea5t vui \u0111\u01b0\u1ee3c cung c\u1ea5p m\u1ed9t s\u1ed1 t\u00e1c ph\u1ea9m ngh\u1ec7 thu\u1eadt v\u00e0 h\u01b0\u1edbng d\u1eabn \u0111\u1ec3 gi\u00fap b\u1ea1n truy\u1ec1n t\u1ea3i th\u00f4ng \u0111i\u1ec7p v\u1ec1 N\u01b0\u1edbc Ph\u00e1p y\u00eau th\u01b0\u01a1ng!<\/p>\n\n\n\n<div class=\"wp-block-buttons is-content-justification-center is-layout-flex wp-container-core-buttons-is-layout-16018d1d wp-block-buttons-is-layout-flex\">\n<div class=\"wp-block-button\"><a class=\"wp-block-button__link wp-element-button\" href=\"https:\/\/www.lovefrance.world\/wp-content\/uploads\/2024\/06\/Media-HD.jpg\" target=\"_blank\" rel=\"noreferrer noopener\">T\u1ea3i xu\u1ed1ng trang tr\u00ecnh b\u00e0y<\/a><\/div>\n\n\n\n<div class=\"wp-block-button\"><a class=\"wp-block-button__link wp-element-button\" href=\"https:\/\/www.lovefrance.world\/wp-content\/uploads\/2024\/06\/Flyer.pdf\" target=\"_blank\" rel=\"noreferrer noopener\">T\u1ea3i t\u1edd r\u01a1i<\/a><\/div>\n<\/div>\n\n\n\n<hr class=\"wp-block-separator has-alpha-channel-opacity\"\/>\n\n\n\n<h2 class=\"wp-block-heading has-text-align-center\">B\u00e0i vi\u1ebft kh\u1edfi \u0111\u1ed9ng b\u00e0i Ph\u00e1p Y\u00eau Ph\u00e1p<\/h2>\n\n\n<div class=\"wp-block-image\">\n<figure class=\"aligncenter size-full\"><a href=\"https:\/\/www.lovefrance.world\/wp-content\/uploads\/2024\/07\/Love-France-Launch.pdf\" target=\"_blank\" rel=\"noreferrer noopener\"><img loading=\"lazy\" decoding=\"async\" width=\"600\" height=\"837\" src=\"https:\/\/www.lovefrance.world\/wp-content\/uploads\/2024\/07\/Love-France-Launch.jpg\" alt=\"\" class=\"wp-image-510\" srcset=\"https:\/\/www.lovefrance.world\/wp-content\/uploads\/2024\/07\/Love-France-Launch.jpg 600w, https:\/\/www.lovefrance.world\/wp-content\/uploads\/2024\/07\/Love-France-Launch-272x380.jpg 272w, https:\/\/www.lovefrance.world\/wp-content\/uploads\/2024\/07\/Love-France-Launch-9x12.jpg 9w\" sizes=\"auto, (max-width: 600px) 100vw, 600px\" \/><\/a><\/figure>\n<\/div>\n\n\n<div class=\"wp-block-buttons is-content-justification-center is-layout-flex wp-container-core-buttons-is-layout-16018d1d wp-block-buttons-is-layout-flex\">\n<div class=\"wp-block-button\"><a class=\"wp-block-button__link wp-element-button\" href=\"https:\/\/www.lovefrance.world\/wp-content\/uploads\/2024\/07\/Love-France-Launch.pdf\" target=\"_blank\" rel=\"noreferrer noopener\">t\u1ea3i PDF<\/a><\/div>\n<\/div>","protected":false},"excerpt":{"rendered":"<p>We are pleased to provide some artwork and guidelines to help you to get the message out about Love France! Love France Launch article<\/p>","protected":false},"author":1,"featured_media":153,"parent":0,"menu_order":0,"comment_status":"closed","ping_status":"closed","template":"","meta":{"_acf_changed":false,"_monsterinsights_skip_tracking":false,"_monsterinsights_sitenote_active":false,"_monsterinsights_sitenote_note":"","_monsterinsights_sitenote_category":0,"pgc_sgb_lightbox_settings":"","footnotes":""},"class_list":["post-183","page","type-page","status-publish","has-post-thumbnail","hentry"],"acf":[],"_links":{"self":[{"href":"https:\/\/www.lovefrance.world\/vi\/wp-json\/wp\/v2\/pages\/183","targetHints":{"allow":["GET"]}}],"collection":[{"href":"https:\/\/www.lovefrance.world\/vi\/wp-json\/wp\/v2\/pages"}],"about":[{"href":"https:\/\/www.lovefrance.world\/vi\/wp-json\/wp\/v2\/types\/page"}],"author":[{"embeddable":true,"href":"https:\/\/www.lovefrance.world\/vi\/wp-json\/wp\/v2\/users\/1"}],"replies":[{"embeddable":true,"href":"https:\/\/www.lovefrance.world\/vi\/wp-json\/wp\/v2\/comments?post=183"}],"version-history":[{"count":6,"href":"https:\/\/www.lovefrance.world\/vi\/wp-json\/wp\/v2\/pages\/183\/revisions"}],"predecessor-version":[{"id":514,"href":"https:\/\/www.lovefrance.world\/vi\/wp-json\/wp\/v2\/pages\/183\/revisions\/514"}],"wp:featuredmedia":[{"embeddable":true,"href":"https:\/\/www.lovefrance.world\/vi\/wp-json\/wp\/v2\/media\/153"}],"wp:attachment":[{"href":"https:\/\/www.lovefrance.world\/vi\/wp-json\/wp\/v2\/media?parent=183"}],"curies":[{"name":"wp","href":"https:\/\/api.w.org\/{rel}","templated":true}]}}