{"id":233,"date":"2024-06-04T18:56:50","date_gmt":"2024-06-04T18:56:50","guid":{"rendered":"https:\/\/www.lovefrance.world\/?page_id=233"},"modified":"2024-06-04T19:01:24","modified_gmt":"2024-06-04T19:01:24","slug":"chariots-of-fire-clips","status":"publish","type":"page","link":"https:\/\/www.lovefrance.world\/vi\/chariots-of-fire-clips\/","title":{"rendered":"Clip xe ng\u1ef1a l\u1eeda"},"content":{"rendered":"<h3 class=\"wp-block-heading has-text-align-center\"><a href=\"https:\/\/www.amazon.co.uk\/Chariots-Fire-Ben-Cross\/dp\/B00U6CD0CW\" target=\"_blank\" rel=\"noreferrer noopener\">Thu\u00ea phim t\u1eeb Amazon<\/a><\/h3>\n\n\n\n<h2 class=\"wp-block-heading has-text-align-center\">C\u00e1c ph\u1ea7n nh\u1ecf c\u1ee7a phim:<\/h2>\n\n\n\n<figure class=\"wp-block-embed alignwide is-type-video is-provider-youtube wp-block-embed-youtube wp-embed-aspect-4-3 wp-has-aspect-ratio\"><div class=\"wp-block-embed__wrapper\">\n<iframe loading=\"lazy\" title=\"Ng\u01b0\u1eddi t\u00f4n vinh Thi\u00ean Ch\u00faa\" width=\"500\" height=\"375\" src=\"https:\/\/www.youtube.com\/embed\/uwyltmUR3MU?feature=oembed\" frameborder=\"0\" allow=\"accelerometer; autoplay; clipboard-write; encrypted-media; gyroscope; picture-in-picture; web-share\" referrerpolicy=\"strict-origin-when-cross-origin\" allowfullscreen><\/iframe>\n<\/div><figcaption class=\"wp-element-caption\">Cu\u1ed9c \u0111ua v\u00e0 t\u00f4n vinh Thi\u00ean Ch\u00faa\u00a0<\/figcaption><\/figure>\n\n\n\n<figure class=\"wp-block-embed alignwide is-type-video is-provider-youtube wp-block-embed-youtube wp-embed-aspect-4-3 wp-has-aspect-ratio\"><div class=\"wp-block-embed__wrapper\">\n<iframe loading=\"lazy\" title=\"\u0111\u1ee9ng d\u1eady v\u00e0 k\u1ebft th\u00fac cu\u1ed9c \u0111ua.avi\" width=\"500\" height=\"375\" src=\"https:\/\/www.youtube.com\/embed\/I4e5Xfmc8zQ?start=5&feature=oembed\" frameborder=\"0\" allow=\"accelerometer; autoplay; clipboard-write; encrypted-media; gyroscope; picture-in-picture; web-share\" referrerpolicy=\"strict-origin-when-cross-origin\" allowfullscreen><\/iframe>\n<\/div><figcaption class=\"wp-element-caption\">\u0110\u1ee9ng d\u1eady v\u00e0 k\u1ebft th\u00fac cu\u1ed9c \u0111ua<\/figcaption><\/figure>\n\n\n\n<figure class=\"wp-block-embed alignwide is-type-video is-provider-youtube wp-block-embed-youtube wp-embed-aspect-16-9 wp-has-aspect-ratio\"><div class=\"wp-block-embed__wrapper\">\n<iframe loading=\"lazy\" title=\"Xe l\u1eeda - Liddell \u0111\u1ecdc \u00ca-sai 40 (ai tr\u00f4ng \u0111\u1ee3i CH\u00daA s\u1ebd \u0111\u01b0\u1ee3c th\u00eam s\u1ee9c m\u1edbi)\" width=\"500\" height=\"281\" src=\"https:\/\/www.youtube.com\/embed\/bwUVbsDSTF4?feature=oembed\" frameborder=\"0\" allow=\"accelerometer; autoplay; clipboard-write; encrypted-media; gyroscope; picture-in-picture; web-share\" referrerpolicy=\"strict-origin-when-cross-origin\" allowfullscreen><\/iframe>\n<\/div><figcaption class=\"wp-element-caption\">Eric \u0111\u1ecdc \u00ca-sai 40 v\u00e0o ng\u00e0y 6 th\u00e1ng 7 n\u0103m 1924 \u00a0\u00a0<\/figcaption><\/figure>\n\n\n\n<figure class=\"wp-block-embed alignwide is-type-video is-provider-youtube wp-block-embed-youtube wp-embed-aspect-16-9 wp-has-aspect-ratio\"><div class=\"wp-block-embed__wrapper\">\n<iframe loading=\"lazy\" title=\"Nh\u1eefng c\u1ed7 xe l\u1eeda S\u1ee9c m\u1ea1nh \u0111\u1ebfn t\u1eeb \u0111\u00e2u flv\" width=\"500\" height=\"281\" src=\"https:\/\/www.youtube.com\/embed\/kbgR-pOIFbE?start=78&feature=oembed\" frameborder=\"0\" allow=\"accelerometer; autoplay; clipboard-write; encrypted-media; gyroscope; picture-in-picture; web-share\" referrerpolicy=\"strict-origin-when-cross-origin\" allowfullscreen><\/iframe>\n<\/div><figcaption class=\"wp-element-caption\">S\u1ee9c m\u1ea1nh \u0111\u1ebfn t\u1eeb \u0111\u00e2u?<\/figcaption><\/figure>\n\n\n\n<figure class=\"wp-block-embed alignwide is-type-video is-provider-youtube wp-block-embed-youtube wp-embed-aspect-4-3 wp-has-aspect-ratio\"><div class=\"wp-block-embed__wrapper\">\n<iframe loading=\"lazy\" title=\"H\u00e3y nh\u1edb ng\u00e0y ngh\u1ec9 \u0111ang l\u00e0m n\u00ean ng\u00e0y th\u00e1ng\" width=\"500\" height=\"375\" src=\"https:\/\/www.youtube.com\/embed\/GnCkEaoTR4U?feature=oembed\" frameborder=\"0\" allow=\"accelerometer; autoplay; clipboard-write; encrypted-media; gyroscope; picture-in-picture; web-share\" referrerpolicy=\"strict-origin-when-cross-origin\" allowfullscreen><\/iframe>\n<\/div><figcaption class=\"wp-element-caption\">H\u00e3y nh\u1edb gi\u1eef ng\u00e0y Sa-b\u00e1t l\u00e0m th\u00e1nh...<\/figcaption><\/figure>\n\n\n\n<figure class=\"wp-block-embed alignwide is-type-video is-provider-youtube wp-block-embed-youtube wp-embed-aspect-16-9 wp-has-aspect-ratio\"><div class=\"wp-block-embed__wrapper\">\n<iframe loading=\"lazy\" title=\"Nh\u1eefng c\u1ed7 xe l\u1eeda - Eric Liddell\" width=\"500\" height=\"281\" src=\"https:\/\/www.youtube.com\/embed\/BZ1q3__UX9g?feature=oembed\" frameborder=\"0\" allow=\"accelerometer; autoplay; clipboard-write; encrypted-media; gyroscope; picture-in-picture; web-share\" referrerpolicy=\"strict-origin-when-cross-origin\" allowfullscreen><\/iframe>\n<\/div><figcaption class=\"wp-element-caption\">Eric n\u00f3i chuy\u1ec7n v\u1edbi em g\u00e1i anh \u1ea5y<\/figcaption><\/figure>\n\n\n\n<figure class=\"wp-block-embed alignwide is-type-video is-provider-youtube wp-block-embed-youtube wp-embed-aspect-16-9 wp-has-aspect-ratio\"><div class=\"wp-block-embed__wrapper\">\n<iframe loading=\"lazy\" title=\"Xe L\u1eeda - Trailer M\u1edbi - Ra r\u1ea1p ng\u00e0y 13\/07\" width=\"500\" height=\"281\" src=\"https:\/\/www.youtube.com\/embed\/uPe27x0_W2M?feature=oembed\" frameborder=\"0\" allow=\"accelerometer; autoplay; clipboard-write; encrypted-media; gyroscope; picture-in-picture; web-share\" referrerpolicy=\"strict-origin-when-cross-origin\" allowfullscreen><\/iframe>\n<\/div><figcaption class=\"wp-element-caption\">Trailer xe ng\u1ef1a l\u1eeda<\/figcaption><\/figure>\n\n\n\n<figure class=\"wp-block-embed alignwide is-type-video is-provider-youtube wp-block-embed-youtube wp-embed-aspect-4-3 wp-has-aspect-ratio\"><div class=\"wp-block-embed__wrapper\">\n<iframe loading=\"lazy\" title=\"C\u00e1i ch\u1ebft c\u1ee7a Eric-Liddell\" width=\"500\" height=\"375\" src=\"https:\/\/www.youtube.com\/embed\/KL0kzagSQwY?feature=oembed\" frameborder=\"0\" allow=\"accelerometer; autoplay; clipboard-write; encrypted-media; gyroscope; picture-in-picture; web-share\" referrerpolicy=\"strict-origin-when-cross-origin\" allowfullscreen><\/iframe>\n<\/div><figcaption class=\"wp-element-caption\">Th\u00eam: C\u00e1i ch\u1ebft c\u1ee7a Eric Liddell<\/figcaption><\/figure>","protected":false},"excerpt":{"rendered":"<p>Rent the movie from Amazon Small sections of the movie:<\/p>","protected":false},"author":1,"featured_media":237,"parent":0,"menu_order":0,"comment_status":"closed","ping_status":"closed","template":"","meta":{"_acf_changed":false,"_monsterinsights_skip_tracking":false,"_monsterinsights_sitenote_active":false,"_monsterinsights_sitenote_note":"","_monsterinsights_sitenote_category":0,"pgc_sgb_lightbox_settings":"","footnotes":""},"class_list":["post-233","page","type-page","status-publish","has-post-thumbnail","hentry"],"acf":[],"_links":{"self":[{"href":"https:\/\/www.lovefrance.world\/vi\/wp-json\/wp\/v2\/pages\/233","targetHints":{"allow":["GET"]}}],"collection":[{"href":"https:\/\/www.lovefrance.world\/vi\/wp-json\/wp\/v2\/pages"}],"about":[{"href":"https:\/\/www.lovefrance.world\/vi\/wp-json\/wp\/v2\/types\/page"}],"author":[{"embeddable":true,"href":"https:\/\/www.lovefrance.world\/vi\/wp-json\/wp\/v2\/users\/1"}],"replies":[{"embeddable":true,"href":"https:\/\/www.lovefrance.world\/vi\/wp-json\/wp\/v2\/comments?post=233"}],"version-history":[{"count":2,"href":"https:\/\/www.lovefrance.world\/vi\/wp-json\/wp\/v2\/pages\/233\/revisions"}],"predecessor-version":[{"id":235,"href":"https:\/\/www.lovefrance.world\/vi\/wp-json\/wp\/v2\/pages\/233\/revisions\/235"}],"wp:featuredmedia":[{"embeddable":true,"href":"https:\/\/www.lovefrance.world\/vi\/wp-json\/wp\/v2\/media\/237"}],"wp:attachment":[{"href":"https:\/\/www.lovefrance.world\/vi\/wp-json\/wp\/v2\/media?parent=233"}],"curies":[{"name":"wp","href":"https:\/\/api.w.org\/{rel}","templated":true}]}}