{"id":248,"date":"2024-06-04T19:24:42","date_gmt":"2024-06-04T19:24:42","guid":{"rendered":"https:\/\/www.lovefrance.world\/?page_id=248"},"modified":"2024-06-24T11:27:08","modified_gmt":"2024-06-24T11:27:08","slug":"terms-of-use-and-privacy-policy","status":"publish","type":"page","link":"https:\/\/www.lovefrance.world\/vi\/terms-of-use-and-privacy-policy\/","title":{"rendered":"\u0110i\u1ec1u kho\u1ea3n s\u1eed d\u1ee5ng \/ Ch\u00ednh s\u00e1ch b\u1ea3o m\u1eadt"},"content":{"rendered":"<h2 class=\"wp-block-heading\">\u0110i\u1ec1u kho\u1ea3n s\u1eed d\u1ee5ng<\/h2>\n\n\n\n<p><a href=\"https:\/\/www.lovefrance.world\/vi\/\">www.lovefrance.world<\/a><\/p>\n\n\n\n<p>Vui l\u00f2ng \u0111\u1ecdc k\u1ef9 c\u00e1c \u0111i\u1ec1u kho\u1ea3n sau \u0111\u00e2y khi s\u1eed d\u1ee5ng <a href=\"http:\/\/www.lovefrance.world\/vi\/\">www.lovefrance.world<\/a> trang web c\u00f3 ngh\u0129a l\u00e0 b\u1ea1n \u0111\u1ed3ng \u00fd v\u1edbi ch\u00fang.<\/p>\n\n\n\n<h3 class=\"wp-block-heading\">1. S\u1eed d\u1ee5ng trang web n\u00e0y<\/h3>\n\n\n\n<p>Quy\u1ec1n \u0111\u1ed1i v\u1edbi c\u00e1c thi\u1ebft k\u1ebf, h\u00ecnh \u1ea3nh, logo, \u1ea3nh ch\u1ee5p v\u00e0 n\u1ed9i dung c\u1ee7a Trang web n\u00e0y thu\u1ed9c s\u1edf h\u1eefu ho\u1eb7c \u0111\u01b0\u1ee3c c\u1ea5p ph\u00e9p cho International Prayer Connect \/ Love France. Ch\u00fang \u0111\u01b0\u1ee3c b\u1ea3o v\u1ec7 b\u1edfi b\u1ea3n quy\u1ec1n v\u00e0 c\u00e1c quy\u1ec1n s\u1edf h\u1eefu tr\u00ed tu\u1ec7 kh\u00e1c. B\u1ea3n tin c\u00f3 th\u1ec3 \u0111\u01b0\u1ee3c in, ph\u00e2n ph\u1ed1i, g\u1eedi qua email v\u00e0 t\u00e1i b\u1ea3n mi\u1ec5n l\u00e0 ch\u00fang kh\u00f4ng \u0111\u01b0\u1ee3c ch\u1ec9nh s\u1eeda ho\u1eb7c thay \u0111\u1ed5i theo b\u1ea5t k\u1ef3 c\u00e1ch n\u00e0o. B\u1ea5t k\u1ef3 ai mu\u1ed1n ch\u1ec9nh s\u1eeda, b\u00e1n, t\u00e1i b\u1ea3n ho\u1eb7c s\u1eed d\u1ee5ng n\u1ed9i dung b\u1ea3n tin cho m\u1ee5c \u0111\u00edch th\u01b0\u01a1ng m\u1ea1i ph\u1ea3i c\u00f3 \u0111\u01b0\u1ee3c s\u1ef1 \u0111\u1ed3ng \u00fd b\u1eb1ng v\u0103n b\u1ea3n c\u1ee7a IPC \/ Love France. B\u1ea1n ch\u1ec9 \u0111\u01b0\u1ee3c ph\u00e9p xem ho\u1eb7c in c\u00e1c trang ri\u00eang l\u1ebb cho m\u1ee5c \u0111\u00edch s\u1eed d\u1ee5ng c\u00e1 nh\u00e2n c\u1ee7a b\u1ea1n. B\u1ea1n kh\u00f4ng \u0111\u01b0\u1ee3c sao ch\u00e9p, t\u00e1i t\u1ea1o, s\u1eeda \u0111\u1ed5i, ph\u00e2n ph\u1ed1i, t\u00e1i b\u1ea3n, hi\u1ec3n th\u1ecb, \u0111\u0103ng ho\u1eb7c truy\u1ec1n b\u1ea5t k\u1ef3 ph\u1ea7n n\u00e0o c\u1ee7a c\u00e1c trang web m\u00e0 kh\u00f4ng c\u00f3 s\u1ef1 cho ph\u00e9p b\u1eb1ng v\u0103n b\u1ea3n c\u1ee7a IPC \/ Love France (IPC\/ LF).<\/p>\n\n\n\n<h3 class=\"wp-block-heading\">2. Tr\u00e1ch nhi\u1ec7m<\/h3>\n\n\n\n<p>Ch\u00fang t\u00f4i c\u1ed1 g\u1eafng \u0111\u1ea3m b\u1ea3o t\u00ednh ch\u00ednh x\u00e1c c\u1ee7a t\u1ea5t c\u1ea3 n\u1ed9i dung. Tuy nhi\u00ean, ch\u00fang t\u00f4i kh\u00f4ng ch\u1ecbu b\u1ea5t k\u1ef3 tr\u00e1ch nhi\u1ec7m n\u00e0o \u0111\u1ed1i v\u1edbi vi\u1ec7c b\u1ea1n s\u1eed d\u1ee5ng n\u1ed9i dung. N\u1ed9i dung c\u1ee7a Trang web n\u00e0y ch\u1ec9 n\u00ean \u0111\u01b0\u1ee3c s\u1eed d\u1ee5ng cho m\u1ee5c \u0111\u00edch th\u00f4ng tin v\u00e0 b\u1ea1n kh\u00f4ng n\u00ean d\u1ef1a v\u00e0o \u0111\u00f3 \u0111\u1ec3 \u0111\u01b0a ra (ho\u1eb7c kh\u00f4ng \u0111\u01b0a ra) b\u1ea5t k\u1ef3 quy\u1ebft \u0111\u1ecbnh n\u00e0o ho\u1eb7c th\u1ef1c hi\u1ec7n (ho\u1eb7c kh\u00f4ng th\u1ef1c hi\u1ec7n) b\u1ea5t k\u1ef3 h\u00e0nh \u0111\u1ed9ng n\u00e0o.<\/p>\n\n\n\n<p>Trang web n\u00e0y d\u00e0nh cho m\u1ee5c \u0111\u00edch s\u1eed d\u1ee5ng c\u00e1 nh\u00e2n c\u1ee7a b\u1ea1n v\u00e0 kh\u00f4ng \u0111\u01b0\u1ee3c s\u1eed d\u1ee5ng cho b\u1ea5t k\u1ef3 m\u1ee5c \u0111\u00edch th\u01b0\u01a1ng m\u1ea1i n\u00e0o. Do \u0111\u00f3, IPC \/ LF s\u1ebd kh\u00f4ng ch\u1ecbu tr\u00e1ch nhi\u1ec7m trong b\u1ea5t k\u1ef3 tr\u01b0\u1eddng h\u1ee3p n\u00e0o v\u1ec1 vi\u1ec7c b\u1ea1n m\u1ea5t l\u1ee3i nhu\u1eadn.<\/p>\n\n\n\n<p>IPC \/ LF c\u0169ng s\u1ebd kh\u00f4ng ch\u1ecbu tr\u00e1ch nhi\u1ec7m cho b\u1ea5t k\u1ef3 t\u1ed5n th\u1ea5t n\u00e0o bao g\u1ed3m chi ph\u00ed l\u00e3ng ph\u00ed, h\u1ecfng h\u00f3c ho\u1eb7c ph\u00e1 h\u1ee7y d\u1eef li\u1ec7u tr\u1eeb khi t\u1ed5n th\u1ea5t l\u00e0 do IPC \/ LF \u0111\u00e3 l\u00e0m sai \u0111i\u1ec1u g\u00ec \u0111\u00f3. IPC \/ LF kh\u00f4ng ch\u1ecbu tr\u00e1ch nhi\u1ec7m cho b\u1ea5t k\u1ef3 thi\u1ec7t h\u1ea1i ho\u1eb7c m\u1ea5t m\u00e1t n\u00e0o ph\u00e1t sinh do b\u1ea1n kh\u00f4ng th\u1ec3 s\u1eed d\u1ee5ng Trang web n\u00e0y. IPC \/ LF kh\u00f4ng th\u1ec3 \u0111\u1ea3m b\u1ea3o r\u1eb1ng Trang web s\u1ebd kh\u00f4ng b\u1ecb gi\u00e1n \u0111o\u1ea1n ho\u1eb7c ho\u00e0n to\u00e0n kh\u00f4ng c\u00f3 l\u1ed7i. Do b\u1ea3n ch\u1ea5t c\u1ee7a Internet, Trang web \u0111\u01b0\u1ee3c cung c\u1ea5p tr\u00ean c\u01a1 s\u1edf &quot;khi c\u00f3 s\u1eb5n&quot;. IPC \/ LF s\u1ebd kh\u00f4ng ch\u1ecbu tr\u00e1ch nhi\u1ec7m v\u1edbi b\u1ea1n n\u1ebfu ch\u00fang t\u00f4i kh\u00f4ng th\u1ec3 cung c\u1ea5p Trang web v\u00ec b\u1ea5t k\u1ef3 l\u00fd do n\u00e0o n\u1eb1m ngo\u00e0i t\u1ea7m ki\u1ec3m so\u00e1t c\u1ee7a ch\u00fang t\u00f4i.<\/p>\n\n\n\n<h3 class=\"wp-block-heading\">3. N\u1ed9i dung v\u00e0 qu\u1ea3ng c\u00e1o<\/h3>\n\n\n\n<p>Trang web n\u00e0y c\u0169ng cung c\u1ea5p c\u00e1c li\u00ean k\u1ebft \u0111\u1ebfn v\u00e0 n\u1ed9i dung t\u1eeb c\u00e1c trang web v\u00e0 t\u00e0i nguy\u00ean Internet kh\u00e1c. V\u00ec IPC \/ LF kh\u00f4ng ki\u1ec3m so\u00e1t c\u00e1c trang web v\u00e0 t\u00e0i nguy\u00ean n\u00e0y, b\u1ea1n th\u1eeba nh\u1eadn v\u00e0 \u0111\u1ed3ng \u00fd r\u1eb1ng IPC \/ LF kh\u00f4ng ch\u1ecbu tr\u00e1ch nhi\u1ec7m v\u1ec1 t\u00ednh kh\u1ea3 d\u1ee5ng c\u1ee7a c\u00e1c trang web ho\u1eb7c t\u00e0i nguy\u00ean b\u00ean ngo\u00e0i n\u00e0y v\u00e0 kh\u00f4ng x\u00e1c nh\u1eadn v\u00e0 kh\u00f4ng ch\u1ecbu tr\u00e1ch nhi\u1ec7m v\u1ec1 b\u1ea5t k\u1ef3 n\u1ed9i dung, s\u1ea3n ph\u1ea9m qu\u1ea3ng c\u00e1o, d\u1ecbch v\u1ee5 ho\u1eb7c t\u00e0i li\u1ec7u n\u00e0o kh\u00e1c tr\u00ean ho\u1eb7c c\u00f3 s\u1eb5n t\u1eeb c\u00e1c trang web ho\u1eb7c t\u00e0i nguy\u00ean n\u00e0y.<\/p>\n\n\n\n<h3 class=\"wp-block-heading\">4. B\u1ea3o v\u1ec7 d\u1eef li\u1ec7u v\u00e0 quy\u1ec1n ri\u00eang t\u01b0<\/h3>\n\n\n\n<p>M\u1ecdi th\u00f4ng tin chi ti\u1ebft b\u1ea1n cung c\u1ea5p cho ch\u00fang t\u00f4i \u0111\u1ec3 ch\u00fang t\u00f4i c\u00f3 th\u1ec3 x\u00e1c \u0111\u1ecbnh danh t\u00ednh c\u1ee7a b\u1ea1n \u0111\u1ec1u \u0111\u01b0\u1ee3c l\u01b0u gi\u1eef v\u00e0 x\u1eed l\u00fd theo ch\u00ednh s\u00e1ch b\u1ea3o m\u1eadt c\u1ee7a ch\u00fang t\u00f4i.<\/p>\n\n\n\n<h3 class=\"wp-block-heading\">5. Thay \u0111\u1ed5i c\u00e1c \u0111i\u1ec1u kho\u1ea3n<\/h3>\n\n\n\n<p>IPC \/ LF c\u00f3 th\u1ec3 thay \u0111\u1ed5i Trang web ho\u1eb7c c\u00e1c \u0111i\u1ec1u kho\u1ea3n n\u00e0y b\u1ea5t k\u1ef3 l\u00fac n\u00e0o. N\u1ebfu b\u1ea1n s\u1eed d\u1ee5ng Trang web sau khi IPC \/ LF \u0111\u00e3 thay \u0111\u1ed5i c\u00e1c \u0111i\u1ec1u kho\u1ea3n, b\u1ea1n s\u1ebd b\u1ecb r\u00e0ng bu\u1ed9c b\u1edfi c\u00e1c \u0111i\u1ec1u kho\u1ea3n m\u1edbi.<\/p>\n\n\n\n<h3 class=\"wp-block-heading\">6. Lu\u1eadt qu\u1ea3n l\u00fd v\u00e0 th\u1ea9m quy\u1ec1n<\/h3>\n\n\n\n<p>C\u00e1c \u0111i\u1ec1u kho\u1ea3n n\u00e0y v\u00e0 vi\u1ec7c b\u1ea1n s\u1eed d\u1ee5ng Trang web n\u00e0y \u0111\u01b0\u1ee3c qu\u1ea3n l\u00fd v\u00e0 di\u1ec5n gi\u1ea3i theo lu\u1eadt ph\u00e1p c\u1ee7a Hoa K\u1ef3 v\u00e0 Ti\u1ec3u bang New Mexico v\u00e0 m\u1ecdi tranh ch\u1ea5p s\u1ebd ch\u1ec9 \u0111\u01b0\u1ee3c gi\u1ea3i quy\u1ebft b\u1edfi t\u00f2a \u00e1n c\u1ee7a h\u1ecd. Trang web n\u00e0y thu\u1ed9c s\u1edf h\u1eefu v\u00e0 \u0111\u01b0\u1ee3c \u0111i\u1ec1u h\u00e0nh b\u1edfi International Prayer Connect \/ Love France - 313 E Wiser Lake Rd, Lynden WA, 98264, Hoa K\u1ef3.<\/p>\n\n\n\n<h2 class=\"wp-block-heading\">Ch\u00ednh s\u00e1ch b\u1ea3o m\u1eadt<\/h2>\n\n\n\n<p><a href=\"https:\/\/www.lovefrance.world\/vi\/\">www.lovefrance.world<\/a><\/p>\n\n\n\n<h3 class=\"wp-block-heading\">International Prayer Connect x\u1eed l\u00fd d\u1eef li\u1ec7u c\u00e1 nh\u00e2n nh\u01b0 th\u1ebf n\u00e0o<\/h3>\n\n\n\n<p>Ch\u00ednh s\u00e1ch b\u1ea3o m\u1eadt c\u1ee7a ch\u00fang t\u00f4i d\u01b0\u1edbi \u0111\u00e2y gi\u1ea3i th\u00edch c\u00e1ch ch\u00fang t\u00f4i s\u1ebd thu th\u1eadp v\u00e0 s\u1eed d\u1ee5ng th\u00f4ng tin b\u1ea1n cung c\u1ea5p cho ch\u00fang t\u00f4i. International Prayer Connect \/ Love France (IPC \/ LF) l\u00e0 m\u1ed9t nh\u00f3m g\u1ed3m 40 nh\u00e0 l\u00e3nh \u0111\u1ea1o m\u1ee5c v\u1ee5 c\u1ea7u nguy\u1ec7n v\u00e0 truy\u1ec1n gi\u00e1o cao c\u1ea5p t\u1eeb kh\u1eafp c\u00e1c qu\u1ed1c gia. T\u1eeb &#039;ch\u00fang t\u00f4i&#039; \u0111\u1ec1 c\u1eadp \u0111\u1ebfn Nh\u00f3m l\u00e3nh \u0111\u1ea1o International Prayer Connect v\u00e0 nh\u00f3m Love France (IPC \/ LF), tr\u1eeb khi c\u00f3 ch\u1ec9 \u0111\u1ecbnh kh\u00e1c.<\/p>\n\n\n\n<h3 class=\"wp-block-heading\">Thu th\u1eadp v\u00e0 s\u1eed d\u1ee5ng th\u00f4ng tin<\/h3>\n\n\n\n<p>B\u1ea1n s\u1ebd \u0111\u01b0\u1ee3c y\u00eau c\u1ea7u cung c\u1ea5p th\u00f4ng tin c\u00e1 nh\u00e2n (v\u00ed d\u1ee5: t\u00ean, \u0111\u1ecba ch\u1ec9 email, v.v.) tr\u00ean bi\u1ec3u m\u1eabu \u0111\u1ec3 nh\u1eadn ho\u1eb7c s\u1eed d\u1ee5ng c\u00e1c d\u1ecbch v\u1ee5 tr\u00ean trang web c\u1ee7a ch\u00fang t\u00f4i.<\/p>\n\n\n\n<p>D\u1ecbch v\u1ee5 n\u00e0y hi\u1ec7n bao g\u1ed3m c\u00e1c b\u1ea3n tin. Ch\u00fang t\u00f4i cam k\u1ebft x\u1eed l\u00fd d\u1eef li\u1ec7u c\u00e1 nh\u00e2n c\u1ee7a b\u1ea1n m\u1ed9t c\u00e1ch c\u1ea9n th\u1eadn v\u00e0 theo c\u00e1c nguy\u00ean t\u1eafc B\u1ea3o v\u1ec7 d\u1eef li\u1ec7u. IPC \/ LF s\u1ebd kh\u00f4ng b\u00e1n, chia s\u1ebb ho\u1eb7c cho thu\u00ea th\u00f4ng tin b\u1ea1n cung c\u1ea5p cho b\u1ea5t k\u1ef3 ai kh\u00e1c. Ch\u00fang t\u00f4i s\u1ebd ch\u1ec9 s\u1eed d\u1ee5ng th\u00f4ng tin n\u00e0y cho m\u1ee5c \u0111\u00edch qu\u1ea3n l\u00fd v\u00e0 qu\u1ea3n l\u00fd \u0111\u0103ng k\u00fd v\u00e0 \u0111\u1ec3 li\u00ean l\u1ea1c v\u1edbi b\u1ea1n v\u1ec1 c\u00e1c ho\u1ea1t \u0111\u1ed9ng v\u00e0 s\u00e1ng ki\u1ebfn li\u00ean quan c\u1ee7a ch\u00fang t\u00f4i. B\u1eb1ng c\u00e1ch g\u1eedi d\u1eef li\u1ec7u cho ch\u00fang t\u00f4i, b\u1ea1n s\u1ebd cho bi\u1ebft s\u1ef1 \u0111\u1ed3ng \u00fd c\u1ee7a b\u1ea1n v\u1edbi ch\u00fang t\u00f4i, \u0111\u1ec3 ch\u00fang t\u00f4i li\u00ean h\u1ec7 v\u1edbi b\u1ea1n b\u1eb1ng b\u1ea5t k\u1ef3 ph\u01b0\u01a1ng ti\u1ec7n li\u00ean l\u1ea1c n\u00e0o b\u1ea1n cung c\u1ea5p. (\u1ee9ng d\u1ee5ng nh\u1eafn tin t\u1ee9c th\u1eddi, email, \u0111i\u1ec7n tho\u1ea1i, fax, b\u01b0u \u0111i\u1ec7n ho\u1eb7c SMS\/MMS) tr\u1eeb khi b\u1ea1n cho bi\u1ebft s\u1ef1 ph\u1ea3n \u0111\u1ed1i vi\u1ec7c nh\u1eadn c\u00e1c tin nh\u1eafn nh\u01b0 v\u1eady b\u1eb1ng c\u00e1ch t\u00edch v\u00e0o b\u1ea5t k\u1ef3 \u00f4 n\u00e0o \u0111\u01b0\u1ee3c cung c\u1ea5p HO\u1eb6C li\u00ean h\u1ec7 tr\u1ef1c ti\u1ebfp v\u1edbi ch\u00fang t\u00f4i \u0111\u1ec3 b\u00e0y t\u1ecf s\u1edf th\u00edch c\u1ee7a b\u1ea1n.<\/p>\n\n\n\n<h3 class=\"wp-block-heading\">Theo d\u00f5i l\u01b0\u1ee3t truy c\u1eadp trang web<\/h3>\n\n\n\n<p>Ch\u00fang t\u00f4i ghi l\u1ea1i \u1ea9n danh c\u00e1c xu h\u01b0\u1edbng s\u1eed d\u1ee5ng, ch\u1eb3ng h\u1ea1n nh\u01b0 s\u1ed1 l\u1ea7n truy c\u1eadp m\u1ed9t trang v\u00e0 ng\u01b0\u1eddi d\u00f9ng truy c\u1eadp v\u00e0o trang web c\u1ee7a ch\u00fang t\u00f4i t\u1eeb trang web n\u00e0o. Th\u00f4ng tin n\u00e0y kh\u00f4ng th\u1ec3 truy xu\u1ea5t \u0111\u1ebfn m\u1ed9t ng\u01b0\u1eddi d\u00f9ng duy nh\u1ea5t. Ch\u00fang t\u00f4i s\u1eed d\u1ee5ng cookie \u0111\u1ec3 theo d\u00f5i c\u00e1ch c\u00e1c th\u00e0nh vi\u00ean c\u1ee7a ch\u00fang t\u00f4i s\u1eed d\u1ee5ng trang web. *Cookie l\u00e0 c\u00e1c t\u1ec7p v\u0103n b\u1ea3n trong m\u1ed9t s\u1ed1 tr\u01b0\u1eddng h\u1ee3p c\u00f3 th\u1ec3 x\u00e1c \u0111\u1ecbnh m\u00e1y t\u00ednh c\u1ee7a b\u1ea1n (th\u00f4ng qua c\u00e1i \u0111\u01b0\u1ee3c g\u1ecdi l\u00e0 \u0111\u1ecba ch\u1ec9 IP) \u0111\u1ebfn m\u1ed9t m\u00e1y ch\u1ee7.<\/p>\n\n\n\n<h3 class=\"wp-block-heading\">Li\u00ean k\u1ebft \u0111\u1ebfn c\u00e1c trang web kh\u00e1c<\/h3>\n\n\n\n<p>Trang web c\u1ee7a ch\u00fang t\u00f4i c\u00f3 ch\u1ee9a c\u00e1c li\u00ean k\u1ebft \u0111\u1ebfn c\u00e1c trang web kh\u00e1c. Nh\u00f3m l\u00e3nh \u0111\u1ea1o International Prayer Connect, Love France c\u0169ng nh\u01b0 c\u00e1c \u0111\u1ed1i t\u00e1c c\u1ee7a h\u1ecd kh\u00f4ng ch\u1ecbu tr\u00e1ch nhi\u1ec7m v\u1ec1 quy\u1ec1n ri\u00eang t\u01b0 v\u00e0 b\u1ea3o m\u1eadt c\u1ee7a c\u00e1c trang web n\u00e0y. Ch\u00ednh s\u00e1ch b\u1ea3o m\u1eadt n\u00e0y ch\u1ec9 \u00e1p d\u1ee5ng cho trang web n\u00e0y.<\/p>\n\n\n\n<h3 class=\"wp-block-heading\">B\u1ea3o m\u1eadt th\u00f4ng tin nh\u1ea1y c\u1ea3m<\/h3>\n\n\n\n<p>N\u1ebfu ch\u00fang t\u00f4i y\u00eau c\u1ea7u b\u1ea1n cung c\u1ea5p th\u00f4ng tin nh\u1ea1y c\u1ea3m nh\u01b0 s\u1ed1 th\u1ebb t\u00edn d\u1ee5ng, ch\u00fang t\u00f4i s\u1ebd s\u1eed d\u1ee5ng m\u00e3 h\u00f3a an to\u00e0n khi c\u1ea7n thi\u1ebft.<\/p>\n\n\n\n<p>N\u1ebfu b\u1ea1n li\u00ean l\u1ea1c v\u1edbi ch\u00fang t\u00f4i qua email tr\u00ean Internet, b\u1ea1n n\u00ean bi\u1ebft r\u1eb1ng b\u1ea3n ch\u1ea5t c\u1ee7a Internet l\u00e0 giao ti\u1ebfp kh\u00f4ng \u0111\u01b0\u1ee3c m\u00e3 h\u00f3a c\u00f3 th\u1ec3 kh\u00f4ng an to\u00e0n v\u00e0 c\u00f3 th\u1ec3 ph\u1ea3i \u0111i qua nhi\u1ec1u qu\u1ed1c gia kh\u00e1c nhau tr\u00ean \u0111\u01b0\u1eddng \u0111\u1ebfn v\u1edbi ch\u00fang t\u00f4i.<\/p>\n\n\n\n<p>Vui l\u00f2ng kh\u00f4ng g\u1eedi email cho ch\u00fang t\u00f4i th\u00f4ng tin b\u00ed m\u1eadt ho\u1eb7c nh\u1ea1y c\u1ea3m nh\u01b0 th\u00f4ng tin th\u1ebb t\u00edn d\u1ee5ng c\u1ee7a b\u1ea1n. Ch\u00fang t\u00f4i kh\u00f4ng th\u1ec3 ch\u1ecbu tr\u00e1ch nhi\u1ec7m v\u1ec1 vi\u1ec7c truy c\u1eadp tr\u00e1i ph\u00e9p v\u00e0o th\u00f4ng tin c\u1ee7a b\u1ea1n n\u1eb1m ngo\u00e0i t\u1ea7m ki\u1ec3m so\u00e1t c\u1ee7a ch\u00fang t\u00f4i. B\u1eb1ng c\u00e1ch g\u1eedi d\u1eef li\u1ec7u cho ch\u00fang t\u00f4i, b\u1ea1n \u0111\u1ed3ng \u00fd cho ch\u00fang t\u00f4i s\u1eed d\u1ee5ng d\u1eef li\u1ec7u c\u00e1 nh\u00e2n nh\u1ea1y c\u1ea3m c\u1ee7a b\u1ea1n, v\u00ed d\u1ee5 nh\u01b0 th\u00f4ng tin th\u1ebb t\u00edn d\u1ee5ng ch\u1ec9 cho m\u1ee5c \u0111\u00edch m\u00e0 b\u1ea1n g\u1eedi d\u1eef li\u1ec7u. \u0110i\u1ec1u n\u00e0y c\u00f3 th\u1ec3 bao g\u1ed3m vi\u1ec7c chuy\u1ec3n d\u1eef li\u1ec7u cho b\u00ean th\u1ee9 ba. V\u00ed d\u1ee5, khi x\u1eed l\u00fd c\u00e1c kho\u1ea3n quy\u00ean g\u00f3p, ch\u00fang t\u00f4i c\u00f3 th\u1ec3 thu th\u1eadp d\u1eef li\u1ec7u t\u00e0i ch\u00ednh t\u1eeb b\u1ea1n, sau \u0111\u00f3 ch\u00fang t\u00f4i chuy\u1ec3n cho c\u00e1c \u0111\u1ea1i l\u00fd h\u1ec7 th\u1ed1ng ng\u00e2n h\u00e0ng m\u00e0 ch\u00fang t\u00f4i thanh to\u00e1n ti\u1ec1n. Ch\u00fang t\u00f4i v\u00e0 h\u1ecd ch\u1ec9 s\u1eed d\u1ee5ng th\u00f4ng tin n\u00e0y \u0111\u1ec3 cung c\u1ea5p cho b\u1ea1n d\u1ecbch v\u1ee5 thanh to\u00e1n n\u00e0y.<\/p>\n\n\n\n<h3 class=\"wp-block-heading\">S\u1eeda\/C\u1eadp nh\u1eadt\/H\u1ee7y \u0111\u0103ng k\u00fd th\u00f4ng tin c\u00e1 nh\u00e2n<\/h3>\n\n\n\n<p>N\u1ebfu th\u00f4ng tin nh\u1eadn d\u1ea1ng c\u00e1 nh\u00e2n c\u1ee7a b\u1ea1n thay \u0111\u1ed5i (ch\u1eb3ng h\u1ea1n nh\u01b0 \u0111\u1ecba ch\u1ec9 b\u01b0u ch\u00ednh c\u1ee7a b\u1ea1n) ho\u1eb7c n\u1ebfu b\u1ea1n kh\u00f4ng c\u00f2n mu\u1ed1n s\u1eed d\u1ee5ng d\u1ecbch v\u1ee5 c\u1ee7a ch\u00fang t\u00f4i n\u1eefa, ch\u00fang t\u00f4i s\u1ebd c\u1ed1 g\u1eafng cung c\u1ea5p m\u1ed9t c\u00e1ch \u0111\u1ec3 s\u1eeda, c\u1eadp nh\u1eadt ho\u1eb7c x\u00f3a d\u1eef li\u1ec7u c\u00e1 nh\u00e2n c\u1ee7a b\u1ea1n \u0111\u01b0\u1ee3c cung c\u1ea5p cho ch\u00fang t\u00f4i. \u0110i\u1ec1u n\u00e0y c\u00f3 th\u1ec3 \u0111\u01b0\u1ee3c th\u1ef1c hi\u1ec7n b\u1eb1ng c\u00e1ch g\u1eedi email&nbsp;<a href=\"mailto:contact@lovefrance.world\">contact@lovefrance.world<\/a> b\u1eb1ng c\u00e1ch nh\u1ea5p v\u00e0o li\u00ean k\u1ebft &#039;h\u1ee7y \u0111\u0103ng k\u00fd&#039; tr\u00ean b\u1ea5t k\u1ef3 email n\u00e0o c\u1ee7a ch\u00fang t\u00f4i ho\u1eb7c vi\u1ebft th\u01b0 cho ch\u00fang t\u00f4i theo \u0111\u1ecba ch\u1ec9 313 E Wiser Lake Rd, Lynden WA, 98264, Hoa K\u1ef3.<\/p>\n\n\n\n<h3 class=\"wp-block-heading\">Nh\u1eefng thay \u0111\u1ed5i \u0111\u1ed1i v\u1edbi Ch\u00ednh s\u00e1ch b\u1ea3o m\u1eadt n\u00e0y<\/h3>\n\n\n\n<p>Ch\u00fang t\u00f4i c\u00f3 th\u1ec3 thay \u0111\u1ed5i ch\u00ednh s\u00e1ch n\u00e0y theo th\u1eddi gian v\u00e0 phi\u00ean b\u1ea3n hi\u1ec7n t\u1ea1i s\u1ebd l\u00e0 phi\u00ean b\u1ea3n \u0111\u01b0\u1ee3c c\u00f4ng b\u1ed1 tr\u00ean trang web n\u00e0y. N\u1ebfu b\u1ea5t k\u1ef3 thay \u0111\u1ed5i n\u00e0o l\u00e0m thay \u0111\u1ed5i \u0111\u00e1ng k\u1ec3 quy\u1ec1n ho\u1eb7c \u0111\u1eb7c quy\u1ec1n c\u1ee7a th\u00e0nh vi\u00ean, ch\u00fang t\u00f4i s\u1ebd g\u1eedi email cho h\u1ecd v\u1edbi th\u00f4ng tin chi ti\u1ebft.<\/p>\n\n\n\n<h3 class=\"wp-block-heading\">L\u00e0m th\u1ebf n\u00e0o \u0111\u1ec3 truy c\u1eadp th\u00f4ng tin c\u00e1 nh\u00e2n c\u1ee7a b\u1ea1n<\/h3>\n\n\n\n<p>Danh s\u00e1ch \u0111\u1ea7y \u0111\u1ee7 d\u1eef li\u1ec7u m\u00e0 ch\u00fang t\u00f4i l\u01b0u gi\u1eef d\u01b0\u1edbi t\u00ean c\u1ee7a b\u1ea1n c\u00f3 th\u1ec3 \u0111\u01b0\u1ee3c cung c\u1ea5p theo y\u00eau c\u1ea7u v\u1edbi m\u1ed9t kho\u1ea3n ph\u00ed nh\u1ecf. Vui l\u00f2ng g\u1eedi y\u00eau c\u1ea7u c\u00f9ng v\u1edbi s\u00e9c cho $50, t\u1edbi Qu\u1ea3n tr\u1ecb vi\u00ean, Nh\u00f3m l\u00e3nh \u0111\u1ea1o International Prayer Connect, 313 E Wiser Lake Rd, Lynden WA, 98264, Hoa K\u1ef3.<\/p>","protected":false},"excerpt":{"rendered":"<p>Terms of Use www.lovefrance.world Please read the following terms carefully as use of the www.lovefrance.world website means that you agree to them. 1. Use of this Site The rights in the designs, pictures, logos, photographs...<\/p>","protected":false},"author":1,"featured_media":152,"parent":0,"menu_order":0,"comment_status":"closed","ping_status":"closed","template":"","meta":{"_acf_changed":false,"_monsterinsights_skip_tracking":false,"_monsterinsights_sitenote_active":false,"_monsterinsights_sitenote_note":"","_monsterinsights_sitenote_category":0,"pgc_sgb_lightbox_settings":"","footnotes":""},"class_list":["post-248","page","type-page","status-publish","has-post-thumbnail","hentry"],"acf":[],"_links":{"self":[{"href":"https:\/\/www.lovefrance.world\/vi\/wp-json\/wp\/v2\/pages\/248","targetHints":{"allow":["GET"]}}],"collection":[{"href":"https:\/\/www.lovefrance.world\/vi\/wp-json\/wp\/v2\/pages"}],"about":[{"href":"https:\/\/www.lovefrance.world\/vi\/wp-json\/wp\/v2\/types\/page"}],"author":[{"embeddable":true,"href":"https:\/\/www.lovefrance.world\/vi\/wp-json\/wp\/v2\/users\/1"}],"replies":[{"embeddable":true,"href":"https:\/\/www.lovefrance.world\/vi\/wp-json\/wp\/v2\/comments?post=248"}],"version-history":[{"count":6,"href":"https:\/\/www.lovefrance.world\/vi\/wp-json\/wp\/v2\/pages\/248\/revisions"}],"predecessor-version":[{"id":392,"href":"https:\/\/www.lovefrance.world\/vi\/wp-json\/wp\/v2\/pages\/248\/revisions\/392"}],"wp:featuredmedia":[{"embeddable":true,"href":"https:\/\/www.lovefrance.world\/vi\/wp-json\/wp\/v2\/media\/152"}],"wp:attachment":[{"href":"https:\/\/www.lovefrance.world\/vi\/wp-json\/wp\/v2\/media?parent=248"}],"curies":[{"name":"wp","href":"https:\/\/api.w.org\/{rel}","templated":true}]}}